{"id":20,"date":"2024-04-04T06:17:21","date_gmt":"2024-04-04T03:17:21","guid":{"rendered":"https:\/\/sisu.ut.ee\/sygiskool\/xvii-geoloogia-sugiskool\/"},"modified":"2024-09-14T17:51:15","modified_gmt":"2024-09-14T14:51:15","slug":"xvii-geoloogia-sugiskool","status":"publish","type":"page","link":"https:\/\/sisu.ut.ee\/sygiskool\/xvii-geoloogia-sugiskool\/","title":{"rendered":"XVII geoloogia s\u00fcgiskool"},"content":{"rendered":"<p style=\"text-align: justify;\"><img loading=\"lazy\" decoding=\"async\" width=\"740\" height=\"1048\" class=\"alignnone wp-image-37\" style=\"width: 180px; height: 255px; margin: 15px; float: right;\" title=\"xvii_logo.jpg\" src=\"https:\/\/sisu.ut.ee\/wp-content\/uploads\/sites\/447\/xvii_logo.jpg\" alt=\"XVII s\u00fcgiskooli logo\" srcset=\"https:\/\/sisu.ut.ee\/wp-content\/uploads\/sites\/447\/xvii_logo.jpg 740w, https:\/\/sisu.ut.ee\/wp-content\/uploads\/sites\/447\/xvii_logo-212x300.jpg 212w, https:\/\/sisu.ut.ee\/wp-content\/uploads\/sites\/447\/xvii_logo-723x1024.jpg 723w\" sizes=\"auto, (max-width: 740px) 100vw, 740px\"><\/p>\n<p style=\"text-align: justify;\">\n<\/p><p style=\"text-align: justify;\"><strong>XVII Geoloogia S\u00fcgiskool \u201eVAATAME EDASI!\u201c<\/strong>\u00a0toimus 17. septembril 2021\u00a0<strong>Tartus Emaj\u00f5e<\/strong><strong> Lodjakojas.<\/strong><\/p>\n<p style=\"text-align: justify;\">S\u00fcgiskool algas\u00a0seekord juba ennel\u00f5unal ja kestis\u00a0terve reedese p\u00e4eva, h\u00f5lmates hulga p\u00f5nevaid ettekandeid ja ekskursiooni \u201eTartu linna geoloogilised saladused\u201c. Seekord n\u00e4gime esinemas ja oma p\u00f5nevatest tegemistest r\u00e4\u00e4kimas tudengeid ja doktorante Tartu \u00dclikoolist ja Tallinna Tehnika\u00fclikoolist. \u00dcritus l\u00f5ppes\u00a0\u00f5htuse programmiga Lodjakoja saunas. S\u00fcgiskooli programm on leitav\u00a0<a title=\"XVII s\u00fcgiskooli ajakava\" href=\"https:\/\/sisu.ut.ee\/sygiskool\/xvii-sugiskooli-ajakava\/\" target=\"_blank\" rel=\"noopener\" data-url=\"https:\/\/sisu.ut.ee\/sygiskool\/xvii-s%C3%BCgiskooli-ajakava\">siit<\/a>.<\/p>\n<p style=\"text-align: justify;\">J\u00e4rgneval p\u00e4eval,\u00a018. septembril toimus\u00a0<strong>GEO200(+1)<\/strong>\u00a0t\u00e4histamine egiidi all\u00a0<strong>\u201eVAATAME TAGASI!\u201c<\/strong>.<\/p>\n<p style=\"text-align: justify;\">\n<\/p><hr>\n<p style=\"text-align: center;\">\n<\/p><p style=\"text-align: center;\"><img loading=\"lazy\" decoding=\"async\" width=\"1200\" height=\"1500\" class=\"alignnone wp-image-38\" style=\"width: 200px; height: 250px; margin-left: 5px; margin-right: 5px;\" title=\"2m6a5280_01.jpg\" src=\"https:\/\/sisu.ut.ee\/wp-content\/uploads\/sites\/447\/2m6a5280_01.jpg\" alt=\"S\u00fcgiskool2021\" srcset=\"https:\/\/sisu.ut.ee\/wp-content\/uploads\/sites\/447\/2m6a5280_01.jpg 1200w, https:\/\/sisu.ut.ee\/wp-content\/uploads\/sites\/447\/2m6a5280_01-240x300.jpg 240w, https:\/\/sisu.ut.ee\/wp-content\/uploads\/sites\/447\/2m6a5280_01-819x1024.jpg 819w, https:\/\/sisu.ut.ee\/wp-content\/uploads\/sites\/447\/2m6a5280_01-768x960.jpg 768w\" sizes=\"auto, (max-width: 1200px) 100vw, 1200px\"><img loading=\"lazy\" decoding=\"async\" width=\"1500\" height=\"1000\" class=\"alignnone wp-image-39\" style=\"width: 300px; height: 200px;\" title=\"2m6a5416_01.jpg\" src=\"https:\/\/sisu.ut.ee\/wp-content\/uploads\/sites\/447\/2m6a5416_01.jpg\" alt=\"S\u00fcgiskool2021\" srcset=\"https:\/\/sisu.ut.ee\/wp-content\/uploads\/sites\/447\/2m6a5416_01.jpg 1500w, https:\/\/sisu.ut.ee\/wp-content\/uploads\/sites\/447\/2m6a5416_01-300x200.jpg 300w, https:\/\/sisu.ut.ee\/wp-content\/uploads\/sites\/447\/2m6a5416_01-1024x683.jpg 1024w, https:\/\/sisu.ut.ee\/wp-content\/uploads\/sites\/447\/2m6a5416_01-768x512.jpg 768w\" sizes=\"auto, (max-width: 1500px) 100vw, 1500px\"><img loading=\"lazy\" decoding=\"async\" width=\"1200\" height=\"1500\" class=\"alignnone wp-image-40\" style=\"width: 200px; height: 250px; margin-left: 5px; margin-right: 5px;\" title=\"2m6a5464_01.jpg\" src=\"https:\/\/sisu.ut.ee\/wp-content\/uploads\/sites\/447\/2m6a5464_01.jpg\" alt=\"S\u00fcgiskool2021\" srcset=\"https:\/\/sisu.ut.ee\/wp-content\/uploads\/sites\/447\/2m6a5464_01.jpg 1200w, https:\/\/sisu.ut.ee\/wp-content\/uploads\/sites\/447\/2m6a5464_01-240x300.jpg 240w, https:\/\/sisu.ut.ee\/wp-content\/uploads\/sites\/447\/2m6a5464_01-819x1024.jpg 819w, https:\/\/sisu.ut.ee\/wp-content\/uploads\/sites\/447\/2m6a5464_01-768x960.jpg 768w\" sizes=\"auto, (max-width: 1200px) 100vw, 1200px\"><\/p>\n<p>Vaata t\u00e4ielikku <a title=\"\" href=\"https:\/\/sisu.ut.ee\/sygiskool\/xvii-sugiskooli-pildid\/\" target=\"_blank\" rel=\"noopener\" data-url=\"https:\/\/sisu.ut.ee\/sygiskool\/galleries\/xvii-s%C3%BCgiskooli-pildid\">galeriid<\/a>.<\/p>\n","protected":false},"excerpt":{"rendered":"<p>XVII Geoloogia S\u00fcgiskool \u201eVAATAME EDASI!\u201c\u00a0toimus 17. septembril 2021\u00a0Tartus Emaj\u00f5e Lodjakojas. S\u00fcgiskool algas\u00a0seekord juba ennel\u00f5unal ja kestis\u00a0terve reedese p\u00e4eva, h\u00f5lmates hulga p\u00f5nevaid ettekandeid ja ekskursiooni \u201eTartu linna geoloogilised saladused\u201c. Seekord n\u00e4gime esinemas ja oma p\u00f5nevatest tegemistest r\u00e4\u00e4kimas tudengeid ja doktorante Tartu &#8230;<\/p>\n","protected":false},"author":219,"featured_media":0,"parent":0,"menu_order":0,"comment_status":"closed","ping_status":"closed","template":"","meta":{"_acf_changed":false,"inline_featured_image":false,"footnotes":""},"class_list":["post-20","page","type-page","status-publish","hentry"],"acf":[],"_links":{"self":[{"href":"https:\/\/sisu.ut.ee\/sygiskool\/wp-json\/wp\/v2\/pages\/20","targetHints":{"allow":["GET"]}}],"collection":[{"href":"https:\/\/sisu.ut.ee\/sygiskool\/wp-json\/wp\/v2\/pages"}],"about":[{"href":"https:\/\/sisu.ut.ee\/sygiskool\/wp-json\/wp\/v2\/types\/page"}],"author":[{"embeddable":true,"href":"https:\/\/sisu.ut.ee\/sygiskool\/wp-json\/wp\/v2\/users\/219"}],"replies":[{"embeddable":true,"href":"https:\/\/sisu.ut.ee\/sygiskool\/wp-json\/wp\/v2\/comments?post=20"}],"version-history":[{"count":3,"href":"https:\/\/sisu.ut.ee\/sygiskool\/wp-json\/wp\/v2\/pages\/20\/revisions"}],"predecessor-version":[{"id":537,"href":"https:\/\/sisu.ut.ee\/sygiskool\/wp-json\/wp\/v2\/pages\/20\/revisions\/537"}],"wp:attachment":[{"href":"https:\/\/sisu.ut.ee\/sygiskool\/wp-json\/wp\/v2\/media?parent=20"}],"curies":[{"name":"wp","href":"https:\/\/api.w.org\/{rel}","templated":true}]}}