{"id":18,"date":"2024-04-04T06:17:21","date_gmt":"2024-04-04T03:17:21","guid":{"rendered":"https:\/\/sisu.ut.ee\/sygiskool\/kogumikud\/"},"modified":"2024-10-25T11:08:16","modified_gmt":"2024-10-25T08:08:16","slug":"kogumikud","status":"publish","type":"page","link":"https:\/\/sisu.ut.ee\/sygiskool\/kogumikud\/","title":{"rendered":"Siin saab tutvuda Schola Geologica kogumikega"},"content":{"rendered":"<div class=\"wp-block-media-text is-stacked-on-mobile\" style=\"grid-template-columns:15% auto\"><figure class=\"wp-block-media-text__media\"><img loading=\"lazy\" decoding=\"async\" width=\"1811\" height=\"2560\" src=\"https:\/\/sisu.ut.ee\/wp-content\/uploads\/sites\/447\/2024-scaled.jpg\" alt=\"\" class=\"wp-image-591 size-full\" srcset=\"https:\/\/sisu.ut.ee\/wp-content\/uploads\/sites\/447\/2024-scaled.jpg 1811w, https:\/\/sisu.ut.ee\/wp-content\/uploads\/sites\/447\/2024-212x300.jpg 212w, https:\/\/sisu.ut.ee\/wp-content\/uploads\/sites\/447\/2024-724x1024.jpg 724w, https:\/\/sisu.ut.ee\/wp-content\/uploads\/sites\/447\/2024-768x1086.jpg 768w, https:\/\/sisu.ut.ee\/wp-content\/uploads\/sites\/447\/2024-1086x1536.jpg 1086w, https:\/\/sisu.ut.ee\/wp-content\/uploads\/sites\/447\/2024-1448x2048.jpg 1448w, https:\/\/sisu.ut.ee\/wp-content\/uploads\/sites\/447\/2024-1920x2715.jpg 1920w\" sizes=\"auto, (max-width: 1811px) 100vw, 1811px\"><\/figure><div class=\"wp-block-media-text__content\">\n<p>Kiil, E., Jairus, T. (toim.) 2024.<br><em><strong>Geoloogia siis ja praegu. Schola Geologica XX.<\/strong><\/em><br>Geoteaduste \u00dcli\u00f5pilaste Selts, Tartu, 39 lk. (<a href=\"https:\/\/sisu.ut.ee\/wp-content\/uploads\/sites\/447\/Geoloogia-siis-ja-praegu.-Schola-Geologica-XX.pdf\">pdf<\/a>).<\/p>\n<\/div><\/div>\n\n\n\n<p><\/p>\n\n\n\n<div class=\"wp-block-media-text is-stacked-on-mobile is-style-default\" style=\"grid-template-columns:15% auto\"><figure class=\"wp-block-media-text__media\"><img decoding=\"async\" src=\"https:\/\/sisu.ut.ee\/wp-content\/uploads\/sites\/447\/esikaas.jpg\" alt=\"\"><\/figure><div class=\"wp-block-media-text__content\">\n<p>Tinn, O., P\u00f5ldsaar, K., Soomer, S., (toim.) 2023.<br><em><strong>Geokeemia.\u00a0Schola Geologica XIX.<\/strong><\/em><br>Tartu \u00dclikooli \u00f6koloogia ja maateaduste instituut, Tartu, 46 lk. (<a data-fid=\"78516\" href=\"https:\/\/sisu.ut.ee\/wp-content\/uploads\/sites\/447\/sy_kogumik_20233.pdf\">pdf<\/a>)<\/p>\n<\/div><\/div>\n\n\n\n<div class=\"wp-block-group is-layout-constrained wp-block-group-is-layout-constrained\">\n<p><\/p>\n<\/div>\n\n\n\n<div class=\"wp-block-media-text is-stacked-on-mobile\" style=\"grid-template-columns:15% auto\"><figure class=\"wp-block-media-text__media\"><img loading=\"lazy\" decoding=\"async\" width=\"1749\" height=\"2481\" src=\"https:\/\/sisu.ut.ee\/wp-content\/uploads\/sites\/447\/sy_kogumik_2022p.jpg\" alt=\"kogumik 2022\" class=\"wp-image-36 size-full\" srcset=\"https:\/\/sisu.ut.ee\/wp-content\/uploads\/sites\/447\/sy_kogumik_2022p.jpg 1749w, https:\/\/sisu.ut.ee\/wp-content\/uploads\/sites\/447\/sy_kogumik_2022p-211x300.jpg 211w, https:\/\/sisu.ut.ee\/wp-content\/uploads\/sites\/447\/sy_kogumik_2022p-722x1024.jpg 722w, https:\/\/sisu.ut.ee\/wp-content\/uploads\/sites\/447\/sy_kogumik_2022p-768x1089.jpg 768w, https:\/\/sisu.ut.ee\/wp-content\/uploads\/sites\/447\/sy_kogumik_2022p-1083x1536.jpg 1083w, https:\/\/sisu.ut.ee\/wp-content\/uploads\/sites\/447\/sy_kogumik_2022p-1444x2048.jpg 1444w\" sizes=\"auto, (max-width: 1749px) 100vw, 1749px\"><\/figure><div class=\"wp-block-media-text__content\">\n<p>Tinn, O., P\u00f5ldsaar, K., Soomer, S., (toim.) 2022.<br><em><strong>Ida-Virumaa Geoloogia.<\/strong>\u00a0<strong>Schola Geologica XVIII.<\/strong><\/em><br>Eesti Looduseuurijate Selts, Tartu, 59\u00a0lk. (<a data-fid=\"72698\" href=\"https:\/\/sisu.ut.ee\/wp-content\/uploads\/sites\/447\/sy_kogumik_2022p.pdf\">pdf<\/a>)<\/p>\n<\/div><\/div>\n\n\n\n<p><\/p>\n\n\n\n<div class=\"wp-block-media-text is-stacked-on-mobile\" style=\"grid-template-columns:15% auto\"><figure class=\"wp-block-media-text__media\"><img decoding=\"async\" src=\"https:\/\/sisu.ut.ee\/wp-content\/uploads\/sites\/447\/gs17.jpg\" alt=\"\"><\/figure><div class=\"wp-block-media-text__content\">\n<p>Tinn, O., P\u00f5ldsaar, K., Soomer, S., (toim.) 2021.<br><em><strong>Vaatame edasi!<\/strong>\u00a0<strong>Schola Geologica XVII.<\/strong><\/em><br>Eesti Looduseuurijate Selts, Tartu, 46 lk. (<a title=\"\" data-url=\"https:\/\/sisu.ut.ee\/wp-content\/uploads\/sites\/447\/sy_kogumik_2021.pdf\" href=\"https:\/\/sisu.ut.ee\/wp-content\/uploads\/sites\/447\/sy_kogumik_2021.pdf\" target=\"_blank\" rel=\"noopener\">pdf<\/a>)<\/p>\n<\/div><\/div>\n\n\n\n<p><\/p>\n\n\n\n<div class=\"wp-block-media-text is-stacked-on-mobile\" style=\"grid-template-columns:15% auto\"><figure class=\"wp-block-media-text__media\"><img decoding=\"async\" src=\"https:\/\/sisu.ut.ee\/wp-content\/uploads\/sites\/447\/gs16.jpg\" alt=\"\"><\/figure><div class=\"wp-block-media-text__content\">\n<p>Laanisto, L., Vaiksoo, R. M., P\u00f5ldsaar, K., Tinn, O., Kull, K., (toim.) 2020.<br><em><strong>Tihedalt kooselamise teooria<\/strong>.\u00a0<strong>Schola Biotheoretica et<br>Geologica XLVI\/XVI<\/strong>.<\/em><br>Eesti Looduseuurijate Selts, Tartu, 184 lk. (<a title=\"\" data-url=\"https:\/\/sisu.ut.ee\/wp-content\/uploads\/sites\/447\/scholabiogeo2020_printfile.pdf\" href=\"https:\/\/sisu.ut.ee\/wp-content\/uploads\/sites\/447\/scholabiogeo2020_printfile.pdf\" target=\"_blank\" rel=\"noopener\">pdf<\/a>)<\/p>\n<\/div><\/div>\n\n\n\n<p><\/p>\n\n\n\n<div class=\"wp-block-media-text is-stacked-on-mobile\" style=\"grid-template-columns:15% auto\"><figure class=\"wp-block-media-text__media\"><img decoding=\"async\" src=\"https:\/\/sisu.ut.ee\/wp-content\/uploads\/sites\/447\/gs15.jpg\" alt=\"\"><\/figure><div class=\"wp-block-media-text__content\">\n<p>Tinn, O., P\u00f5ldsaar, K., Soomer, S., (toim.) 2019.<br><em><strong>Kliima<\/strong>.\u00a0<strong>Schola Geologica XV.<\/strong><\/em><br>Eesti Looduseuurijate Selts, Tartu, 94 lk. (<a title=\"\" data-url=\"https:\/\/sisu.ut.ee\/wp-content\/uploads\/sites\/447\/schola_geologica_xv_2019.pdf\" href=\"https:\/\/sisu.ut.ee\/wp-content\/uploads\/sites\/447\/schola_geologica_xv_2019.pdf\" target=\"_blank\" rel=\"noopener\">pdf<\/a>)<\/p>\n<\/div><\/div>\n\n\n\n<p><\/p>\n\n\n\n<div class=\"wp-block-media-text is-stacked-on-mobile\" style=\"grid-template-columns:15% auto\"><figure class=\"wp-block-media-text__media\"><img decoding=\"async\" src=\"https:\/\/sisu.ut.ee\/wp-content\/uploads\/sites\/447\/gs14.jpg\" alt=\"\"><\/figure><div class=\"wp-block-media-text__content\">\n<p>Tinn, O., Raig, H., P\u00f5ldsaar, K., Nirgi, T., (toim.) 2018.<br><em><strong>Maap\u00f5uevisioon. Schola Geologica XIV.<\/strong><\/em><br>Eesti Looduseuurijate Selts, Tartu,\u00a0 87 lk.\u00a0 (<a title=\"\" data-url=\"https:\/\/sisu.ut.ee\/wp-content\/uploads\/sites\/447\/schola_geologica_xiv_2018.pdf\" href=\"https:\/\/sisu.ut.ee\/wp-content\/uploads\/sites\/447\/schola_geologica_xiv_2018.pdf\" target=\"_blank\" rel=\"noopener\">pdf<\/a>)<\/p>\n<\/div><\/div>\n\n\n\n<p><\/p>\n\n\n\n<div class=\"wp-block-media-text is-stacked-on-mobile\" style=\"grid-template-columns:15% auto\"><figure class=\"wp-block-media-text__media\"><img decoding=\"async\" src=\"https:\/\/sisu.ut.ee\/wp-content\/uploads\/sites\/447\/gs13.jpg\" alt=\"\"><\/figure><div class=\"wp-block-media-text__content\">\n<p>Tinn O., Raig H., P\u00f5ldsaar K. ja Nirgi T. (toim) 2017.<br><em><strong>Maa Varad. Schola\u00a0Geologica XIII.<\/strong><\/em><br>Eesti Looduseuurijate Selts, Tartu, 80 lk. (<a title=\"\" data-url=\"https:\/\/sisu.ut.ee\/wp-content\/uploads\/sites\/447\/schola_geologica_xiii_2017.pdf\" href=\"https:\/\/sisu.ut.ee\/wp-content\/uploads\/sites\/447\/schola_geologica_xiii_2017.pdf\" target=\"_blank\" rel=\"noopener\">pdf<\/a>)<\/p>\n<\/div><\/div>\n\n\n\n<p><\/p>\n\n\n\n<div class=\"wp-block-media-text is-stacked-on-mobile\" style=\"grid-template-columns:15% auto\"><figure class=\"wp-block-media-text__media\"><img decoding=\"async\" src=\"https:\/\/sisu.ut.ee\/wp-content\/uploads\/sites\/447\/gs12.png\" alt=\"\"><\/figure><div class=\"wp-block-media-text__content\">\n<p>Nemliher R., Nirgi T. ja Amon-Veskimeister L. (toim) 2016.<br><em><strong>Meri. Schola\u00a0Geologica XII.<\/strong><\/em><br>Eesti Looduseuurijate Selts, Tartu, 135 lk. (<a title=\"\" data-url=\"https:\/\/sisu.ut.ee\/wp-content\/uploads\/sites\/447\/schola_geologica_xii_2016.pdf\" href=\"https:\/\/sisu.ut.ee\/wp-content\/uploads\/sites\/447\/schola_geologica_xii_2016.pdf\" target=\"_blank\" rel=\"noopener\">pdf<\/a>)<\/p>\n<\/div><\/div>\n\n\n\n<p><\/p>\n\n\n\n<div class=\"wp-block-media-text is-stacked-on-mobile\" style=\"grid-template-columns:15% auto\"><figure class=\"wp-block-media-text__media\"><img decoding=\"async\" src=\"https:\/\/sisu.ut.ee\/wp-content\/uploads\/sites\/447\/gs11.png\" alt=\"\"><\/figure><div class=\"wp-block-media-text__content\">\n<p>Lang L., Post T. ja Amon-Veskimeister L. (toim.) 2015.<br><strong><em>195 aastat geoloogiat Eestis. Schola Geologica XI.<\/em><\/strong><br>Eesti Looduseuurijate Selts, Tartu, 152 lk. (<a title=\"\" data-url=\"https:\/\/sisu.ut.ee\/wp-content\/uploads\/sites\/447\/glsk_2015_digikogumik.pdf\" href=\"https:\/\/sisu.ut.ee\/wp-content\/uploads\/sites\/447\/glsk_2015_digikogumik.pdf\" target=\"_blank\" rel=\"noopener\">pdf<\/a>)<\/p>\n<\/div><\/div>\n\n\n\n<p><\/p>\n\n\n\n<div class=\"wp-block-media-text is-stacked-on-mobile\" style=\"grid-template-columns:15% auto\"><figure class=\"wp-block-media-text__media\"><img decoding=\"async\" src=\"https:\/\/sisu.ut.ee\/wp-content\/uploads\/sites\/447\/gs10.png\" alt=\"\"><\/figure><div class=\"wp-block-media-text__content\">\n<p>Lang L., Truuver K. ja Post T. (toim.) 2014.<br><em><strong>Fosfor \u2013 aegade algusest<\/strong><\/em>\u00a0<em><strong>t\u00e4nap\u00e4evani.<\/strong>\u00a0<strong>Schola Geologica X.<\/strong><\/em><br>Eesti Looduseuurijate Selts, Tartu, 123 lk. (<a title=\"\" data-url=\"https:\/\/sisu.ut.ee\/wp-content\/uploads\/sites\/447\/schola_geologica_x_2014.pdf\" href=\"https:\/\/sisu.ut.ee\/wp-content\/uploads\/sites\/447\/schola_geologica_x_2014.pdf\" target=\"_blank\" rel=\"noopener\">pdf<\/a>)<\/p>\n<\/div><\/div>\n\n\n\n<p><\/p>\n\n\n\n<div class=\"wp-block-media-text is-stacked-on-mobile\" style=\"grid-template-columns:15% auto\"><figure class=\"wp-block-media-text__media\"><img decoding=\"async\" src=\"https:\/\/sisu.ut.ee\/wp-content\/uploads\/sites\/447\/gs09.jpg\" alt=\"\"><\/figure><div class=\"wp-block-media-text__content\">\n<p>Ver\u0161 E., Nemliher R., Amon-Veskimeister L., Truuver K., Ehrlich K. (toim.) 2013.<br><strong><em>Aeg. Schola Geologica IX.<\/em><\/strong><br>Eesti Looduseuurijate Selts, Tartu, 174 lk. (<a title=\"\" data-url=\"https:\/\/sisu.ut.ee\/wp-content\/uploads\/sites\/447\/schola_geologica_ix_2013_e-kogumik.pdf\" href=\"https:\/\/sisu.ut.ee\/wp-content\/uploads\/sites\/447\/schola_geologica_ix_2013_e-kogumik.pdf\" target=\"_blank\" rel=\"noopener\">pdf<\/a>)<\/p>\n<\/div><\/div>\n\n\n\n<p><\/p>\n\n\n\n<div class=\"wp-block-media-text is-stacked-on-mobile\" style=\"grid-template-columns:15% auto\"><figure class=\"wp-block-media-text__media\"><img decoding=\"async\" src=\"https:\/\/sisu.ut.ee\/wp-content\/uploads\/sites\/447\/gs08.jpg\" alt=\"\"><\/figure><div class=\"wp-block-media-text__content\">\n<p>Laumets L., Lang L., Truuver K., Nemliher R. (toim.) 2012.<br><strong><em>Katastroofid Maa ajaloos. Schola Geologica VIII<\/em><\/strong>.<br>Eesti Looduseuurijate Selts, Tartu, 140 lk. (<a title=\"\" data-url=\"https:\/\/sisu.ut.ee\/wp-content\/uploads\/sites\/447\/schola_geologica_viii_2012.pdf\" href=\"https:\/\/sisu.ut.ee\/wp-content\/uploads\/sites\/447\/schola_geologica_viii_2012.pdf\" target=\"_blank\" rel=\"noopener\">pdf<\/a>)<\/p>\n<\/div><\/div>\n\n\n\n<p><\/p>\n\n\n\n<div class=\"wp-block-media-text is-stacked-on-mobile\" style=\"grid-template-columns:15% auto\"><figure class=\"wp-block-media-text__media\"><img decoding=\"async\" src=\"https:\/\/sisu.ut.ee\/wp-content\/uploads\/sites\/447\/gs07.jpg\" alt=\"\"><\/figure><div class=\"wp-block-media-text__content\">\n<p>Ver\u0161 E., Preeden U.,Lang L. (toim.) 2011.<br><strong><em>Maa ressursid. Schola Geologica VII<\/em><\/strong>.<br>Eesti Looduseuurijate Selts, Tartu, 148 lk. (<a title=\"\" data-url=\"https:\/\/sisu.ut.ee\/wp-content\/uploads\/sites\/447\/geolsk2011tekst_parandatud_varvilisaga_2.pdf\" href=\"https:\/\/sisu.ut.ee\/wp-content\/uploads\/sites\/447\/geolsk2011tekst_parandatud_varvilisaga_2.pdf\" target=\"_blank\" rel=\"noopener\">pdf<\/a>)<\/p>\n<\/div><\/div>\n\n\n\n<p><\/p>\n\n\n\n<div class=\"wp-block-media-text is-stacked-on-mobile\" style=\"grid-template-columns:15% auto\"><figure class=\"wp-block-media-text__media\"><img decoding=\"async\" src=\"https:\/\/sisu.ut.ee\/wp-content\/uploads\/sites\/447\/gs06.jpg\" alt=\"\"><\/figure><div class=\"wp-block-media-text__content\">\n<p>Preeden U. ja Laumets L. (toim.) 2010.<br><strong><em>Globaalsed muutused. Schola Geologica VI.<\/em><\/strong><br>Sulemees, Tartu, 152 lk. (<a title=\"\" data-url=\"https:\/\/sisu.ut.ee\/wp-content\/uploads\/sites\/447\/schola_geologica_vi_2010.pdf\" href=\"https:\/\/sisu.ut.ee\/wp-content\/uploads\/sites\/447\/schola_geologica_vi_2010.pdf\" target=\"_blank\" rel=\"noopener\">pdf<\/a>)<\/p>\n<\/div><\/div>\n\n\n\n<p><\/p>\n\n\n\n<div class=\"wp-block-media-text is-stacked-on-mobile\" style=\"grid-template-columns:15% auto\"><figure class=\"wp-block-media-text__media\"><img decoding=\"async\" src=\"https:\/\/sisu.ut.ee\/wp-content\/uploads\/sites\/447\/gs05.jpg\" alt=\"\"><\/figure><div class=\"wp-block-media-text__content\">\n<p>Ver\u0161 E., Amon L., Laumets L. (toim.) 2009.<br><strong><em>Piirideta geoloogia.\u00a0Schola Geologica V<\/em><\/strong>.<br>Sulemees, Tartu, 160 lk. (<a title=\"\" data-url=\"https:\/\/sisu.ut.ee\/wp-content\/uploads\/sites\/447\/schola_geologica_v_2009.pdf\" href=\"https:\/\/sisu.ut.ee\/wp-content\/uploads\/sites\/447\/schola_geologica_v_2009.pdf\" target=\"_blank\" rel=\"noopener\">pdf<\/a>)<\/p>\n<\/div><\/div>\n\n\n\n<p><\/p>\n\n\n\n<div class=\"wp-block-media-text is-stacked-on-mobile\" style=\"grid-template-columns:15% auto\"><figure class=\"wp-block-media-text__media\"><img decoding=\"async\" src=\"https:\/\/sisu.ut.ee\/wp-content\/uploads\/sites\/447\/gs04.jpg\" alt=\"\"><\/figure><div class=\"wp-block-media-text__content\">\n<p>Amon L. ja Ver\u0161 E. (toim.) 2008.<br><em><strong>Suured teooriad. Schola Geologica IV<\/strong><\/em>.<br>Sulemees, Tartu, 84 lk. (<a title=\"\" data-url=\"https:\/\/sisu.ut.ee\/wp-content\/uploads\/sites\/447\/schola_geologica_iv_2008.pdf\" href=\"https:\/\/sisu.ut.ee\/wp-content\/uploads\/sites\/447\/schola_geologica_iv_2008.pdf\" target=\"_blank\" rel=\"noopener\">pdf<\/a>)<\/p>\n<\/div><\/div>\n\n\n\n<p><\/p>\n\n\n\n<div class=\"wp-block-media-text is-stacked-on-mobile\" style=\"grid-template-columns:15% auto\"><figure class=\"wp-block-media-text__media\"><img decoding=\"async\" src=\"https:\/\/sisu.ut.ee\/wp-content\/uploads\/sites\/447\/gs03.jpg\" alt=\"\"><\/figure><div class=\"wp-block-media-text__content\">\n<p>Ver\u0161 E. ja Amon L. (toim.) 2007.<br><strong><em>Mudelid ja modelleerimine. Schola Geologica III<\/em><\/strong>.<br>Eesti Looduseuurijate Selts, Tartu, 96 lk. (<a title=\"\" data-url=\"https:\/\/sisu.ut.ee\/wp-content\/uploads\/sites\/447\/schola_geologica_iii_2007.pdf\" href=\"https:\/\/sisu.ut.ee\/wp-content\/uploads\/sites\/447\/schola_geologica_iii_2007.pdf\" target=\"_blank\" rel=\"noopener\">pdf<\/a>)<\/p>\n<\/div><\/div>\n\n\n\n<p><\/p>\n\n\n\n<div class=\"wp-block-media-text is-stacked-on-mobile\" style=\"grid-template-columns:15% auto\"><figure class=\"wp-block-media-text__media\"><img decoding=\"async\" src=\"https:\/\/sisu.ut.ee\/wp-content\/uploads\/sites\/447\/gs02.jpg\" alt=\"\"><\/figure><div class=\"wp-block-media-text__content\">\n<p>Amon L. ja Ver\u0161 E (toim.) 2006.<br><strong><em>Vasaraga t\u00e4htede poole. Schola Geologica II<\/em><\/strong>.<br>Eesti Looduseuurijate Selts, Tartu \u00dclikooli geoloogia instituut, Tartu, 116 lk. (<a title=\"\" data-url=\"https:\/\/sisu.ut.ee\/wp-content\/uploads\/sites\/447\/schola_geologica_ii_2006.pdf\" href=\"https:\/\/sisu.ut.ee\/wp-content\/uploads\/sites\/447\/schola_geologica_ii_2006.pdf\" target=\"_blank\" rel=\"noopener\">pdf<\/a>)<\/p>\n<\/div><\/div>\n\n\n\n<p><\/p>\n\n\n\n<div class=\"wp-block-media-text is-stacked-on-mobile\" style=\"grid-template-columns:15% auto\"><figure class=\"wp-block-media-text__media\"><img decoding=\"async\" src=\"https:\/\/sisu.ut.ee\/wp-content\/uploads\/sites\/447\/gs01.jpg\" alt=\"\"><\/figure><div class=\"wp-block-media-text__content\">\n<p>Ver\u0161 E. ja Nemliher R. (toim.) 2005.<br><strong><em>Teadus geoloogias. Schola Geologica I<\/em><\/strong>.<br>Eesti Looduseuurijate Selts, Tartu \u00dclikooli geoloogia instituut, Tartu, 106 lk. (<a title=\"\" data-url=\"https:\/\/sisu.ut.ee\/wp-content\/uploads\/sites\/447\/schola_geologica_i_2005.pdf\" href=\"https:\/\/sisu.ut.ee\/wp-content\/uploads\/sites\/447\/schola_geologica_i_2005.pdf\" target=\"_blank\" rel=\"noopener\">pdf<\/a>)<\/p>\n<\/div><\/div>\n\n\n\n<p><\/p>\n","protected":false},"excerpt":{"rendered":"<p>Kiil, E., Jairus, T. (toim.) 2024.Geoloogia siis ja praegu. Schola Geologica XX.Geoteaduste \u00dcli\u00f5pilaste Selts, Tartu, 39 lk. (pdf). Tinn, O., P\u00f5ldsaar, K., Soomer, S., (toim.) 2023.Geokeemia.\u00a0Schola Geologica XIX.Tartu \u00dclikooli \u00f6koloogia ja maateaduste instituut, Tartu, 46 lk. (pdf) Tinn, O., P\u00f5ldsaar, &#8230;<\/p>\n","protected":false},"author":219,"featured_media":0,"parent":0,"menu_order":0,"comment_status":"closed","ping_status":"closed","template":"","meta":{"_acf_changed":false,"inline_featured_image":false,"footnotes":""},"class_list":["post-18","page","type-page","status-publish","hentry"],"acf":[],"_links":{"self":[{"href":"https:\/\/sisu.ut.ee\/sygiskool\/wp-json\/wp\/v2\/pages\/18","targetHints":{"allow":["GET"]}}],"collection":[{"href":"https:\/\/sisu.ut.ee\/sygiskool\/wp-json\/wp\/v2\/pages"}],"about":[{"href":"https:\/\/sisu.ut.ee\/sygiskool\/wp-json\/wp\/v2\/types\/page"}],"author":[{"embeddable":true,"href":"https:\/\/sisu.ut.ee\/sygiskool\/wp-json\/wp\/v2\/users\/219"}],"replies":[{"embeddable":true,"href":"https:\/\/sisu.ut.ee\/sygiskool\/wp-json\/wp\/v2\/comments?post=18"}],"version-history":[{"count":6,"href":"https:\/\/sisu.ut.ee\/sygiskool\/wp-json\/wp\/v2\/pages\/18\/revisions"}],"predecessor-version":[{"id":598,"href":"https:\/\/sisu.ut.ee\/sygiskool\/wp-json\/wp\/v2\/pages\/18\/revisions\/598"}],"wp:attachment":[{"href":"https:\/\/sisu.ut.ee\/sygiskool\/wp-json\/wp\/v2\/media?parent=18"}],"curies":[{"name":"wp","href":"https:\/\/api.w.org\/{rel}","templated":true}]}}