{"id":17,"date":"2024-04-04T06:17:21","date_gmt":"2024-04-04T03:17:21","guid":{"rendered":"https:\/\/sisu.ut.ee\/sygiskool\/kontakt\/"},"modified":"2025-10-13T15:56:46","modified_gmt":"2025-10-13T12:56:46","slug":"kontakt","status":"publish","type":"page","link":"https:\/\/sisu.ut.ee\/sygiskool\/kontakt\/","title":{"rendered":"Kontakt"},"content":{"rendered":"<p><strong>S\u00fcgiskooli korraldajad 2025:<\/strong><\/p>\n<ul>\n<li>Eelika Kivi (eelika.kivi@ut.ee, 59006230)\u00a0<\/li>\n<li>Richard Pihel<\/li>\n<li>Krete Roop\u00f5ld<\/li>\n<li>Martin Aava<\/li>\n<li>Astrid J\u00f5erand<\/li>\n<li>Anne Greete Gribulis<\/li>\n<li>Liisi Brett<\/li>\n<li>Markus Ausmeel<\/li>\n<li>Rhea K\u00f5ivutalu<\/li>\n<li>Sandra Sereda<\/li>\n<\/ul>\n<hr>\n<p>Varasemad s\u00fcgiskooli korraldajad:<\/p>\n<p>Johanna Maria Ojap, Sigrid Soomer, Kristjan Leben, Annamaria Krull, Tiina Harak, Maile Polikarpus, K\u00e4rt Paiste, Triine Nirgi, P\u00e4\u00e4rn Paiste, Sander Olo, Viirika Mastik, Kaidi Sarv, Karin Kungla, Kaarel Lumiste, T\u00f5nn Paiste, Hanna Raig, Siim Pajusaar, Katrin Lasberg, Ivar Puura, Kati T\u00e4navsuu, Ulla Preeden, Kadri Rull, Alina Tshugai, Maria Dmitrijeva, Age Alviste, Tormi Tuuling, Veiko Karu, Evelin Versh, Kairi Ehrlich, Triin Tajur, Marta Lumi, Reet Nemliher, Leeli Amon-Veskimeister, Kadri Sohar, Liisa Lang, Karin Truuver, Liina Laumets, Triinu Jairus, Martin Riives, Maileen Muttik, Heleriin Peterson, Carmel Kuusk, Kairi P\u00f5ldsaar<\/p>\n\n\n<p><\/p>\n","protected":false},"excerpt":{"rendered":"<p>S\u00fcgiskooli korraldajad 2025: Eelika Kivi (eelika.kivi@ut.ee, 59006230)\u00a0 Richard Pihel Krete Roop\u00f5ld Martin Aava Astrid J\u00f5erand Anne Greete Gribulis Liisi Brett Markus Ausmeel Rhea K\u00f5ivutalu Sandra Sereda Varasemad s\u00fcgiskooli korraldajad: Johanna Maria Ojap, Sigrid Soomer, Kristjan Leben, Annamaria Krull, Tiina Harak, &#8230;<\/p>\n","protected":false},"author":219,"featured_media":0,"parent":0,"menu_order":0,"comment_status":"closed","ping_status":"closed","template":"","meta":{"_acf_changed":false,"inline_featured_image":false,"footnotes":""},"class_list":["post-17","page","type-page","status-publish","hentry"],"acf":[],"_links":{"self":[{"href":"https:\/\/sisu.ut.ee\/sygiskool\/wp-json\/wp\/v2\/pages\/17","targetHints":{"allow":["GET"]}}],"collection":[{"href":"https:\/\/sisu.ut.ee\/sygiskool\/wp-json\/wp\/v2\/pages"}],"about":[{"href":"https:\/\/sisu.ut.ee\/sygiskool\/wp-json\/wp\/v2\/types\/page"}],"author":[{"embeddable":true,"href":"https:\/\/sisu.ut.ee\/sygiskool\/wp-json\/wp\/v2\/users\/219"}],"replies":[{"embeddable":true,"href":"https:\/\/sisu.ut.ee\/sygiskool\/wp-json\/wp\/v2\/comments?post=17"}],"version-history":[{"count":14,"href":"https:\/\/sisu.ut.ee\/sygiskool\/wp-json\/wp\/v2\/pages\/17\/revisions"}],"predecessor-version":[{"id":731,"href":"https:\/\/sisu.ut.ee\/sygiskool\/wp-json\/wp\/v2\/pages\/17\/revisions\/731"}],"wp:attachment":[{"href":"https:\/\/sisu.ut.ee\/sygiskool\/wp-json\/wp\/v2\/media?parent=17"}],"curies":[{"name":"wp","href":"https:\/\/api.w.org\/{rel}","templated":true}]}}