{"id":16,"date":"2024-04-04T06:17:20","date_gmt":"2024-04-04T03:17:20","guid":{"rendered":"https:\/\/sisu.ut.ee\/sygiskool\/xix-sugiskooli-ajakava\/"},"modified":"2024-04-04T06:24:24","modified_gmt":"2024-04-04T03:24:24","slug":"xix-sugiskooli-ajakava","status":"publish","type":"page","link":"https:\/\/sisu.ut.ee\/sygiskool\/xix-sugiskooli-ajakava\/","title":{"rendered":"XIX s\u00fcgiskooli ajakava"},"content":{"rendered":"<p><!--td {border: 1px solid #cccccc;}br {mso-data-placement:same-cell;}-->\n<\/p>\n<table class=\"table table-hover\" border=\"1\" cellpadding=\"0\" cellspacing=\"0\" dir=\"ltr\">\n<colgroup>\n<col width=\"242\">\n<col width=\"257\">\n\t<\/colgroup>\n<tbody>\n<tr>\n<td colspan=\"2\" data-sheets-value='{\"1\":2,\"2\":\"Reede, 15.09.2023\"}' rowspan=\"1\">\n\t\t\t\t<span style=\"font-size:16px\"><strong>Reede, 15.09.2023<\/strong><\/span>\n\t\t\t<\/td>\n<\/tr>\n<tr>\n<td data-sheets-value='{\"1\":2,\"2\":\"V\u00e4ljas\u00f5it Tartust\"}'>\n\t\t\t\tV\u00e4ljas\u00f5it Tartust\n\t\t\t<\/td>\n<td data-sheets-numberformat='{\"1\":6,\"2\":\"h:mm\",\"3\":1}' data-sheets-value='{\"1\":3,\"3\":0.5}'>\n\t\t\t\t12:00\n\t\t\t<\/td>\n<\/tr>\n<tr>\n<td data-sheets-value='{\"1\":2,\"2\":\"V\u00e4ljas\u00f5it Tallinnast*\"}'>\n\t\t\t\tV\u00e4ljas\u00f5it Tallinnast*\n\t\t\t<\/td>\n<td data-sheets-numberformat='{\"1\":6,\"2\":\"h:mm\",\"3\":1}' data-sheets-value='{\"1\":3,\"3\":0.5}'>\n\t\t\t\t12:00\n\t\t\t<\/td>\n<\/tr>\n<tr>\n<td data-sheets-value='{\"1\":2,\"2\":\"Saabumine s\u00fcgiskooli, registreerimine ja tervitusamps\"}'>\n\t\t\t\tSaabumine s\u00fcgiskooli, registreerimine ja tervitusamps\n\t\t\t<\/td>\n<td data-sheets-numberformat='{\"1\":6,\"2\":\"h:mm\",\"3\":1}' data-sheets-value='{\"1\":3,\"3\":0.5833333333333334}'>\n\t\t\t\t14:00\n\t\t\t<\/td>\n<\/tr>\n<tr>\n<td data-sheets-value='{\"1\":2,\"2\":\"Sissejuhatus, ettekanded:\"}'>\n\t\t\t\tSissejuhatus, ettekanded ja t\u00f6\u00f6tuba:\n\t\t\t<\/td>\n<td data-sheets-numberformat='{\"1\":6,\"2\":\"h:mm\",\"3\":1}' data-sheets-value='{\"1\":3,\"3\":0.625}'>\n\t\t\t\t15:00\n\t\t\t<\/td>\n<\/tr>\n<tr>\n<td data-sheets-value='{\"1\":2,\"2\":\"Erik Puura\"}' style=\"text-align: right\">\n\t\t\t\tMaarja \u00d6pik \u201c\u00d6koloogiliste protsesside seosed (bio)geokeemiaga\u201d\n\t\t\t<\/td>\n<td colspan=\"1\" data-sheets-value='{\"1\":2,\"2\":\"Sigrid Soomeri t\u00f6\u00f6tuba \" Infrapuna spektromeeter, k\u00e4siraman ja muud p\u00f5nevad seadmed\"\"}' rowspan=\"3\">\n<p>\n\t\t\t\t\tSigrid Soomeri t\u00f6\u00f6tuba \u201cK\u00e4si-Raman ja Geokeemia\u201d.\n\t\t\t\t<\/p>\n<\/td>\n<\/tr>\n<tr>\n<td data-sheets-value='{\"1\":2,\"2\":\"Maarja \u00d6pik\"}' style=\"text-align: right\">\n\t\t\t\tAstrid Laidna \u201cKriitiliste toormete ja teiste suure n\u00f5udlusega metallide bioleostamine j\u00e4\u00e4tmetest ja madala sisaldusega maakidest\u201d\n\t\t\t<\/td>\n<\/tr>\n<tr>\n<td data-sheets-value='{\"1\":2,\"2\":\"Astrid Laidna\"}' style=\"text-align: right\">\n\t\t\t\tHanna-Riin Muttik \u201cT\u00f6\u00f6stusj\u00e4\u00e4tmed haruldaste muldmetallide sekundaarse toormena: haruldased muldmetallid kunagise Maardu keemiakombinaadi selitusbasseinide setendites\u201d\n\t\t\t<\/td>\n<\/tr>\n<tr>\n<td data-sheets-value='{\"1\":2,\"2\":\"Sirutuspaus\"}'>\n\t\t\t\tSirutuspaus\n\t\t\t<\/td>\n<td data-sheets-numberformat='{\"1\":6,\"2\":\"h:mm\",\"3\":1}' data-sheets-value='{\"1\":3,\"3\":0.6875}'>\n\t\t\t\t16:45\n\t\t\t<\/td>\n<\/tr>\n<tr>\n<td data-sheets-value='{\"1\":2,\"2\":\"Ettekanded ja t\u00f6\u00f6tuba:\"}'>\n\t\t\t\tEttekanded ja t\u00f6\u00f6tuba:\n\t\t\t<\/td>\n<td data-sheets-numberformat='{\"1\":6,\"2\":\"h:mm\",\"3\":1}' data-sheets-value='{\"1\":3,\"3\":0.6979166666666666}'>\n\t\t\t\t17:00\n\t\t\t<\/td>\n<\/tr>\n<tr>\n<td data-sheets-value='{\"1\":2,\"2\":\"Hanna-Riin Muttik\"}' style=\"text-align: right\">\n\t\t\t\tGeorg Rahu \u201cRaskemetallide leostumine Eesti graptoliitargilliidist\u201d\n\t\t\t<\/td>\n<td colspan=\"1\" data-sheets-value='{\"1\":2,\"2\":\"Marko Kohvi t\u00f6\u00f6tuba \"Mehitamata s\u00f5idukite kasutamine maateadustes\"\"}' rowspan=\"3\">\n<p>\n\t\t\t\t\tMarko Kohvi t\u00f6\u00f6tuba \u201cMehitamata s\u00f5idukite kasutamine maateadustes\u201d.\u00a0\n\t\t\t\t<\/p>\n<\/td>\n<\/tr>\n<tr>\n<td data-sheets-value='{\"1\":2,\"2\":\"Georg Rahu\"}' style=\"text-align: right\">\n\t\t\t\tKrete Roop\u00f5ld \u201cL\u00e4\u00e4nemere p\u00f5hjasetete poorivee anal\u00fc\u00fcsid\u201d\n\t\t\t<\/td>\n<\/tr>\n<tr>\n<td data-sheets-value='{\"1\":2,\"2\":\"Krete Roop\u00f5ld\"}' style=\"text-align: right\">\n\t\t\t\tKalle Kirsim\u00e4e\n\t\t\t<\/td>\n<\/tr>\n<tr>\n<td data-sheets-value='{\"1\":2,\"2\":\"\u00d5htus\u00f6\u00f6k\"}'>\n\t\t\t\t\u00d5htus\u00f6\u00f6k\n\t\t\t<\/td>\n<td data-sheets-numberformat='{\"1\":6,\"2\":\"h:mm\",\"3\":1}' data-sheets-value='{\"1\":3,\"3\":0.7708333333333334}'>\n\t\t\t\t18:30\n\t\t\t<\/td>\n<\/tr>\n<tr>\n<td data-sheets-value='{\"1\":2,\"2\":\"\u00d5htune programm ja saun\"}'>\n\t\t\t\t\u00d5htune programm ja saun\n\t\t\t<\/td>\n<td data-sheets-numberformat='{\"1\":6,\"2\":\"h:mm\",\"3\":1}' data-sheets-value='{\"1\":3,\"3\":0.8125}'>\n\t\t\t\t19:30\n\t\t\t<\/td>\n<\/tr>\n<tr>\n<td>\n\t\t\t\t\u00a0\n\t\t\t<\/td>\n<td>\n\t\t\t\t\u00a0\n\t\t\t<\/td>\n<\/tr>\n<tr>\n<td colspan=\"2\" data-sheets-value='{\"1\":2,\"2\":\"Laup\u00e4ev, 16.09.2023\"}' rowspan=\"1\">\n\t\t\t\t<span style=\"font-size:16px\"><strong>Laup\u00e4ev, 16.09.2023<\/strong><\/span>\n\t\t\t<\/td>\n<\/tr>\n<tr>\n<td data-sheets-value='{\"1\":2,\"2\":\"Hommikus\u00f6\u00f6k\"}'>\n\t\t\t\tHommikus\u00f6\u00f6k\n\t\t\t<\/td>\n<td data-sheets-numberformat='{\"1\":6,\"2\":\"h:mm\",\"3\":1}' data-sheets-value='{\"1\":3,\"3\":0.3541666666666667}'>\n\t\t\t\t8:30\n\t\t\t<\/td>\n<\/tr>\n<tr>\n<td data-sheets-value='{\"1\":2,\"2\":\"Ettekanded ja t\u00f6\u00f6tuba:\"}'>\n\t\t\t\tEttekanded ja t\u00f6\u00f6tuba:\n\t\t\t<\/td>\n<td data-sheets-numberformat='{\"1\":6,\"2\":\"h:mm\",\"3\":1}' data-sheets-value='{\"1\":3,\"3\":0.3958333333333333}'>\n\t\t\t\t9:30\n\t\t\t<\/td>\n<\/tr>\n<tr>\n<td data-sheets-value='{\"1\":2,\"2\":\"Joonas P\u00e4rn\"}' style=\"text-align: right\">\n\t\t\t\tJoonas P\u00e4rn \u201cIsotoopmeetodid veeuuringutes \u2013 miks ja milleks?\u201d\n\t\t\t<\/td>\n<td colspan=\"1\" data-sheets-value='{\"1\":2,\"2\":\"Maile Polikarpuse t\u00f6\u00f6tuba \"Vee elektrijuhtivus\"\"}' rowspan=\"3\">\n<p>\n\t\t\t\t\tMaile Polikarpuse t\u00f6\u00f6tuba \u201cVee elektrijuhtivus\u201d.\u00a0T\u00f6\u00f6tuba algab peale Joonas P\u00e4rna ettekannet.\n\t\t\t\t<\/p>\n<\/td>\n<\/tr>\n<tr>\n<td data-sheets-value='{\"1\":2,\"2\":\"Johannes Vind\"}' style=\"text-align: right\">\n\t\t\t\tJohannes Vind \u201c<em>Core logger<\/em> Arbaveres\u201d\n\t\t\t<\/td>\n<\/tr>\n<tr>\n<td data-sheets-value='{\"1\":2,\"2\":\"Martin Liira\"}' style=\"text-align: right\">\n\t\t\t\tMartin Liira \u201cRaskmetallide ja fosfori sisaldus Eesti merep\u00f5hjasetetes\u201d\n\t\t\t<\/td>\n<\/tr>\n<tr>\n<td data-sheets-value='{\"1\":2,\"2\":\"Sirutuspaus\"}'>\n\t\t\t\tSirutuspaus\n\t\t\t<\/td>\n<td data-sheets-numberformat='{\"1\":6,\"2\":\"h:mm\",\"3\":1}' data-sheets-value='{\"1\":3,\"3\":0.4791666666666667}'>\n\t\t\t\t11:30\n\t\t\t<\/td>\n<\/tr>\n<tr>\n<td data-sheets-value='{\"1\":2,\"2\":\"Ekskursioon (Tori p\u00f5rgu)\"}'>\n\t\t\t\tEkskursioon (Tori p\u00f5rgu ja liivad)\n\t\t\t<\/td>\n<td data-sheets-numberformat='{\"1\":6,\"2\":\"h:mm\",\"3\":1}' data-sheets-value='{\"1\":3,\"3\":0.5}'>\n\t\t\t\t12:00\n\t\t\t<\/td>\n<\/tr>\n<tr>\n<td data-sheets-value='{\"1\":2,\"2\":\"L\u00f5una\"}'>\n\t\t\t\tL\u00f5una\n\t\t\t<\/td>\n<td data-sheets-numberformat='{\"1\":6,\"2\":\"h:mm\",\"3\":1}' data-sheets-value='{\"1\":3,\"3\":0.625}'>\n\t\t\t\t15:30\n\t\t\t<\/td>\n<\/tr>\n<tr>\n<td data-sheets-value='{\"1\":2,\"2\":\"Ettekanded ja t\u00f6\u00f6tuba:\"}'>\n\t\t\t\tEttekanded ja t\u00f6\u00f6tuba:\n\t\t\t<\/td>\n<td data-sheets-numberformat='{\"1\":6,\"2\":\"h:mm\",\"3\":1}' data-sheets-value='{\"1\":3,\"3\":0.6666666666666666}'>\n\t\t\t\t16:30\n\t\t\t<\/td>\n<\/tr>\n<tr>\n<td data-sheets-textstyleruns='{\"1\":0}\uee10{\"1\":19,\"2\":{\"6\":1}}' data-sheets-value='{\"1\":2,\"2\":\"Bojidar Mandjoukov (eng)\"}' style=\"text-align: right\">\n\t\t\t\tBojidar Mandjoukov \u201cSynchrotron-based constraints on the vanadium paleoredox proxy in the Tremadocian Alum Shale of Northeast Estonia, Baltic Paleobasin\u201d\n\t\t\t<\/td>\n<td colspan=\"1\" data-sheets-value='{\"1\":2,\"2\":\"Marko Kabeli t\u00f6\u00f6tuba \"Puurs\u00fcdamike meistriklass\"\"}' rowspan=\"3\">\n<p>\n\t\t\t\t\tMarko Kabeli t\u00f6\u00f6tuba \u201cPuurs\u00fcdamike meistriklass\u201d.\n\t\t\t\t<\/p>\n<\/td>\n<\/tr>\n<tr>\n<td data-sheets-value='{\"1\":2,\"2\":\"Johanna Maria Ojap\"}' style=\"text-align: right\">\n\t\t\t\tJohanna Maria Ojap \u201cSoome lahe raua-mangaani konkretsioonide keemiline ja mineraloogiline koostis ning v\u00f5imalikud tekkeprotsessid\u201d\n\t\t\t<\/td>\n<\/tr>\n<tr>\n<td data-sheets-value='{\"1\":2,\"2\":\"Imre Andreas Martin\"}' style=\"text-align: right\">\n\t\t\t\tImre Andreas Martin \u201cEesti rahvuskivist maailma ajalooni\u201d\n\t\t\t<\/td>\n<\/tr>\n<tr>\n<td data-sheets-value='{\"1\":2,\"2\":\"\u00d5htus\u00f6\u00f6k\"}'>\n\t\t\t\t\u00d5htus\u00f6\u00f6k\n\t\t\t<\/td>\n<td data-sheets-numberformat='{\"1\":6,\"2\":\"h:mm\",\"3\":1}' data-sheets-value='{\"1\":3,\"3\":0.7708333333333334}'>\n\t\t\t\t18:30\n\t\t\t<\/td>\n<\/tr>\n<tr>\n<td data-sheets-value='{\"1\":2,\"2\":\"\u00d5htune programm ja saun\"}'>\n\t\t\t\t\u00d5htune programm ja saun\n\t\t\t<\/td>\n<td data-sheets-numberformat='{\"1\":6,\"2\":\"h:mm\",\"3\":1}' data-sheets-value='{\"1\":3,\"3\":0.8125}'>\n\t\t\t\t19:30\n\t\t\t<\/td>\n<\/tr>\n<tr>\n<td>\n\t\t\t\t\u00a0\n\t\t\t<\/td>\n<td>\n\t\t\t\t\u00a0\n\t\t\t<\/td>\n<\/tr>\n<tr>\n<td colspan=\"2\" data-sheets-value='{\"1\":2,\"2\":\"P\u00fchap\u00e4ev, 17.09.2023\"}' rowspan=\"1\">\n\t\t\t\t<span style=\"font-size:16px\"><strong>P\u00fchap\u00e4ev, 17.09.2023<\/strong><\/span>\n\t\t\t<\/td>\n<\/tr>\n<tr>\n<td data-sheets-value='{\"1\":2,\"2\":\"Hommikus\u00f6\u00f6k\"}'>\n\t\t\t\tHommikus\u00f6\u00f6k\n\t\t\t<\/td>\n<td data-sheets-numberformat='{\"1\":6,\"2\":\"h:mm\",\"3\":1}' data-sheets-value='{\"1\":3,\"3\":0.3541666666666667}'>\n\t\t\t\t8:30\n\t\t\t<\/td>\n<\/tr>\n<tr>\n<td data-sheets-value='{\"1\":2,\"2\":\"Hommikune virgutus\"}'>\n\t\t\t\tHommikune virgutus\n\t\t\t<\/td>\n<td data-sheets-numberformat='{\"1\":6,\"2\":\"h:mm\",\"3\":1}' data-sheets-value='{\"1\":3,\"3\":0.3958333333333333}'>\n\t\t\t\t9:30\n\t\t\t<\/td>\n<\/tr>\n<tr>\n<td data-sheets-value='{\"1\":2,\"2\":\"C.R. Jakobsoni muuseumi k\u00fclastus\"}'>\n\t\t\t\tC.R. Jakobsoni muuseumi k\u00fclastus\n\t\t\t<\/td>\n<td data-sheets-numberformat='{\"1\":6,\"2\":\"h:mm\",\"3\":1}' data-sheets-value='{\"1\":3,\"3\":0.4166666666666667}'>\n\t\t\t\t10:00\n\t\t\t<\/td>\n<\/tr>\n<tr>\n<td data-sheets-value='{\"1\":2,\"2\":\"Asjad kokku, tubadest v\u00e4lja kolimine\"}'>\n\t\t\t\tAsjad kokku, tubadest v\u00e4lja kolimine\n\t\t\t<\/td>\n<td data-sheets-numberformat='{\"1\":6,\"2\":\"h:mm\",\"3\":1}' data-sheets-value='{\"1\":3,\"3\":0.4791666666666667}'>\n\t\t\t\t11:30\n\t\t\t<\/td>\n<\/tr>\n<tr>\n<td data-sheets-value='{\"1\":2,\"2\":\"Ettekanded ja t\u00f6\u00f6toad\"}'>\n\t\t\t\tEttekanded ja t\u00f6\u00f6toad\n\t\t\t<\/td>\n<td data-sheets-numberformat='{\"1\":6,\"2\":\"h:mm\",\"3\":1}' data-sheets-value='{\"1\":3,\"3\":0.5416666666666666}'>\n\t\t\t\t12:00\n\t\t\t<\/td>\n<\/tr>\n<tr>\n<td colspan=\"1\" data-sheets-value='{\"1\":2,\"2\":\"Programm selgumisel\"}' rowspan=\"2\">\n<p style=\"text-align: right\">\n\t\t\t\t\tK\u00e4rt Paiste \u201cSekundaarsete protsesside m\u00f5ju Paleoproterosoikumi Franceville\u2019i\u00a0ja Onega\u00a0settebasseinide\u00a0kivimitele vajab t\u00e4helepanu\u201d\n\t\t\t\t<\/p>\n<\/td>\n<td colspan=\"1\" data-sheets-value='{\"1\":2,\"2\":\"Maris Rattase t\u00f6\u00f6tuba \"Kivide lihvimine\"\"}' rowspan=\"2\">\n<p>\n\t\t\t\t\tMaris Rattase t\u00f6\u00f6tuba \u201cKivide lihvimine\u201d.\n\t\t\t\t<\/p>\n<\/td>\n<\/tr>\n<tr>\n\t\t<\/tr>\n<tr>\n<td data-sheets-value='{\"1\":2,\"2\":\"L\u00f5pps\u00f5na, grupipilt\"}'>\n\t\t\t\tL\u00f5pps\u00f5na\n\t\t\t<\/td>\n<td data-sheets-numberformat='{\"1\":6,\"2\":\"h:mm\",\"3\":1}' data-sheets-value='{\"1\":3,\"3\":0.5625}'>\n\t\t\t\t13:30\n\t\t\t<\/td>\n<\/tr>\n<tr>\n<td data-sheets-value='{\"1\":2,\"2\":\"L\u00f5una\"}'>\n\t\t\t\tL\u00f5una\n\t\t\t<\/td>\n<td data-sheets-numberformat='{\"1\":6,\"2\":\"h:mm\",\"3\":1}' data-sheets-value='{\"1\":3,\"3\":0.5833333333333334}'>\n\t\t\t\t14:00\n\t\t\t<\/td>\n<\/tr>\n<tr>\n<td data-sheets-value='{\"1\":2,\"2\":\"Tagasis\u00f5it Tartu\"}'>\n\t\t\t\tTagasis\u00f5it Tartu\n\t\t\t<\/td>\n<td data-sheets-numberformat='{\"1\":6,\"2\":\"h:mm\",\"3\":1}' data-sheets-value='{\"1\":3,\"3\":0.625}'>\n\t\t\t\t15:00\n\t\t\t<\/td>\n<\/tr>\n<tr>\n<td data-sheets-value='{\"1\":2,\"2\":\"Tagasis\u00f5it Tallinna*\"}'>\n\t\t\t\tTagasis\u00f5it Tallinna*\n\t\t\t<\/td>\n<td data-sheets-numberformat='{\"1\":6,\"2\":\"h:mm\",\"3\":1}' data-sheets-value='{\"1\":3,\"3\":0.625}'>\n\t\t\t\t15:00\n\t\t\t<\/td>\n<\/tr>\n<\/tbody>\n<\/table>\n","protected":false},"excerpt":{"rendered":"<p>Reede, 15.09.2023 V\u00e4ljas\u00f5it Tartust 12:00 V\u00e4ljas\u00f5it Tallinnast* 12:00 Saabumine s\u00fcgiskooli, registreerimine ja tervitusamps 14:00 Sissejuhatus, ettekanded ja t\u00f6\u00f6tuba: 15:00 Maarja \u00d6pik \u201c\u00d6koloogiliste protsesside seosed (bio)geokeemiaga\u201d Sigrid Soomeri t\u00f6\u00f6tuba \u201cK\u00e4si-Raman ja Geokeemia\u201d. Astrid Laidna \u201cKriitiliste toormete ja teiste suure n\u00f5udlusega metallide &#8230;<\/p>\n","protected":false},"author":219,"featured_media":0,"parent":0,"menu_order":0,"comment_status":"closed","ping_status":"closed","template":"","meta":{"_acf_changed":false,"inline_featured_image":false,"footnotes":""},"class_list":["post-16","page","type-page","status-publish","hentry"],"acf":[],"_links":{"self":[{"href":"https:\/\/sisu.ut.ee\/sygiskool\/wp-json\/wp\/v2\/pages\/16","targetHints":{"allow":["GET"]}}],"collection":[{"href":"https:\/\/sisu.ut.ee\/sygiskool\/wp-json\/wp\/v2\/pages"}],"about":[{"href":"https:\/\/sisu.ut.ee\/sygiskool\/wp-json\/wp\/v2\/types\/page"}],"author":[{"embeddable":true,"href":"https:\/\/sisu.ut.ee\/sygiskool\/wp-json\/wp\/v2\/users\/219"}],"replies":[{"embeddable":true,"href":"https:\/\/sisu.ut.ee\/sygiskool\/wp-json\/wp\/v2\/comments?post=16"}],"version-history":[{"count":1,"href":"https:\/\/sisu.ut.ee\/sygiskool\/wp-json\/wp\/v2\/pages\/16\/revisions"}],"predecessor-version":[{"id":428,"href":"https:\/\/sisu.ut.ee\/sygiskool\/wp-json\/wp\/v2\/pages\/16\/revisions\/428"}],"wp:attachment":[{"href":"https:\/\/sisu.ut.ee\/sygiskool\/wp-json\/wp\/v2\/media?parent=16"}],"curies":[{"name":"wp","href":"https:\/\/api.w.org\/{rel}","templated":true}]}}