{"id":15,"date":"2024-04-04T06:17:20","date_gmt":"2024-04-04T03:17:20","guid":{"rendered":"https:\/\/sisu.ut.ee\/sygiskool\/xix-geoloogia-sugiskool\/"},"modified":"2024-09-14T17:48:00","modified_gmt":"2024-09-14T14:48:00","slug":"xix-geoloogia-sugiskool","status":"publish","type":"page","link":"https:\/\/sisu.ut.ee\/sygiskool\/xix-geoloogia-sugiskool\/","title":{"rendered":"XIX geoloogia s\u00fcgiskool"},"content":{"rendered":"<p><strong>XIX geoloogia s\u00fcgiskool\u00a0\u201cGeokeemia\u201d <\/strong>toimus\u00a0<strong>15.-<\/strong><strong>1<\/strong><strong>7. s<\/strong><strong>ep<\/strong><strong>tembril<\/strong><img loading=\"lazy\" decoding=\"async\" style=\"float: right;\" title=\"\" src=\"https:\/\/sisu.ut.ee\/wp-content\/uploads\/sites\/447\/thumbnail_7c722e5bb01f41b4b358fcca695832ef.png\" alt=\"2023 geokeemia logo\" width=\"252\" height=\"241\" data-file_info=\"%7B%22fid%22:%2278174%22,%22view_mode%22:%22default%22,%22type%22:%22media%22%7D\"><strong>\u00a02023 TalTechi S\u00e4rghaua \u00f5ppebaasis<\/strong>. Kuulata sai\u00a0p\u00f5nevaid ettekandeid nii geoloogiaga l\u00e4hemalt kui ka kaugemalt seotud valdkondadest. Paralleelselt ettekannetega\u00a0toimusid p\u00f5nevad <strong>t\u00f6\u00f6toad<\/strong>. Sai uudistada K\u00e4si-Ramani, harida end mehitamata s\u00f5idukite\u00a0kasutamise kohta maateadustes, vee elektrijuhtivusega tutvuda, \u00f5ppida meistritelt puurs\u00fcdamikega toimetamisest ning proovida k\u00e4tt kivide lihvimises. S\u00fcgiskooli traditsiooniline ekskursioon viis meid sel korral <a title=\"\" href=\"https:\/\/www.puhkaeestis.ee\/et\/tori-porgu\" target=\"_blank\" rel=\"noopener\" data-url=\"https:\/\/www.puhkaeestis.ee\/et\/tori-porgu\">Tori p\u00f5rgusse<\/a>. Lisaks said soovijad sisse p\u00f5igata S\u00e4rghaualt jalutusk\u00e4igu kaugusel asuvasse <a title=\"\" href=\"https:\/\/maaelumuuseumid.ee\/c-r-jakobsoni-talumuuseum\/\" target=\"_blank\" rel=\"noopener\" data-url=\"https:\/\/maaelumuuseumid.ee\/c-r-jakobsoni-talumuuseum\/\">C.R. Jakobsoni talumuuseumisse<\/a>. Loomulikult ei puudunud s\u00fcgiskoolist ka \u00f5htune meeleoluprogramm.<\/p>\n<p>S\u00fc\u00fca tegid\u00a0sel korral korraldajad <strong>ise<\/strong>, k\u00f5hud sai t\u00e4is kodukootud lihtsatest toitudest. Keskkonnas\u00f5bralikud osalejad v\u00f5tsid kaasa\u00a0isiklikud s\u00f6\u00f6gi- ja joogin\u00f5ud.<\/p>\n<p>Pilte s\u00fcgiskoolist saad\u00a0vaadata\u00a0<a title=\"\" href=\"https:\/\/sisu.ut.ee\/sygiskool\/xix-sugiskooli-galerii\/\" data-url=\"https:\/\/sisu.ut.ee\/sygiskool\/galleries\/xix-s%C3%BCgiskooli-galerii\">galeriist<\/a>.<\/p>\n","protected":false},"excerpt":{"rendered":"<p>XIX geoloogia s\u00fcgiskool\u00a0\u201cGeokeemia\u201d toimus\u00a015.-17. septembril\u00a02023 TalTechi S\u00e4rghaua \u00f5ppebaasis. Kuulata sai\u00a0p\u00f5nevaid ettekandeid nii geoloogiaga l\u00e4hemalt kui ka kaugemalt seotud valdkondadest. Paralleelselt ettekannetega\u00a0toimusid p\u00f5nevad t\u00f6\u00f6toad. Sai uudistada K\u00e4si-Ramani, harida end mehitamata s\u00f5idukite\u00a0kasutamise kohta maateadustes, vee elektrijuhtivusega tutvuda, \u00f5ppida meistritelt puurs\u00fcdamikega toimetamisest ning &#8230;<\/p>\n","protected":false},"author":219,"featured_media":0,"parent":0,"menu_order":0,"comment_status":"closed","ping_status":"closed","template":"","meta":{"_acf_changed":false,"inline_featured_image":false,"footnotes":""},"class_list":["post-15","page","type-page","status-publish","hentry"],"acf":[],"_links":{"self":[{"href":"https:\/\/sisu.ut.ee\/sygiskool\/wp-json\/wp\/v2\/pages\/15","targetHints":{"allow":["GET"]}}],"collection":[{"href":"https:\/\/sisu.ut.ee\/sygiskool\/wp-json\/wp\/v2\/pages"}],"about":[{"href":"https:\/\/sisu.ut.ee\/sygiskool\/wp-json\/wp\/v2\/types\/page"}],"author":[{"embeddable":true,"href":"https:\/\/sisu.ut.ee\/sygiskool\/wp-json\/wp\/v2\/users\/219"}],"replies":[{"embeddable":true,"href":"https:\/\/sisu.ut.ee\/sygiskool\/wp-json\/wp\/v2\/comments?post=15"}],"version-history":[{"count":3,"href":"https:\/\/sisu.ut.ee\/sygiskool\/wp-json\/wp\/v2\/pages\/15\/revisions"}],"predecessor-version":[{"id":534,"href":"https:\/\/sisu.ut.ee\/sygiskool\/wp-json\/wp\/v2\/pages\/15\/revisions\/534"}],"wp:attachment":[{"href":"https:\/\/sisu.ut.ee\/sygiskool\/wp-json\/wp\/v2\/media?parent=15"}],"curies":[{"name":"wp","href":"https:\/\/api.w.org\/{rel}","templated":true}]}}