{"id":13,"date":"2024-04-04T06:17:20","date_gmt":"2024-04-04T03:17:20","guid":{"rendered":"https:\/\/sisu.ut.ee\/sygiskool\/xviii-sugiskooli-ajakava\/"},"modified":"2024-04-04T06:24:25","modified_gmt":"2024-04-04T03:24:25","slug":"xviii-sugiskooli-ajakava","status":"publish","type":"page","link":"https:\/\/sisu.ut.ee\/sygiskool\/xviii-sugiskooli-ajakava\/","title":{"rendered":"XVIII s\u00fcgiskooli ajakava"},"content":{"rendered":"<p dir=\"ltr\">\n\t<b id=\"docs-internal-guid-506f4419-7fff-b371-f37f-d3f02f6b9257\">S\u00dcGISKOOL 2022: \u201eIda-Virumaa geoloogia\u201c<\/b>\n<\/p>\n<p dir=\"ltr\">\n\t<b>PROGRAMM<\/b>\n<\/p>\n<table class=\"table table-hover\" border=\"1\" cellpadding=\"1\" cellspacing=\"1\">\n<caption>\n\t\t<strong>16. SEPTEMBER (reede)<\/strong><br>\n\t<\/caption>\n<tbody>\n<tr>\n<td>\n\t\t\t\tAeg\n\t\t\t<\/td>\n<td>\n\t\t\t\tEsineja\/tegevus\n\t\t\t<\/td>\n<td>\n\t\t\t\tTeema\n\t\t\t<\/td>\n<\/tr>\n<tr>\n<td>\n\t\t\t\t<b id=\"docs-internal-guid-506f4419-7fff-b371-f37f-d3f02f6b9257\">14:00 \u2013 16:00\u00a0\u00a0<\/b>\n\t\t\t<\/td>\n<td>\n\t\t\t\t<em>Transport<\/em>\n\t\t\t<\/td>\n<td>\n<p>\n\t\t\t\t\t<em>Bussid v\u00e4ljuvad:<\/em>\n\t\t\t\t<\/p>\n<p>\n\t\t\t\t\t<em><strong>Tartus:<\/strong>\u00a0T\u00dc Chemicumi hoone k\u00f5rval olevast parklast (Ravila 14a)<\/em>\n\t\t\t\t<\/p>\n<p>\n\t\t\t\t\t<em><strong>Tallinnas:<\/strong> TalTechi peahoone ees olevast parklast (Ehitajate tee 5)<\/em>\n\t\t\t\t<\/p>\n<\/td>\n<\/tr>\n<tr>\n<td>\n\t\t\t\t<b id=\"docs-internal-guid-506f4419-7fff-b371-f37f-d3f02f6b9257\">16:00 \u2013 16:45<\/b>\n\t\t\t<\/td>\n<td>\n\t\t\t\t<em>Kohvipaus<\/em>\n\t\t\t<\/td>\n<td>\n\t\t\t\t<em>Kolled\u017ei ruumides<\/em>\n\t\t\t<\/td>\n<\/tr>\n<tr>\n<td>\n\t\t\t\t<b id=\"docs-internal-guid-506f4419-7fff-b371-f37f-d3f02f6b9257\">16:45 \u2013 17:15<\/b>\n\t\t\t<\/td>\n<td>\n\t\t\t\t<strong>ERIK PUURA<\/strong>\n\t\t\t<\/td>\n<td>\n\t\t\t\t<strong>Tahked j\u00e4\u00e4tmed kui tuleviku ressurss<\/strong>\n\t\t\t<\/td>\n<\/tr>\n<tr>\n<td>\n\t\t\t\t<strong><b id=\"docs-internal-guid-506f4419-7fff-b371-f37f-d3f02f6b9257\">17:15 \u2013 17:45<\/b><\/strong>\n\t\t\t<\/td>\n<td>\n\t\t\t\t<strong>TARMO ALL<\/strong>\n\t\t\t<\/td>\n<td>\n\t\t\t\t<strong>Eesti Energia ringmajanduse projektid p\u00f5levkivi kaevandamise ja kasutamise valdkonnas<\/strong>\n\t\t\t<\/td>\n<\/tr>\n<tr>\n<td>\n\t\t\t\t<strong><b id=\"docs-internal-guid-506f4419-7fff-b371-f37f-d3f02f6b9257\">17:45 \u2013 18:15<\/b><\/strong>\n\t\t\t<\/td>\n<td>\n\t\t\t\t<strong>MADIS OSJAMETS<\/strong>\n\t\t\t<\/td>\n<td>\n\t\t\t\t<strong>Maapinna p\u00fcsivus vanadel kaevandusaladel<\/strong>\n\t\t\t<\/td>\n<\/tr>\n<tr>\n<td>\n\t\t\t\t<b id=\"docs-internal-guid-506f4419-7fff-b371-f37f-d3f02f6b9257\">18:15 \u2013 20:30<\/b>\n\t\t\t<\/td>\n<td>\n\t\t\t\t<em>\u00d5htus\u00f6\u00f6k<\/em>\n\t\t\t<\/td>\n<td>\n\t\t\t\t<em>Kolled\u017ei ruumides<\/em>\n\t\t\t<\/td>\n<\/tr>\n<tr>\n<td>\n\t\t\t\t<b id=\"docs-internal-guid-506f4419-7fff-b371-f37f-d3f02f6b9257\">20:30 \u2013 22:00<\/b>\n\t\t\t<\/td>\n<td>\n\t\t\t\t<strong>OIVE TINN<\/strong>\n\t\t\t<\/td>\n<td>\n\t\t\t\t<strong>Valge valgus. Valge pimedus. Gr\u00f6\u00f6nimaa. Geoloogiast ka\u2026<\/strong>\n\t\t\t<\/td>\n<\/tr>\n<\/tbody>\n<\/table>\n<table class=\"table table-hover\" border=\"1\" cellpadding=\"1\" cellspacing=\"1\">\n<caption>\n<p>\n\t\t\t\u00a0\n\t\t<\/p>\n<p>\n\t\t\t<strong>17. SEPTEMBER (laup\u00e4ev)<\/strong>\n\t\t<\/p>\n<\/caption>\n<tbody>\n<tr>\n<td>\n\t\t\t\tAeg\n\t\t\t<\/td>\n<td>\n\t\t\t\tEsineja\/tegevus\n\t\t\t<\/td>\n<td>\n\t\t\t\tTeema\n\t\t\t<\/td>\n<\/tr>\n<tr>\n<td>\n\t\t\t\t<b id=\"docs-internal-guid-506f4419-7fff-b371-f37f-d3f02f6b9257\">7:00 \u2013 8:00<\/b>\n\t\t\t<\/td>\n<td>\n\t\t\t\t<em>Silmadlahtik\u00e4ik<\/em>\n\t\t\t<\/td>\n<td>\n\t\t\t\t\u00a0\n\t\t\t<\/td>\n<\/tr>\n<tr>\n<td>\n\t\t\t\t<b id=\"docs-internal-guid-506f4419-7fff-b371-f37f-d3f02f6b9257\">8:30 \u2013 9:30<\/b>\n\t\t\t<\/td>\n<td>\n\t\t\t\t<em>Hommikus\u00f6\u00f6k<\/em>\n\t\t\t<\/td>\n<td>\n\t\t\t\t<em>Kolled\u017ei ruumides<\/em>\n\t\t\t<\/td>\n<\/tr>\n<tr>\n<td>\n\t\t\t\t<b id=\"docs-internal-guid-506f4419-7fff-b371-f37f-d3f02f6b9257\">9:30 \u2013 10:00<\/b>\n\t\t\t<\/td>\n<td>\n\t\t\t\t<strong>EELIKA KIIL<\/strong>\n\t\t\t<\/td>\n<td>\n\t\t\t\t<strong>Geoloogina Estonia kaevanduses<\/strong>\n\t\t\t<\/td>\n<\/tr>\n<tr>\n<td>\n\t\t\t\t<strong><b id=\"docs-internal-guid-506f4419-7fff-b371-f37f-d3f02f6b9257\">10:00 \u2013 10:30<\/b><\/strong>\n\t\t\t<\/td>\n<td>\n\t\t\t\t<strong>MARKO KOHV<\/strong>\n\t\t\t<\/td>\n<td>\n\t\t\t\t<strong>Virumaa sood ja kaevandamine<\/strong>\n\t\t\t<\/td>\n<\/tr>\n<tr>\n<td>\n\t\t\t\t<strong><b id=\"docs-internal-guid-506f4419-7fff-b371-f37f-d3f02f6b9257\">10:30 \u2013 11:00<\/b><\/strong>\n\t\t\t<\/td>\n<td>\n\t\t\t\t<strong>JOHANNES VIND<\/strong>\n\t\t\t<\/td>\n<td>\n\t\t\t\t<strong>Graptoliitargilliidi idafaatsiese geokeemilised settimistingimused<\/strong>\n\t\t\t<\/td>\n<\/tr>\n<tr>\n<td>\n\t\t\t\t<strong><b id=\"docs-internal-guid-506f4419-7fff-b371-f37f-d3f02f6b9257\">11:00 \u2013 11:30<\/b><\/strong>\n\t\t\t<\/td>\n<td>\n\t\t\t\t<strong>ALAR SALUSTE<\/strong>\n\t\t\t<\/td>\n<td>\n\t\t\t\t<strong>Ida-Virumaa miljard v\u00f5imalust t\u00f5usta ringmajanduse eestvedajaks<\/strong>\n\t\t\t<\/td>\n<\/tr>\n<tr>\n<td>\n\t\t\t\t<b id=\"docs-internal-guid-506f4419-7fff-b371-f37f-d3f02f6b9257\">11:30 \u2013 12:30<\/b>\n\t\t\t<\/td>\n<td>\n\t\t\t\t<em>L\u00f5unas\u00f6\u00f6k<\/em>\n\t\t\t<\/td>\n<td>\n\t\t\t\t<em>Kolled\u017ei ruumides<\/em>\n\t\t\t<\/td>\n<\/tr>\n<tr>\n<td>\n\t\t\t\t<b id=\"docs-internal-guid-506f4419-7fff-b371-f37f-d3f02f6b9257\">12:30 \u2013 18:30<\/b>\n\t\t\t<\/td>\n<td>\n\t\t\t\t<strong>EKSKURSIOON<\/strong>\n\t\t\t<\/td>\n<td>\n\t\t\t\t\u00a0\n\t\t\t<\/td>\n<\/tr>\n<tr>\n<td>\n\t\t\t\t<b id=\"docs-internal-guid-506f4419-7fff-b371-f37f-d3f02f6b9257\">18:30 \u2013 00:00<\/b>\n\t\t\t<\/td>\n<td>\n\t\t\t\t<em>\u00d5htus\u00f6\u00f6k<\/em>\n\t\t\t<\/td>\n<td>\n\t\t\t\t<em>Vanameistri Pubis J\u00f5hvis (koos saunam\u00f5nudega!). Varajased magajad saavad tagasi Kohtla-J\u00e4rvele umbes 9-10 paiku, viimane buss v\u00e4ljub pubist kell 00:00.<\/em>\n\t\t\t<\/td>\n<\/tr>\n<\/tbody>\n<\/table>\n<p>\n\t\u00a0\n<\/p>\n<table class=\"table table-hover\" border=\"1\" cellpadding=\"1\" cellspacing=\"1\">\n<caption>\n\t\t<strong>18. SEPTEMBER (p\u00fchap\u00e4ev)<\/strong><br>\n\t<\/caption>\n<tbody>\n<tr>\n<td>\n\t\t\t\tAeg\n\t\t\t<\/td>\n<td>\n\t\t\t\tEsineja\/tegevus\n\t\t\t<\/td>\n<td>\n\t\t\t\tTeema\n\t\t\t<\/td>\n<\/tr>\n<tr>\n<td>\n\t\t\t\t<b id=\"docs-internal-guid-506f4419-7fff-b371-f37f-d3f02f6b9257\">7:00 \u2013 8:00<\/b>\n\t\t\t<\/td>\n<td>\n\t\t\t\t<em>Silmadlahtik\u00e4ik<\/em>\n\t\t\t<\/td>\n<td>\n\t\t\t\t\u00a0\n\t\t\t<\/td>\n<\/tr>\n<tr>\n<td>\n\t\t\t\t<b id=\"docs-internal-guid-506f4419-7fff-b371-f37f-d3f02f6b9257\">8:30 \u2013 9:30<\/b>\n\t\t\t<\/td>\n<td>\n\t\t\t\t<em>Hommikus\u00f6\u00f6k<\/em>\n\t\t\t<\/td>\n<td>\n\t\t\t\t<em>Kolled\u017ei ruumides<\/em>\n\t\t\t<\/td>\n<\/tr>\n<tr>\n<td>\n\t\t\t\t<b id=\"docs-internal-guid-506f4419-7fff-b371-f37f-d3f02f6b9257\">9:30 \u2013 10:00<\/b>\n\t\t\t<\/td>\n<td>\n\t\t\t\t<strong>REIN EINASTO<\/strong>\n\t\t\t<\/td>\n<td>\n\t\t\t\t<strong>Kukersiidi ja kukersiitpae levikust ja tekkeloost<\/strong>\n\t\t\t<\/td>\n<\/tr>\n<tr>\n<td>\n\t\t\t\t<strong><b id=\"docs-internal-guid-506f4419-7fff-b371-f37f-d3f02f6b9257\">10:00 \u2013 10:30<\/b><\/strong>\n\t\t\t<\/td>\n<td>\n\t\t\t\t<strong>ALAR ROSENTAU<\/strong>\n\t\t\t<\/td>\n<td>\n\t\t\t\t<strong>Litoriinameri Narva-Lauga klindilahes<\/strong>\n\t\t\t<\/td>\n<\/tr>\n<tr>\n<td>\n\t\t\t\t<b id=\"docs-internal-guid-506f4419-7fff-b371-f37f-d3f02f6b9257\">10:30 \u2013 11:00<\/b>\n\t\t\t<\/td>\n<td>\n\t\t\t\t<em>Kohvipaus<\/em>\n\t\t\t<\/td>\n<td>\n\t\t\t\t<em>Kolled\u017ei ruumides<\/em>\n\t\t\t<\/td>\n<\/tr>\n<tr>\n<td>\n\t\t\t\t<b id=\"docs-internal-guid-506f4419-7fff-b371-f37f-d3f02f6b9257\">11:00 \u2013 11:30<\/b>\n\t\t\t<\/td>\n<td>\n\t\t\t\t<strong>MARKO M\u00c4GI<\/strong>\n\t\t\t<\/td>\n<td>\n\t\t\t\t<strong>Kaevandamise m\u00f5ju loomastikule<\/strong>\n\t\t\t<\/td>\n<\/tr>\n<tr>\n<td>\n\t\t\t\t<strong><b id=\"docs-internal-guid-506f4419-7fff-b371-f37f-d3f02f6b9257\">11:30 \u2013 12:00<\/b><\/strong>\n\t\t\t<\/td>\n<td>\n\t\t\t\t<strong>RASMUS KONT<\/strong>\n\t\t\t<\/td>\n<td>\n\t\t\t\t<strong>J\u00e4lgelemendid Uljaste sulfiidse mineralisatsiooni ilmingutes<\/strong>\n\t\t\t<\/td>\n<\/tr>\n<tr>\n<td>\n\t\t\t\t<b id=\"docs-internal-guid-506f4419-7fff-b371-f37f-d3f02f6b9257\">12:00 \u2013 13:00<\/b>\n\t\t\t<\/td>\n<td>\n\t\t\t\t<em>L\u00f5unas\u00f6\u00f6k<\/em>\n\t\t\t<\/td>\n<td>\n\t\t\t\t<em>Kolled\u017ei ruumides<\/em>\n\t\t\t<\/td>\n<\/tr>\n<tr>\n<td>\n\t\t\t\t<b id=\"docs-internal-guid-506f4419-7fff-b371-f37f-d3f02f6b9257\">13:00 \u2013 15:00<\/b>\u00a0\n\t\t\t<\/td>\n<td>\n\t\t\t\t<em>Kojus\u00f5it<\/em>\n\t\t\t<\/td>\n<td>\n\t\t\t\t<em>Bussid s\u00f5idavad tagasi Tartusse (T\u00dc Chemicumi juurde) ja Tallinnasse (TalTech peahoone juurde)<\/em>\n\t\t\t<\/td>\n<\/tr>\n<\/tbody>\n<\/table>\n","protected":false},"excerpt":{"rendered":"<p>S\u00dcGISKOOL 2022: \u201eIda-Virumaa geoloogia\u201c PROGRAMM 16. SEPTEMBER (reede) Aeg Esineja\/tegevus Teema 14:00 \u2013 16:00\u00a0\u00a0 Transport Bussid v\u00e4ljuvad: Tartus:\u00a0T\u00dc Chemicumi hoone k\u00f5rval olevast parklast (Ravila 14a) Tallinnas: TalTechi peahoone ees olevast parklast (Ehitajate tee 5) 16:00 \u2013 16:45 Kohvipaus Kolled\u017ei ruumides &#8230;<\/p>\n","protected":false},"author":219,"featured_media":0,"parent":0,"menu_order":0,"comment_status":"closed","ping_status":"closed","template":"","meta":{"_acf_changed":false,"inline_featured_image":false,"footnotes":""},"class_list":["post-13","page","type-page","status-publish","hentry"],"acf":[],"_links":{"self":[{"href":"https:\/\/sisu.ut.ee\/sygiskool\/wp-json\/wp\/v2\/pages\/13","targetHints":{"allow":["GET"]}}],"collection":[{"href":"https:\/\/sisu.ut.ee\/sygiskool\/wp-json\/wp\/v2\/pages"}],"about":[{"href":"https:\/\/sisu.ut.ee\/sygiskool\/wp-json\/wp\/v2\/types\/page"}],"author":[{"embeddable":true,"href":"https:\/\/sisu.ut.ee\/sygiskool\/wp-json\/wp\/v2\/users\/219"}],"replies":[{"embeddable":true,"href":"https:\/\/sisu.ut.ee\/sygiskool\/wp-json\/wp\/v2\/comments?post=13"}],"version-history":[{"count":1,"href":"https:\/\/sisu.ut.ee\/sygiskool\/wp-json\/wp\/v2\/pages\/13\/revisions"}],"predecessor-version":[{"id":431,"href":"https:\/\/sisu.ut.ee\/sygiskool\/wp-json\/wp\/v2\/pages\/13\/revisions\/431"}],"wp:attachment":[{"href":"https:\/\/sisu.ut.ee\/sygiskool\/wp-json\/wp\/v2\/media?parent=13"}],"curies":[{"name":"wp","href":"https:\/\/api.w.org\/{rel}","templated":true}]}}