{"id":12,"date":"2024-04-04T06:17:20","date_gmt":"2024-04-04T03:17:20","guid":{"rendered":"https:\/\/sisu.ut.ee\/sygiskool\/xviii-sugiskool\/"},"modified":"2024-09-14T17:48:54","modified_gmt":"2024-09-14T14:48:54","slug":"xviii-sugiskool","status":"publish","type":"page","link":"https:\/\/sisu.ut.ee\/sygiskool\/xviii-sugiskool\/","title":{"rendered":"XVIII geoloogia s\u00fcgiskool"},"content":{"rendered":"<h2><img decoding=\"async\" style=\"width: 240px; height: 300px; float: right;\" title=\"Aidu karj\u00e4\u00e4r (Peeter Paaver)\" src=\"https:\/\/sisu.ut.ee\/wp-content\/uploads\/sites\/447\/2m6a0249-edit.jpg\" alt=\"Sininelaguun\" data-file_info=\"%7B%22fid%22:%2270086%22,%22view_mode%22:%22default%22,%22type%22:%22media%22%7D\"><\/h2>\n<p>XVIII Geoloogia S\u00fcgiskool\u00a0toimus\u00a016.-18. septembril 2022. a. TalTechi Virumaa kolled\u017eis Kohtla-J\u00e4rvel.<\/p>\n<p>S\u00fcgiskooli teemaks oli\u00a0<b>\u201cIda-Virumaa geoloogia\u201d<\/b>. Esitati p\u00f5nevaid ettekandeid ning jagati huvitavaid m\u00f5tteid nii geoloogidelt kui ka teiste eluvaldkondade esindajatelt.<\/p>\n<p>Osalejad majutati<strong>\u00a0<\/strong>on Kohtla-J\u00e4rvel <strong>hotellis Alex<\/strong> ning <strong>Virumaa hostelis<\/strong>, mis j\u00e4id\u00a0m\u00f5lemad \u00fcrituse toimumise kohast jalutusk\u00e4igu kaugusel.\u00a0Eriti tublid k\u00e4isid <strong>Oive<\/strong> juhatamisel hommikuti Kohtla-J\u00e4rvel end virgutamas ja saapaid kulutamas.<\/p>\n<p>Laup\u00e4evane Ekskursioon\u00a0viis\u00a0meid Saka m\u00f5isa l\u00e4histele, kus h\u00fcppasime bussidest maha ning tegime toreda matka klindiastangut pidi. Ei puudunud ka <strong>Leho Ainsaare\u00a0<\/strong>haaravasisulised\u00a0k\u00f5ned! \u00d5htu l\u00f5petati <strong>J\u00f5hvis<\/strong>\u00a0Vanameistri pubis muljetades ning saunam\u00f5nusid nautides.<\/p>\n<p>Pilte s\u00fcgiskoolist saad\u00a0vaadata <a title=\"\" href=\"https:\/\/sisu.ut.ee\/sygiskool\/xviii-sugiskooli-pildid\/\" data-url=\"https:\/\/sisu.ut.ee\/sygiskool\/galleries\/xviii-s%C3%BCgiskooli-pildid\">galeriist<\/a>.<\/p>\n","protected":false},"excerpt":{"rendered":"<p>XVIII Geoloogia S\u00fcgiskool\u00a0toimus\u00a016.-18. septembril 2022. a. TalTechi Virumaa kolled\u017eis Kohtla-J\u00e4rvel. S\u00fcgiskooli teemaks oli\u00a0\u201cIda-Virumaa geoloogia\u201d. Esitati p\u00f5nevaid ettekandeid ning jagati huvitavaid m\u00f5tteid nii geoloogidelt kui ka teiste eluvaldkondade esindajatelt. Osalejad majutati\u00a0on Kohtla-J\u00e4rvel hotellis Alex ning Virumaa hostelis, mis j\u00e4id\u00a0m\u00f5lemad \u00fcrituse toimumise &#8230;<\/p>\n","protected":false},"author":219,"featured_media":0,"parent":0,"menu_order":0,"comment_status":"closed","ping_status":"closed","template":"","meta":{"_acf_changed":false,"inline_featured_image":false,"footnotes":""},"class_list":["post-12","page","type-page","status-publish","hentry"],"acf":[],"_links":{"self":[{"href":"https:\/\/sisu.ut.ee\/sygiskool\/wp-json\/wp\/v2\/pages\/12","targetHints":{"allow":["GET"]}}],"collection":[{"href":"https:\/\/sisu.ut.ee\/sygiskool\/wp-json\/wp\/v2\/pages"}],"about":[{"href":"https:\/\/sisu.ut.ee\/sygiskool\/wp-json\/wp\/v2\/types\/page"}],"author":[{"embeddable":true,"href":"https:\/\/sisu.ut.ee\/sygiskool\/wp-json\/wp\/v2\/users\/219"}],"replies":[{"embeddable":true,"href":"https:\/\/sisu.ut.ee\/sygiskool\/wp-json\/wp\/v2\/comments?post=12"}],"version-history":[{"count":2,"href":"https:\/\/sisu.ut.ee\/sygiskool\/wp-json\/wp\/v2\/pages\/12\/revisions"}],"predecessor-version":[{"id":535,"href":"https:\/\/sisu.ut.ee\/sygiskool\/wp-json\/wp\/v2\/pages\/12\/revisions\/535"}],"wp:attachment":[{"href":"https:\/\/sisu.ut.ee\/sygiskool\/wp-json\/wp\/v2\/media?parent=12"}],"curies":[{"name":"wp","href":"https:\/\/api.w.org\/{rel}","templated":true}]}}