{"id":16,"date":"2024-04-04T03:05:57","date_gmt":"2024-04-04T00:05:57","guid":{"rendered":"https:\/\/sisu.ut.ee\/summer_school\/programme\/"},"modified":"2024-08-29T14:53:33","modified_gmt":"2024-08-29T11:53:33","slug":"programme","status":"publish","type":"page","link":"https:\/\/sisu.ut.ee\/summer_school\/programme\/","title":{"rendered":"Programme"},"content":{"rendered":"<p>We are happy to present the<strong><a href=\"https:\/\/sisu.ut.ee\/wp-content\/uploads\/sites\/190\/TSSS2024_Schedule_LATEST-latest.pdf\" target=\"_blank\" rel=\"noopener\"> latest programme<\/a>\u00a0<\/strong>[pdf]\u00a0of Tartu Semiotics Summer School and 14th Annual Lotman Days (updated August 16) and the <a href=\"https:\/\/sisu.ut.ee\/wp-content\/uploads\/sites\/190\/TSSS2024_Book-of-Abstracts.pdf\" target=\"_blank\" rel=\"noreferrer noopener\"><strong>Book of Abstracts 2024<\/strong><\/a> [pdf] (updated August 29).<\/p>\n<p><b>Conference venue<\/b>: P\u00e4rimusmuusika Ait (Tasuja 6, Viljandi, Estonia) and K\u00e4\u00e4riku Spordikeskus (K\u00e4\u00e4riku village, Estonia)<\/p>\n<p style=\"margin: 0cm0cm0.0001pt;\"><span style=\"font-size: 20px;\"><strong><span style=\"color: #b22222;\">DAY 1 \u2013 <\/span><\/strong><\/span><span style=\"font-size: revert; text-align: var(--bs-body-text-align);\">Wednesday, 28 of August \u2013 <strong>P\u00e4rimusmuusika Ait<\/strong> (Tasuja 6, Viljandi, Estonia)<\/span><\/p>\n<p style=\"margin: 0cm0cm0.0001pt;\"><span style=\"font-size: 20px;\"><strong><span style=\"color: #b22222;\">DAY 2 \u2013 <\/span><\/strong><\/span><span style=\"font-size: revert; text-align: var(--bs-body-text-align);\">Thursday, 29 of August, <strong>K\u00e4\u00e4riku Sprodikeskus<\/strong> (coaches to K\u00e4\u00e4riku depart \u00a0from the Freedom Squate, Viljandi)<\/span><\/p>\n<p style=\"margin: 0cm0cm0.0001pt;\"><span style=\"font-size: 20px;\"><strong><span style=\"color: #b22222;\">DAY 3 \u2013 <\/span><\/strong><\/span><span style=\"font-size: revert; text-align: var(--bs-body-text-align);\">Friday 30 of August \u2013 <strong>P\u00e4rimusmuusika Ait<\/strong> (Tasuja 6, Viljandi, Estonia)<\/span><\/p>\n<p style=\"margin: 0cm0cm0.0001pt;\"><span style=\"font-size: 20px;\"><strong><span style=\"color: #b22222;\">DAY 4 \u2013 <\/span><\/strong><\/span><span style=\"font-size: revert; text-align: var(--bs-body-text-align);\">Saturday 31 of August \u2013<strong> P\u00e4rimusmuusika Ait<\/strong> (Tasuja 6, Viljandi, Estonia)<br>\n<\/span><\/p>\n","protected":false},"excerpt":{"rendered":"<p>We are happy to present the latest programme\u00a0[pdf]\u00a0of Tartu Semiotics Summer School and 14th Annual Lotman Days (updated August 16) and the Book of Abstracts 2024 [pdf] (updated August 29). Conference venue: P\u00e4rimusmuusika Ait (Tasuja 6, Viljandi, Estonia) and K\u00e4\u00e4riku &#8230;<\/p>\n","protected":false},"author":280,"featured_media":0,"parent":0,"menu_order":0,"comment_status":"closed","ping_status":"closed","template":"","meta":{"_acf_changed":false,"inline_featured_image":false,"footnotes":""},"class_list":["post-16","page","type-page","status-publish","hentry"],"acf":[],"_links":{"self":[{"href":"https:\/\/sisu.ut.ee\/summer_school\/wp-json\/wp\/v2\/pages\/16","targetHints":{"allow":["GET"]}}],"collection":[{"href":"https:\/\/sisu.ut.ee\/summer_school\/wp-json\/wp\/v2\/pages"}],"about":[{"href":"https:\/\/sisu.ut.ee\/summer_school\/wp-json\/wp\/v2\/types\/page"}],"author":[{"embeddable":true,"href":"https:\/\/sisu.ut.ee\/summer_school\/wp-json\/wp\/v2\/users\/280"}],"replies":[{"embeddable":true,"href":"https:\/\/sisu.ut.ee\/summer_school\/wp-json\/wp\/v2\/comments?post=16"}],"version-history":[{"count":6,"href":"https:\/\/sisu.ut.ee\/summer_school\/wp-json\/wp\/v2\/pages\/16\/revisions"}],"predecessor-version":[{"id":315,"href":"https:\/\/sisu.ut.ee\/summer_school\/wp-json\/wp\/v2\/pages\/16\/revisions\/315"}],"wp:attachment":[{"href":"https:\/\/sisu.ut.ee\/summer_school\/wp-json\/wp\/v2\/media?parent=16"}],"curies":[{"name":"wp","href":"https:\/\/api.w.org\/{rel}","templated":true}]}}