{"id":80,"date":"2024-04-04T04:49:04","date_gmt":"2024-04-04T01:49:04","guid":{"rendered":"https:\/\/sisu.ut.ee\/suk\/projektid\/"},"modified":"2026-03-09T19:43:18","modified_gmt":"2026-03-09T17:43:18","slug":"projektid","status":"publish","type":"page","link":"https:\/\/sisu.ut.ee\/suk\/projektid\/","title":{"rendered":"Projektid"},"content":{"rendered":"<p><\/p>\n\n\n\n<h2 class=\"wp-block-heading\">Terved ja turvalised suhted kooliloengud<\/h2>\n\n\n\n<p>Tartu \u00dclikooli seksuaaltervise uuringute keskuse, Eesti \u00c4mmaemandate \u00dchingu ja President Kaljulaidi Fondi koost\u00f6\u00f6s luuakse kooliv\u00e4liste lektorite v\u00f5rgustik \u00e4mmaemandatest ja arstiteadus\u00fcli\u00f5pilastest, kes j\u00f5uavad eeloleva pooleteise aasta jooksul 100 kooli suhtev\u00e4givalda ennetavate loengutega. Algatust rahastab Swedbank Targa Tuleviku Fond. Algatusega anname olulise panuse \u00f5petajate ja \u00f5pilaste teadlikkuse kasvu ning loome v\u00f5imalused \u00fchtlaseks, kvaliteetseks ja eakohaseks suhtev\u00e4givalla ennetuseks I\u2013III kooliastmes.\u00a0<\/p>\n\n\n\n<p>Algatuse k\u00e4igus:<\/p>\n\n\n\n<ul class=\"wp-block-list\">\n<li>Loome I kooliastmele (1.-3.klass) \u00f5petaja juhendmaterjali tervete ja turvaliste suhete teema k\u00e4sitlemiseks  ja piloteerime juhendmaterjali \u00f5petajate testr\u00fchmas. <\/li>\n\n\n\n<li>Loome ja valmistame ette kooliv\u00e4lise lektorite v\u00f5rgustiku: 25 \u00e4mmaemandat ja 10 arstitudengit. \u00a0<\/li>\n\n\n\n<li>II (4.-6.klass) ja III kooliaste (7.-9.klass) kooliloengute kaudu t\u00f5hustame suhtev\u00e4givalla ennetust. J\u00f5uame loengutega 18 kuu jooksul v\u00e4hemalt 100 Eesti kooli. <\/li>\n\n\n\n<li>Korraldame \u00f5petajatele konverentsi suhtev\u00e4givalla ja ennetava koolihariduse teemal.\u00a0<\/li>\n<\/ul>\n\n\n\n<p>Soovitud positiivne muutus:\u00a0\u00a0ettev\u00f5tmise eesm\u00e4rgiks on saavutada oluliselt parem teadlikkus tervetest ja turvalistest suhetest ning abiv\u00f5imalustest I-III\u00a0 kooliastme \u00f5pilaste ja \u00f5petajate hulgas.<\/p>\n\n\n\n<p>Projektis osalevad Kai Part ja Merike Kull (T\u00dc seksuaaltervise uuringute keskus), Liis Raag (Eesti \u00c4mmaemandate \u00dching), Hannaliisa Uusma ja projektijuht Britta Hunt (President Kaljulaidi Fond) ja k\u00f5ik kooliv\u00e4lised lektorid.<\/p>\n\n\n<h2>Seksuaalv\u00e4givalla kriisiabikeskuste personali t\u00e4ienduskoolituse 2026 l\u00e4biviimine<\/h2>\n<p>Seksuaalv\u00e4givalla kriisiabi vahetult osutavate isikute t\u00e4ienduskoolituse sisustamine ja l\u00e4biviimine vastavalt \u00f5ppekavale. Koolitatavad on seksuaalv\u00e4givalla kriisiabikeskuste t\u00f6\u00f6tajad \u2013 arstid, \u00e4mmaemandad, \u00f5ed, sotsiaalt\u00f6\u00f6tajad ja siduserialaspetsialistid, kellel on t\u00f6\u00f6ga seoses puutumus seksuaalv\u00e4givalla kriisiabikeskuste klientidega (nt ps\u00fchholoog vm siduserialade spetsialistid) v\u00f5i seksuaalv\u00e4givalla ohvritega laiemalt. Koolitusgrupi suurus on kuni 25 inimest. Projekti algus ja l\u00f5pp: 16.12.2025\u00a0\u2013\u00a030.06.2026, rahastaja Sotsiaalkindlustusamet.\u00a0<\/p>\n<p><\/p>\n<h2 class=\"wp-block-heading\"><strong>Tasuta t\u00e4iskasvanute \u00f5piv\u00f5imalused riikliku koolitustellimuse alusel<\/strong><\/h2>\n<p><\/p>\n<p>Tartu \u00dclikooli seksuaaltervise uuringute keskus pakub 2024. aasta s\u00fcgisel j\u00e4rgmisi e-koolitusi:<\/p>\n<ol>\n<li>15.08\u201315.10\u00a0<a href=\"https:\/\/www.is.ut.ee\/pls\/ois\/tere.tulemast?viit=5408321\" target=\"_blank\" rel=\"noreferrer noopener\">Koolieelses eas laste keha-, tunde- ja turvalisuse\u00f5petus<\/a> (veebi\u00f5pe, 1. r\u00fchm), veebiseminar 12.09.2024 kell 9.00-16.30.<\/li>\n<li>01.09\u201320.10\u00a0<a href=\"https:\/\/www.is.ut.ee\/pls\/ois\/tere.tulemast?viit=5408325\" target=\"_blank\" rel=\"noreferrer noopener\">Terved ja turvalised noorte suhted\u00a0\u2013\u00a0kohtinguv\u00e4givalla ennetus<\/a> (veebi\u00f5pe), veebiseminar 03.10 kell 9.00-16.30.<\/li>\n<li>01.09\u201327.10\u00a0<a href=\"https:\/\/www.is.ut.ee\/pls\/ois\/tere.tulemast?viit=5408430\" target=\"_blank\" rel=\"noreferrer noopener\">Koolieelses eas laste keha-, tunde- ja turvalisuse\u00f5petus<\/a> (veebi\u00f5pe, 2. r\u00fchm), veebiseminar 10.10.2024 kell 9.00-16.30.<\/li>\n<\/ol>\n<p>Koolitused viiakse l\u00e4bi ESF programmi \u201eT\u00e4iskasvanuhariduse arendamine ja mitteformaalsete \u00f5ppimisv\u00f5imaluste pakkumine\u201c raames. Vaata t\u00e4psemalt\u00a0<a href=\"https:\/\/ut.ee\/et\/tasuta-rkt-koolitused\" data-type=\"link\" data-id=\"https:\/\/ut.ee\/et\/tasuta-rkt-koolitused\">siit<\/a>.<\/p>\n<h2>Perev\u00e4givald, seksuaalne v\u00e4givald ja k\u00fcberv\u00e4givald naistevastase v\u00e4givalla liikidena<\/h2>\n<p>Naiste varjupaikade t\u00f6\u00f6tajatele pakutakse kahep\u00e4evast koolitust perev\u00e4givalla, seksuaalv\u00e4givalla ja k\u00fcberv\u00e4givalla teemal.\u00a0Tegevuste aeg 16.01.2024 \u2013 31.03.2024, rahastaja Sotsiaalkindlustusamet. Projektis osalesid Kai Part, Kadri Soo, Merle Linno ja Maria Murumaa-Mengel.<\/p>\n<h2>Seksuaalv\u00e4givalla kriisiabikeskuste personali t\u00e4ienduskoolituse \u00f5ppekava ja koolituskorraldus<\/h2>\n<p>Seksuaalv\u00e4givalla kriisiabikeskuste personali\u00a0baaskoolituse sisu loomine ja \u00f5ppekava koostamine ning koolituste korraldamine. Sihtgrupiks on seksuaalv\u00e4givalla kriisiabikeskuste t\u00f6\u00f6tajad \u2013 arstid, \u00e4mmaemandad, \u00f5ed \u2013 ja siduserialaspetsialistid, kellel on t\u00f6\u00f6ga seoses puutumus seksuaalv\u00e4givalla kriisiabikeskuse klientidega (nt haigla ps\u00fchholoog ja vabade koolituskohtade olemasolul teised siduserialade spetsialistid) v\u00f5i seksuaalv\u00e4givalla ohvritega laiemalt.\u00a0Iga-aastane koolitusgrupi suurus on kuni 25 inimest.<\/p>\n<p>Tegevuste aeg 01.12.2023 \u2013 31.12.2026, rahastaja Sotsiaalkindlustusamet.\u00a0Projektis osalevad Kai Part,\u00a0Made Laanpere, Marit K\u00f5re koos paljude teiste lektoritega.<\/p>\n<h2>Eesti naiste tervise uuring 2024<\/h2>\n<p>2024. aastal on plaanis Eesti naiste tervise uuringu kolmanda ringi l\u00e4biviimine. Uuringu peamine eesm\u00e4rk on saada \u00fclevaade Eesti 16-59-aastaste naiste seksuaal- ja reproduktiivtervist ja seda m\u00f5jutavatest teguritest, kasutades v\u00f5rdlusandmestikuna varasemalt <a title=\"\" href=\"https:\/\/sisu.ut.ee\/naisteterviseuuring\" target=\"_blank\" rel=\"noopener\" data-url=\"https:\/\/sisu.ut.ee\/naisteterviseuuring\">2004. a ja 2014. aastal sama metoodikaga l\u00e4bi viidud uuringute tulemusi<\/a>. Andmete kogumine ja anal\u00fc\u00fcs aitab teha paremaid otsuseid Eesti viljakas eas naiste seksuaaltervise parandamiseks, sh senisest t\u00f5husamalt planeerida seksuaaltervisega seotud sekkumisi. 2023. aastal toimub uuringu ettevalmistamine.<\/p>\n<p>Tegevuste aeg 01.05.2023-31.12.2024, rahastaja Sotsiaalministeerium.\u00a0Projektis osalevad Made Laanpere, Kai Part, Helle Karro, Mall Eltermaa, Kristiina Paju, Miina Hein, Maris Alafrange, Inge Ringmets, Aigar Ottas.<\/p>\n<h2>Tervise\u00f5petus: keha, tunded ja turvalisus<\/h2>\n<p>Koolip\u00f5hise noorte kohtinguv\u00e4givalla programmi \u201eTerved ja turvalised suhted\u201craames viiakse l\u00e4bi kaks veebikoolitust \u00f5petajatele. Koostatakse \u00f5petaja juhendmaterjal t\u00f6\u00f6pealkirjaga \u201eTervise\u00f5petus: keha, tunded ja turvalisus\u201d I kooliastmele, mis toetab \u00f5petajat metoodiliste oskustega ja valmis tunnimaterjalidega mh. l\u00e4hisuhte- ja seksuaalv\u00e4givalla teemaliste tundide andmiseks.<\/p>\n<p>Tegevuste aeg 10.04.2023-31.12.2023, rahastaja Haridus- ja Teadusministeerium.\u00a0Projektis osalesid Kai Part, Merike Kull, Elsbeth Reitzema (Rutgers).<\/p>\n<h2>Kohtinguv\u00e4givalla digi\u00f5ppematerjalide loomine keskkoolile<\/h2>\n<p>Loodi digijuhendmaterjal tundide andmiseks \u00f5petajale ja \u00f5pilasele.\u00a0\u00a0Materjal <a title=\"\" href=\"https:\/\/www.opiq.ee\/Kit\/Details\/395\" target=\"_blank\" rel=\"noopener\" data-url=\"https:\/\/www.opiq.ee\/Kit\/Details\/395\">\u00f5petajale <\/a>ja <a title=\"\" href=\"https:\/\/www.opiq.ee\/Kit\/Details\/394\" target=\"_blank\" rel=\"noopener\" data-url=\"https:\/\/www.opiq.ee\/Kit\/Details\/394\">\u00f5pilasele <\/a>on tasuta k\u00e4ttesaadav.<\/p>\n<ol>\n<li><span lang=\"ET\">tund \u201eKohtinguv\u00e4givald \u2013 m\u00e4rkamine\u201c<\/span><\/li>\n<li><span lang=\"ET\">tund \u201eKohtinguv\u00e4givald \u2013 lahendused\u201c<\/span><\/li>\n<li><span lang=\"ET\">tund \u201eSeksuaalv\u00e4givald\u201c<\/span><\/li>\n<\/ol>\n<p>Tegevuste aeg 1.03.2022-31.12.2022, rahastaja Haridus- ja Teadusministeerium.\u00a0Projektis osalesid\u00a0Kai Part, Merike Kull ja Tiivi Pihla.<\/p>\n<h2>Kohtinguv\u00e4givalda ennetavad koolitused inimese\u00f5petuse \u00f5petajatele ja kooli tugispetsialistidele<\/h2>\n<ul>\n<li>Viidi l\u00e4bi koolitused\u00a0(sh vene keelde t\u00f5lkega) 2022.aastal<\/li>\n<li>Tegevuste aeg 1.03.2022-31.12.2022, rahastaja Haridus- ja Teadusministeerium. Projektis osalesid Kai Part, Merike Kull ja Tiivi Pihla.<\/li>\n<\/ul>\n<h2>Kohtinguv\u00e4givalla digi\u00f5ppematerjalide loomine<\/h2>\n<p>Loodi <a title=\"\" href=\"https:\/\/www.opiq.ee\/Kit\/Details\/395\" target=\"_blank\" rel=\"noopener\" data-url=\"https:\/\/www.opiq.ee\/Kit\/Details\/395\">digijuhendmaterjal tundide andmiseks \u00f5petajale<\/a>\u00a0ja digi\u00f5ppematerjal\u00a0<a title=\"\" href=\"https:\/\/www.opiq.ee\/Kit\/Details\/394\" target=\"_blank\" rel=\"noopener\" data-url=\"https:\/\/www.opiq.ee\/Kit\/Details\/394\">\u00f5pilaselele\u00a0<\/a>kasutamiseks p\u00f5hikoolis, kuid materjal sobib ka keskkoolile. Materjal on tasuta k\u00e4ttesaadav.<\/p>\n<ol>\n<li><span lang=\"ET\">tund \u201eSoostereot\u00fc\u00fcbid\u201c<\/span><\/li>\n<li><span lang=\"ET\">tund \u201eTerved ja ebaterved suhted\u201c<\/span><\/li>\n<li><span lang=\"ET\">tund \u201eKas see on kohtinguv\u00e4givald?\u201c<\/span><\/li>\n<li><span lang=\"ET\">tund \u201eLahendused\u201c<\/span><\/li>\n<li><span lang=\"ET\">tund \u201eSpiraal\u201c<\/span><\/li>\n<\/ol>\n<p>Tegevuste aeg 1.06.2021-31.12.2021, rahastaja Haridus- ja Teadusministeerium.\u00a0Projektis osalesid\u00a0Kai Part, Merike Kull, Tiivi Pihla.<\/p>\n<h2>Seksuaalv\u00e4givalla kriisiabikeskuste andmekogul p\u00f5hinevate andmete esitlemine avalikkusele digitaalsete infograafikutena<\/h2>\n<p>Projekti eesm\u00e4rk on olemasoleva seksuaalv\u00e4givalla kriisiabikeskuste andmebaasi p\u00f5hjal arendada v\u00e4lja avaliku andmeesitluse protot\u00fc\u00fcp ja l\u00f5pplahendusena regulaarselt t\u00e4iendatavad avalikult k\u00e4ttesaadavad andmed digitaalsete infograafikutena. Peamisteks sihtr\u00fchmadeks on avalikkus, sh potentsiaalsed seksuaalv\u00e4givalla ohvrid; kuid ka<br>avalik ja erasektor, sh seksuaalv\u00e4givalla ohvritega kokku puutuvad spetsialistid ja ametkonnad.<\/p>\n<p>Tegevuste aeg 1.03.2021-30.06.2022.\u00a0Projektis osalesid: Kai Part, Made Laanpere, Aigar Ottas, Triin Marandi.<\/p>\n<h2>Seksuaalv\u00e4givalla kriisiabi keskuste andmekogu<\/h2>\n<p>Uurimist\u00f6\u00f6 peamine eesm\u00e4rk on pikaajaline prospektiivne andmete kogumine andmekogusse ja anal\u00fc\u00fcsimine seksuaalv\u00e4givalla kriisiabi keskustesse (SAK) p\u00f6\u00f6rdunute poolt kogetud seksuaalv\u00e4givalla kohta ja patsientidele osutatud teenuste kohta standardiseeritud protokollide p\u00f5hjal Eestis. Projekt on loodud\u00a0<span lang=\"ET\">T\u00dc meditsiinivaldkonna kliiniliste uuringute keskuses ja saanud eetikakomitee loa 294\/T-8 (17.06. 2019) isikustatud andmete kogumiseks k\u00fcmne aasta jooksul (2020-2029). Andmekogu loodi REDCAp andmete kogumise platvormile.\u00a0<\/span><\/p>\n<p><span lang=\"ET\">Projektis osalevad: Made Laanpere, Kai Part, Aigar Ottas ning SAKde koordinaatorid haiglates: Marina Sidorova, Marit K\u00f5re, Ingrid Tideman, Kadri-Liina Vahula, Jekaterina Kr\u00f5mskaja<\/span><\/p>\n<h2>Kohtinguv\u00e4givalda ennetavad koolitused inimese\u00f5petuse \u00f5petajatele ja kooli tugispetsialistidele<\/h2>\n<ul>\n<li>Tegevuste eesm\u00e4rk on pakkuda koolitusi \u00f5petajatele\u00a0kohtinguv\u00e4givalla, eelikoolieas keha-, tunde- ja turvalisuse\u00f5petuse ja kooli seksuaalkasvatuse teemal.<\/li>\n<li>Tegevusi rahastatakse sotsiaalministeeriumi ning haridus- ja teadusministeeriumi vahenditest, partneriteks on Tervise Arengu Instituut ja Inimese\u00f5petuse \u00dching.<\/li>\n<li>2020. ja 2021. aastal rahastas koolitusi\u00a0Haridus- ja Teadusministeerium. 2022. aastal koolitused j\u00e4tkuvad.<\/li>\n<\/ul>\n<h2>Keha-, tunde- ja turvalisuse\u00f5petus eelkoolieas<\/h2>\n<ul>\n<li>Tegevuste eesm\u00e4rk oli\u00a0kohandada Hollandi (Rutgers) seksuaalhariduslik juhendmaterjal kasutamiseks lasteaia\u00f5petajatele\u00a0 Eestis; t\u00f6\u00f6tada v\u00e4lja lapsevanematele ja avalikkusele suunatud infomaterjalid; t\u00f6\u00f6tada v\u00e4lja ja l\u00e4bi viia temaatilised koolitused lasteaia\u00f5petajatele.<\/li>\n<li>Tegevused 2018-2019.<\/li>\n<li>Tegevusi rahastati\u00a0Tervise Arengu Instituudi vahenditest.<\/li>\n<\/ul>\n<h2>Sensoa lipus\u00fcsteem<\/h2>\n<ul>\n<li>Tegevuste eesm\u00e4rk oli\u00a0kohandada Hollandi (Rutgers) ja Belgia (Sensoa) professionaalidele suunatud juhendmaterjal eesti keelde, t\u00f5stmaks\u00a0laste ja noortega t\u00f6\u00f6tavate spetsialistide v\u00f5imekust m\u00e4rgata loomulikku, sobimatut ja lubamatut seksuaalk\u00e4itumist ja\u00a0nendele juhtumitele professionaalselt reageerida. Juhendmaterjali baasil korraldatakse eri sihtr\u00fchmadele koolitusi. Tegevuste planeerimisel ja elluviimisel osalevad Kai Part (Tartu \u00dclikool), Keete Janter (sotsiaalkindlustusamet ohvriabi), Tiia Pertel ja Liana Rumvolt (Tervise Arengu Instituut), Brit Tammiste (justiitsministeerium).<\/li>\n<li>Teostajad: Sotsiaalkindlustusameti ohvriabi osakond, Tervise Arengu Instituut, justiitsministeerium\u00a0ja T\u00dc seksuaaltervise uuringute keskus.<\/li>\n<li>Tegevuste algus: 2018<\/li>\n<\/ul>\n<h2>Seksuaalv\u00e4givalla kriisiabikeskuste arendamine<\/h2>\n<ul>\n<li>Tegevuste eesm\u00e4rk on neljas Eesti piirkonnas seksuaalv\u00e4givalla kriisiabikeskuste t\u00f6\u00f6 arendamine, teenust iseloomustavate kvaliteedin\u00e4itajate v\u00e4ljat\u00f6\u00f6tamine ja anal\u00fc\u00fcs. Tartu \u00dclikooli ekspertidena osalevad tegevustes Made Laanpere ja Kai Part, t\u00f6\u00f6suuna juhuks on Keete Janter (sotsiaalkindlustusameti ohvriabi).<\/li>\n<li>Teostajad: Sotsiaalkindlustusameti ohvriabi osakond ja T\u00dc seksuaaltervise uuringute keskus.<\/li>\n<li>Tegevuste algus: 2017<\/li>\n<\/ul>\n<h2>Noorte kohtinguv\u00e4givalla teemaline juhendmaterjal ja koolitused \u00f5petajatele ja kooli tugipersonalile<\/h2>\n<ul>\n<li>Tegevuste eesm\u00e4rk oli Siseministeeriumi algatusel ja Tartu \u00dclikooli rakenduusuuringute keskuse soovitusel kohandada Suurbritannia noorte kohtinguv\u00e4givalla ennetuse tunnimaterjal Expect Respect\u00a0<a href=\"https:\/\/www.womensaid.org.uk\/what-we-do\/safer-futures\/expect-respect-educational-toolkit\/\">https:\/\/www.womensaid.org.uk\/w<\/a><a href=\"https:\/\/www.tstk.ee\/node\/77\">https:\/\/www.tstk.ee\/node\/77<\/a><a href=\"https:\/\/www.womensaid.org.uk\/what-we-do\/safer-futures\/expect-respect-educational-toolkit\/\">hat-we-do\/safer-futures\/expect-respect-educational-toolkit\/<\/a>\u00a0eesti ja vene keelde ja selle baasil korraldada koolitusi \u00f5petajatele ja kooli tugipersonalile eesm\u00e4rgiga ennetada l\u00e4hisuhtev\u00e4givalda Eesti elanikkonnas noortele suunatud \u00f5ppekavap\u00f5histe teemak\u00e4sitluste kaudu.<\/li>\n<li>Juhendmaterjalid on leitavad siit:<\/li>\n<li>\u201cTerved ja turvalised suhted\u201d \u00f5ppematerjal eesti keeles (kordustr\u00fckk 2019)\u00a0<a href=\"https:\/\/www.tstk.ee\/node\/76\">https:\/\/www.tstk.ee\/node\/76<\/a><\/li>\n<li>\u201cTerved ja turvalised suhted\u201d \u00f5petaja juhendmaterjal\u00a0eesti keeles (kordustr\u00fckk 2019)\u00a0<a href=\"https:\/\/www.tstk.ee\/node\/77\">https:\/\/www.tstk.ee\/node\/77<\/a><\/li>\n<li>Tegevuste algus: 2016.<\/li>\n<li>Rahastajad: siseministeerium, haridusministeerium, sotsiaalministeerium.<\/li>\n<\/ul>\n\n\n<p><\/p>\n\n\n\n<p><\/p>\n\n\n\n<pre class=\"wp-block-preformatted\"><\/pre>\n\n\n\n<h2 class=\"wp-block-heading\"><\/h2>\n\n\n\n<p><\/p>\n","protected":false},"excerpt":{"rendered":"<p>Terved ja turvalised suhted kooliloengud Tartu \u00dclikooli seksuaaltervise uuringute keskuse, Eesti \u00c4mmaemandate \u00dchingu ja President Kaljulaidi Fondi koost\u00f6\u00f6s luuakse kooliv\u00e4liste lektorite v\u00f5rgustik \u00e4mmaemandatest ja arstiteadus\u00fcli\u00f5pilastest, kes j\u00f5uavad eeloleva pooleteise aasta jooksul 100 kooli suhtev\u00e4givalda ennetavate loengutega. Algatust rahastab Swedbank Targa &#8230;<\/p>\n","protected":false},"author":4,"featured_media":0,"parent":0,"menu_order":0,"comment_status":"closed","ping_status":"closed","template":"","meta":{"_acf_changed":false,"inline_featured_image":false,"footnotes":""},"class_list":["post-80","page","type-page","status-publish","hentry"],"acf":[],"_links":{"self":[{"href":"https:\/\/sisu.ut.ee\/suk\/wp-json\/wp\/v2\/pages\/80","targetHints":{"allow":["GET"]}}],"collection":[{"href":"https:\/\/sisu.ut.ee\/suk\/wp-json\/wp\/v2\/pages"}],"about":[{"href":"https:\/\/sisu.ut.ee\/suk\/wp-json\/wp\/v2\/types\/page"}],"author":[{"embeddable":true,"href":"https:\/\/sisu.ut.ee\/suk\/wp-json\/wp\/v2\/users\/4"}],"replies":[{"embeddable":true,"href":"https:\/\/sisu.ut.ee\/suk\/wp-json\/wp\/v2\/comments?post=80"}],"version-history":[{"count":21,"href":"https:\/\/sisu.ut.ee\/suk\/wp-json\/wp\/v2\/pages\/80\/revisions"}],"predecessor-version":[{"id":556,"href":"https:\/\/sisu.ut.ee\/suk\/wp-json\/wp\/v2\/pages\/80\/revisions\/556"}],"wp:attachment":[{"href":"https:\/\/sisu.ut.ee\/suk\/wp-json\/wp\/v2\/media?parent=80"}],"curies":[{"name":"wp","href":"https:\/\/api.w.org\/{rel}","templated":true}]}}