{"id":79,"date":"2024-04-04T04:49:04","date_gmt":"2024-04-04T01:49:04","guid":{"rendered":"https:\/\/sisu.ut.ee\/suk\/keskusest\/"},"modified":"2024-06-05T12:33:09","modified_gmt":"2024-06-05T09:33:09","slug":"keskusest","status":"publish","type":"page","link":"https:\/\/sisu.ut.ee\/suk\/keskusest\/","title":{"rendered":"Keskusest"},"content":{"rendered":"<p><strong>Tartu \u00dclikooli seksuaaltervise uuringute keskuse eesm\u00e4rk<\/strong>\u00a0on oma tegevuste kaudu aidata kaasa positiivsetele muutustele Eesti elanikkonna seksuaal- ja reproduktiivtervises. Soovime olla professionaalseks koost\u00f6\u00f6partneriks erinevatele huvigruppidele, sh riigiasutustele, ettev\u00f5tetele ja teistele organisatsioonidele, pakkudes n\u00f5ustamist ja teavet t\u00f5endusp\u00f5histe sekkumiste v\u00e4ljat\u00f6\u00f6tamiseks.<\/p>\n<p>Keskuse tegevussuunad on teadusuuringud, valdkonna indikaatorite v\u00e4ljat\u00f6\u00f6tamine ja anal\u00fc\u00fcs, koolitused, arendustegevus ja avalikkusele suunatud teavitust\u00f6\u00f6. Hetkel keskendume peamiselt Eesti elanike seksuaaltervise m\u00f5jurite uurimisele, seksuaalhariduse edendamisele ja seksuaalv\u00e4givallaga seotud teenuste arendamisele ja anal\u00fc\u00fcsile.<\/p>\n<p>Seksuaaltervise uuringute keskus asub T\u00dc <a href=\"https:\/\/meditsiiniteadused.ut.ee\/et\/kliinilise-meditsiini-instituut\">naistekliinikus\u00a0<\/a> ja on osa Tartu \u00dclikooli meditsiinivaldkonna <a href=\"https:\/\/meditsiiniteadused.ut.ee\/et\/kliinilise-meditsiini-instituut\">Kliinilise Meditsiini Instituudist,<\/a>\u00a0mis toetab keskust erinevate tugiteenustega.<\/p>\n<p><strong>Seksuaaltervise uuringute keskuse missioon<\/strong>\u00a0on t\u00f5endusp\u00f5histe sekkumiste v\u00e4ljat\u00f6\u00f6tamise ja rakendamise kaudu Eesti elanike seksuaal- ja reproduktiivtervise parandamine.<\/p>\n\n\n<h2 class=\"wp-block-heading\">Dokumendid<\/h2>\n\n\n\n<div class=\"wp-block-file\"><a id=\"wp-block-file--media-f529526e-0641-4c74-a1a6-c0f221de383f\" href=\"https:\/\/sisu.ut.ee\/wp-content\/uploads\/sites\/336\/Seksuaaltervise_uuringute_keskuse_lastekaitse_pohimotted-7.pdf\">Seksuaaltervise_uuringute_keskuse_lastekaitse_pohimotted-7<\/a><a href=\"https:\/\/sisu.ut.ee\/wp-content\/uploads\/sites\/336\/Seksuaaltervise_uuringute_keskuse_lastekaitse_pohimotted-7.pdf\" class=\"wp-block-file__button wp-element-button\" download aria-describedby=\"wp-block-file--media-f529526e-0641-4c74-a1a6-c0f221de383f\">Laadi alla<\/a><\/div>\n","protected":false},"excerpt":{"rendered":"<p>Tartu \u00dclikooli seksuaaltervise uuringute keskuse eesm\u00e4rk\u00a0on oma tegevuste kaudu aidata kaasa positiivsetele muutustele Eesti elanikkonna seksuaal- ja reproduktiivtervises. Soovime olla professionaalseks koost\u00f6\u00f6partneriks erinevatele huvigruppidele, sh riigiasutustele, ettev\u00f5tetele ja teistele organisatsioonidele, pakkudes n\u00f5ustamist ja teavet t\u00f5endusp\u00f5histe sekkumiste v\u00e4ljat\u00f6\u00f6tamiseks. Keskuse tegevussuunad on &#8230;<\/p>\n","protected":false},"author":4,"featured_media":0,"parent":0,"menu_order":0,"comment_status":"closed","ping_status":"closed","template":"","meta":{"_acf_changed":false,"inline_featured_image":false,"footnotes":""},"class_list":["post-79","page","type-page","status-publish","hentry"],"acf":[],"_links":{"self":[{"href":"https:\/\/sisu.ut.ee\/suk\/wp-json\/wp\/v2\/pages\/79","targetHints":{"allow":["GET"]}}],"collection":[{"href":"https:\/\/sisu.ut.ee\/suk\/wp-json\/wp\/v2\/pages"}],"about":[{"href":"https:\/\/sisu.ut.ee\/suk\/wp-json\/wp\/v2\/types\/page"}],"author":[{"embeddable":true,"href":"https:\/\/sisu.ut.ee\/suk\/wp-json\/wp\/v2\/users\/4"}],"replies":[{"embeddable":true,"href":"https:\/\/sisu.ut.ee\/suk\/wp-json\/wp\/v2\/comments?post=79"}],"version-history":[{"count":23,"href":"https:\/\/sisu.ut.ee\/suk\/wp-json\/wp\/v2\/pages\/79\/revisions"}],"predecessor-version":[{"id":329,"href":"https:\/\/sisu.ut.ee\/suk\/wp-json\/wp\/v2\/pages\/79\/revisions\/329"}],"wp:attachment":[{"href":"https:\/\/sisu.ut.ee\/suk\/wp-json\/wp\/v2\/media?parent=79"}],"curies":[{"name":"wp","href":"https:\/\/api.w.org\/{rel}","templated":true}]}}