{"id":75,"date":"2024-04-04T04:49:04","date_gmt":"2024-04-04T01:49:04","guid":{"rendered":"https:\/\/sisu.ut.ee\/suk\/seksuaaltervis\/"},"modified":"2024-07-04T15:09:52","modified_gmt":"2024-07-04T12:09:52","slug":"seksuaaltervis","status":"publish","type":"page","link":"https:\/\/sisu.ut.ee\/suk\/seksuaaltervis\/","title":{"rendered":"Seksuaaltervis"},"content":{"rendered":"<p><span lang=\"ET\">Seksuaaltervis on \u00fcldise tervise oluline osa, mis \u00fchelt poolt m\u00f5jutab reproduktiivs\u00fcsteemi, selle talit\u00adlust ja toimimist ning inimeste v\u00f5imelisust saada lapsi ja vabadust otsustada laste saamise \u00fcle. Teisalt t\u00e4hendab see meeste ja naiste v\u00f5imalust nautida ja v\u00e4ljendada oma seksuaalsust ilma sunni, v\u00e4givalla, \u00e4rakasutamise ja diskrimineerimiseta.\u00a0<\/span><span lang=\"ET\"><span style=\"line-height: 115%;\">Seksuaaltervise seisukohast on oluline seksuaal\u00f5iguste teadvustamine\u00a0ja tunnustamine:\u00a0<\/span><\/span><a href=\"https:\/\/www.tandfonline.com\/doi\/pdf\/10.1016\/j.rhm.2015.11.007?needAccess=true\">https:\/\/www.tandfonline.com\/doi\/pdf\/10.1016\/j.rhm.2015.11.007?needAccess=true<\/a><span lang=\"ET\"><span style=\"line-height: 115%;\">.\u00a0<\/span><\/span><span style=\"line-height: normal;\"><span lang=\"ET\">Kuna seksuaalsus on inimesele olemuslikult omane ja seksuaaltervis on \u00fcldise heaolu osa, siis puudutavad ka seksuaal\u00f5igused k\u00f5iki inimesi, sealhulgas noori.<\/span><\/span><span style=\"line-height: 150%;\"><span lang=\"ET\"><span style=\"line-height: 150%;\">\u00a0<\/span><\/span><\/span><\/p>\n<p><span style=\"line-height: 150%;\"><span lang=\"ET\"><span style=\"line-height: 150%;\">Seksuaaltervis on igale inimesele oluline l\u00e4bi kogu tema elukaare, kuid m\u00f5jutab pikaajaliselt kogu \u00fchiskonna sotsiaalmajanduslikku toimetulekut. M<\/span><\/span><span lang=\"EN-GB\"><span style=\"line-height: 150%;\">aailmas<\/span><\/span> <span lang=\"EN-GB\"><span style=\"line-height: 150%;\">moodustavad<\/span><\/span> <span lang=\"ET\"><span style=\"line-height: 150%;\">s<\/span><\/span><span lang=\"EN-GB\"><span style=\"line-height: 150%;\">eksuaaltervisega seotud probleemid kolmandiku viljakas eas naiste enneaegse haigestumuse ja suremuse p\u00f5hjustest. Eestis, kus raseduse ja s\u00fcnnitusega seotud madal haigestumus on maailma parimate riikide tasemel, rasestumisvastased meetodid, kooli seksuaalharidus ja seksuaaltervise teenused on h\u00e4sti k\u00e4ttesaadavad, tulenevad naiste seksuaaltervisega seotud probleemid peamiselt sotsiaalsest ja soolisest ebav\u00f5rdsusest.<\/span><\/span><\/span><\/p>\n\n\n<h2 class=\"wp-block-heading\">Eesti Naiste Tervise Uuring<\/h2>\n\n\n\n<p>Naiste seksuaaltervise uuringud on l\u00e4bi viidud 2004., 2014., 2024. aastal.<\/p>\n\n\n\n<p>Vaata l\u00e4hemalt <a href=\"https:\/\/sisu.ut.ee\/naisteterviseuuring\/\">siit<\/a>.<\/p>\n\n\n\n<h2 class=\"wp-block-heading\">Kasulikud v\u00e4ljaanded<\/h2>\n\n\n\n<ul class=\"wp-block-list\">\n<li><a href=\"https:\/\/www.who.int\/health-topics\/sexual-health#tab=tab_1\">https:\/\/www.who.int\/health-topics\/sexual-health#tab=tab_1<\/a><\/li>\n\n\n\n<li><a href=\"https:\/\/www.guttmacher.org\/\">https:\/\/www.guttmacher.org\/<\/a><\/li>\n\n\n\n<li><a href=\"https:\/\/www.who.int\/reproductivehealth\/publications\/sexual_health\/sexual-health-human-rights-law\/en\/\">https:\/\/www.who.int\/reproductivehealth\/publications\/sexual_health\/sexual-health-human-rights-law\/en\/<\/a><\/li>\n<\/ul>\n","protected":false},"excerpt":{"rendered":"<p>Seksuaaltervis on \u00fcldise tervise oluline osa, mis \u00fchelt poolt m\u00f5jutab reproduktiivs\u00fcsteemi, selle talit\u00adlust ja toimimist ning inimeste v\u00f5imelisust saada lapsi ja vabadust otsustada laste saamise \u00fcle. Teisalt t\u00e4hendab see meeste ja naiste v\u00f5imalust nautida ja v\u00e4ljendada oma seksuaalsust ilma sunni, &#8230;<\/p>\n","protected":false},"author":4,"featured_media":0,"parent":0,"menu_order":0,"comment_status":"closed","ping_status":"closed","template":"","meta":{"_acf_changed":false,"inline_featured_image":false,"footnotes":""},"class_list":["post-75","page","type-page","status-publish","hentry"],"acf":[],"_links":{"self":[{"href":"https:\/\/sisu.ut.ee\/suk\/wp-json\/wp\/v2\/pages\/75","targetHints":{"allow":["GET"]}}],"collection":[{"href":"https:\/\/sisu.ut.ee\/suk\/wp-json\/wp\/v2\/pages"}],"about":[{"href":"https:\/\/sisu.ut.ee\/suk\/wp-json\/wp\/v2\/types\/page"}],"author":[{"embeddable":true,"href":"https:\/\/sisu.ut.ee\/suk\/wp-json\/wp\/v2\/users\/4"}],"replies":[{"embeddable":true,"href":"https:\/\/sisu.ut.ee\/suk\/wp-json\/wp\/v2\/comments?post=75"}],"version-history":[{"count":9,"href":"https:\/\/sisu.ut.ee\/suk\/wp-json\/wp\/v2\/pages\/75\/revisions"}],"predecessor-version":[{"id":406,"href":"https:\/\/sisu.ut.ee\/suk\/wp-json\/wp\/v2\/pages\/75\/revisions\/406"}],"wp:attachment":[{"href":"https:\/\/sisu.ut.ee\/suk\/wp-json\/wp\/v2\/media?parent=75"}],"curies":[{"name":"wp","href":"https:\/\/api.w.org\/{rel}","templated":true}]}}