{"id":74,"date":"2024-04-04T04:49:04","date_gmt":"2024-04-04T01:49:04","guid":{"rendered":"https:\/\/sisu.ut.ee\/suk\/avaleht\/"},"modified":"2025-01-05T19:38:48","modified_gmt":"2025-01-05T17:38:48","slug":"avaleht","status":"publish","type":"page","link":"https:\/\/sisu.ut.ee\/suk\/","title":{"rendered":"Avaleht"},"content":{"rendered":"<p>Sellel lehel on teave Tartu \u00dclikooli naistekliiniku <a href=\"https:\/\/sisu.ut.ee\/suk\/keskusest\/\">seksuaaltervise uuringute keskuse<\/a> tegevuste kohta.<\/p>\n<p>Keskuse eesm\u00e4rk on oma tegevuste kaudu aidata kaasa positiivsetele muutustele Eesti elanikkonna seksuaal- ja reproduktiivtervises viies l\u00e4bi teadusuuringuid, v\u00e4lja t\u00f6\u00f6tades ja anal\u00fc\u00fcside\u00a0 valdkonna indikaatoreid, viies l\u00e4bi koolitusi ja arendustegevusi ja avalikkusele suunatud teavitust\u00f6\u00f6d. Soovime olla professionaalseks koost\u00f6\u00f6partneriks erinevatele huvigruppidele, sh riigiasutustele, ettev\u00f5tetele ja teistele organisatsioonidele, pakkudes n\u00f5ustamist ja teavet t\u00f5endusp\u00f5histe sekkumiste v\u00e4ljat\u00f6\u00f6tamiseks.<\/p>\n<p>Hetkel keskendume peamiselt Eesti elanike seksuaaltervise m\u00f5jurite uurimisele, seksuaalhariduse edendamisele ja seksuaalv\u00e4givallaga seotud teenuste arendamisele ja anal\u00fc\u00fcsile.<\/p>\n","protected":false},"excerpt":{"rendered":"<p>Sellel lehel on teave Tartu \u00dclikooli naistekliiniku seksuaaltervise uuringute keskuse tegevuste kohta. Keskuse eesm\u00e4rk on oma tegevuste kaudu aidata kaasa positiivsetele muutustele Eesti elanikkonna seksuaal- ja reproduktiivtervises viies l\u00e4bi teadusuuringuid, v\u00e4lja t\u00f6\u00f6tades ja anal\u00fc\u00fcside\u00a0 valdkonna indikaatoreid, viies l\u00e4bi koolitusi ja &#8230;<\/p>\n","protected":false},"author":4,"featured_media":0,"parent":0,"menu_order":0,"comment_status":"closed","ping_status":"closed","template":"","meta":{"_acf_changed":false,"inline_featured_image":false,"footnotes":""},"class_list":["post-74","page","type-page","status-publish","hentry"],"acf":[],"_links":{"self":[{"href":"https:\/\/sisu.ut.ee\/suk\/wp-json\/wp\/v2\/pages\/74","targetHints":{"allow":["GET"]}}],"collection":[{"href":"https:\/\/sisu.ut.ee\/suk\/wp-json\/wp\/v2\/pages"}],"about":[{"href":"https:\/\/sisu.ut.ee\/suk\/wp-json\/wp\/v2\/types\/page"}],"author":[{"embeddable":true,"href":"https:\/\/sisu.ut.ee\/suk\/wp-json\/wp\/v2\/users\/4"}],"replies":[{"embeddable":true,"href":"https:\/\/sisu.ut.ee\/suk\/wp-json\/wp\/v2\/comments?post=74"}],"version-history":[{"count":3,"href":"https:\/\/sisu.ut.ee\/suk\/wp-json\/wp\/v2\/pages\/74\/revisions"}],"predecessor-version":[{"id":280,"href":"https:\/\/sisu.ut.ee\/suk\/wp-json\/wp\/v2\/pages\/74\/revisions\/280"}],"wp:attachment":[{"href":"https:\/\/sisu.ut.ee\/suk\/wp-json\/wp\/v2\/media?parent=74"}],"curies":[{"name":"wp","href":"https:\/\/api.w.org\/{rel}","templated":true}]}}