{"id":42,"date":"2024-04-04T03:44:00","date_gmt":"2024-04-04T00:44:00","guid":{"rendered":"https:\/\/sisu.ut.ee\/stratotuup\/otsi-kaardilt\/"},"modified":"2024-05-07T16:22:40","modified_gmt":"2024-05-07T13:22:40","slug":"otsi-kaardilt","status":"publish","type":"page","link":"https:\/\/sisu.ut.ee\/stratotuup\/otsi-kaardilt\/","title":{"rendered":"Otsi kaardilt"},"content":{"rendered":"<p><strong>Alloleval kaardil on toodud k\u00f5ik Eestis paiknevad stratot\u00fc\u00fcpsed paljandid. <\/strong><\/p>\n<p>Objektile vajutades avaneb infoaken teabega seal paikneva stratot\u00fc\u00fcpse paljandi kohta. Juuresolevale lingile\u00a0 vajutades avaneb uus leht paljandi t\u00e4psema kirjeldusega.<\/p>\n<p>Teise paljandi info vaatamiseks kl\u00f5psake uuele objektile. Infoakent saab sulgeda \u00fclevalt vasakule viitava noolega.<\/p>\n<div class=\"video-placeholder-wrapper video-placeholder-wrapper--fixed\" style=\"height: 600px;\">\n\t\t\t    <div class=\"video-placeholder d-flex justify-content-center align-items-center\">\n\t\t\t        <div class=\"overlay text-white p-2 w-100 text-center d-block justify-content-center align-items-center\">\n\t\t\t            <div>Kolmandate osapoolte sisu n\u00e4gemiseks palun n\u00f5ustu k\u00fcpsistega.<\/div>\n\t\t\t            <button class=\"btn btn-secondary btn-sm mt-1 consent-change\">Muuda n\u00f5usolekut<\/button>\n\t\t\t        <\/div>\n\t\t\t    <\/div>\n\t\t\t<\/div>\n\n<p>Kui soovite kaardil n\u00e4ha ainult kindla v\u00f5i kindlate ladestute stratot\u00fc\u00fcpseid paljandeid, tuleb vajutada kaardi \u00fcleval vasakul servas asuvale ikoonile\u00a0<img loading=\"lazy\" decoding=\"async\" width=\"72\" height=\"60\" class=\"alignnone wp-image-261\" title=\"capture.png\" src=\"https:\/\/sisu.ut.ee\/wp-content\/uploads\/sites\/253\/capture.png\" alt=\"Lisa vidinate kaardi ikoon\">\u00a0ning v\u00f5tta linnukesed eest ladestute nimetustelt, mille stratot\u00fc\u00fcpseid paljandeid kaardil n\u00e4ha ei soovi.<\/p>\n","protected":false},"excerpt":{"rendered":"<p>Alloleval kaardil on toodud k\u00f5ik Eestis paiknevad stratot\u00fc\u00fcpsed paljandid. Objektile vajutades avaneb infoaken teabega seal paikneva stratot\u00fc\u00fcpse paljandi kohta. Juuresolevale lingile\u00a0 vajutades avaneb uus leht paljandi t\u00e4psema kirjeldusega. Teise paljandi info vaatamiseks kl\u00f5psake uuele objektile. Infoakent saab sulgeda \u00fclevalt vasakule &#8230;<\/p>\n","protected":false},"author":129,"featured_media":0,"parent":0,"menu_order":0,"comment_status":"closed","ping_status":"closed","template":"","meta":{"_acf_changed":false,"inline_featured_image":false,"footnotes":""},"class_list":["post-42","page","type-page","status-publish","hentry"],"acf":[],"_links":{"self":[{"href":"https:\/\/sisu.ut.ee\/stratotuup\/wp-json\/wp\/v2\/pages\/42","targetHints":{"allow":["GET"]}}],"collection":[{"href":"https:\/\/sisu.ut.ee\/stratotuup\/wp-json\/wp\/v2\/pages"}],"about":[{"href":"https:\/\/sisu.ut.ee\/stratotuup\/wp-json\/wp\/v2\/types\/page"}],"author":[{"embeddable":true,"href":"https:\/\/sisu.ut.ee\/stratotuup\/wp-json\/wp\/v2\/users\/129"}],"replies":[{"embeddable":true,"href":"https:\/\/sisu.ut.ee\/stratotuup\/wp-json\/wp\/v2\/comments?post=42"}],"version-history":[{"count":3,"href":"https:\/\/sisu.ut.ee\/stratotuup\/wp-json\/wp\/v2\/pages\/42\/revisions"}],"predecessor-version":[{"id":1122,"href":"https:\/\/sisu.ut.ee\/stratotuup\/wp-json\/wp\/v2\/pages\/42\/revisions\/1122"}],"wp:attachment":[{"href":"https:\/\/sisu.ut.ee\/stratotuup\/wp-json\/wp\/v2\/media?parent=42"}],"curies":[{"name":"wp","href":"https:\/\/api.w.org\/{rel}","templated":true}]}}