{"id":154,"date":"2024-04-04T03:44:09","date_gmt":"2024-04-04T00:44:09","guid":{"rendered":"https:\/\/sisu.ut.ee\/stratotuup\/avaleht\/"},"modified":"2024-05-30T14:10:58","modified_gmt":"2024-05-30T11:10:58","slug":"avaleht","status":"publish","type":"page","link":"https:\/\/sisu.ut.ee\/stratotuup\/","title":{"rendered":"Pealeht"},"content":{"rendered":"<div class=\"valem-ava\" style=\"width: 100%; border: 1px solid #ddd;\">\n<div class=\"valem-ava-slaider\" style=\"margin: auto;\"><div class=\"video-placeholder-wrapper video-placeholder-wrapper--fixed\" style=\"height: 700px;\">\n\t\t\t    <div class=\"video-placeholder d-flex justify-content-center align-items-center\">\n\t\t\t        <div class=\"overlay text-white p-2 w-100 text-center d-block justify-content-center align-items-center\">\n\t\t\t            <div>Kolmandate osapoolte sisu n\u00e4gemiseks palun n\u00f5ustu k\u00fcpsistega.<\/div>\n\t\t\t            <button class=\"btn btn-secondary btn-sm mt-1 consent-change\">Muuda n\u00f5usolekut<\/button>\n\t\t\t        <\/div>\n\t\t\t    <\/div>\n\t\t\t<\/div>\n<\/div>\n<div class=\"valem-ava-main\" style=\"border: 1px solid #dddddd; padding: 10px 6px; text-align: justify;\">\n<p><strong>Stratotu\u0308u\u0308psed paljandid<\/strong> on geoloogilised uurimisobjektid, mis tagavad maapo\u0303ue ehituse tundmise j\u00e4rjepidevuse, geoloogia-alase hariduse andmise ja erialateaduse edendamise.<\/p>\n<p>Lisaks on need paljandid samal ajal ka olulised loodusturismi objektid, kus peale looduskauni koha imetlemise avaneb v\u00f5imalus Eestimaa geoloogilist ehitust tundma \u00f5ppida ja avastada elu, mis eksiteeris ammu enne inimesi.<\/p>\n<\/div>\n<\/div>\n<div class=\"valem-ava-teine\" style=\"width: 100%; border: 1px solid #ddd; padding: 10px 6px;\">\n<p class=\"valem-ava-body\" style=\"text-align: justify;\">Meie p\u00f5hilised teadmised geoloogiliste kehade (maap\u00f5ues leiduvate sette- ja kivimkehade) kohta p\u00e4rinevad paljanditest ja puuraukudest. Paljandite puhul on tegemist maakoore pindmistee osa moodustavate setete ja kivimkihtide paljandumisega maapinnal.\u00a0S\u00fcgavamal paiknevate kivimikihtide kohta, mis maapinnal ei paljandu, saab teavet puurs\u00fcdamikest, kuid nende puuduseks on s\u00fcdamiku k\u00f5rge hind ja puurs\u00fcdamikust saadava informatsiooni nappus, mis tuleneb puurs\u00fcdamiku suhteliselt v\u00e4iksest l\u00e4bim\u00f5\u00f5dust ja sellest tingitult v\u00e4ikesest k\u00e4ttesaadava materjali kogusest. Seet\u00f5ttu on just paljandid geoloogide t\u00f6\u00f6s hindamatu v\u00e4\u00e4rtusega. Paljandites avanevate erinevate kihtide liigestamisel rakendatava nomenklatuuri aluseks on kivimilised ehk litostratigraafilised \u00fcksused, mis on kirjeldatud ja nimetatud t\u00fc\u00fcpl\u00e4bil\u00f5igete (stratot\u00fc\u00fcpide) j\u00e4rgi.<\/p>\n<p style=\"text-align: justify;\"><strong>Eestis leiduvate stratot\u00fc\u00fcpsete paljandite avastamiseks on neli v\u00f5imalust:<\/strong><\/p>\n<\/div>\n\n\n<div class=\"wp-block-columns is-layout-flex wp-container-core-columns-is-layout-9d6595d7 wp-block-columns-is-layout-flex\">\n<div class=\"wp-block-column is-layout-flow wp-block-column-is-layout-flow\">\n<figure class=\"wp-block-image size-full\"><img loading=\"lazy\" decoding=\"async\" width=\"640\" height=\"400\" src=\"https:\/\/sisu.ut.ee\/wp-content\/uploads\/sites\/253\/inter-kaart.jpg\" alt=\"\" class=\"wp-image-694\" srcset=\"https:\/\/sisu.ut.ee\/wp-content\/uploads\/sites\/253\/inter-kaart.jpg 640w, https:\/\/sisu.ut.ee\/wp-content\/uploads\/sites\/253\/inter-kaart-300x188.jpg 300w\" sizes=\"auto, (max-width: 640px) 100vw, 640px\"><\/figure>\n\n\n\n<h4 class=\"wp-block-heading has-text-align-center\"><a href=\"https:\/\/sisu.ut.ee\/stratotuup\/otsi-kaardilt\/\" data-type=\"page\" data-id=\"42\">Interaktiivne kaart<\/a><\/h4>\n<\/div>\n\n\n\n<div class=\"wp-block-column is-layout-flow wp-block-column-is-layout-flow\">\n<figure class=\"wp-block-image aligncenter size-full\"><img loading=\"lazy\" decoding=\"async\" width=\"299\" height=\"197\" src=\"https:\/\/sisu.ut.ee\/wp-content\/uploads\/sites\/253\/strat-skeemilt-thumb-02.jpg\" alt=\"\" class=\"wp-image-690\"><\/figure>\n\n\n\n<h4 class=\"wp-block-heading has-text-align-center\"><a href=\"https:\/\/sisu.ut.ee\/stratotuup\/otsi-skeemilt\/\" data-type=\"page\" data-id=\"44\">Stratigraafilised skeemid<\/a><\/h4>\n<\/div>\n\n\n\n<div class=\"wp-block-column is-layout-flow wp-block-column-is-layout-flow\">\n<div class=\"valem-1\">\n\t<a href=\".\/otsi-andmebaasist\"><span style=\"font-size: large;\"><strong>Andmebaasi andmed<\/strong><\/span><\/a>\n<\/div>\n\n<div class=\"valem-2\">\n\t<a href=\".\/otsi-nimeliselt\" target=\"_blank\" rel=\"noopener\"><span style=\"font-size: large;\"><strong>Nimeline otsing<\/strong><\/span><\/a>\n<\/div>\n<\/div>\n<\/div>\n","protected":false},"excerpt":{"rendered":"<p>Stratotu\u0308u\u0308psed paljandid on geoloogilised uurimisobjektid, mis tagavad maapo\u0303ue ehituse tundmise j\u00e4rjepidevuse, geoloogia-alase hariduse andmise ja erialateaduse edendamise. Lisaks on need paljandid samal ajal ka olulised loodusturismi objektid, kus peale looduskauni koha imetlemise avaneb v\u00f5imalus Eestimaa geoloogilist ehitust tundma \u00f5ppida ja &#8230;<\/p>\n","protected":false},"author":129,"featured_media":0,"parent":0,"menu_order":0,"comment_status":"closed","ping_status":"closed","template":"","meta":{"_acf_changed":false,"inline_featured_image":false,"footnotes":""},"class_list":["post-154","page","type-page","status-publish","hentry"],"acf":[],"_links":{"self":[{"href":"https:\/\/sisu.ut.ee\/stratotuup\/wp-json\/wp\/v2\/pages\/154","targetHints":{"allow":["GET"]}}],"collection":[{"href":"https:\/\/sisu.ut.ee\/stratotuup\/wp-json\/wp\/v2\/pages"}],"about":[{"href":"https:\/\/sisu.ut.ee\/stratotuup\/wp-json\/wp\/v2\/types\/page"}],"author":[{"embeddable":true,"href":"https:\/\/sisu.ut.ee\/stratotuup\/wp-json\/wp\/v2\/users\/129"}],"replies":[{"embeddable":true,"href":"https:\/\/sisu.ut.ee\/stratotuup\/wp-json\/wp\/v2\/comments?post=154"}],"version-history":[{"count":9,"href":"https:\/\/sisu.ut.ee\/stratotuup\/wp-json\/wp\/v2\/pages\/154\/revisions"}],"predecessor-version":[{"id":1187,"href":"https:\/\/sisu.ut.ee\/stratotuup\/wp-json\/wp\/v2\/pages\/154\/revisions\/1187"}],"wp:attachment":[{"href":"https:\/\/sisu.ut.ee\/stratotuup\/wp-json\/wp\/v2\/media?parent=154"}],"curies":[{"name":"wp","href":"https:\/\/api.w.org\/{rel}","templated":true}]}}