{"id":8,"date":"2024-04-04T06:59:24","date_gmt":"2024-04-04T03:59:24","guid":{"rendered":"https:\/\/sisu.ut.ee\/spordimeditsiini-algkursus\/5-spordimeditsiiniline-terviseuuring\/"},"modified":"2024-04-04T06:59:56","modified_gmt":"2024-04-04T03:59:56","slug":"5-spordimeditsiiniline-terviseuuring","status":"publish","type":"page","link":"https:\/\/sisu.ut.ee\/spordimeditsiini-algkursus\/5-spordimeditsiiniline-terviseuuring\/","title":{"rendered":"5. Spordimeditsiiniline terviseuuring"},"content":{"rendered":"<p>\n\tSpordimeditsiiniliste terviseuuringute laiemaks eesm\u00e4rgiks on <b>kaitsta sportlase tervist <\/b>ja<b> tagada tervisele ohutu treenimine <\/b>ning n\u00f5ustamise ja ennetustegevuste kaudu v\u00e4hendada spordiga kaasnevate terviseprobleemide\/vigastuste tekkeriski tulevikus.\n<\/p>\n<p style=\"margin-bottom:0cm\">\n\t<span style=\"line-height:normal\"><span><span lang=\"ET\">Spordimeditsiinilise terviseuuringu eesm\u00e4rgid:<\/span><\/span><\/span>\n<\/p>\n<ul>\n<li>\n\t\t<span lang=\"ET\"><span style=\"line-height:115%\">varjatult ja ilma oluliste s\u00fcmptomiteta kulgevate terviserikete sh s\u00fcdame-veresoonkonna haiguste (SVH) riskifaktorite ning varjatud kopsu- ja s\u00fcdamehaiguste avastamine, v\u00e4hendades seel\u00e4bi haiguse progresseerumist ja akksurma riski<\/span><\/span>\n\t<\/li>\n<li>\n\t\t<span lang=\"ET\"><span style=\"line-height:115%\">sporditraumade, eelk\u00f5ige \u00fclekoormusvigastuste ennetamise eesm\u00e4rgil tugi-liikumiselundkonna riskifaktorite tuvastamine, hindamine ja n\u00f5ustamine nende m\u00f5jutamise osas<\/span><\/span>\n\t<\/li>\n<li>\n\t\t<span lang=\"ET\"><span style=\"line-height:115%\">\u00fcle- ja alakaalu ning s\u00f6\u00f6misk\u00e4itumise hindamine. H\u00e4irunud s\u00f6\u00f6misk\u00e4itumise varajane avastamine<\/span><\/span>\n\t<\/li>\n<li>\n\t\t<span lang=\"ET\"><span style=\"line-height:115%\">jne.<\/span><\/span>\n\t<\/li>\n<\/ul>\n<p style=\"margin-bottom:0cm\">\n\t<span style=\"line-height:normal\"><span><span lang=\"ET\">Spordimeditsiiniliste terviseuuringute korraldus Eestis:<\/span><\/span><\/span>\n<\/p>\n<ul>\n<li>\n\t\t<span lang=\"ET\"><span style=\"line-height:115%\">perioodilised spordimeditsiinilised tervisekontrollid regulaarselt treenivatele ja v\u00f5istlevatele sportlastele Eestis ei ole seadusega reguleeritud<\/span><\/span>\n\t<\/li>\n<li>\n\t\t<span lang=\"ET\"><span style=\"line-height:115%\">teatud spordialadel on terviseuuringu l\u00e4bimine enne v\u00f5istlushooaja algust kohustuslik (spordialaliitude poolt s\u00e4testatud)<\/span><\/span>\n\t<\/li>\n<li>\n\t\t<span lang=\"ET\"><span style=\"line-height:115%\">rahvuskoondise tasemel sportlasele on terviseuuringu l\u00e4bimine kohustuslik vastavalt EOK poolt s\u00e4testatud korrale (terviseuuringute tegevusjuhis, Team Estonia)<\/span><\/span>\n\t<\/li>\n<li>\n\t\t<span lang=\"ET\"><span style=\"line-height:115%\">kuni 19-aastaste (k.a.), 6 ja enam akadeemilist tundi n\u00e4dalas treenivate ja v\u00f5istlevate (lisaks kooli kehalise kasvatuse tundidele) noorsportlaste spordimeditsiinilised tervisuuringud on rahastatud EHK poolt<\/span><\/span>\n\t<\/li>\n<li>\n\t\t<span lang=\"ET\"><span style=\"line-height:115%\">EHK poolt rahastatud noorsportlaste terviseuuringuid teevad 9 meditsiiniasutust<\/span><\/span>\n\t<\/li>\n<\/ul>\n<p>\n\t<span lang=\"ET\"><span style=\"line-height:115%\">Terviseuuringu maht ja sisu s\u00f5ltub noorsportlase n\u00e4dalasest treeningkoormusest, tervislikust seisundist ja p\u00f5hiuuringute tulemustest (spordimeditsiinilise terviseuuringu etapid, vaata joonis 4) ning uuringu tegemisel l\u00e4htutakse kehtivast spordimeditsiinilise tervisuuringu tegevusjuhendist (tegevusjuhend \u201eN<\/span><\/span>oorsportlaste tervisekontroll spordiga seotud tervisekahjustuste ennetamiseks\u201c \u2013 <a data-url=\"https:\/\/www.haigekassa.ee\/partnerile\/raviasutusele\/haiguste-ennetus\" href=\"https:\/\/www.haigekassa.ee\/partnerile\/raviasutusele\/haiguste-ennetus\" target=\"_blank\" title=\"\" rel=\"noopener\">https:\/\/www.haigekassa.ee\/partnerile\/raviasutusele\/haiguste-ennetus<\/a>).\n<\/p>\n<p style=\"text-align: center\">\n\t<img loading=\"lazy\" decoding=\"async\" width=\"729\" height=\"691\" class=\"alignnone wp-image-48\" src=\"https:\/\/sisu.ut.ee\/wp-content\/uploads\/sites\/469\/screenshot_2021-03-03_at_10.26.43.png\" title=\"screenshot_2021-03-03_at_10.26.43.png\" alt=\"Joonis 4\" srcset=\"https:\/\/sisu.ut.ee\/wp-content\/uploads\/sites\/469\/screenshot_2021-03-03_at_10.26.43.png 729w, https:\/\/sisu.ut.ee\/wp-content\/uploads\/sites\/469\/screenshot_2021-03-03_at_10.26.43-300x284.png 300w\" sizes=\"auto, (max-width: 729px) 100vw, 729px\">\n<\/p>\n<p>\n\t<strong><span style=\"line-height:normal\"><span lang=\"ET\">Joonis 4. Noorsportlaste terviseuuringu etapid.<\/span><\/span><\/strong><\/p>\n","protected":false},"excerpt":{"rendered":"<p>Spordimeditsiiniliste terviseuuringute laiemaks eesm\u00e4rgiks on kaitsta sportlase tervist ja tagada tervisele ohutu treenimine ning n\u00f5ustamise ja ennetustegevuste kaudu v\u00e4hendada spordiga kaasnevate terviseprobleemide\/vigastuste tekkeriski tulevikus. Spordimeditsiinilise terviseuuringu eesm\u00e4rgid: varjatult ja ilma oluliste s\u00fcmptomiteta kulgevate terviserikete sh s\u00fcdame-veresoonkonna haiguste (SVH) riskifaktorite ning &#8230;<\/p>\n","protected":false},"author":243,"featured_media":0,"parent":0,"menu_order":0,"comment_status":"closed","ping_status":"closed","template":"","meta":{"_acf_changed":false,"inline_featured_image":false,"footnotes":""},"class_list":["post-8","page","type-page","status-publish","hentry"],"acf":[],"_links":{"self":[{"href":"https:\/\/sisu.ut.ee\/spordimeditsiini-algkursus\/wp-json\/wp\/v2\/pages\/8","targetHints":{"allow":["GET"]}}],"collection":[{"href":"https:\/\/sisu.ut.ee\/spordimeditsiini-algkursus\/wp-json\/wp\/v2\/pages"}],"about":[{"href":"https:\/\/sisu.ut.ee\/spordimeditsiini-algkursus\/wp-json\/wp\/v2\/types\/page"}],"author":[{"embeddable":true,"href":"https:\/\/sisu.ut.ee\/spordimeditsiini-algkursus\/wp-json\/wp\/v2\/users\/243"}],"replies":[{"embeddable":true,"href":"https:\/\/sisu.ut.ee\/spordimeditsiini-algkursus\/wp-json\/wp\/v2\/comments?post=8"}],"version-history":[{"count":1,"href":"https:\/\/sisu.ut.ee\/spordimeditsiini-algkursus\/wp-json\/wp\/v2\/pages\/8\/revisions"}],"predecessor-version":[{"id":202,"href":"https:\/\/sisu.ut.ee\/spordimeditsiini-algkursus\/wp-json\/wp\/v2\/pages\/8\/revisions\/202"}],"wp:attachment":[{"href":"https:\/\/sisu.ut.ee\/spordimeditsiini-algkursus\/wp-json\/wp\/v2\/media?parent=8"}],"curies":[{"name":"wp","href":"https:\/\/api.w.org\/{rel}","templated":true}]}}