{"id":32,"date":"2024-04-04T06:59:27","date_gmt":"2024-04-04T03:59:27","guid":{"rendered":"https:\/\/sisu.ut.ee\/spordimeditsiini-algkursus\/hupoglukeemia\/"},"modified":"2024-04-04T06:59:55","modified_gmt":"2024-04-04T03:59:55","slug":"hupoglukeemia","status":"publish","type":"page","link":"https:\/\/sisu.ut.ee\/spordimeditsiini-algkursus\/hupoglukeemia\/","title":{"rendered":"H\u00fcpogl\u00fckeemia"},"content":{"rendered":"<p>\n\tGl\u00fckoos \u2013 p\u00f5hiline energeetiline allikas kehalisel t\u00f6\u00f6l, eesk\u00e4tt intensiivsel kehalisel t\u00f6\u00f6l.\n<\/p>\n<p>\n\tH\u00fcpogl\u00fckeemia \u2013 \u00fclem\u00e4\u00e4rane gl\u00fckoositaseme langus veres, mis v\u00f5ib tekkida kestva ja intensiivse kehalise pingutuse korral.\n<\/p>\n<p>\n\tNormv\u00e4\u00e4rtused veres 3,3-5,5 mmol\/l\n<\/p>\n<p>\n\tGl\u00fckogeenivarud lihastes (ca 400 g), maksas (70-100 g).\n<\/p>\n<p>\n\tH\u00fcpogl\u00fckeemia subjektiivsed eels\u00fcmptomid: t\u00f6\u00f6v\u00f5ime langus, n\u00e4lja-ja n\u00f5rkusetunne, pearinglus, apaatia, teadvuse h\u00e4gunemine.\n<\/p>\n<p>\n\tObjektiivsed s\u00fcmptomid: kahvatu, k\u00fclma higiga kaetud nahk, n\u00f5rk pulss, laienenud pupillid, KNS erutuse (krambid) v\u00f5i pidurduse (teadvuse h\u00e4gunemine) tunnused.\n<\/p>\n<p>\n\tEsmaabi: gl\u00fckoosilahus suukaudselt, teadvusekao korral gl\u00fckoos intravenoosselt.\n<\/p>\n<p>\n\tEnnetamine: adekvaatne toitumis- ja joogire\u017eiim.<\/p>\n","protected":false},"excerpt":{"rendered":"<p>Gl\u00fckoos \u2013 p\u00f5hiline energeetiline allikas kehalisel t\u00f6\u00f6l, eesk\u00e4tt intensiivsel kehalisel t\u00f6\u00f6l. H\u00fcpogl\u00fckeemia \u2013 \u00fclem\u00e4\u00e4rane gl\u00fckoositaseme langus veres, mis v\u00f5ib tekkida kestva ja intensiivse kehalise pingutuse korral. Normv\u00e4\u00e4rtused veres 3,3-5,5 mmol\/l Gl\u00fckogeenivarud lihastes (ca 400 g), maksas (70-100 g). H\u00fcpogl\u00fckeemia subjektiivsed &#8230;<\/p>\n","protected":false},"author":243,"featured_media":0,"parent":0,"menu_order":0,"comment_status":"closed","ping_status":"closed","template":"","meta":{"_acf_changed":false,"inline_featured_image":false,"footnotes":""},"class_list":["post-32","page","type-page","status-publish","hentry"],"acf":[],"_links":{"self":[{"href":"https:\/\/sisu.ut.ee\/spordimeditsiini-algkursus\/wp-json\/wp\/v2\/pages\/32","targetHints":{"allow":["GET"]}}],"collection":[{"href":"https:\/\/sisu.ut.ee\/spordimeditsiini-algkursus\/wp-json\/wp\/v2\/pages"}],"about":[{"href":"https:\/\/sisu.ut.ee\/spordimeditsiini-algkursus\/wp-json\/wp\/v2\/types\/page"}],"author":[{"embeddable":true,"href":"https:\/\/sisu.ut.ee\/spordimeditsiini-algkursus\/wp-json\/wp\/v2\/users\/243"}],"replies":[{"embeddable":true,"href":"https:\/\/sisu.ut.ee\/spordimeditsiini-algkursus\/wp-json\/wp\/v2\/comments?post=32"}],"version-history":[{"count":1,"href":"https:\/\/sisu.ut.ee\/spordimeditsiini-algkursus\/wp-json\/wp\/v2\/pages\/32\/revisions"}],"predecessor-version":[{"id":178,"href":"https:\/\/sisu.ut.ee\/spordimeditsiini-algkursus\/wp-json\/wp\/v2\/pages\/32\/revisions\/178"}],"wp:attachment":[{"href":"https:\/\/sisu.ut.ee\/spordimeditsiini-algkursus\/wp-json\/wp\/v2\/media?parent=32"}],"curies":[{"name":"wp","href":"https:\/\/api.w.org\/{rel}","templated":true}]}}