{"id":30,"date":"2024-04-04T06:59:27","date_gmt":"2024-04-04T03:59:27","guid":{"rendered":"https:\/\/sisu.ut.ee\/spordimeditsiini-algkursus\/age-sudame-veresoonkonna-puudulikkus\/"},"modified":"2024-04-04T06:59:55","modified_gmt":"2024-04-04T03:59:55","slug":"age-sudame-veresoonkonna-puudulikkus","status":"publish","type":"page","link":"https:\/\/sisu.ut.ee\/spordimeditsiini-algkursus\/age-sudame-veresoonkonna-puudulikkus\/","title":{"rendered":"\u00c4ge s\u00fcdame-veresoonkonna puudulikkus"},"content":{"rendered":"<p>\n\tTegemist on mittevastavusega s\u00fcdame- ja veresoonkonna funktsionaalse seisundi ja organismi verevarustuse n\u00f5udluse vahel kehalisel pingutusel. Muutused leiavad aset s\u00fcdamelihase ja elektrol\u00fc\u00fctide ainevahetuses, mis v\u00f5ivad p\u00f5hjustada:\n<\/p>\n<ul>\n<li>\n\t\ts\u00fcdame diastoolse l\u00f5\u00f5gastumise ja t\u00e4itumise h\u00e4ireid;\n\t<\/li>\n<li>\n\t\tm\u00fcokardi kontraktiilsuse langust.\n\t<\/li>\n<li>\n\t\ts\u00fcdame kui pumba tootlikkuse v\u00e4henemist.\n\t<\/li>\n<\/ul>\n<p>\n\tS\u00fcdamelihase kahjustus v\u00f5ib olla koldeline v\u00f5i difuusne.\n<\/p>\n<p>\n\tS\u00fcmptomid: n\u00f5rkustunne, pearinglus, rinnakutagune valu, \u00f5hupuudus, teadvuseh\u00e4ired.\n<\/p>\n<p>\n\tObjektiivselt:\n<\/p>\n<ul>\n<li>\n\t\tkahvatus, ts\u00fcanootiline naha v\u00e4rvus\n\t<\/li>\n<li>\n\t\tn\u00f5rk, eba\u00fchtlane pulss\n\t<\/li>\n<li>\n\t\tkiirenenud hingamine\n\t<\/li>\n<li>\n\t\tmadal verer\u00f5hk\n\t<\/li>\n<li>\n\t\tEKG-s v\u00f5ivad olla r\u00fctmih\u00e4ireid, m\u00fcokardi kahjustuse-, koldelise nekroosi (infarkti) tunnuseid\n\t<\/li>\n<\/ul>\n<p>Esmaabi: poolistuv asend, jalad k\u00f5rgemal, hapnikravi, kiire hospitaliseerimine<\/p>\n","protected":false},"excerpt":{"rendered":"<p>Tegemist on mittevastavusega s\u00fcdame- ja veresoonkonna funktsionaalse seisundi ja organismi verevarustuse n\u00f5udluse vahel kehalisel pingutusel. Muutused leiavad aset s\u00fcdamelihase ja elektrol\u00fc\u00fctide ainevahetuses, mis v\u00f5ivad p\u00f5hjustada: s\u00fcdame diastoolse l\u00f5\u00f5gastumise ja t\u00e4itumise h\u00e4ireid; m\u00fcokardi kontraktiilsuse langust. s\u00fcdame kui pumba tootlikkuse v\u00e4henemist. S\u00fcdamelihase &#8230;<\/p>\n","protected":false},"author":243,"featured_media":0,"parent":0,"menu_order":0,"comment_status":"closed","ping_status":"closed","template":"","meta":{"_acf_changed":false,"inline_featured_image":false,"footnotes":""},"class_list":["post-30","page","type-page","status-publish","hentry"],"acf":[],"_links":{"self":[{"href":"https:\/\/sisu.ut.ee\/spordimeditsiini-algkursus\/wp-json\/wp\/v2\/pages\/30","targetHints":{"allow":["GET"]}}],"collection":[{"href":"https:\/\/sisu.ut.ee\/spordimeditsiini-algkursus\/wp-json\/wp\/v2\/pages"}],"about":[{"href":"https:\/\/sisu.ut.ee\/spordimeditsiini-algkursus\/wp-json\/wp\/v2\/types\/page"}],"author":[{"embeddable":true,"href":"https:\/\/sisu.ut.ee\/spordimeditsiini-algkursus\/wp-json\/wp\/v2\/users\/243"}],"replies":[{"embeddable":true,"href":"https:\/\/sisu.ut.ee\/spordimeditsiini-algkursus\/wp-json\/wp\/v2\/comments?post=30"}],"version-history":[{"count":1,"href":"https:\/\/sisu.ut.ee\/spordimeditsiini-algkursus\/wp-json\/wp\/v2\/pages\/30\/revisions"}],"predecessor-version":[{"id":180,"href":"https:\/\/sisu.ut.ee\/spordimeditsiini-algkursus\/wp-json\/wp\/v2\/pages\/30\/revisions\/180"}],"wp:attachment":[{"href":"https:\/\/sisu.ut.ee\/spordimeditsiini-algkursus\/wp-json\/wp\/v2\/media?parent=30"}],"curies":[{"name":"wp","href":"https:\/\/api.w.org\/{rel}","templated":true}]}}