{"id":3,"date":"2024-04-04T06:59:24","date_gmt":"2024-04-04T03:59:24","guid":{"rendered":"https:\/\/sisu.ut.ee\/spordimeditsiini-algkursus\/avaleht\/"},"modified":"2024-04-17T07:59:39","modified_gmt":"2024-04-17T04:59:39","slug":"avaleht","status":"publish","type":"page","link":"https:\/\/sisu.ut.ee\/spordimeditsiini-algkursus\/","title":{"rendered":"Avaleht"},"content":{"rendered":"<p><strong><span lang=\"ET\">Tere tulemast spordimeditsiini algkursusele!<\/span><\/strong><\/p>\n<p><span style=\"line-height: normal;\"><span lang=\"ET\"><span style=\"color: black;\">K\u00e4esoleva kursuse eesm\u00e4rgiks on anda p\u00f5hiteadmised kehalise aktiivsuse ja treeningu m\u00f5just inimese organismile ning tutvustada spordimeditsiinilise terviseuuringu eesm\u00e4rke, etappe ja korraldust Eestis. Tutvustatakse kehalise aktiivsuse soovitusi nii tervetele lastele ja t\u00e4iskasvanutele kui ka erinevaid kroonilisi haigusi p\u00f5devatele inimestele. K\u00e4sitlemist leiavad ka \u00a0olulisemaid tervisekahjustused l\u00e4htudes sportimise kontekstist: nii sellised tervisekahjustused, mis v\u00f5ivad tekkida tervel inimesel seoses \u00fclem\u00e4\u00e4raste kehaliste koormuste rakendamisega, kui ka neid kahjustusi, mis avalduvad kroonilise haigusi p\u00f5devatel inimestel. <\/span><\/span><\/span><\/p>\n<p><span style=\"line-height: normal;\"><span lang=\"ET\"><span style=\"color: black;\">Loodame, et spordimeditsiini kursusel omandatud teadmised annavad Teile edaspidiseks innustust ja soovi t\u00e4htsustada kehalise aktiivsuse ja treeningu olulisust nii oma isiklikus igap\u00e4evarutiinis kui ka patsientide terviseprobleemide k\u00e4sitlemisel.<\/span><\/span><\/span><\/p>\n","protected":false},"excerpt":{"rendered":"<p>Tere tulemast spordimeditsiini algkursusele! K\u00e4esoleva kursuse eesm\u00e4rgiks on anda p\u00f5hiteadmised kehalise aktiivsuse ja treeningu m\u00f5just inimese organismile ning tutvustada spordimeditsiinilise terviseuuringu eesm\u00e4rke, etappe ja korraldust Eestis. Tutvustatakse kehalise aktiivsuse soovitusi nii tervetele lastele ja t\u00e4iskasvanutele kui ka erinevaid kroonilisi haigusi &#8230;<\/p>\n","protected":false},"author":243,"featured_media":0,"parent":0,"menu_order":0,"comment_status":"closed","ping_status":"closed","template":"","meta":{"_acf_changed":false,"inline_featured_image":false,"footnotes":""},"class_list":["post-3","page","type-page","status-publish","hentry"],"acf":[],"_links":{"self":[{"href":"https:\/\/sisu.ut.ee\/spordimeditsiini-algkursus\/wp-json\/wp\/v2\/pages\/3","targetHints":{"allow":["GET"]}}],"collection":[{"href":"https:\/\/sisu.ut.ee\/spordimeditsiini-algkursus\/wp-json\/wp\/v2\/pages"}],"about":[{"href":"https:\/\/sisu.ut.ee\/spordimeditsiini-algkursus\/wp-json\/wp\/v2\/types\/page"}],"author":[{"embeddable":true,"href":"https:\/\/sisu.ut.ee\/spordimeditsiini-algkursus\/wp-json\/wp\/v2\/users\/243"}],"replies":[{"embeddable":true,"href":"https:\/\/sisu.ut.ee\/spordimeditsiini-algkursus\/wp-json\/wp\/v2\/comments?post=3"}],"version-history":[{"count":2,"href":"https:\/\/sisu.ut.ee\/spordimeditsiini-algkursus\/wp-json\/wp\/v2\/pages\/3\/revisions"}],"predecessor-version":[{"id":220,"href":"https:\/\/sisu.ut.ee\/spordimeditsiini-algkursus\/wp-json\/wp\/v2\/pages\/3\/revisions\/220"}],"wp:attachment":[{"href":"https:\/\/sisu.ut.ee\/spordimeditsiini-algkursus\/wp-json\/wp\/v2\/media?parent=3"}],"curies":[{"name":"wp","href":"https:\/\/api.w.org\/{rel}","templated":true}]}}