{"id":29,"date":"2024-04-04T06:59:26","date_gmt":"2024-04-04T03:59:26","guid":{"rendered":"https:\/\/sisu.ut.ee\/spordimeditsiini-algkursus\/vereringesusteemi-ulepingutussundroom\/"},"modified":"2024-04-04T06:59:56","modified_gmt":"2024-04-04T03:59:56","slug":"vereringesusteemi-ulepingutussundroom","status":"publish","type":"page","link":"https:\/\/sisu.ut.ee\/spordimeditsiini-algkursus\/vereringesusteemi-ulepingutussundroom\/","title":{"rendered":"Vereringes\u00fcsteemi \u00fclepingutuss\u00fcndroom"},"content":{"rendered":"<p>\n\tSoodustavad tegurid:\n<\/p>\n<ul>\n<li>\n\t\ttreenimine ja v\u00f5istlemine haigena;\n\t<\/li>\n<li>\n\t\tliiga intensiivne j\u00f5uvastupidavustreening noorukieas;\n\t<\/li>\n<li>\n\t\tk\u00f5rgenenud verer\u00f5hule kalduvad noorukid, eriti kui nad tegelevad j\u00f5u-\u00a0 v\u00f5i j\u00f5uvastupidavustreeninguga;\n\t<\/li>\n<li>\n\t\tebakvaliteetne toitumine (alatoitumus).\n\t<\/li>\n<\/ul>\n<p>\n\t\u00dclekoormuss\u00fcndroomile viitavad tunnused:\n<\/p>\n<ul>\n<li>\n\t\tv\u00e4ljendunud brad\u00fckardia v\u00f5i tahh\u00fckardia;\n\t<\/li>\n<li>\n\t\tkoormusel v\u00f5i koormusj\u00e4rgselt ebasoodsate hemod\u00fcnaamiliste reaktsioonide ilmnemine;\n\t<\/li>\n<li>\n\t\tpuhkeolekus, koormusel v\u00f5i koormusj\u00e4rgselt muutused EKG-l: r\u00fctmih\u00e4irete tekkimine, repolarisatsioonih\u00e4ired;\n\t<\/li>\n<li>\n\t\tehhokardiograafial tagasivoolud klappidel, s\u00fcdamelihase l\u00f5\u00f5gastusfunktsiooni h\u00e4ired jt muutused.\n\t<\/li>\n<\/ul>\n","protected":false},"excerpt":{"rendered":"<p>Soodustavad tegurid: treenimine ja v\u00f5istlemine haigena; liiga intensiivne j\u00f5uvastupidavustreening noorukieas; k\u00f5rgenenud verer\u00f5hule kalduvad noorukid, eriti kui nad tegelevad j\u00f5u-\u00a0 v\u00f5i j\u00f5uvastupidavustreeninguga; ebakvaliteetne toitumine (alatoitumus). \u00dclekoormuss\u00fcndroomile viitavad tunnused: v\u00e4ljendunud brad\u00fckardia v\u00f5i tahh\u00fckardia; koormusel v\u00f5i koormusj\u00e4rgselt ebasoodsate hemod\u00fcnaamiliste reaktsioonide ilmnemine; puhkeolekus, koormusel &#8230;<\/p>\n","protected":false},"author":243,"featured_media":0,"parent":0,"menu_order":0,"comment_status":"closed","ping_status":"closed","template":"","meta":{"_acf_changed":false,"inline_featured_image":false,"footnotes":""},"class_list":["post-29","page","type-page","status-publish","hentry"],"acf":[],"_links":{"self":[{"href":"https:\/\/sisu.ut.ee\/spordimeditsiini-algkursus\/wp-json\/wp\/v2\/pages\/29","targetHints":{"allow":["GET"]}}],"collection":[{"href":"https:\/\/sisu.ut.ee\/spordimeditsiini-algkursus\/wp-json\/wp\/v2\/pages"}],"about":[{"href":"https:\/\/sisu.ut.ee\/spordimeditsiini-algkursus\/wp-json\/wp\/v2\/types\/page"}],"author":[{"embeddable":true,"href":"https:\/\/sisu.ut.ee\/spordimeditsiini-algkursus\/wp-json\/wp\/v2\/users\/243"}],"replies":[{"embeddable":true,"href":"https:\/\/sisu.ut.ee\/spordimeditsiini-algkursus\/wp-json\/wp\/v2\/comments?post=29"}],"version-history":[{"count":1,"href":"https:\/\/sisu.ut.ee\/spordimeditsiini-algkursus\/wp-json\/wp\/v2\/pages\/29\/revisions"}],"predecessor-version":[{"id":181,"href":"https:\/\/sisu.ut.ee\/spordimeditsiini-algkursus\/wp-json\/wp\/v2\/pages\/29\/revisions\/181"}],"wp:attachment":[{"href":"https:\/\/sisu.ut.ee\/spordimeditsiini-algkursus\/wp-json\/wp\/v2\/media?parent=29"}],"curies":[{"name":"wp","href":"https:\/\/api.w.org\/{rel}","templated":true}]}}