{"id":27,"date":"2024-04-04T06:59:26","date_gmt":"2024-04-04T03:59:26","guid":{"rendered":"https:\/\/sisu.ut.ee\/spordimeditsiini-algkursus\/marfani-sundroom\/"},"modified":"2024-04-04T06:59:56","modified_gmt":"2024-04-04T03:59:56","slug":"marfani-sundroom","status":"publish","type":"page","link":"https:\/\/sisu.ut.ee\/spordimeditsiini-algkursus\/marfani-sundroom\/","title":{"rendered":"Marfani s\u00fcndroom"},"content":{"rendered":"<p>\n\tP\u00e4rilik geneetiline haigus (p\u00e4randub autosoom-dominantselt, h\u00e4ired sidekoe tekkes), sagedus 1:5000; 0,02%.\u00a0\n<\/p>\n<p>\n\tIseloomulik:\n<\/p>\n<ul>\n<li>\n\t\tskeletilihass\u00fcsteemi patoloogia (pikk kasv, k\u00f5hn kehaehitus, pikad jalad ja k\u00e4ed, nn \u00e4mbliks\u00f5rmed, kitsas n\u00e4gu, k\u00fcfoskolioos jne);\n\t<\/li>\n<li>\n\t\tsilmade patoloogia (m\u00fcoopia, l\u00e4\u00e4tse dislokatsioon jne);\n\t<\/li>\n<li>\n\t\ts\u00fcdame patoloogia (aordi laienemine, mitraalklapi prolaps jne);\n\t<\/li>\n<li>\n\t\tn\u00e4rvis\u00fcsteemi-, hingamissusteemi-, naha patoloogia;\n\t<\/li>\n<li>\n\t\tkomplikatsioonid: akksurm (aordi ruptuur), glaukoom, hemorraagiad, kopsu emf\u00fcseem, spontaanne pneumotooraks jne;\n\t<\/li>\n<li>\n\t\tsoovitav k\u00f5igil pikakasvulistel sportlastel (korvpall, v\u00f5rkpall) teha s\u00fcdame ehhokardiograafia.\n\t<\/li>\n<\/ul>\n<p>\n\t<strong>NB! Marfani s\u00fcndroomi esinemisel on v\u00f5istlussport keelatud!<\/strong><\/p>\n","protected":false},"excerpt":{"rendered":"<p>P\u00e4rilik geneetiline haigus (p\u00e4randub autosoom-dominantselt, h\u00e4ired sidekoe tekkes), sagedus 1:5000; 0,02%.\u00a0 Iseloomulik: skeletilihass\u00fcsteemi patoloogia (pikk kasv, k\u00f5hn kehaehitus, pikad jalad ja k\u00e4ed, nn \u00e4mbliks\u00f5rmed, kitsas n\u00e4gu, k\u00fcfoskolioos jne); silmade patoloogia (m\u00fcoopia, l\u00e4\u00e4tse dislokatsioon jne); s\u00fcdame patoloogia (aordi laienemine, mitraalklapi prolaps &#8230;<\/p>\n","protected":false},"author":243,"featured_media":0,"parent":0,"menu_order":0,"comment_status":"closed","ping_status":"closed","template":"","meta":{"_acf_changed":false,"inline_featured_image":false,"footnotes":""},"class_list":["post-27","page","type-page","status-publish","hentry"],"acf":[],"_links":{"self":[{"href":"https:\/\/sisu.ut.ee\/spordimeditsiini-algkursus\/wp-json\/wp\/v2\/pages\/27","targetHints":{"allow":["GET"]}}],"collection":[{"href":"https:\/\/sisu.ut.ee\/spordimeditsiini-algkursus\/wp-json\/wp\/v2\/pages"}],"about":[{"href":"https:\/\/sisu.ut.ee\/spordimeditsiini-algkursus\/wp-json\/wp\/v2\/types\/page"}],"author":[{"embeddable":true,"href":"https:\/\/sisu.ut.ee\/spordimeditsiini-algkursus\/wp-json\/wp\/v2\/users\/243"}],"replies":[{"embeddable":true,"href":"https:\/\/sisu.ut.ee\/spordimeditsiini-algkursus\/wp-json\/wp\/v2\/comments?post=27"}],"version-history":[{"count":1,"href":"https:\/\/sisu.ut.ee\/spordimeditsiini-algkursus\/wp-json\/wp\/v2\/pages\/27\/revisions"}],"predecessor-version":[{"id":183,"href":"https:\/\/sisu.ut.ee\/spordimeditsiini-algkursus\/wp-json\/wp\/v2\/pages\/27\/revisions\/183"}],"wp:attachment":[{"href":"https:\/\/sisu.ut.ee\/spordimeditsiini-algkursus\/wp-json\/wp\/v2\/media?parent=27"}],"curies":[{"name":"wp","href":"https:\/\/api.w.org\/{rel}","templated":true}]}}