{"id":25,"date":"2024-04-04T06:59:26","date_gmt":"2024-04-04T03:59:26","guid":{"rendered":"https:\/\/sisu.ut.ee\/spordimeditsiini-algkursus\/mitraalklapi-prolaps-mkp\/"},"modified":"2024-04-04T06:59:56","modified_gmt":"2024-04-04T03:59:56","slug":"mitraalklapi-prolaps-mkp","status":"publish","type":"page","link":"https:\/\/sisu.ut.ee\/spordimeditsiini-algkursus\/mitraalklapi-prolaps-mkp\/","title":{"rendered":"Mitraalklapi prolaps (MKP)"},"content":{"rendered":"<ul>\n<li style=\"margin-top:0cm;margin-right:0cm;margin-bottom:0cm\">\n\t\t<span style=\"line-height:normal\"><span lang=\"ET\">Enamus sportlasi kaebusteta.<\/span><\/span>\n\t<\/li>\n<li style=\"margin-top:0cm;margin-right:0cm;margin-bottom:0cm\">\n\t\t<span style=\"line-height:normal\"><span lang=\"ET\">V\u00e4hestel v\u00f5ivad esineda kaebused \u2013 s\u00fcdamer\u00fctmih\u00e4ired, s\u00fcdamepekslemine, valu, valupisted s\u00fcdame piirkonnas.<\/span><\/span>\n\t<\/li>\n<li style=\"margin-top:0cm;margin-right:0cm;margin-bottom:0cm\">\n\t\t<span style=\"line-height:normal\"><span lang=\"ET\">V\u00e4ga harva esineb akksurma p\u00f5hjustav t\u00f5sine r\u00fctmih\u00e4ire.<\/span><\/span>\n\t<\/li>\n<li style=\"margin-top:0cm;margin-right:0cm;margin-bottom:0cm\">\n\t\t<span style=\"line-height:normal\"><span lang=\"ET\">EKG: enamikel juhtudel normi piires; v\u00f5ivad esineda r\u00fctmih\u00e4ired.<\/span><\/span>\n\t<\/li>\n<li style=\"margin-top:0cm;margin-right:0cm;margin-bottom:0cm\">\n\t\t<span style=\"line-height:normal\"><span lang=\"ET\">Diagnoosi kinnitab ehhokardiograafiline uuring s\u00fcdamest.<\/span><\/span>\n\t<\/li>\n<li style=\"margin-top:0cm;margin-right:0cm;margin-bottom:0cm\">\n\t\t<span style=\"line-height:normal\"><span lang=\"ET\">Sportimispiirang s\u00f5ltub MKP raskusastmest ja klappide puudulikkusest.<\/span><\/span>\n\t<\/li>\n<\/ul>\n","protected":false},"excerpt":{"rendered":"<p>Enamus sportlasi kaebusteta. V\u00e4hestel v\u00f5ivad esineda kaebused \u2013 s\u00fcdamer\u00fctmih\u00e4ired, s\u00fcdamepekslemine, valu, valupisted s\u00fcdame piirkonnas. V\u00e4ga harva esineb akksurma p\u00f5hjustav t\u00f5sine r\u00fctmih\u00e4ire. EKG: enamikel juhtudel normi piires; v\u00f5ivad esineda r\u00fctmih\u00e4ired. Diagnoosi kinnitab ehhokardiograafiline uuring s\u00fcdamest. Sportimispiirang s\u00f5ltub MKP raskusastmest ja klappide &#8230;<\/p>\n","protected":false},"author":243,"featured_media":0,"parent":0,"menu_order":0,"comment_status":"closed","ping_status":"closed","template":"","meta":{"_acf_changed":false,"inline_featured_image":false,"footnotes":""},"class_list":["post-25","page","type-page","status-publish","hentry"],"acf":[],"_links":{"self":[{"href":"https:\/\/sisu.ut.ee\/spordimeditsiini-algkursus\/wp-json\/wp\/v2\/pages\/25","targetHints":{"allow":["GET"]}}],"collection":[{"href":"https:\/\/sisu.ut.ee\/spordimeditsiini-algkursus\/wp-json\/wp\/v2\/pages"}],"about":[{"href":"https:\/\/sisu.ut.ee\/spordimeditsiini-algkursus\/wp-json\/wp\/v2\/types\/page"}],"author":[{"embeddable":true,"href":"https:\/\/sisu.ut.ee\/spordimeditsiini-algkursus\/wp-json\/wp\/v2\/users\/243"}],"replies":[{"embeddable":true,"href":"https:\/\/sisu.ut.ee\/spordimeditsiini-algkursus\/wp-json\/wp\/v2\/comments?post=25"}],"version-history":[{"count":1,"href":"https:\/\/sisu.ut.ee\/spordimeditsiini-algkursus\/wp-json\/wp\/v2\/pages\/25\/revisions"}],"predecessor-version":[{"id":185,"href":"https:\/\/sisu.ut.ee\/spordimeditsiini-algkursus\/wp-json\/wp\/v2\/pages\/25\/revisions\/185"}],"wp:attachment":[{"href":"https:\/\/sisu.ut.ee\/spordimeditsiini-algkursus\/wp-json\/wp\/v2\/media?parent=25"}],"curies":[{"name":"wp","href":"https:\/\/api.w.org\/{rel}","templated":true}]}}