{"id":12,"date":"2024-04-04T06:59:25","date_gmt":"2024-04-04T03:59:25","guid":{"rendered":"https:\/\/sisu.ut.ee\/spordimeditsiini-algkursus\/10-kasutatud-kirjandus\/"},"modified":"2024-04-04T06:59:56","modified_gmt":"2024-04-04T03:59:56","slug":"10-kasutatud-kirjandus","status":"publish","type":"page","link":"https:\/\/sisu.ut.ee\/spordimeditsiini-algkursus\/10-kasutatud-kirjandus\/","title":{"rendered":"10. Kasutatud kirjandus"},"content":{"rendered":"<ol>\n<li style=\"margin-top:0cm;margin-right:0cm;margin-bottom:0cm\">\n\t\t<span style=\"background:white\"><span style=\"line-height:normal\"><span><span lang=\"ET\" style=\"color:black\">ACSM\u2019s Resource Manual for Guidelines for Exercise Testing and Prescription. Fifth edition. Kaminsky LA (Ed). 2006, Lippinkott Williams &amp; Wilkins.<\/span><\/span><\/span><\/span>\n\t<\/li>\n<li style=\"margin-top:0cm;margin-right:0cm;margin-bottom:0cm\">\n\t\t<span style=\"background:white\"><span style=\"line-height:normal\"><span lang=\"ET\" style=\"color:black\">ACSM\u2019s Sports Medicine. A Comprehensive Review. O\u2019Connor FR, Casa DJ, Davis PSt, Sallis RE, Widler RP (Eds). 2013, Wolter Kluwer, Lippincott Williams &amp; Wlikins.<\/span><\/span><\/span>\n\t<\/li>\n<li style=\"margin-top:0cm;margin-right:.1pt;margin-bottom:0cm\">\n\t\t<span style=\"background:white\"><span style=\"line-height:normal\"><span><span lang=\"ET\" style=\"color:black\">Banfi G, Colombini A, Lombradi G, Lubkowska A. Metabolic markers in sports medicine. Adv Clin Chem 2012;56:1-54.<\/span><\/span><\/span><\/span>\n\t<\/li>\n<li style=\"margin-top:0cm;margin-right:.1pt;margin-bottom:0cm\">\n\t\t<span style=\"background:white\"><span style=\"line-height:normal\"><span><span lang=\"ET\" style=\"color:black\">Corrado D et al. Cardiovascular pre-participation screening of young competitive athletes for prevention of sudden death: proposal for a common European protocol. Consensus Statement of the Study Group of Sport Cardiology of the Working Group of Cardiac Rehabilitation and Exercise Physiology and the Working Group of Myocardial and Pericardial Diseases of the European Society of Cardiology. <\/span><\/span><\/span><\/span><span style=\"color:black\">Eur Heart J.<\/span><span style=\"background:white\"><span style=\"line-height:normal\"><span><span lang=\"ET\" style=\"color:black\"> 2005;26(5):516-52.\u00a0<\/span><\/span><\/span><\/span><a data-url=\"http:\/\/www.ncbi.nlm.nih.gov\/pubmed\/15689345\" href=\"http:\/\/www.ncbi.nlm.nih.gov\/pubmed\/15689345\" target=\"_blank\" title=\"\" rel=\"noopener\">http:\/\/www.ncbi.nlm.nih.gov\/pubmed\/15689345<\/a>\n\t<\/li>\n<li style=\"margin-top:0cm;margin-right:0cm;margin-bottom:0cm\">\n\t\t<span style=\"background:white\"><span style=\"line-height:normal\"><span><span lang=\"ET\" style=\"color:black\">Danielsen KK et al. Changes in body composition, cardiovascular disease risk factors, and eating behavior after an intensive lifestyle intervention with high volume of physical activity in severely obese subjects: A Prospective Clinical Controlled Trial. J Obes 2013;<\/span> <span lang=\"ET\" style=\"color:black\">doi: 10.1155\/2013\/325464. Epub 2013 Apr 22.<\/span><\/span><\/span><\/span>\n\t<\/li>\n<li style=\"margin-top:0cm;margin-right:0cm;margin-bottom:0cm\">\n\t\t<span style=\"background:white\"><span style=\"line-height:normal\"><span><span lang=\"ET\" style=\"color:black\">Donnelly JE et al. Appropriate physical activity intervention strategies for weight loss and prevention of weight regain for adults. ACSM Position Stand. <\/span><span lang=\"ET\" style=\"color:black\">Med Sci Sports Exerc<\/span><span lang=\"ET\" style=\"color:black\"> 2009;<\/span><span lang=\"ET\" style=\"color:black\"> 41:<\/span><span lang=\"ET\" style=\"color:black\">459-471.<\/span><\/span><\/span><\/span>\n\t<\/li>\n<li style=\"margin-top:0cm;margin-right:0cm;margin-bottom:0cm\">\n\t\t<span style=\"background:white\"><span style=\"line-height:normal\"><span><span lang=\"ET\" style=\"color:black\">Fallon KE, Fallon SK, Boston T. The acute phase response and exercise: court and field sports. B J Sports Med 2001;35:170-173.<\/span><\/span><\/span><\/span>\n\t<\/li>\n<li style=\"margin-top:0cm;margin-right:0cm;margin-bottom:0cm\">\n\t\t<span style=\"line-height:normal\"><span>Foster C, Cotter HM. Blood lactate, respiratory, and heart rate markers on the capacity for sustained exercise. In PJ. Maud &amp; C. Foster (eds.), Physiological assessment of human fitness (2nd ed.). Champaign, IL: Human Kinetics; 2006.<\/span><\/span>\n\t<\/li>\n<li style=\"margin-top:0cm;margin-right:.1pt;margin-bottom:0cm\">\n\t\t<span style=\"background:white\"><span style=\"line-height:normal\"><span><span lang=\"ET\" style=\"color:black\">Gielen S et al. <\/span><span lang=\"ET\" style=\"color:black\">Cardiovascular effects of exercise training: molecular mechanisms. <\/span><\/span><\/span><\/span><span style=\"color:black\">Circulation.<\/span><span style=\"background:white\"><span style=\"line-height:normal\"><span><span lang=\"ET\" style=\"color:black\"> 2010 122(12):1221-1238.\u00a0 <\/span><\/span><\/span><\/span><a data-url=\"http:\/\/www.ncbi.nlm.nih.gov\/pubmed\/20855669\" href=\"http:\/\/www.ncbi.nlm.nih.gov\/pubmed\/20855669\" target=\"_blank\" title=\"\" rel=\"noopener\">http:\/\/www.ncbi.nlm.nih.gov\/pubmed\/20855669<\/a>\n\t<\/li>\n<li style=\"margin-top:0cm;margin-right:.1pt;margin-bottom:0cm\">\n\t\t<span style=\"background:white\"><span style=\"line-height:normal\"><span><span lang=\"ET\" style=\"color:black\">Harmon KG et al. Incid<\/span><span lang=\"ET\" style=\"color:black\">ence of sudden cardiac death in National Collegiate Athletic Association athletes. Circulation 2011;123(15):1594-1600.<\/span><\/span><\/span><\/span>\n\t<\/li>\n<li style=\"margin-top:0cm;margin-right:.1pt;margin-bottom:0cm\">\n\t\t<span style=\"background:white\"><span style=\"line-height:normal\"><span><span lang=\"ET\" style=\"color:black\">Joyner MJ, Coyle EF. Endurance exercise performance: the physiology of champions. J Physiol 2008;586:35-44.<\/span><\/span><\/span><\/span>\n\t<\/li>\n<li style=\"margin-top:0cm;margin-right:0cm;margin-bottom:0cm\">\n\t\t<span style=\"line-height:normal\">Kasapis C, Thomson PD. The effect of physical activity on seerum C-reactive protein and inflammatory markers. JACC 2005;45:1564-9.<\/span>\n\t<\/li>\n<li style=\"margin-top:0cm;margin-right:0cm;margin-bottom:0cm\">\n\t\t<span style=\"line-height:normal\">Kohrt W et al. Physical activity and bone health. ACSM Position Stand. Med Sci Sports Exerc 2004; 36:1985-1996.<\/span>\n\t<\/li>\n<li align=\"left\" class=\"MsoBodyText\" style=\"text-align:left\">\n\t\t<span lang=\"ET\"><span>Lawton R. Skin disease in wrestling. <\/span><\/span><a data-url=\"http:\/\/www.blackmagic.com\/ses\/wrest\/reference\/skininf.html\" href=\"http:\/\/www.blackmagic.com\/ses\/wrest\/reference\/skininf.html\" target=\"_blank\" title=\"\" rel=\"noopener\">http:\/\/www.blackmagic.com\/ses\/wrest\/reference\/skininf.html<\/a>\n\t<\/li>\n<li style=\"margin-top:0cm;margin-right:0cm;margin-bottom:0cm\">\n\t\t<span style=\"background:white\"><span style=\"line-height:normal\"><span><span lang=\"ET\" style=\"color:black\">Maaroos J. Tervisekahjustused spordis. 2000, Tartu \u00dclikool, Tartu.<\/span><\/span><\/span><\/span>\n\t<\/li>\n<li style=\"margin-top:0cm;margin-right:0cm;margin-bottom:0cm\">\n\t\t<span style=\"background:white\"><span style=\"line-height:normal\"><span><span lang=\"ET\" style=\"color:black\">Maron BJ et al. 36th Bethesda Conference: Eligibility Recommendations for Competitive Athletes With Cardiovascular Abnormalities. JACC 2005;45:1313-1375.<\/span><\/span><\/span><\/span>\n\t<\/li>\n<li style=\"margin-top:0cm;margin-right:0cm;margin-bottom:0cm\">\n\t\t<span style=\"background:white\"><span style=\"line-height:normal\"><span><span lang=\"ET\" style=\"color:black\">Maron BJ et al. <\/span><span lang=\"EN\" style=\"color:black\">AHA Scientific Statements. Recommendations and Considerations Related to Preparticipation Screening for Cardiovascular Abnormalities in Competitive Athletes: 2007 Update:\u00a0 \u00a0Scientific Statement From the American Heart Association Council on Nutrition, Physical Activity, and Metabolism: <i>Endorsed by the American College of Cardiology Foundation. <\/i>Circulation 2007;115:1643-1655.<\/span><\/span><\/span><\/span>\n\t<\/li>\n<li style=\"margin-top:0cm;margin-right:0cm;margin-bottom:0cm\">\n\t\t<span style=\"line-height:normal\"><span>Mettler S, Zimmermann MB. Iron excess in recreational maraton runners. <\/span><\/span>Eur J Clin Nutr<span style=\"line-height:normal\"><span> 2010:64;1-5.\u00a0 <\/span><\/span><a data-url=\"http:\/\/www.ncbi.nlm.nih.gov\/pubmed\/?term=Iron+excess+in+recreational+maraton+runners\" href=\"http:\/\/www.ncbi.nlm.nih.gov\/pubmed\/?term=Iron+excess+in+recreational+maraton+runners\" target=\"_blank\" title=\"\" rel=\"noopener\">http:\/\/www.ncbi.nlm.nih.gov\/pubmed\/?term=Iron+excess+in+recreational+maraton+runners<\/a>\n\t<\/li>\n<li style=\"margin-top:0cm;margin-right:0cm;margin-bottom:12.0pt\">\n\t\t<span style=\"line-height:normal\">Mountjoy M, Sundgot- Borgen JK, Burke LM, Ackerman KE, Blauwet C jt. IOC consensus statement on relative energy deficiency in sport (RED-S): 2018 update. British Journal of Sports Medicine 2018;52(11):687-697.<\/span>\n\t<\/li>\n<li style=\"margin-top:0cm;margin-right:0cm;margin-bottom:0cm\">\n\t\t<span style=\"background:white\"><span style=\"line-height:normal\"><span lang=\"ET\" style=\"color:black\">Nattiv A et al. The female athlete triad. ACSM Position Stand. Med Sci Sports Exerc 2007;39:1867-1882.<\/span><\/span><\/span>\n\t<\/li>\n<li style=\"margin-top:0cm;margin-right:0cm;margin-bottom:0cm\">\n\t\t<span style=\"line-height:normal\"><span>Nielsen FH, Lukaski HC. Update on the relationship between magnesium and exercise. Magnesium Research 2006;19:180-189.<\/span><\/span>\n\t<\/li>\n<li style=\"margin-top:0cm;margin-right:0cm;margin-bottom:0cm\">\n\t\t<span style=\"background:white\"><span style=\"line-height:normal\"><span lang=\"ET\" style=\"color:black\">Siigur U, Kallion K. Labori k\u00e4siraamat. SA T\u00dcK, Tartu 2012.<\/span><\/span><\/span>\n\t<\/li>\n<li style=\"margin-top:0cm;margin-right:0cm;margin-bottom:0cm\">\n\t\t<span style=\"background:white\"><span style=\"line-height:normal\"><span lang=\"ET\" style=\"color:black\">Sundgot-Borgen J, Torstveit MK. Prevalence of eating disorders in elite athletes is higher than in the general population.Clin J Sport Med. 2004;14(1):25-32.<\/span><\/span><\/span>\n\t<\/li>\n<li style=\"margin-top:0cm;margin-right:.1pt;margin-bottom:0cm\">\n\t\t<span style=\"background:white\"><span style=\"line-height:normal\"><span><span lang=\"EN\" style=\"color:black\">\u00d6\u00f6pik V. Treeningkoormuste m\u00f5ju inimese organismile. Spordi \u00fcldained I tase. Treenerite tasemekoolitus 2008:13-21.<\/span><\/span><\/span><\/span>\n\t<\/li>\n<\/ol>\n","protected":false},"excerpt":{"rendered":"<p>ACSM\u2019s Resource Manual for Guidelines for Exercise Testing and Prescription. Fifth edition. Kaminsky LA (Ed). 2006, Lippinkott Williams &amp; Wilkins. ACSM\u2019s Sports Medicine. A Comprehensive Review. O\u2019Connor FR, Casa DJ, Davis PSt, Sallis RE, Widler RP (Eds). 2013, Wolter Kluwer, &#8230;<\/p>\n","protected":false},"author":243,"featured_media":0,"parent":0,"menu_order":0,"comment_status":"closed","ping_status":"closed","template":"","meta":{"_acf_changed":false,"inline_featured_image":false,"footnotes":""},"class_list":["post-12","page","type-page","status-publish","hentry"],"acf":[],"_links":{"self":[{"href":"https:\/\/sisu.ut.ee\/spordimeditsiini-algkursus\/wp-json\/wp\/v2\/pages\/12","targetHints":{"allow":["GET"]}}],"collection":[{"href":"https:\/\/sisu.ut.ee\/spordimeditsiini-algkursus\/wp-json\/wp\/v2\/pages"}],"about":[{"href":"https:\/\/sisu.ut.ee\/spordimeditsiini-algkursus\/wp-json\/wp\/v2\/types\/page"}],"author":[{"embeddable":true,"href":"https:\/\/sisu.ut.ee\/spordimeditsiini-algkursus\/wp-json\/wp\/v2\/users\/243"}],"replies":[{"embeddable":true,"href":"https:\/\/sisu.ut.ee\/spordimeditsiini-algkursus\/wp-json\/wp\/v2\/comments?post=12"}],"version-history":[{"count":1,"href":"https:\/\/sisu.ut.ee\/spordimeditsiini-algkursus\/wp-json\/wp\/v2\/pages\/12\/revisions"}],"predecessor-version":[{"id":198,"href":"https:\/\/sisu.ut.ee\/spordimeditsiini-algkursus\/wp-json\/wp\/v2\/pages\/12\/revisions\/198"}],"wp:attachment":[{"href":"https:\/\/sisu.ut.ee\/spordimeditsiini-algkursus\/wp-json\/wp\/v2\/media?parent=12"}],"curies":[{"name":"wp","href":"https:\/\/api.w.org\/{rel}","templated":true}]}}