{"id":11,"date":"2024-04-04T06:59:25","date_gmt":"2024-04-04T03:59:25","guid":{"rendered":"https:\/\/sisu.ut.ee\/spordimeditsiini-algkursus\/9-lisamaterjalid\/"},"modified":"2024-04-04T06:59:56","modified_gmt":"2024-04-04T03:59:56","slug":"9-lisamaterjalid","status":"publish","type":"page","link":"https:\/\/sisu.ut.ee\/spordimeditsiini-algkursus\/9-lisamaterjalid\/","title":{"rendered":"9. Lisamaterjalid"},"content":{"rendered":"<p style=\"margin-bottom:.0001pt;text-align:justify\">\n\t<span><span style=\"line-height:normal\"><span lang=\"ET\">Siia peat\u00fckki on koondatud \u00f5ppekava v\u00e4line \u00f5ppematerjal huvilistele tutvumiseks.<\/span><\/span><\/span><\/p>\n","protected":false},"excerpt":{"rendered":"<p>Siia peat\u00fckki on koondatud \u00f5ppekava v\u00e4line \u00f5ppematerjal huvilistele tutvumiseks.<\/p>\n","protected":false},"author":243,"featured_media":0,"parent":0,"menu_order":0,"comment_status":"closed","ping_status":"closed","template":"","meta":{"_acf_changed":false,"inline_featured_image":false,"footnotes":""},"class_list":["post-11","page","type-page","status-publish","hentry"],"acf":[],"_links":{"self":[{"href":"https:\/\/sisu.ut.ee\/spordimeditsiini-algkursus\/wp-json\/wp\/v2\/pages\/11","targetHints":{"allow":["GET"]}}],"collection":[{"href":"https:\/\/sisu.ut.ee\/spordimeditsiini-algkursus\/wp-json\/wp\/v2\/pages"}],"about":[{"href":"https:\/\/sisu.ut.ee\/spordimeditsiini-algkursus\/wp-json\/wp\/v2\/types\/page"}],"author":[{"embeddable":true,"href":"https:\/\/sisu.ut.ee\/spordimeditsiini-algkursus\/wp-json\/wp\/v2\/users\/243"}],"replies":[{"embeddable":true,"href":"https:\/\/sisu.ut.ee\/spordimeditsiini-algkursus\/wp-json\/wp\/v2\/comments?post=11"}],"version-history":[{"count":1,"href":"https:\/\/sisu.ut.ee\/spordimeditsiini-algkursus\/wp-json\/wp\/v2\/pages\/11\/revisions"}],"predecessor-version":[{"id":199,"href":"https:\/\/sisu.ut.ee\/spordimeditsiini-algkursus\/wp-json\/wp\/v2\/pages\/11\/revisions\/199"}],"wp:attachment":[{"href":"https:\/\/sisu.ut.ee\/spordimeditsiini-algkursus\/wp-json\/wp\/v2\/media?parent=11"}],"curies":[{"name":"wp","href":"https:\/\/api.w.org\/{rel}","templated":true}]}}