{"id":5,"date":"2024-04-04T04:42:15","date_gmt":"2024-04-04T01:42:15","guid":{"rendered":"https:\/\/sisu.ut.ee\/soul2019\/home-0\/"},"modified":"2024-04-04T04:43:00","modified_gmt":"2024-04-04T01:43:00","slug":"home-0","status":"publish","type":"page","link":"https:\/\/sisu.ut.ee\/soul2019\/","title":{"rendered":"3rd SOUL \u2013 Syntax of Uralic Languages"},"content":{"rendered":"<p>\n\tInvited speakers:<br>Nikolett F. Guly\u00e1s, E\u00f6tv\u00f6s Lor\u00e1nd University, Budapest: <em><a data-fid=\"36877\" href=\"https:\/\/sisu.ut.ee\/wp-content\/uploads\/sites\/316\/f._gulyaes_imp_fu.pdf\" target=\"_blank\" rel=\"noopener\"><em>Impersonals in Finno-Ugric<\/em><\/a><\/em><br>Jussi Ylikoski, University of Oulu &amp;\u00a0<span>S\u00e1mi University of Applied Sciences<\/span>:\u00a0<em><a data-fid=\"36085\" href=\"https:\/\/sisu.ut.ee\/wp-content\/uploads\/sites\/316\/ylikoski_.pdf\" target=\"_blank\" rel=\"noopener\">Dwarf cases in Estonian and elsewhere<\/a><\/em>\n<\/p>\n<p>\n\tImportant dates:<br>Abstract submission:\u00a015 February 2019<br>Notification of acceptance: 15 March 2019<br>Registration: 1st of June 2019<br>Conference: 18\u201319 June 2019\n<\/p>\n<p>\n\tOrganizers:<br>Gerson Klumpp, Miina Norvik, Denys Teptiuk, Marili Tomingas\n<\/p>\n<p>\n\tScientific board:<br>Erika Asztalos, Anders Holmberg, Gerson Klumpp, Liina Lindstr\u00f6m, Miina Norvik, Fedor Rozhanskiy, Bal\u00e1zs Sur\u00e1nyi,\u00a0Denys Teptiuk, Virve-Anneli Vihman<\/p>\n","protected":false},"excerpt":{"rendered":"<p>Invited speakers:Nikolett F. Guly\u00e1s, E\u00f6tv\u00f6s Lor\u00e1nd University, Budapest: Impersonals in Finno-UgricJussi Ylikoski, University of Oulu &amp;\u00a0S\u00e1mi University of Applied Sciences:\u00a0Dwarf cases in Estonian and elsewhere Important dates:Abstract submission:\u00a015 February 2019Notification of acceptance: 15 March 2019Registration: 1st of June 2019Conference: 18\u201319 &#8230;<\/p>\n","protected":false},"author":170,"featured_media":0,"parent":0,"menu_order":0,"comment_status":"closed","ping_status":"closed","template":"","meta":{"_acf_changed":false,"inline_featured_image":false,"footnotes":""},"class_list":["post-5","page","type-page","status-publish","hentry"],"acf":[],"_links":{"self":[{"href":"https:\/\/sisu.ut.ee\/soul2019\/wp-json\/wp\/v2\/pages\/5","targetHints":{"allow":["GET"]}}],"collection":[{"href":"https:\/\/sisu.ut.ee\/soul2019\/wp-json\/wp\/v2\/pages"}],"about":[{"href":"https:\/\/sisu.ut.ee\/soul2019\/wp-json\/wp\/v2\/types\/page"}],"author":[{"embeddable":true,"href":"https:\/\/sisu.ut.ee\/soul2019\/wp-json\/wp\/v2\/users\/170"}],"replies":[{"embeddable":true,"href":"https:\/\/sisu.ut.ee\/soul2019\/wp-json\/wp\/v2\/comments?post=5"}],"version-history":[{"count":1,"href":"https:\/\/sisu.ut.ee\/soul2019\/wp-json\/wp\/v2\/pages\/5\/revisions"}],"predecessor-version":[{"id":95,"href":"https:\/\/sisu.ut.ee\/soul2019\/wp-json\/wp\/v2\/pages\/5\/revisions\/95"}],"wp:attachment":[{"href":"https:\/\/sisu.ut.ee\/soul2019\/wp-json\/wp\/v2\/media?parent=5"}],"curies":[{"name":"wp","href":"https:\/\/api.w.org\/{rel}","templated":true}]}}