{"id":9,"date":"2024-04-04T06:15:58","date_gmt":"2024-04-04T03:15:58","guid":{"rendered":"https:\/\/sisu.ut.ee\/sotsiaalneettevotlus\/teema-3\/"},"modified":"2024-04-05T13:39:46","modified_gmt":"2024-04-05T10:39:46","slug":"teema-3","status":"publish","type":"page","link":"https:\/\/sisu.ut.ee\/sotsiaalneettevotlus\/teema-3\/","title":{"rendered":"Kuidas lahendada sotsiaalne probleem?"},"content":{"rendered":"<p style=\"text-align: justify\">\r\n\t<span style=\"font-size:16px\"><span style=\"font-family:Georgia,serif\"><span style=\"color:#000000\">K\u00e4esoleva teema\u00a0eesm\u00e4rgiks on Rosanne Haggerty TEDx videoloengu\u00a0iseseisval l\u00e4bit\u00f6\u00f6tamisel saada eluline n\u00e4ide sotsiaalse ettev\u00f5tte abil \u00fchiskondliku probleemi lahendamisest.\u00a0Video l\u00e4bit\u00f6\u00f6tamisel\u00a0vasta k\u00f5igile kontrollk\u00fcsimustele, tee\u00a0m\u00e4rkmeid ning vajadusel vaata uuesti. Seej\u00e4rel l\u00e4bi kolmas test.\u00a0Antud teema\u00a0l\u00e4bimiseks kulub ligikaudu neli\u00a0tundi.<\/span><\/span><\/span>\r\n<\/p>\r\n\r\n<blockquote>\r\n\t<p style=\"text-align: justify\">\r\n\t\t<em><span style=\"font-family:Georgia,serif\"><span style=\"color:#000000\"><span style=\"font-size:16px\">CommuniCare keskendub suhtlusvaeguse tagaj\u00e4rgede (nt. vaimse tervise varajane\u00a0halvenemine)\u00a0ennetamisele, mitte lahendamisele. Ennetav l\u00e4henemine on just sotsiaalsete probleemide lahendamisel eriti oluline, sest tagaj\u00e4rgede likvideerimine on sageli tunduvalt keerulisem, kui mitte v\u00f5imatu.<\/span><\/span><\/span><\/em>\r\n\t<\/p>\r\n<\/blockquote>\r\n\r\n<p style=\"text-align: justify\">\r\n\t<\/p><div class=\"h5p-iframe-wrapper\"><div class=\"video-placeholder-wrapper video-placeholder-wrapper--fixed\" style=\"height: 366px;\">\n\t\t\t    <div class=\"video-placeholder d-flex justify-content-center align-items-center\">\n\t\t\t        <div class=\"overlay text-white p-2 w-100 text-center d-block justify-content-center align-items-center\">\n\t\t\t            <div>Kolmandate osapoolte sisu n\u00e4gemiseks palun n\u00f5ustu k\u00fcpsistega.<\/div>\n\t\t\t            <button class=\"btn btn-secondary btn-sm mt-1 consent-change\">Muuda n\u00f5usolekut<\/button>\n\t\t\t        <\/div>\n\t\t\t    <\/div>\n\t\t\t<\/div>\n<\/div><em><span style=\"font-size:16px\"><span style=\"font-family:Georgia,serif\">Loengut vaadates pane t\u00e4hele, mida Rosanne ning tema tiim algselt valesti tegid ja misp\u00e4rast nende lahendus\u00a0skaleeritav polnud.<\/span><\/span><\/em>\r\n\r\n","protected":false},"excerpt":{"rendered":"<p>K\u00e4esoleva teema\u00a0eesm\u00e4rgiks on Rosanne Haggerty TEDx videoloengu\u00a0iseseisval l\u00e4bit\u00f6\u00f6tamisel saada eluline n\u00e4ide sotsiaalse ettev\u00f5tte abil \u00fchiskondliku probleemi lahendamisest.\u00a0Video l\u00e4bit\u00f6\u00f6tamisel\u00a0vasta k\u00f5igile kontrollk\u00fcsimustele, tee\u00a0m\u00e4rkmeid ning vajadusel vaata uuesti. Seej\u00e4rel l\u00e4bi kolmas test.\u00a0Antud teema\u00a0l\u00e4bimiseks kulub ligikaudu neli\u00a0tundi. CommuniCare keskendub suhtlusvaeguse tagaj\u00e4rgede (nt. vaimse tervise &#8230;<\/p>\n","protected":false},"author":164,"featured_media":0,"parent":0,"menu_order":0,"comment_status":"closed","ping_status":"closed","template":"","meta":{"_acf_changed":false,"inline_featured_image":false,"footnotes":""},"class_list":["post-9","page","type-page","status-publish","hentry"],"acf":[],"_links":{"self":[{"href":"https:\/\/sisu.ut.ee\/sotsiaalneettevotlus\/wp-json\/wp\/v2\/pages\/9","targetHints":{"allow":["GET"]}}],"collection":[{"href":"https:\/\/sisu.ut.ee\/sotsiaalneettevotlus\/wp-json\/wp\/v2\/pages"}],"about":[{"href":"https:\/\/sisu.ut.ee\/sotsiaalneettevotlus\/wp-json\/wp\/v2\/types\/page"}],"author":[{"embeddable":true,"href":"https:\/\/sisu.ut.ee\/sotsiaalneettevotlus\/wp-json\/wp\/v2\/users\/164"}],"replies":[{"embeddable":true,"href":"https:\/\/sisu.ut.ee\/sotsiaalneettevotlus\/wp-json\/wp\/v2\/comments?post=9"}],"version-history":[{"count":3,"href":"https:\/\/sisu.ut.ee\/sotsiaalneettevotlus\/wp-json\/wp\/v2\/pages\/9\/revisions"}],"predecessor-version":[{"id":91,"href":"https:\/\/sisu.ut.ee\/sotsiaalneettevotlus\/wp-json\/wp\/v2\/pages\/9\/revisions\/91"}],"wp:attachment":[{"href":"https:\/\/sisu.ut.ee\/sotsiaalneettevotlus\/wp-json\/wp\/v2\/media?parent=9"}],"curies":[{"name":"wp","href":"https:\/\/api.w.org\/{rel}","templated":true}]}}