{"id":8,"date":"2024-04-04T06:15:58","date_gmt":"2024-04-04T03:15:58","guid":{"rendered":"https:\/\/sisu.ut.ee\/sotsiaalneettevotlus\/avaleht\/"},"modified":"2024-07-01T15:09:11","modified_gmt":"2024-07-01T12:09:11","slug":"avaleht","status":"publish","type":"page","link":"https:\/\/sisu.ut.ee\/sotsiaalneettevotlus\/","title":{"rendered":"Avaleht"},"content":{"rendered":"<p style=\"text-align: justify; margin-bottom: 20px;\"><span style=\"color: #000000;\"><span style=\"font-size: 40px; line-height: 1.3;\"><span style=\"font-family: Georgia,serif;\">Tere tulemast kursusele<br>\n\u201cSotsiaalse ettev\u00f5tte loomise alused\u201d!<\/span><\/span><\/span><\/p>\n<p style=\"text-align: justify;\"><span style=\"color: #000000;\"><span style=\"font-size: 16px;\"><span style=\"font-family: Georgia,serif;\"><span lang=\"ET\"><span style=\"background: white;\"><span style=\"line-height: 107%;\">Sotsiaalsete ettev\u00f5tete eesm\u00e4rgiks on\u00a0lahendada l\u00e4bi \u00e4ritegevuse erisuguseid \u00fchiskondlikke probleeme. Vajakaj\u00e4\u00e4misi ning arenguv\u00f5imalusi esineb nii hariduses, keskkonnakaitses, tervishoius,\u00a0sotsiaalhoolekandes kui ka pea igas teises valdkonnas. Murekohti on l\u00f5putult ning erinevaid lahendusi ja l\u00e4henemisviise on\u00a0v\u00e4hemalt sama palju. \u00dchiskondlike probleemide k\u00e4sitlemisel loodetakse tavaliselt enim vabatahtlike ja\u00a0filantroopide abile. Luuakse fonde ning v\u00e4ljastatakse toetusi, kuid tavaliselt pole selline l\u00e4henemine kuigi j\u00e4tkusuutlik, sest annetajate kadudes leiab l\u00f5pu ka algne ettev\u00f5tmine.<\/span><\/span><\/span><\/span><\/span><\/span><\/p>\n<p style=\"text-align: justify;\"><span style=\"color: #000000;\"><span style=\"font-size: 16px;\"><span style=\"font-family: Georgia,serif;\"><span lang=\"ET\"><span style=\"background: white;\"><span style=\"line-height: 107%;\">Meie \u00fchiskonnas\u00a0levib negatiivne eelarvamus kasumlike sotsiaalsete ettev\u00f5tete kohta. Inimestele n\u00e4ib, et iga euro, mis ei j\u00f5ua otse abivajajateni, on raisatud, v\u00f5i veel hullem, neilt v\u00e4lja petetud.\u00a0Uue p\u00f5lvkonna l\u00e4henemine, mis on hetkel juba vilju kandmas, seisneb kasumliku ning isemajandava \u00e4rimudeli v\u00e4ljat\u00f6\u00f6tamises ja ressursside sihtotstarbelises rakendamises.\u00a0Isegi k\u00f5ige omakasup\u00fc\u00fcdmatute\u00a0kavatsustega ettev\u00f5te peab teenima kasumit, sest parima tulemuse saavutamiseks\u00a0on vaja pidevat arendustegevust, aktiivset\u00a0turundust ning motiveeritud t\u00f6\u00f6tajaid.\u00a0<\/span><\/span><\/span><\/span><\/span><\/span><span style=\"color: #000000;\"><span style=\"font-size: 16px;\"><span style=\"font-family: Georgia,serif;\"><span lang=\"ET\"><span style=\"background: white;\"><span style=\"line-height: 107%;\">Sotsiaalvaldkonnas tegelevate ettev\u00f5tjate h\u00fcppeline kasv n\u00e4itab selgelt aset leidvat paradigma muutust, mis loodetavasti toob endaga kaasa hulgaliselt positiivseid muutusi.\u00a0Selle kursuse autorid\u00a0<strong>Andre-Loit Valli ja Norman Vester<\/strong>\u00a0arendavad hetkel\u00a0hooldekodusid digitaliseerivat ettev\u00f5tet <strong>CommuniCare<\/strong>. Soovime, et k\u00f5ik kursuse l\u00e4binud omandaksid vajalikud t\u00f6\u00f6riistad sotsiaalse ettev\u00f5tte loomiseks, kuid tasub meeles pidada, et k\u00f5ige olulisem on lihtsalt pihta hakata \u2013 k\u00f5ik, mida veel ei oska, saab t\u00f6\u00f6 k\u00e4igus omandada. Kursus s\u00fcndis koost\u00f6\u00f6s Tartu \u00dclikooliga.<\/span><\/span><\/span><\/span><\/span><\/span><\/p>\n<p style=\"text-align: justify;\"><span style=\"color: #000000;\"><span style=\"font-size: 16px;\"><span style=\"font-family: Georgia,serif;\">\u00d5ppematerjali t\u00e4ielikuks omandamiseks\u00a0on vajalik kasutada otsingumootoreid (nagu Google v\u00f5i Bing) ning l\u00e4bi t\u00f6\u00f6tada ingliskeelseid materjale ja videoid. Soovituslikud materjalid, nagu n\u00e4iteks \u00f5ppimist toetavad teaduslikud tekstid, on PDF formaadis edaspidiseks kasutamiseks alla laetavad.\u00a0M\u00f5istlik on\u00a0\u00f5ppeprotsessi k\u00e4igus, eriti videote l\u00e4bit\u00f6\u00f6tamisel, teha endale m\u00e4rkmeid, et \u00f5pitut kinnistada. Kursuse p\u00f5hiosa maht on 1 EAP ehk 26 tundi.<\/span><\/span><\/span><\/p>\n<p style=\"text-align: justify;\"><\/p><div class=\"h5p-iframe-wrapper\"><div class=\"video-placeholder-wrapper video-placeholder-wrapper--fixed\" style=\"height: 366px;\">\n\t\t\t    <div class=\"video-placeholder d-flex justify-content-center align-items-center\">\n\t\t\t        <div class=\"overlay text-white p-2 w-100 text-center d-block justify-content-center align-items-center\">\n\t\t\t            <div>Kolmandate osapoolte sisu n\u00e4gemiseks palun n\u00f5ustu k\u00fcpsistega.<\/div>\n\t\t\t            <button class=\"btn btn-secondary btn-sm mt-1 consent-change\">Muuda n\u00f5usolekut<\/button>\n\t\t\t        <\/div>\n\t\t\t    <\/div>\n\t\t\t<\/div>\n<\/div>\n","protected":false},"excerpt":{"rendered":"<p>Tere tulemast kursusele \u201cSotsiaalse ettev\u00f5tte loomise alused\u201d! Sotsiaalsete ettev\u00f5tete eesm\u00e4rgiks on\u00a0lahendada l\u00e4bi \u00e4ritegevuse erisuguseid \u00fchiskondlikke probleeme. Vajakaj\u00e4\u00e4misi ning arenguv\u00f5imalusi esineb nii hariduses, keskkonnakaitses, tervishoius,\u00a0sotsiaalhoolekandes kui ka pea igas teises valdkonnas. Murekohti on l\u00f5putult ning erinevaid lahendusi ja l\u00e4henemisviise on\u00a0v\u00e4hemalt sama &#8230;<\/p>\n","protected":false},"author":164,"featured_media":0,"parent":0,"menu_order":0,"comment_status":"closed","ping_status":"closed","template":"","meta":{"_acf_changed":false,"inline_featured_image":false,"footnotes":""},"class_list":["post-8","page","type-page","status-publish","hentry"],"acf":[],"_links":{"self":[{"href":"https:\/\/sisu.ut.ee\/sotsiaalneettevotlus\/wp-json\/wp\/v2\/pages\/8","targetHints":{"allow":["GET"]}}],"collection":[{"href":"https:\/\/sisu.ut.ee\/sotsiaalneettevotlus\/wp-json\/wp\/v2\/pages"}],"about":[{"href":"https:\/\/sisu.ut.ee\/sotsiaalneettevotlus\/wp-json\/wp\/v2\/types\/page"}],"author":[{"embeddable":true,"href":"https:\/\/sisu.ut.ee\/sotsiaalneettevotlus\/wp-json\/wp\/v2\/users\/164"}],"replies":[{"embeddable":true,"href":"https:\/\/sisu.ut.ee\/sotsiaalneettevotlus\/wp-json\/wp\/v2\/comments?post=8"}],"version-history":[{"count":3,"href":"https:\/\/sisu.ut.ee\/sotsiaalneettevotlus\/wp-json\/wp\/v2\/pages\/8\/revisions"}],"predecessor-version":[{"id":99,"href":"https:\/\/sisu.ut.ee\/sotsiaalneettevotlus\/wp-json\/wp\/v2\/pages\/8\/revisions\/99"}],"wp:attachment":[{"href":"https:\/\/sisu.ut.ee\/sotsiaalneettevotlus\/wp-json\/wp\/v2\/media?parent=8"}],"curies":[{"name":"wp","href":"https:\/\/api.w.org\/{rel}","templated":true}]}}