{"id":7,"date":"2024-04-04T06:15:58","date_gmt":"2024-04-04T03:15:58","guid":{"rendered":"https:\/\/sisu.ut.ee\/sotsiaalneettevotlus\/teema-2\/"},"modified":"2024-04-04T06:16:25","modified_gmt":"2024-04-04T03:16:25","slug":"teema-2","status":"publish","type":"page","link":"https:\/\/sisu.ut.ee\/sotsiaalneettevotlus\/teema-2\/","title":{"rendered":"Sotsiaalse ettev\u00f5tluse silmaring"},"content":{"rendered":"<p style=\"text-align: justify\">\n\t<span style=\"color:#000000\"><span style=\"font-family:Georgia,serif\"><span style=\"font-size:16px\">K\u00e4esoleva teema\u00a0eesm\u00e4rgiks on tutvuda sotsiaalse ettev\u00f5tluse ajalooga ning hetkeolukorraga. Selleks kasuta omal valikul otsingumootoreid\u00a0(nt Google ja Bing) ning veebilehti iseseisvaks informatsiooni hankimiseks, et lahendada rists\u00f5na vormis teine\u00a0test. Seej\u00e4rel loe ka l\u00fchikokkuv\u00f5tet Eesti sotsiaalsetele ettev\u00f5tetele suunatud toetustest. Antud teema\u00a0l\u00e4bimiseks kulub ligikaudu kolm\u00a0tundi.<\/span><\/span><\/span>\n<\/p>\n<blockquote>\n<p style=\"text-align: justify\">\n\t\t<em><span style=\"color:#000000\"><span style=\"font-family:Georgia,serif\"><span style=\"font-size:16px\">CommuniCare on \u00fcks v\u00e4hestest sotsiaalsetest ettev\u00f5tetest, mille kliendiks on eksklusiivselt hooldekodud. Nad on saanud rahastust n\u00e4iteks <\/span><\/span><\/span><span style=\"font-size:16px\"><span style=\"font-family:Georgia,serif\"><a data-url=\"https:\/\/www.kysk.ee\" href=\"https:\/\/www.kysk.ee\" target=\"_blank\" title=\"\" rel=\"noopener\">Kodaniku\u00fchiskonna Sihtkapitalist<\/a><\/span><\/span><span style=\"color:#000000\"><span style=\"font-family:Georgia,serif\"><span style=\"font-size:16px\">, mis annab muuhulgas v\u00e4lja vaba\u00fchenduste arenguh\u00fcppe toetusi.<\/span><\/span><\/span><\/em>\n\t<\/p>\n<\/blockquote>\n<hr>\n<h2 style=\"text-align: justify\">\n\t<span style=\"color:#000000\"><span style=\"font-size:18px\"><span style=\"font-family:Georgia,serif\"><strong>M\u00f5ned sotsiaalsetele ettev\u00f5tetele suunatud\u00a0toetused Eestis<\/strong><\/span><\/span><\/span><br>\n<\/h2>\n<p style=\"text-align: justify\">\n\t<img loading=\"lazy\" decoding=\"async\" width=\"2560\" height=\"1696\" class=\"alignnone wp-image-25\" src=\"https:\/\/sisu.ut.ee\/wp-content\/uploads\/sites\/443\/pexels-breakingpic-3305-scaled.jpg\" title=\"pexels-breakingpic-3305.jpg\" alt=\"toetused\" srcset=\"https:\/\/sisu.ut.ee\/wp-content\/uploads\/sites\/443\/pexels-breakingpic-3305-scaled.jpg 2560w, https:\/\/sisu.ut.ee\/wp-content\/uploads\/sites\/443\/pexels-breakingpic-3305-300x199.jpg 300w, https:\/\/sisu.ut.ee\/wp-content\/uploads\/sites\/443\/pexels-breakingpic-3305-1024x678.jpg 1024w, https:\/\/sisu.ut.ee\/wp-content\/uploads\/sites\/443\/pexels-breakingpic-3305-768x509.jpg 768w, https:\/\/sisu.ut.ee\/wp-content\/uploads\/sites\/443\/pexels-breakingpic-3305-1536x1017.jpg 1536w, https:\/\/sisu.ut.ee\/wp-content\/uploads\/sites\/443\/pexels-breakingpic-3305-2048x1356.jpg 2048w, https:\/\/sisu.ut.ee\/wp-content\/uploads\/sites\/443\/pexels-breakingpic-3305-1920x1272.jpg 1920w\" sizes=\"auto, (max-width: 2560px) 100vw, 2560px\">\n<\/p>\n<p style=\"text-align: justify\">\n\t<span style=\"font-size:16px\"><span style=\"font-family:Georgia,serif\"><span style=\"color:#000000\"><strong>1)\u00a0Aktiivsete Kodanike Fond Eestis <\/strong>(ACF) (info allikas:<\/span>\u00a0<a data-url=\"https:\/\/acf.ee\/programmist\" href=\"https:\/\/acf.ee\/programmist\" target=\"_blank\" title=\"\" rel=\"noopener\">https:\/\/acf.ee\/programmist<\/a><span style=\"color:#000000\">)<\/span><\/span><\/span>\n<\/p>\n<p style=\"text-align: justify\">\n\t<span style=\"color:#000000\"><span style=\"font-size:16px\"><span style=\"font-family:Georgia,serif\">\u201cACF-i eesm\u00e4rk on tugevdada kodaniku\u00fchiskonda ja kodanikuaktiivsust ning suurendada haavatavate r\u00fchmade m\u00f5juj\u00f5udu. Aastatel 2019\u20132023 on Eesti kodaniku\u00fchendustel v\u00f5imalik avalike projektikonkursside ja muude meetmete kaudu taotleda toetusi kokku 3,3 miljoni\u00a0euro ulatuses.\u201d<\/span><\/span><\/span>\n<\/p>\n<p style=\"text-align: justify\">\n\t<span style=\"color:#000000\"><span style=\"font-size:16px\"><span style=\"font-family:Georgia,serif\">Mis valdkondi toetatakse?<\/span><\/span><\/span>\n<\/p>\n<ul>\n<li style=\"text-align: justify\">\n\t\t<span style=\"color:#000000\"><span style=\"font-size:16px\"><span style=\"font-family:Georgia,serif\">demokraatia, kodanikuaktiivsus, hea valitsemistava ja l\u00e4bipaistvus<\/span><\/span><\/span>\n\t<\/li>\n<li style=\"text-align: justify\">\n\t\t<span style=\"color:#000000\"><span style=\"font-size:16px\"><span style=\"font-family:Georgia,serif\">inim\u00f5iguste ja v\u00f5rdse kohtlemise tagamine;\u00a0rassil v\u00f5i etnilisel p\u00e4ritolul, usul v\u00f5i maailmavaatel, sool, puudel, vanusel, seksuaalsel s\u00e4ttumusel v\u00f5i sooidentiteedil p\u00f5hineva diskrimineerimise vastane v\u00f5itlus<\/span><\/span><\/span>\n\t<\/li>\n<li style=\"text-align: justify\">\n\t\t<span style=\"color:#000000\"><span style=\"font-size:16px\"><span style=\"font-family:Georgia,serif\">sotsiaalne \u00f5iglus ja haavatavate r\u00fchmade kaasatus<\/span><\/span><\/span>\n\t<\/li>\n<li style=\"text-align: justify\">\n\t\t<span style=\"color:#000000\"><span style=\"font-size:16px\"><span style=\"font-family:Georgia,serif\">sooline v\u00f5rd\u00f5iguslikkus ja sooline v\u00e4givald<\/span><\/span><\/span>\n\t<\/li>\n<li style=\"text-align: justify\">\n\t\t<span style=\"color:#000000\"><span style=\"font-size:16px\"><span style=\"font-family:Georgia,serif\">keskkond ja kliimamuutused<\/span><\/span><\/span>\n\t<\/li>\n<\/ul>\n<p style=\"text-align: justify\">\n\t\u00a0\n<\/p>\n<p style=\"text-align: justify\">\n\t<span style=\"font-size:16px\"><span style=\"font-family:Georgia,serif\"><span style=\"color:#000000\"><strong>2) Heateo Sihtasutus <\/strong>(info allikas:\u00a0<\/span><a data-url=\"https:\/\/heategu.ee\/\" href=\"https:\/\/heategu.ee\/\" target=\"_blank\" title=\"\" rel=\"noopener\">https:\/\/heategu.ee\/<\/a><span style=\"color:#000000\">)<\/span><\/span><\/span>\n<\/p>\n<p style=\"text-align: justify\">\n\t<span style=\"color:#000000\"><span style=\"font-size:16px\"><span style=\"font-family:Georgia,serif\">\u201cAitame j\u00e4rgmise kolme aastaga k\u00e4ivitada ja kasvatada suureks\u00a04 kuni 6 m\u00f5jusat algatust. Lisaks rahale panustame algatustesse oma meeskonna ja ekspertide teadmisi ja aega.\u201d<\/span><\/span><\/span>\n<\/p>\n<p style=\"text-align: justify\">\n\t<span style=\"color:#000000\"><span style=\"font-size:16px\"><span style=\"font-family:Georgia,serif\">Fondi maht 500 000\u20ac kolmeks aastaks ning toetatakse 4-6 m\u00f5jusat algatust.<\/span><\/span><\/span>\n<\/p>\n<p style=\"text-align: justify\">\n\t<span style=\"color:#000000\"><span style=\"font-size:16px\"><span style=\"font-family:Georgia,serif\">Otsitakse algatusi:<\/span><\/span><\/span>\n<\/p>\n<ul>\n<li style=\"text-align: justify\">\n\t\t<span style=\"color:#000000\"><span style=\"font-size:16px\"><span style=\"font-family:Georgia,serif\">mis lahendavad teravaid probleeme Eesti\u00a0\u00fchiskonnas<\/span><\/span><\/span>\n\t<\/li>\n<li style=\"text-align: justify\">\n\t\t<span style=\"color:#000000\"><span style=\"font-size:16px\"><span style=\"font-family:Georgia,serif\">mille m\u00f5ju on v\u00f5imalik m\u00f5\u00f5ta<\/span><\/span><\/span>\n\t<\/li>\n<li style=\"text-align: justify\">\n\t\t<span style=\"color:#000000\"><span style=\"font-size:16px\"><span style=\"font-family:Georgia,serif\">mille taga on tugev meeskond<\/span><\/span><\/span>\n\t<\/li>\n<li style=\"text-align: justify\">\n\t\t<span style=\"color:#000000\"><span style=\"font-size:16px\"><span style=\"font-family:Georgia,serif\">millel on idee toimivast rahastusmudelist<\/span><\/span><\/span>\n\t<\/li>\n<\/ul>\n<p style=\"text-align: justify\">\n\t\u00a0\n<\/p>\n<p style=\"text-align: justify\">\n\t<span style=\"font-size:16px\"><span style=\"font-family:Georgia,serif\"><span style=\"color:#000000\"><strong>3) EAS<\/strong> (info allikas:\u00a0<\/span><a data-url=\"https:\/\/www.eas.ee\/teenused\/?eas=42\" href=\"https:\/\/www.eas.ee\/teenused\/?eas=42\" target=\"_blank\" title=\"\" rel=\"noopener\">https:\/\/www.eas.ee\/teenused\/?eas=42<\/a><span style=\"color:#000000\">)<\/span><\/span><\/span>\n<\/p>\n<p style=\"text-align: justify\">\n\t<span style=\"color:#000000\"><span style=\"font-size:16px\"><span style=\"font-family:Georgia,serif\">\u201cEASis viime sind sinu eesm\u00e4rkidele ja unistustele l\u00e4hemale. Me pakume lisaks erinevatele toetustele ka n\u00f5ustamisteenuseid ning praktilisi koolitusi ja t\u00f6\u00f6tubasid oma valdkonna tippude poolt. Lisaks aitavad meie ekspordin\u00f5ustajad sul edukalt ka v\u00e4listurgudele j\u00f5uda. Uuri meie teenuseid l\u00e4hemalt ja k\u00fcsi vajadusel lisainfot! Oleme sinu jaoks olemas.\u201d<\/span><\/span><\/span>\n<\/p>\n<p style=\"text-align: justify\">\n\t<span style=\"color:#000000\"><span style=\"font-size:16px\"><span style=\"font-family:Georgia,serif\">EASi toetuste valdkonnad:<\/span><\/span><\/span>\n<\/p>\n<ul>\n<li style=\"text-align: justify\">\n\t\t<span style=\"color:#000000\"><span style=\"font-size:16px\"><span style=\"font-family:Georgia,serif\"><label for=\"821\">COVID-19<\/label><\/span><\/span><\/span>\n\t<\/li>\n<li style=\"text-align: justify\">\n\t\t<span style=\"color:#000000\"><span style=\"font-size:16px\"><span style=\"font-family:Georgia,serif\"><label for=\"19\">Eksport<\/label><\/span><\/span><\/span>\n\t<\/li>\n<li style=\"text-align: justify\">\n\t\t<span style=\"color:#000000\"><span style=\"font-size:16px\"><span style=\"font-family:Georgia,serif\"><label for=\"42\">Ettev\u00f5tte areng<\/label><\/span><\/span><\/span>\n\t<\/li>\n<li style=\"text-align: justify\">\n\t\t<span style=\"color:#000000\"><span style=\"font-size:16px\"><span style=\"font-family:Georgia,serif\"><label for=\"38\">Loomemajandus<\/label><\/span><\/span><\/span>\n\t<\/li>\n<li style=\"text-align: justify\">\n\t\t<span style=\"color:#000000\"><span style=\"font-size:16px\"><span style=\"font-family:Georgia,serif\"><label for=\"628\">T\u00f6\u00f6stuse digitaliseerimine<\/label><\/span><\/span><\/span>\n\t<\/li>\n<li style=\"text-align: justify\">\n\t\t<span style=\"color:#000000\"><span style=\"font-size:16px\"><span style=\"font-family:Georgia,serif\"><label for=\"18\">Tootearendus ja disain<\/label><\/span><\/span><\/span>\n\t<\/li>\n<li style=\"text-align: justify\">\n\t\t<span style=\"color:#000000\"><span style=\"font-size:16px\"><span style=\"font-family:Georgia,serif\"><label for=\"23\">Turism<\/label><\/span><\/span><\/span>\n\t<\/li>\n<li style=\"text-align: justify\">\n\t\t<span style=\"color:#000000\"><span style=\"font-size:16px\"><span style=\"font-family:Georgia,serif\"><label for=\"24\">V\u00e4lisinvesteeringud<\/label><\/span><\/span><\/span>\n\t<\/li>\n<\/ul>\n<p style=\"text-align: justify\">\n\t\u00a0\n<\/p>\n<p style=\"text-align: justify\">\n\t<span style=\"color:#000000\"><span style=\"font-size:18px\"><span style=\"font-family:Georgia,serif\"><strong><label for=\"24\">Loomulikult on rahastusv\u00f5imalusi veel hulgi. Uuri, mida pakuvad ka erinevad inkubaatorid, fondid ning investorid!<\/label><\/strong><\/span><\/span><\/span>\n<\/p>\n<p>\n\t\u00a0<\/p>\n","protected":false},"excerpt":{"rendered":"<p>K\u00e4esoleva teema\u00a0eesm\u00e4rgiks on tutvuda sotsiaalse ettev\u00f5tluse ajalooga ning hetkeolukorraga. Selleks kasuta omal valikul otsingumootoreid\u00a0(nt Google ja Bing) ning veebilehti iseseisvaks informatsiooni hankimiseks, et lahendada rists\u00f5na vormis teine\u00a0test. Seej\u00e4rel loe ka l\u00fchikokkuv\u00f5tet Eesti sotsiaalsetele ettev\u00f5tetele suunatud toetustest. Antud teema\u00a0l\u00e4bimiseks kulub ligikaudu &#8230;<\/p>\n","protected":false},"author":164,"featured_media":0,"parent":0,"menu_order":0,"comment_status":"closed","ping_status":"closed","template":"","meta":{"_acf_changed":false,"inline_featured_image":false,"footnotes":""},"class_list":["post-7","page","type-page","status-publish","hentry"],"acf":[],"_links":{"self":[{"href":"https:\/\/sisu.ut.ee\/sotsiaalneettevotlus\/wp-json\/wp\/v2\/pages\/7","targetHints":{"allow":["GET"]}}],"collection":[{"href":"https:\/\/sisu.ut.ee\/sotsiaalneettevotlus\/wp-json\/wp\/v2\/pages"}],"about":[{"href":"https:\/\/sisu.ut.ee\/sotsiaalneettevotlus\/wp-json\/wp\/v2\/types\/page"}],"author":[{"embeddable":true,"href":"https:\/\/sisu.ut.ee\/sotsiaalneettevotlus\/wp-json\/wp\/v2\/users\/164"}],"replies":[{"embeddable":true,"href":"https:\/\/sisu.ut.ee\/sotsiaalneettevotlus\/wp-json\/wp\/v2\/comments?post=7"}],"version-history":[{"count":1,"href":"https:\/\/sisu.ut.ee\/sotsiaalneettevotlus\/wp-json\/wp\/v2\/pages\/7\/revisions"}],"predecessor-version":[{"id":77,"href":"https:\/\/sisu.ut.ee\/sotsiaalneettevotlus\/wp-json\/wp\/v2\/pages\/7\/revisions\/77"}],"wp:attachment":[{"href":"https:\/\/sisu.ut.ee\/sotsiaalneettevotlus\/wp-json\/wp\/v2\/media?parent=7"}],"curies":[{"name":"wp","href":"https:\/\/api.w.org\/{rel}","templated":true}]}}