{"id":6,"date":"2024-04-04T06:15:57","date_gmt":"2024-04-04T03:15:57","guid":{"rendered":"https:\/\/sisu.ut.ee\/sotsiaalneettevotlus\/teema-1\/"},"modified":"2024-07-01T15:19:15","modified_gmt":"2024-07-01T12:19:15","slug":"teema-1","status":"publish","type":"page","link":"https:\/\/sisu.ut.ee\/sotsiaalneettevotlus\/teema-1\/","title":{"rendered":"Mis on ettev\u00f5tlus?"},"content":{"rendered":"<p style=\"text-align: justify\">\n\t<span style=\"font-size:16px\"><span style=\"font-family:Georgia,serif\"><span style=\"color:#000000\">K\u00e4esoleva teema\u00a0eesm\u00e4rgiks\u00a0on\u00a0tutvustada sotsiaalset\u00a0ettev\u00f5tlust\u00a0\u00fcldisemalt ning heita pilk m\u00f5nele Eestis tegutsevale sotsiaalsele\u00a0ettev\u00f5ttele.\u00a0Selleks uuri p\u00f5hjalikult\u00a0<\/span><a data-url=\"https:\/\/sev.ee\/mis-on-sotsiaalne-ettevotlus\/\" href=\"https:\/\/sev.ee\/mis-on-sotsiaalne-ettevotlus\/\" target=\"_blank\" title=\"\" rel=\"noopener\">Sotsiaalsete Ettev\u00f5tete V\u00f5rgustiku veebilehte<\/a><span style=\"color:#000000\">\u00a0ning p\u00e4rast seda l\u00e4bi esimene\u00a0test. Seej\u00e4rel loe ka l\u00fchikokkuv\u00f5tet\u00a0Eesti \u00e4rikiirenditest.\u00a0Antud teema\u00a0l\u00e4bimiseks kulub ligikaudu kolm\u00a0tundi.<\/span><\/span><\/span>\n<\/p>\n<p style=\"text-align: justify\">\n\t<span style=\"font-size:16px\"><span style=\"font-family:Georgia,serif\"><span style=\"color:#000000\">Vabatahtlikuks lisamaterjaliks on Jacques Defourny ja Marthe Nyssensi\u00a0poolt kirjutatud teadusartikkel<\/span> <a data-url=\"https:\/\/sisu.ut.ee\/wp-content\/uploads\/sites\/443\/social_enterprise_models_-_defourny_nyssens.pdf\" href=\"https:\/\/sisu.ut.ee\/wp-content\/uploads\/sites\/443\/social_enterprise_models_-_defourny_nyssens.pdf\" target=\"_blank\" title=\"\" rel=\"noopener\">\u201cFundamentals for an International Typology of Social Enterprise Models\u201d<\/a><span style=\"color:#000000\">, mis kirjeldab eksisteerivaid sotsiaalsete ettev\u00f5tete mudeleid.<\/span><\/span><\/span>\n<\/p>\n<blockquote>\n<p style=\"text-align: justify\">\n\t\t<em><span style=\"font-size:16px\"><span style=\"font-family:Georgia,serif\"><span style=\"color:#000000\">CommuniCare on Sotsiaalsete Ettev\u00f5tete V\u00f5rgustiku liige ning on osa v\u00f5tnud sellistest \u00e4rikiirenditest nagu Ajujaht, NULA inkubaator, Tehnopol ja STARTER programm. Ajujahi programmi l\u00f5petas\u00a0CommuniCare 5 parima hulgas, olles esimene sotsiaalne ettev\u00f5te saate ajaloos, mis nii kaugele j\u00f5udis.<\/span><\/span><\/span><\/em>\n\t<\/p>\n<\/blockquote>\n<hr>\n<h2 style=\"text-align: justify\">\n\t<span style=\"color:#000000\"><span style=\"font-size:18px\"><b id=\"docs-internal-guid-5a1cd632-7fff-a198-cd6b-15e355e9c048\"><span style=\"font-family:Georgia,serif\">Eesti \u00e4rikiirendid alustavate ettev\u00f5tete jaoks<\/span><\/b><\/span><\/span><br>\n<\/h2>\n<p style=\"text-align: justify\">\n\t<img loading=\"lazy\" decoding=\"async\" width=\"2000\" height=\"1333\" class=\"alignnone wp-image-24\" src=\"https:\/\/sisu.ut.ee\/wp-content\/uploads\/sites\/443\/z0etay3q_01.jpeg\" title=\"z0etay3q_01.jpeg\" alt=\"communicare\" srcset=\"https:\/\/sisu.ut.ee\/wp-content\/uploads\/sites\/443\/z0etay3q_01.jpeg 2000w, https:\/\/sisu.ut.ee\/wp-content\/uploads\/sites\/443\/z0etay3q_01-300x200.jpeg 300w, https:\/\/sisu.ut.ee\/wp-content\/uploads\/sites\/443\/z0etay3q_01-1024x682.jpeg 1024w, https:\/\/sisu.ut.ee\/wp-content\/uploads\/sites\/443\/z0etay3q_01-768x512.jpeg 768w, https:\/\/sisu.ut.ee\/wp-content\/uploads\/sites\/443\/z0etay3q_01-1536x1024.jpeg 1536w, https:\/\/sisu.ut.ee\/wp-content\/uploads\/sites\/443\/z0etay3q_01-1920x1280.jpeg 1920w\" sizes=\"auto, (max-width: 2000px) 100vw, 2000px\">\n<\/p>\n<p style=\"text-align: justify\">\n\t\u00a0\n<\/p>\n<p style=\"text-align: justify\">\n\t<span style=\"font-size:16px\"><span style=\"font-family:Georgia,serif\"><span style=\"color:#000000\"><strong>1) Ajujaht <\/strong>(info allikas:\u00a0<\/span><a data-url=\"https:\/\/www.ajujaht.ee\/ajujahist\/\" href=\"https:\/\/www.ajujaht.ee\/ajujahist\/\" target=\"_blank\" title=\"\" rel=\"noopener\">https:\/\/www.ajujaht.ee\/ajujahist\/<\/a>)<\/span><\/span>\n<\/p>\n<p style=\"text-align: justify\">\n\t<span style=\"color:#000000\"><span style=\"font-size:16px\"><span style=\"font-family:Georgia,serif\">\u201cAjujaht on Eesti suurim \u00e4riideede konkurss ja kiirendi, kus saad enda \u00e4riidee turvalises keskkonnas proovile panna.\u201d <\/span><\/span><\/span>\n<\/p>\n<p style=\"text-align: justify\">\n\t<span style=\"color:#000000\"><u><span style=\"font-size:16px\"><span style=\"font-family:Georgia,serif\">Mida pakub Ajujaht?<\/span><\/span><\/u><\/span>\n<\/p>\n<p style=\"text-align: justify\">\n\t<span style=\"color:#000000\"><span style=\"font-size:16px\"><span style=\"font-family:Georgia,serif\">\u201cAuhinnafond pakub v\u00f5imaluse algkapitali hankimiseks. Mentorid tagavad k\u00f5rgtasemel ekspertiisi. Koolitused annavad teadmised idufirma loomiseks. Lisaks ei saa alahinnata kasulike kontaktide loomise v\u00e4\u00e4rtust: \u00fclem\u00f6\u00f6dunud hooaja v\u00f5itja Timbeter\u2019i eestvedaja Anna-Greta Tsahkna tutvus oma praeguste kolleegidega Garage48 \u00fcritusel, kus nad valiti otse Ajujahi j\u00e4rgmisse vooru. Lisaks, \u00fckski teine \u00e4riideede konkurss ei paku sellist n\u00e4htavust kui Ajujaht, kuna televisiooni eetriaeg on kallis \u2013 Taxify \u017e\u00fcrii s\u00fcdant ei v\u00f5itnud, kuid televisioon tegi nad n\u00e4htavaks investoritele.\u201d<\/span><\/span><\/span>\n<\/p>\n<p style=\"text-align: justify\">\n\t\u00a0\n<\/p>\n<p style=\"text-align: justify\">\n\t<span style=\"font-size:16px\"><span style=\"font-family:Georgia,serif\"><span style=\"color:#000000\"><strong>2) NULA inkubaator<\/strong> (info allikas:\u00a0<\/span><a data-url=\"https:\/\/nula.kysk.ee\/et\" href=\"https:\/\/nula.kysk.ee\/et\" target=\"_blank\" title=\"\" rel=\"noopener\">https:\/\/nula.kysk.ee\/<\/a>)<\/span><\/span>\n<\/p>\n<p style=\"text-align: justify\">\n\t<span style=\"color:#000000\"><span style=\"font-size:16px\"><span style=\"font-family:Georgia,serif\">\u201cOtsime nutikaid, m\u00f5jusaid ja uuenduslikke ideid, mis lahendavad teravaid \u00fchiskondlikke probleeme.\u201d<\/span><\/span><\/span>\n<\/p>\n<p style=\"text-align: justify\">\n\t<span style=\"color:#000000\"><u><span style=\"font-size:16px\"><span style=\"font-family:Georgia,serif\">Mida pakub NULA inkubaator?<\/span><\/span><\/u><\/span>\n<\/p>\n<p style=\"text-align: justify\">\n\t<span style=\"color:#000000\"><span style=\"font-size:16px\"><span style=\"font-family:Georgia,serif\">\u201cNULA inkubaator pakub sinu meeskonna vajadustele kohandatud arengukava koos vajaliku mentorlusega \u2013 seda k\u00f5ike idee algfaasis, mil abi on vaja k\u00f5ige enam. Aitame sinu ideel kiiremini ja targemalt kasvada eluj\u00f5uliseks algatuseks! \u201c<\/span><\/span><\/span>\n<\/p>\n<p style=\"text-align: justify\">\n\t<span style=\"color:#000000\"><span style=\"font-size:16px\"><span style=\"font-family:Georgia,serif\">\u201cFookuses on:<\/span><\/span><\/span>\n<\/p>\n<ul>\n<li style=\"text-align: justify\">\n\t\t<span style=\"color:#000000\"><span style=\"font-size:16px\"><span style=\"font-family:Georgia,serif\">Lahenduse disain ja testimine sihtr\u00fchmaga<\/span><\/span><\/span>\n\t<\/li>\n<li style=\"text-align: justify\">\n\t\t<span style=\"color:#000000\"><span style=\"font-size:16px\"><span style=\"font-family:Georgia,serif\">M\u00f5ju m\u00f5\u00f5tmine<\/span><\/span><\/span>\n\t<\/li>\n<li style=\"text-align: justify\">\n\t\t<span style=\"color:#000000\"><span style=\"font-size:16px\"><span style=\"font-family:Georgia,serif\">Eelarve ja finantsplaani koostamine<\/span><\/span><\/span>\n\t<\/li>\n<li style=\"text-align: justify\">\n\t\t<span style=\"color:#000000\"><span style=\"font-size:16px\"><span style=\"font-family:Georgia,serif\">Kommunikatsioonitegevused<\/span><\/span><\/span>\n\t<\/li>\n<li style=\"text-align: justify\">\n\t\t<span style=\"color:#000000\"><span style=\"font-size:16px\"><span style=\"font-family:Georgia,serif\">Meeskonna tugevused ja n\u00f5rkused<\/span><\/span><\/span>\n\t<\/li>\n<li style=\"text-align: justify\">\n\t\t<span style=\"color:#000000\"><span style=\"font-size:16px\"><span style=\"font-family:Georgia,serif\">Tegevuskava loomine lahenduse rakendamiseks\u201d<\/span><\/span><\/span>\n\t<\/li>\n<\/ul>\n<p style=\"text-align: justify\">\n\t\u00a0\n<\/p>\n<p style=\"text-align: justify\">\n\t<span style=\"font-size:16px\"><span style=\"font-family:Georgia,serif\"><span style=\"color:#000000\"><strong>3) T\u00dc sTARTUp Lab<\/strong> (info allikas:\u00a0<\/span><a data-url=\"https:\/\/www.startuplab.ut.ee\/\" href=\"https:\/\/www.startuplab.ut.ee\/\" target=\"_blank\" title=\"\" rel=\"noopener\">https:\/\/www.startuplab.ut.ee\/<\/a>)<\/span><\/span>\n<\/p>\n<p style=\"text-align: justify\">\n\t<span style=\"color:#000000\"><span style=\"font-size:16px\"><span style=\"font-family:Georgia,serif\">\u201csTARTUp Lab on Tartu \u00dclikooli majandusteaduskonna all\u00fcksus, mis pakub tegevusp\u00f5hist ettev\u00f5tlus\u00f5pet ja eelinkubatsiooniteenuseid. sTARTUp Lab on koht, kus p\u00f5nevatele probleemidele \u00fcheskoos uudseid lahendusi leida ja ellu viia.\u201d<\/span><\/span><\/span>\n<\/p>\n<p style=\"text-align: justify\">\n\t<span style=\"color:#000000\"><u><span style=\"font-size:16px\"><span style=\"font-family:Georgia,serif\">Mida pakub sTARTUp Lab?<\/span><\/span><\/u><\/span>\n<\/p>\n<p style=\"text-align: justify\">\n\t<span style=\"color:#000000\"><span style=\"font-size:16px\"><span style=\"font-family:Georgia,serif\">\u201cOodatud on k\u00f5ikide valdkondade \u00fcli\u00f5pilased ja \u00f5pilased, kes tahavad leida oma teadmistele praktilist rakendust, testida ideede eluj\u00f5ulisust ja t\u00f6\u00f6tada koos inimestega erinevatelt erialadelt nii \u00fclikooli seest kui v\u00e4ljast. \u00c4riideede arendusprogrammiga STARTERtartu liitunud meeskonnad osalevad t\u00f6\u00f6tubades ja veebiseinaridel, kuhu on kaasatud ettev\u00f5tjaid ja start-up maastikul kogenud mentorid.\u201d<\/span><\/span><\/span>\n<\/p>\n<p style=\"text-align: justify\">\n\t\u00a0\n<\/p>\n<p style=\"text-align: justify\">\n\t<span style=\"font-size:16px\"><span style=\"font-family:Georgia,serif\"><span style=\"color:#000000\"><strong>4) Tehnopol Startup Inkubaator<\/strong> (info allikas:\u00a0<\/span><a data-url=\"https:\/\/www.tehnopol.ee\/startup-inkubaator\/\" href=\"https:\/\/www.tehnopol.ee\/startup-inkubaator\/\" target=\"_blank\" title=\"\" rel=\"noopener\">https:\/\/www.tehnopol.ee\/startup-inkubaator\/<\/a>)<\/span><\/span>\n<\/p>\n<p style=\"text-align: justify\">\n\t<span style=\"color:#000000\"><span style=\"font-size:16px\"><span style=\"font-family:Georgia,serif\">\u201cSee on tehnoloogiaettev\u00f5tetele\u00a0m\u00f5eldud hoogne programm, mis pakub\u00a0personaalset tippmentorite tiimi, kes aitab Sinu iduettev\u00f5ttel leida toimiva \u00e4rimudeli, kaasata investeeringuid, luua kontakte ning siseneda eksportturgudele.\u201d<\/span><\/span><\/span>\n<\/p>\n<p style=\"text-align: justify\">\n\t<span style=\"color:#000000\"><u><span style=\"font-size:16px\"><span style=\"font-family:Georgia,serif\">Mida pakub Tehnopol Startup Inkubaator?<\/span><\/span><\/u><\/span>\n<\/p>\n<p style=\"text-align: justify\">\n\t<span style=\"color:#000000\"><span style=\"font-size:16px\"><span style=\"font-family:Georgia,serif\">\u201cProgramm pakub 10 000 euro v\u00e4\u00e4rtuses ning osalusoptsiooni alusel (2%)\u00a0tipptasemel teenust. Aitame Eesti ja Euroopa parimate \u00e4riinglite, ettev\u00f5tjate, turundajate, juristide ja teiste ekspertide abiga j\u00f5uda vajaliku investeeringu v\u00f5i stabiilse k\u00e4ibeni. Eraldi kuutasu ei lisandu. Programmi fookusvaldkonnad on\u00a0\u00e4rilt \u00e4rile tehnoloogiad, rohetehnoloogia, tervisetehnoloogia, teadmismahukad tehnoloogiad ning avaliku sektori digilahendused.\u201d<\/span><\/span><\/span>\n<\/p>\n<p style=\"text-align: justify\">\n\t\u00a0\n<\/p>\n<p><\/p>\n\n\n<div class=\"wp-block-group attached-files-group is-layout-constrained wp-block-group-is-layout-constrained\">\n<div class=\"wp-block-file\"><a id=\"wp-block-file--media-ad5d4dc2-a8e7-4f21-9b9d-b127fc618915\" href=\"https:\/\/sisu.ut.ee\/wp-content\/uploads\/sites\/443\/social_enterprise_models_-_defourny_nyssens.pdf\" target=\"_blank\" rel=\"noreferrer noopener\">Fundamentals for an International Typology of Social Enterprise Models<\/a><\/div>\n<\/div>\n","protected":false},"excerpt":{"rendered":"<p>K\u00e4esoleva teema\u00a0eesm\u00e4rgiks\u00a0on\u00a0tutvustada sotsiaalset\u00a0ettev\u00f5tlust\u00a0\u00fcldisemalt ning heita pilk m\u00f5nele Eestis tegutsevale sotsiaalsele\u00a0ettev\u00f5ttele.\u00a0Selleks uuri p\u00f5hjalikult\u00a0Sotsiaalsete Ettev\u00f5tete V\u00f5rgustiku veebilehte\u00a0ning p\u00e4rast seda l\u00e4bi esimene\u00a0test. Seej\u00e4rel loe ka l\u00fchikokkuv\u00f5tet\u00a0Eesti \u00e4rikiirenditest.\u00a0Antud teema\u00a0l\u00e4bimiseks kulub ligikaudu kolm\u00a0tundi. Vabatahtlikuks lisamaterjaliks on Jacques Defourny ja Marthe Nyssensi\u00a0poolt kirjutatud teadusartikkel \u201cFundamentals for &#8230;<\/p>\n","protected":false},"author":164,"featured_media":0,"parent":0,"menu_order":0,"comment_status":"closed","ping_status":"closed","template":"","meta":{"_acf_changed":false,"inline_featured_image":false,"footnotes":""},"class_list":["post-6","page","type-page","status-publish","hentry"],"acf":[],"_links":{"self":[{"href":"https:\/\/sisu.ut.ee\/sotsiaalneettevotlus\/wp-json\/wp\/v2\/pages\/6","targetHints":{"allow":["GET"]}}],"collection":[{"href":"https:\/\/sisu.ut.ee\/sotsiaalneettevotlus\/wp-json\/wp\/v2\/pages"}],"about":[{"href":"https:\/\/sisu.ut.ee\/sotsiaalneettevotlus\/wp-json\/wp\/v2\/types\/page"}],"author":[{"embeddable":true,"href":"https:\/\/sisu.ut.ee\/sotsiaalneettevotlus\/wp-json\/wp\/v2\/users\/164"}],"replies":[{"embeddable":true,"href":"https:\/\/sisu.ut.ee\/sotsiaalneettevotlus\/wp-json\/wp\/v2\/comments?post=6"}],"version-history":[{"count":3,"href":"https:\/\/sisu.ut.ee\/sotsiaalneettevotlus\/wp-json\/wp\/v2\/pages\/6\/revisions"}],"predecessor-version":[{"id":103,"href":"https:\/\/sisu.ut.ee\/sotsiaalneettevotlus\/wp-json\/wp\/v2\/pages\/6\/revisions\/103"}],"wp:attachment":[{"href":"https:\/\/sisu.ut.ee\/sotsiaalneettevotlus\/wp-json\/wp\/v2\/media?parent=6"}],"curies":[{"name":"wp","href":"https:\/\/api.w.org\/{rel}","templated":true}]}}