{"id":4,"date":"2024-04-04T06:15:57","date_gmt":"2024-04-04T03:15:57","guid":{"rendered":"https:\/\/sisu.ut.ee\/sotsiaalneettevotlus\/communicarei-lugu\/"},"modified":"2024-07-01T15:23:55","modified_gmt":"2024-07-01T12:23:55","slug":"communicarei-lugu","status":"publish","type":"page","link":"https:\/\/sisu.ut.ee\/sotsiaalneettevotlus\/communicarei-lugu\/","title":{"rendered":"CommuniCare&#8217;i lugu"},"content":{"rendered":"<p style=\"text-align: justify;\"><span style=\"font-size: 16px;\"><span style=\"font-family: Georgia,serif;\"><span style=\"color: #000000;\">Idee s\u00fcndis CommuniCare\u2019i kaasasutaja Norman Vesteri Inglismaal veedetud ajal, kus ta hooldekodudes eakatega vestlemas ning aega veetmas k\u00e4is. \u201cNendega suheldes\u00a0avastasin, et neil ei k\u00e4i keegi k\u00fclas. Isegi l\u00e4hedased\u00a0k\u00e4ivad hooldekodudes ainult j\u00f5ulude ajal ning vahel\u00a0harva ka s\u00fcnnip\u00e4evadel. \u00dcle pooltel elanikel polegi \u00fchtegi l\u00e4hedast,\u201d kirjeldab Norman enda kogemust. Probleem on Eestis tema s\u00f5nul isegi suurem kui mere taga. 2013. aastal Sotsiaalministeeriumi eestvedamisel l\u00e4bi viidud uuringust selgus, et 85% hooldekodudes elavaid eakaid k\u00fclastatakse keskmiselt 2,3 korda aastas. Probleemi leevendamiseks alustas Norman (pildil k\u00f5ige\u00a0vasakpoolsem) koos kolme kursusekaaslasega (pildil vasakult paremale:\u00a0Siim Aksel Amer,\u00a0Vadim Konov,\u00a0Andre-Loit Valli) t\u00f6\u00f6d 2019. aasta septembris. T\u00f5uke selleks andis Tartu \u00dclikooli Starter\u00a0programmiga liitumine, mille ajendiks oli naljakal kombel hoopis \u00f5ppeaine l\u00f5pueksamist p\u00e4\u00e4semine. \u201cMa l\u00e4ksin oma probleemi ja ideega sinna ning kiindusin sellesse kiiresti,\u201d r\u00e4\u00e4gib Norman.<\/span><\/span><\/span><\/p>\n<p>Ajujahile j\u00f5udis CommuniCare 2019. aasta s\u00fcgisel t\u00e4nu Tartus toimunud sTARTUp Labi mentorikarusellile, kus kiirkohtingu formaadis toimunud \u00fcrituse raames tuli suhelda potentsiaalsete investoritega. K\u00f5igile l\u00e4henemiseks polnud aega, seega\u00a0otsustas tiim minna pitchima just Ajujahi tiimijuhi\u00a0Harri Tallinna lauda, kes soovis otse 100 parima hulka viia just CommuniCare\u2019i.\u00a0Ajujahi arenguprogrammi v\u00e4ltel oli meeskonnal v\u00f5imalik enda \u00e4rimudelit t\u00f5estada ning veebruariks j\u00f5uti\u00a0kuue parima hulka, mis oli sotsiaalsete ettev\u00f5tete arvestuses Ajujahi ajaloo parim tulemus. Paralleelselt v\u00f5ttis CommuniCare osa sTARTUp Day-st, kus nad valiti 2019. aasta Eesti parimaks STARTER idufirmaks.<\/p>\n<p>Sotsiaalsete Ettev\u00f5tete V\u00f5rgustiku juhi Helen Mikkovi s\u00f5nul on tiim suutnud l\u00fchikese ajaga luua v\u00f5rgustiku, mille liikmed usuvad heasoovlikkusse ja tegutsemisse. \u201cCommuniCare\u2019i tiim esindab ettev\u00f5tlikkust ja julgust muuta s\u00fcsteemi, n\u00e4hes v\u00f5imalusi kohtades, kuhu \u00fchiskonnas v\u00f5ib-olla enamus ei soovi vaadata,\u201d lisas ta. CommuniCare p\u00e4lvis Ajujahil parima sotsiaalse ettev\u00f5tte tiitli, Tartu linna eriauhinna\u00a0ning Saue valla eriauhinna. Kokku premeeriti CommuniCare\u2019i\u00a0\u00e4ri arendamiseks 14 000 euroga.<\/p>\n<p>Mai alguses liitus CommuniCare NULA inkubaatoriga, mis on\u00a0Eesti suurim sotsiaalettev\u00f5tete kiirendi. Kuna Covid-19 puhang m\u00f5jutas sotsiaalhoolekandes\u00fcsteemi drastiliselt, siis nende algne \u00e4rimudel muutus \u00fcht\u00e4kki ebasobilikuks. Inkubaatori jooksul t\u00f6\u00f6tas CommuniCare v\u00e4lja hoopis digitaallahenduse idee, mis v\u00f5imaldaks eakatel suhelda l\u00e4hedastega l\u00e4bi videosilla.\u00a0Inkubaatori l\u00f5pus said\u00a0finaali j\u00f5udnud taotleda rahastust enda idee elluviimiseks ning ettev\u00f5tte arenguks. CommuniCare selle toetuse ka sai, ning selle abil loodavad nad digitaallahenduse hooldekodudesse viia\u00a02021. aasta s\u00fcgisel.<\/p>\n<figure id=\"attachment_19\" aria-describedby=\"caption-attachment-19\" style=\"width: 1860px\" class=\"wp-caption alignnone\"><img loading=\"lazy\" decoding=\"async\" class=\"wp-image-19\" title=\"cc2.jpg\" src=\"https:\/\/sisu.ut.ee\/wp-content\/uploads\/sites\/443\/cc2.jpg\" alt=\"cctiim\" width=\"1860\" height=\"1043\" srcset=\"https:\/\/sisu.ut.ee\/wp-content\/uploads\/sites\/443\/cc2.jpg 1860w, https:\/\/sisu.ut.ee\/wp-content\/uploads\/sites\/443\/cc2-300x168.jpg 300w, https:\/\/sisu.ut.ee\/wp-content\/uploads\/sites\/443\/cc2-1024x574.jpg 1024w, https:\/\/sisu.ut.ee\/wp-content\/uploads\/sites\/443\/cc2-768x431.jpg 768w, https:\/\/sisu.ut.ee\/wp-content\/uploads\/sites\/443\/cc2-1536x861.jpg 1536w\" sizes=\"auto, (max-width: 1860px) 100vw, 1860px\"><figcaption id=\"caption-attachment-19\" class=\"wp-caption-text\">CommuniCare Tartu \u00dclikooli Delta keskuse avamisel. Foto: Tartu \u00dclikooli Delta keskus \/ Maanus Kullamaa<\/figcaption><\/figure>\n","protected":false},"excerpt":{"rendered":"<p>Idee s\u00fcndis CommuniCare\u2019i kaasasutaja Norman Vesteri Inglismaal veedetud ajal, kus ta hooldekodudes eakatega vestlemas ning aega veetmas k\u00e4is. \u201cNendega suheldes\u00a0avastasin, et neil ei k\u00e4i keegi k\u00fclas. Isegi l\u00e4hedased\u00a0k\u00e4ivad hooldekodudes ainult j\u00f5ulude ajal ning vahel\u00a0harva ka s\u00fcnnip\u00e4evadel. \u00dcle pooltel elanikel polegi &#8230;<\/p>\n","protected":false},"author":164,"featured_media":0,"parent":0,"menu_order":0,"comment_status":"closed","ping_status":"closed","template":"","meta":{"_acf_changed":false,"inline_featured_image":false,"footnotes":""},"class_list":["post-4","page","type-page","status-publish","hentry"],"acf":[],"_links":{"self":[{"href":"https:\/\/sisu.ut.ee\/sotsiaalneettevotlus\/wp-json\/wp\/v2\/pages\/4","targetHints":{"allow":["GET"]}}],"collection":[{"href":"https:\/\/sisu.ut.ee\/sotsiaalneettevotlus\/wp-json\/wp\/v2\/pages"}],"about":[{"href":"https:\/\/sisu.ut.ee\/sotsiaalneettevotlus\/wp-json\/wp\/v2\/types\/page"}],"author":[{"embeddable":true,"href":"https:\/\/sisu.ut.ee\/sotsiaalneettevotlus\/wp-json\/wp\/v2\/users\/164"}],"replies":[{"embeddable":true,"href":"https:\/\/sisu.ut.ee\/sotsiaalneettevotlus\/wp-json\/wp\/v2\/comments?post=4"}],"version-history":[{"count":2,"href":"https:\/\/sisu.ut.ee\/sotsiaalneettevotlus\/wp-json\/wp\/v2\/pages\/4\/revisions"}],"predecessor-version":[{"id":107,"href":"https:\/\/sisu.ut.ee\/sotsiaalneettevotlus\/wp-json\/wp\/v2\/pages\/4\/revisions\/107"}],"wp:attachment":[{"href":"https:\/\/sisu.ut.ee\/sotsiaalneettevotlus\/wp-json\/wp\/v2\/media?parent=4"}],"curies":[{"name":"wp","href":"https:\/\/api.w.org\/{rel}","templated":true}]}}