{"id":17,"date":"2024-04-04T06:15:58","date_gmt":"2024-04-04T03:15:58","guid":{"rendered":"https:\/\/sisu.ut.ee\/sotsiaalneettevotlus\/testid-0\/"},"modified":"2024-07-01T15:37:45","modified_gmt":"2024-07-01T12:37:45","slug":"testid-0","status":"publish","type":"page","link":"https:\/\/sisu.ut.ee\/sotsiaalneettevotlus\/testid-0\/","title":{"rendered":"Testid"},"content":{"rendered":"<blockquote><p><strong><span style=\"font-family: Georgia, serif; font-size: medium;\">Teema 1<\/span><\/strong><\/p><\/blockquote>\n<p><a title=\"\" href=\"https:\/\/sisu.ut.ee\/sotsiaalneettevotlus\/quiz\/teema-1\" target=\"_blank\" rel=\"noopener\" data-url=\"https:\/\/sisu.ut.ee\/sotsiaalneettevotlus\/quiz\/teema-1\">Mis on ettev\u00f5tlus?<\/a><span style=\"font-size: 16px;\"><span style=\"font-family: Georgia,serif;\">\u00a0(valikvastustega kontrolltest)<\/span><\/span><\/p>\n<blockquote><p><strong><span style=\"font-family: Georgia, serif; font-size: medium;\">Teema 2<\/span><\/strong><\/p><\/blockquote>\n<p><a title=\"\" href=\"https:\/\/sisu.ut.ee\/sotsiaalneettevotlus\/quiz\/teema-2\" target=\"_blank\" rel=\"noopener\" data-url=\"https:\/\/sisu.ut.ee\/sotsiaalneettevotlus\/quiz\/teema-2\">Sotsiaalse ettev\u00f5tluse silmaring<\/a><span style=\"font-size: 16px;\"><span style=\"font-family: Georgia,serif;\">\u00a0(rists\u00f5na)<\/span><\/span><\/p>\n<blockquote><p><strong><span style=\"font-family: Georgia, serif; font-size: medium;\">Teema 3<\/span><\/strong><\/p><\/blockquote>\n<p><a title=\"\" href=\"https:\/\/sisu.ut.ee\/sotsiaalneettevotlus\/quiz\/teema-3\" target=\"_blank\" rel=\"noopener\" data-url=\"https:\/\/sisu.ut.ee\/sotsiaalneettevotlus\/quiz\/teema-3\">Kuidas lahendada sotsiaalne probleem?<\/a><span style=\"font-size: 16px;\"><span style=\"font-family: Georgia,serif;\">\u00a0(valikvastustega kontrolltest)<\/span><\/span><\/p>\n<blockquote><p><strong><span style=\"font-family: Georgia, serif; font-size: medium;\">Teema 4<\/span><\/strong><\/p><\/blockquote>\n<p><a title=\"\" href=\"https:\/\/sisu.ut.ee\/sotsiaalneettevotlus\/quiz\/teema-4\" target=\"_blank\" rel=\"noopener\" data-url=\"https:\/\/sisu.ut.ee\/sotsiaalneettevotlus\/quiz\/teema-4\">Ideaalne \u00e4riplaan<\/a><span style=\"font-size: 16px;\"><span style=\"font-family: Georgia,serif;\"> (valikvastustega kontrolltest)<\/span><\/span><\/p>\n<blockquote><p><strong><span style=\"font-family: Georgia, serif; font-size: medium;\">Teema 5<\/span><\/strong><\/p><\/blockquote>\n<p><a title=\"\" href=\"https:\/\/sisu.ut.ee\/sotsiaalneettevotlus\/quiz\/teema-5\" target=\"_blank\" rel=\"noopener\" data-url=\"https:\/\/sisu.ut.ee\/sotsiaalneettevotlus\/quiz\/teema-5\">Turunduse alused alustavas ettev\u00f5ttes<\/a> (valikvastustega kontrolltest)<\/p>\n<blockquote><p><strong><span style=\"font-family: Georgia, serif; font-size: medium;\">Teema 6<\/span><\/strong><\/p><\/blockquote>\n<p><a title=\"\" href=\"https:\/\/sisu.ut.ee\/sotsiaalneettevotlus\/quiz\/teema-6-1\" target=\"_blank\" rel=\"noopener\" data-url=\"https:\/\/sisu.ut.ee\/sotsiaalneettevotlus\/quiz\/teema-6-1\">Konfliktide lahendamine<\/a>\u00a0(rists\u00f5na)<\/p>\n<p><a title=\"\" href=\"https:\/\/sisu.ut.ee\/sotsiaalneettevotlus\/quiz\/teema-6-2\" target=\"_blank\" rel=\"noopener\" data-url=\"https:\/\/sisu.ut.ee\/sotsiaalneettevotlus\/quiz\/teema-6-2\">\u00c4\u00e4rmuslik omand<\/a> (anal\u00fc\u00fcs)<\/p>\n<p><span style=\"font-size: 16px;\"><img loading=\"lazy\" decoding=\"async\" width=\"2560\" height=\"1539\" class=\"alignnone wp-image-32\" title=\"pexels-andrea-piacquadio-3808057.jpg\" src=\"https:\/\/sisu.ut.ee\/wp-content\/uploads\/sites\/443\/pexels-andrea-piacquadio-3808057-scaled.jpg\" alt=\"testid\" srcset=\"https:\/\/sisu.ut.ee\/wp-content\/uploads\/sites\/443\/pexels-andrea-piacquadio-3808057-scaled.jpg 2560w, https:\/\/sisu.ut.ee\/wp-content\/uploads\/sites\/443\/pexels-andrea-piacquadio-3808057-300x180.jpg 300w, https:\/\/sisu.ut.ee\/wp-content\/uploads\/sites\/443\/pexels-andrea-piacquadio-3808057-1024x616.jpg 1024w, https:\/\/sisu.ut.ee\/wp-content\/uploads\/sites\/443\/pexels-andrea-piacquadio-3808057-768x462.jpg 768w, https:\/\/sisu.ut.ee\/wp-content\/uploads\/sites\/443\/pexels-andrea-piacquadio-3808057-1536x923.jpg 1536w, https:\/\/sisu.ut.ee\/wp-content\/uploads\/sites\/443\/pexels-andrea-piacquadio-3808057-2048x1231.jpg 2048w, https:\/\/sisu.ut.ee\/wp-content\/uploads\/sites\/443\/pexels-andrea-piacquadio-3808057-1920x1154.jpg 1920w\" sizes=\"auto, (max-width: 2560px) 100vw, 2560px\"><\/span><\/p>\n","protected":false},"excerpt":{"rendered":"<p>Teema 1 Mis on ettev\u00f5tlus?\u00a0(valikvastustega kontrolltest) Teema 2 Sotsiaalse ettev\u00f5tluse silmaring\u00a0(rists\u00f5na) Teema 3 Kuidas lahendada sotsiaalne probleem?\u00a0(valikvastustega kontrolltest) Teema 4 Ideaalne \u00e4riplaan (valikvastustega kontrolltest) Teema 5 Turunduse alused alustavas ettev\u00f5ttes (valikvastustega kontrolltest) Teema 6 Konfliktide lahendamine\u00a0(rists\u00f5na) \u00c4\u00e4rmuslik omand (anal\u00fc\u00fcs)<\/p>\n","protected":false},"author":164,"featured_media":0,"parent":0,"menu_order":0,"comment_status":"closed","ping_status":"closed","template":"","meta":{"_acf_changed":false,"inline_featured_image":false,"footnotes":""},"class_list":["post-17","page","type-page","status-publish","hentry"],"acf":[],"_links":{"self":[{"href":"https:\/\/sisu.ut.ee\/sotsiaalneettevotlus\/wp-json\/wp\/v2\/pages\/17","targetHints":{"allow":["GET"]}}],"collection":[{"href":"https:\/\/sisu.ut.ee\/sotsiaalneettevotlus\/wp-json\/wp\/v2\/pages"}],"about":[{"href":"https:\/\/sisu.ut.ee\/sotsiaalneettevotlus\/wp-json\/wp\/v2\/types\/page"}],"author":[{"embeddable":true,"href":"https:\/\/sisu.ut.ee\/sotsiaalneettevotlus\/wp-json\/wp\/v2\/users\/164"}],"replies":[{"embeddable":true,"href":"https:\/\/sisu.ut.ee\/sotsiaalneettevotlus\/wp-json\/wp\/v2\/comments?post=17"}],"version-history":[{"count":2,"href":"https:\/\/sisu.ut.ee\/sotsiaalneettevotlus\/wp-json\/wp\/v2\/pages\/17\/revisions"}],"predecessor-version":[{"id":127,"href":"https:\/\/sisu.ut.ee\/sotsiaalneettevotlus\/wp-json\/wp\/v2\/pages\/17\/revisions\/127"}],"wp:attachment":[{"href":"https:\/\/sisu.ut.ee\/sotsiaalneettevotlus\/wp-json\/wp\/v2\/media?parent=17"}],"curies":[{"name":"wp","href":"https:\/\/api.w.org\/{rel}","templated":true}]}}