{"id":16,"date":"2024-04-04T06:15:58","date_gmt":"2024-04-04T03:15:58","guid":{"rendered":"https:\/\/sisu.ut.ee\/sotsiaalneettevotlus\/teema-5\/"},"modified":"2024-04-04T06:16:25","modified_gmt":"2024-04-04T03:16:25","slug":"teema-5","status":"publish","type":"page","link":"https:\/\/sisu.ut.ee\/sotsiaalneettevotlus\/teema-5\/","title":{"rendered":"Turunduse alused alustavas ettev\u00f5ttes"},"content":{"rendered":"<p style=\"text-align: justify\">\n\t<span style=\"font-size:16px\"><span style=\"font-family:Georgia,serif\"><span style=\"color:#000000\">K\u00e4esoleva teema\u00a0eesm\u00e4rgiks on anda \u00fclevaade sotsiaalse ettev\u00f5tte turundusmeetoditest ja -nippidest, mis aitavad\u00a0suurendada m\u00f5ju, kliendibaasi ning tuntust. Selleks loe p\u00f5hjalikult eestikeelset kokkuv\u00f5tet\u00a0digitaalse turundamise\u00a0spetsialisti, Natasha Burtenshaw-deVriesi\u00a0kirjutatud <\/span><a data-url=\"https:\/\/natashabd.ca\/how-to-marketing-for-a-social-enterprise\/\" href=\"https:\/\/natashabd.ca\/how-to-marketing-for-a-social-enterprise\/\" target=\"_blank\" title=\"\" rel=\"noopener\">artiklist<\/a><span style=\"color:#000000\">\u00a0sotsiaalse ettev\u00f5tte turundamise kohta ning p\u00e4rast seda\u00a0l\u00e4bi viies\u00a0test. Seej\u00e4rel tutvu sama autori<\/span> <a data-url=\"https:\/\/natashabd.ca\/the-best-social-enterprise-marketing-resources\/\" href=\"https:\/\/natashabd.ca\/the-best-social-enterprise-marketing-resources\/\" target=\"_blank\" title=\"\" rel=\"noopener\">koondvaatega tema valitud parimatest turundust\u00f6\u00f6riistadest<\/a><span style=\"color:#000000\">, mis aitavad t\u00f6\u00f6d optimeerida. Materjali\u00a0l\u00e4bit\u00f6\u00f6tamisel tee m\u00e4rkmeid ning pane k\u00f5ik tekkinud ideed kirja. Antud teema\u00a0l\u00e4bimiseks kulub ligikaudu neli\u00a0tundi.<\/span><\/span><\/span>\n<\/p>\n<blockquote>\n<p style=\"text-align: justify\">\n\t\t<em><span style=\"font-size:16px\"><span style=\"font-family:Georgia,serif\"><span style=\"color:#000000\">CommuniCare\u2019i turundusplaan on mitmek\u00fclgne ning keskendub erinevatele platvormidele, kuna sihgrupiks on nii hooldekodud, sealsete elanike l\u00e4hedased kui ka vabatahtlikud. Suur osa turundusest toimub l\u00e4bi sotsiaalmeedia ning \u00fcrituste korraldamise. N\u00e4iteks\u00a02020. aasta oktoobris toimus Eakate p\u00e4ev, kuhu olid k\u00f5nelema kutsutud nii Europarlamendi saadik kui ka kohalikud poliitikud. Selle eesm\u00e4rgiks oli tutuvustada probleemi inimestele, kellel on v\u00f5imalus ning tahe lahendamisele kaasa aidata.<\/span><\/span><\/span><\/em>\n\t<\/p>\n<\/blockquote>\n<hr>\n<h2 style=\"text-align: justify\">\n\t<span style=\"color:#000000\"><strong><span style=\"font-size:18px\"><span style=\"font-family:Georgia,serif\">Natasha Burtenshaw-deVriesi n\u00e4pun\u00e4ited sotsiaalse ettev\u00f5tte turundamiseks<\/span><\/span><\/strong><\/span><br>\n<\/h2>\n<p>\n\t<img loading=\"lazy\" decoding=\"async\" width=\"810\" height=\"450\" class=\"alignnone wp-image-31\" src=\"https:\/\/sisu.ut.ee\/wp-content\/uploads\/sites\/443\/marketing-for-social-enterprise-2.png\" title=\"marketing-for-social-enterprise-2.png\" alt=\"marketing\" srcset=\"https:\/\/sisu.ut.ee\/wp-content\/uploads\/sites\/443\/marketing-for-social-enterprise-2.png 810w, https:\/\/sisu.ut.ee\/wp-content\/uploads\/sites\/443\/marketing-for-social-enterprise-2-300x167.png 300w, https:\/\/sisu.ut.ee\/wp-content\/uploads\/sites\/443\/marketing-for-social-enterprise-2-768x427.png 768w\" sizes=\"auto, (max-width: 810px) 100vw, 810px\">\n<\/p>\n<p style=\"text-align: justify\">\n\t<span style=\"color:#000000\"><strong><span style=\"font-size:16px\"><span style=\"font-family:Georgia,serif\">1.\u00a0Keskenduge esmalt oma tootele v\u00f5i teenusele<\/span><\/span><\/strong><\/span>\n<\/p>\n<p style=\"text-align: justify\">\n\t<span style=\"color:#000000\"><span style=\"font-size:16px\"><span style=\"font-family:Georgia,serif\">\u201cTurundage end esmalt ettev\u00f5ttena ja kasutage seej\u00e4rel oma sotsiaalse m\u00f5ju lugu oma turunduss\u00f5numi t\u00e4iendamiseks ja laiendamiseks. Tehke m\u00f5ned turu-uuringud, m\u00e4\u00e4rake kindlaks oma sihtturg ja looge turundusstrateegia ja selle rakendamise plaan. Seej\u00e4rel vastutage, et see reaalsuseks saaks.\u201d<\/span><\/span><\/span>\n<\/p>\n<p style=\"text-align: justify\">\n\t<span style=\"color:#000000\"><strong><span style=\"font-size:16px\"><span style=\"font-family:Georgia,serif\">2. \u00c4rge r\u00e4\u00e4kige lihtsalt oma sotsiaalse m\u00f5ju lugu. Esitlege seda!<\/span><\/span><\/strong><\/span>\n<\/p>\n<p style=\"text-align: justify\">\n\t<span style=\"color:#000000\"><span style=\"font-size:16px\"><span style=\"font-family:Georgia,serif\">\u201cSee aitab tarbijatel seda m\u00f5ista, sellega suhestuda ja loodetavasti toetada nii teie toodet kui ka positiivseid muutusi, mida teie ettev\u00f5te loob.\u201d<\/span><\/span><\/span>\n<\/p>\n<p style=\"text-align: justify\">\n\t<span style=\"color:#000000\"><strong><span style=\"font-size:16px\"><span style=\"font-family:Georgia,serif\">3.\u00a0Olge\u00a0l\u00e4bipaistvad<\/span><\/span><\/strong><\/span>\n<\/p>\n<p style=\"text-align: justify\">\n\t<span style=\"color:#000000\"><span style=\"font-size:16px\"><span style=\"font-family:Georgia,serif\">\u201cL\u00e4bipaistvus suurendab usaldusv\u00e4\u00e4rsust. Suurejooneline turunduskampaania ei t\u00f6\u00f6ta, kui keegi teid ei usalda. \u00dcksikisikud n\u00f5uavad sotsiaalselt vastutustundlikelt organisatsioonidelt \u00fcha enam l\u00e4bipaistvust. Kui olete algusest peale l\u00e4bipaistvad, teenite usalduse ja leiate aja jooksul ka suurema publiku ja p\u00fcsiklientidid.\u201d<\/span><\/span><\/span>\n<\/p>\n<p style=\"text-align: justify\">\n\t<span style=\"color:#000000\"><span style=\"font-size:16px\"><span style=\"font-family:Georgia,serif\"><strong>4. Kasutage digitaalset turundust \u2013 strateegiliselt<\/strong><\/span><\/span><\/span>\n<\/p>\n<p style=\"text-align: justify\">\n\t<span style=\"color:#000000\"><span style=\"font-size:16px\"><span style=\"font-family:Georgia,serif\">\u201cParimate digitaalturunduse platvormide valimise v\u00f5ti on m\u00f5elda oma sihtr\u00fchmale. Kes nad on? Kus nad aega veedavad? Millline sisu ja mis teemad neid\u00a0huvitavad? Esitage endale need k\u00fcsimused ja peaksite kiiresti saama aru, mis platvormidel te peate tegutsema.\u201d<\/span><\/span><\/span>\n<\/p>\n<p style=\"text-align: justify\">\n\t<span style=\"color:#000000\"><strong><span style=\"font-size:16px\"><span style=\"font-family:Georgia,serif\">5.\u00a0Looge j\u00e4rjepidev sotsiaalse ettev\u00f5tte br\u00e4nd<\/span><\/span><\/strong><\/span>\n<\/p>\n<p style=\"text-align: justify\">\n\t<span style=\"color:#000000\"><span style=\"font-size:16px\"><span style=\"font-family:Georgia,serif\">\u201cKui teie sotsiaalne ettev\u00f5te kasvab, on tugeva br\u00e4ndi arendamine midagi sellist, millele peaksite rohkem aega ja raha p\u00fchendama. Seni\u00a0on j\u00e4rjepidev olemine parim, mida saate usaldusv\u00e4\u00e4rse ja meeldej\u00e4\u00e4va br\u00e4ndi v\u00e4ljaarendamiseks teha.\u201d<\/span><\/span><\/span>\n<\/p>\n<p style=\"text-align: justify\">\n\t<span style=\"color:#000000\"><strong><span style=\"font-size:16px\"><span style=\"font-family:Georgia,serif\">6.\u00a0\u00c4rge kartke kulutada raha turundusele<\/span><\/span><\/strong><\/span>\n<\/p>\n<p style=\"text-align: justify\">\n\t<span style=\"color:#000000\"><span style=\"font-size:16px\"><span style=\"font-family:Georgia,serif\">\u201cHeategevussektorist \u00fcle kandunud valearusaam\u00a0on see, et sotsiaalse m\u00f5juga organisatsioonid peavad v\u00e4hem kulutama \u00fcldkuludele, sealhulgas turundusele. M\u00f5ne inimese arvates on raha, mida ei kulutata otseselt sotsiaalsete muutuste loomiseks raisatud raha.\u201d<\/span><\/span><\/span><\/p>\n","protected":false},"excerpt":{"rendered":"<p>K\u00e4esoleva teema\u00a0eesm\u00e4rgiks on anda \u00fclevaade sotsiaalse ettev\u00f5tte turundusmeetoditest ja -nippidest, mis aitavad\u00a0suurendada m\u00f5ju, kliendibaasi ning tuntust. Selleks loe p\u00f5hjalikult eestikeelset kokkuv\u00f5tet\u00a0digitaalse turundamise\u00a0spetsialisti, Natasha Burtenshaw-deVriesi\u00a0kirjutatud artiklist\u00a0sotsiaalse ettev\u00f5tte turundamise kohta ning p\u00e4rast seda\u00a0l\u00e4bi viies\u00a0test. Seej\u00e4rel tutvu sama autori koondvaatega tema valitud parimatest &#8230;<\/p>\n","protected":false},"author":164,"featured_media":0,"parent":0,"menu_order":0,"comment_status":"closed","ping_status":"closed","template":"","meta":{"_acf_changed":false,"inline_featured_image":false,"footnotes":""},"class_list":["post-16","page","type-page","status-publish","hentry"],"acf":[],"_links":{"self":[{"href":"https:\/\/sisu.ut.ee\/sotsiaalneettevotlus\/wp-json\/wp\/v2\/pages\/16","targetHints":{"allow":["GET"]}}],"collection":[{"href":"https:\/\/sisu.ut.ee\/sotsiaalneettevotlus\/wp-json\/wp\/v2\/pages"}],"about":[{"href":"https:\/\/sisu.ut.ee\/sotsiaalneettevotlus\/wp-json\/wp\/v2\/types\/page"}],"author":[{"embeddable":true,"href":"https:\/\/sisu.ut.ee\/sotsiaalneettevotlus\/wp-json\/wp\/v2\/users\/164"}],"replies":[{"embeddable":true,"href":"https:\/\/sisu.ut.ee\/sotsiaalneettevotlus\/wp-json\/wp\/v2\/comments?post=16"}],"version-history":[{"count":1,"href":"https:\/\/sisu.ut.ee\/sotsiaalneettevotlus\/wp-json\/wp\/v2\/pages\/16\/revisions"}],"predecessor-version":[{"id":68,"href":"https:\/\/sisu.ut.ee\/sotsiaalneettevotlus\/wp-json\/wp\/v2\/pages\/16\/revisions\/68"}],"wp:attachment":[{"href":"https:\/\/sisu.ut.ee\/sotsiaalneettevotlus\/wp-json\/wp\/v2\/media?parent=16"}],"curies":[{"name":"wp","href":"https:\/\/api.w.org\/{rel}","templated":true}]}}