{"id":15,"date":"2024-04-04T06:15:58","date_gmt":"2024-04-04T03:15:58","guid":{"rendered":"https:\/\/sisu.ut.ee\/sotsiaalneettevotlus\/materjalid\/"},"modified":"2024-04-04T06:16:25","modified_gmt":"2024-04-04T03:16:25","slug":"materjalid","status":"publish","type":"page","link":"https:\/\/sisu.ut.ee\/sotsiaalneettevotlus\/materjalid\/","title":{"rendered":"Kokkuv\u00f5te ja materjalid"},"content":{"rendered":"<blockquote>\n<p>\n\t\tTeema 1\n\t<\/p>\n<\/blockquote>\n<p style=\"text-align: justify\">\n\t<span style=\"color:#000000\"><span style=\"font-size:16px\"><span style=\"font-family:Georgia,serif\">Sotsiaalse ettev\u00f5tte eesm\u00e4rgiks on lahendada l\u00e4bi \u00e4ritegevuse \u00fchiskonnas esinevaid probleeme ja selle jaoks on esmat\u00e4htis\u00a0j\u00e4tkusuutliku \u00e4rimudeli loomine.\u00a0Olulisteks eesm\u00e4rkideks\u00a0on ettev\u00f5tte poolt loodava m\u00f5ju maksimeerimine ning lojaalse kliendibaasi tekitamine.\u00a0Sotsiaalsete Ettev\u00f5tete V\u00f5rgustiku kaudu on algatustel v\u00f5imalik kontakteeruda v\u00f5imalike investoritega ning saada abi juriidilise keha loomisel.<\/span><\/span><\/span>\n<\/p>\n<ul>\n<li>\n\t\t<span style=\"font-size:16px\"><span style=\"font-family:Georgia,serif\"><a data-url=\"https:\/\/sev.ee\/\" href=\"https:\/\/sev.ee\/\" target=\"_blank\" title=\"\" rel=\"noopener\">Sotsiaalsete Ettev\u00f5tete V\u00f5rgustiku veebileht<\/a><\/span><\/span>\n\t<\/li>\n<li>\n\t\t<span style=\"font-size:16px\"><span style=\"font-family:Georgia,serif\"><a data-url=\"https:\/\/sisu.ut.ee\/wp-content\/uploads\/sites\/443\/social_enterprise_models_-_defourny_nyssens.pdf\" href=\"https:\/\/sisu.ut.ee\/wp-content\/uploads\/sites\/443\/social_enterprise_models_-_defourny_nyssens.pdf\" target=\"_blank\" title=\"\" rel=\"noopener\">Fundamentals for an International Typology of Social Enterprise Models<\/a><\/span><\/span>*\n\t<\/li>\n<\/ul>\n<blockquote>\n<p>\n\t\tTeema 2\n\t<\/p>\n<\/blockquote>\n<p style=\"text-align: justify\">\n\t<span style=\"color:#000000\"><span style=\"font-size:16px\"><span style=\"font-family:Georgia,serif\">Sotsiaalsed ettev\u00f5tted on \u00fchiskonnas pigem tuntud kui heategevusfondid ning kasumit\u00a0mitte teenivad mikroettev\u00f5tted. Viimasel ajal on aga\u00a0negatiivne eelarvamus kasumlike sotsiaalsete ettev\u00f5tete kohta muutumas. T\u00e4nu sellele\u00a0on \u00fchiskondlikku kasu loovad algatused saanud rohkem rahastust nii erainvestoritelt kui ka erinevatelt fondidelt, millest mitmed tegutsevad ka Eestis.<\/span><\/span><\/span>\n<\/p>\n<blockquote>\n<p>\n\t\tTeema 3\n\t<\/p>\n<\/blockquote>\n<p style=\"text-align: justify\">\n\t<span style=\"color:#000000\"><span style=\"font-size:16px\"><span style=\"font-family:Georgia,serif\">Sageli on sotsiaalsete ettev\u00f5tete\u00a0fookuses probleemist tingitud tagaj\u00e4rgede leevendamine, kuid k\u00f5ige efektiivsem tegutsemisviis on just probleemi enda ennetav\u00a0lahendamine.\u00a0Defineerides algprobleemi, on v\u00f5imalik leida k\u00f5ige j\u00e4tkusuutlikum viis seda lahendada\u00a0ning sel moel\u00a0ettev\u00f5tte strateegia paika panna.<\/span><\/span><\/span>\n<\/p>\n<ul>\n<li>\n\t\t<span style=\"font-family:Georgia,serif\"><span style=\"font-size:16px\"><a data-url=\"https:\/\/youtu.be\/DVylRwmYmJE\" href=\"https:\/\/youtu.be\/DVylRwmYmJE\" target=\"_blank\" title=\"\" rel=\"noopener\">Rosanne Haggerty\u00a0TEDx loeng<\/a><\/span><\/span>\n\t<\/li>\n<\/ul>\n<blockquote>\n<p>\n\t\tTeema 4\n\t<\/p>\n<\/blockquote>\n<p style=\"text-align: justify\">\n\t<span style=\"color:#000000\"><span style=\"font-size:16px\"><span style=\"font-family:Georgia,serif\">\u00c4riplaan\u00a0on otsekui ettev\u00f5tte\u00a0CV. See dokument on m\u00f5eldud peamiselt just neile, kes on v\u00e4ljaspool ettev\u00f5tet, kuid tahavad selle kohta rohkem teada saada.\u00a0Eesm\u00e4rk on anda \u00fclevaade sellest, millega ettev\u00f5te tegeleb, miks see vajalik on\u00a0ning kuidas see raha teenima hakkab. T\u00e4htis on v\u00e4lja tuua ka meeskonna tugevused ning ambitsioonid tulevikuks.<\/span><\/span><\/span>\n<\/p>\n<ul>\n<li>\n\t\t<span style=\"font-size:16px\"><span style=\"font-family:Georgia,serif\"><a data-url=\"https:\/\/youtu.be\/Fqch5OrUPvA\" href=\"https:\/\/youtu.be\/Fqch5OrUPvA\" target=\"_blank\" title=\"\" rel=\"noopener\">\u00c4riplaani koostamise \u00f5petus<\/a><\/span><\/span>\n\t<\/li>\n<li>\n\t\t<span style=\"font-size:16px\"><span style=\"font-family:Georgia,serif\"><a data-url=\"https:\/\/youtu.be\/6VZNs1Eyrh8\" href=\"https:\/\/youtu.be\/6VZNs1Eyrh8\" target=\"_blank\" title=\"\" rel=\"noopener\">George Koukise TEDx loeng<\/a><\/span><\/span>\n\t<\/li>\n<\/ul>\n<blockquote>\n<p>\n\t\tTeema 5\n\t<\/p>\n<\/blockquote>\n<p style=\"text-align: justify\">\n\t<span style=\"font-size:16px\"><span style=\"font-family:Georgia,serif\"><span style=\"color:#000000\">Turundus\u00a0ettev\u00f5ttes jaguneb kaheks osaks \u2013 teavitustegevus ja m\u00fc\u00fck. L\u00e4bi teavitustegevuse on ettev\u00f5ttel v\u00f5imalik enda j\u00e4lgijaid kursis hoida ning kliendibaasi suurendada. M\u00fc\u00fcgitegevusel tuleb\u00a0turundada teenust v\u00f5i kaupa v\u00f5imalikult atraktiivselt, et inimesed sooviksid oma raskelt teenitud raha just selle peale kulutada. Sotsiaalse ettev\u00f5tte turundamisel\u00a0on oluline r\u00e4\u00e4kida oma loost ning lahendatavast probleemist ja luua\u00a0inimesi k\u00f5netav br\u00e4nd. Turunduse peale raha kulutamine pole kunagi raisatud raha, sest see aitab ettev\u00f5ttel kasvada ning tuntust koguda.<\/span><\/span><\/span>\n<\/p>\n<ul>\n<li>\n\t\t<span style=\"font-size:16px\"><span style=\"font-family:Georgia,serif\"><a data-url=\"https:\/\/natashabd.ca\/how-to-marketing-for-a-social-enterprise\/\" href=\"https:\/\/natashabd.ca\/how-to-marketing-for-a-social-enterprise\/\" target=\"_blank\" title=\"\" rel=\"noopener\">Kuidas turundada sotsiaalset ettev\u00f5tet<\/a><\/span><\/span>\n\t<\/li>\n<li>\n\t\t<span style=\"font-size:16px\"><span style=\"font-family:Georgia,serif\"><a data-url=\"https:\/\/natashabd.ca\/the-best-social-enterprise-marketing-resources\/\" href=\"https:\/\/natashabd.ca\/the-best-social-enterprise-marketing-resources\/\" target=\"_blank\" title=\"\" rel=\"noopener\">Koondvaade parimatest turundust\u00f6\u00f6riistadest<\/a><\/span><\/span>\n\t<\/li>\n<\/ul>\n<blockquote>\n<p>\n\t\tTeema 6\n\t<\/p>\n<\/blockquote>\n<p style=\"text-align: justify\">\n\t<span style=\"font-size:16px\"><span style=\"font-family:Georgia,serif\"><span style=\"color:#000000\">Konflikte tuleb ette igas meeskonnas, seega nende\u00a0lahendamine on oluline osa ettev\u00f5tte juhtimisest. Peamine t\u00f6\u00f6riist\u00a0on \u201c\u00e4\u00e4rmusliku omandi\u201d kontseptsioon, mis t\u00e4hendab \u00fcksikisiku poolset vastutuse v\u00f5tmist\u00a0igas situatsioonis. Sageli on lahenduste leidmisel takistuseks inimese ego\u00a0ja kui midagi valesti l\u00e4heb,\u00a0\u00fcritatakse s\u00fc\u00fc\u00a0teiste kaela ajada. Tuleb anal\u00fc\u00fcsida, mida sa ise teisiti teha oleksid saanud\u00a0ning enda k\u00e4itumist edaspidi korrigeerida.\u00a0L\u00e4bi pideva suhtluse ning teiste ideede kuulamise\u00a0on v\u00f5imalik luua t\u00f6\u00f6keskkond,\u00a0mis sobib k\u00f5igile.<\/span><\/span><\/span>\n<\/p>\n<ul>\n<li>\n\t\t<span style=\"font-size:16px\"><span style=\"font-family:Georgia,serif\"><a href=\"https:\/\/sisu.ut.ee\/wp-content\/uploads\/sites\/443\/konflikti_lahendusstiilid.pdf\" target=\"_blank\" rel=\"noopener\">Konfliktide lahendusstiilid<\/a><\/span><\/span>\n\t<\/li>\n<li>\n\t\t<span style=\"font-size:16px\"><span style=\"font-family:Georgia,serif\"><a href=\"https:\/\/sisu.ut.ee\/wp-content\/uploads\/sites\/443\/meeskonnatoo_efektiivsus.pdf\" target=\"_blank\" rel=\"noopener\">Efektiivne meeskonnat\u00f6\u00f6<\/a><\/span><\/span>\n\t<\/li>\n<li>\n\t\t<span style=\"font-size:16px\"><span style=\"font-family:Georgia,serif\"><a data-url=\"https:\/\/youtu.be\/ljqra3BcqWM\" href=\"https:\/\/youtu.be\/ljqra3BcqWM\" target=\"_blank\" title=\"\" rel=\"noopener\">Jocko Willinki TEDx loeng<\/a><\/span><\/span>\n\t<\/li>\n<\/ul>\n<hr>\n<h2>\n\t<span style=\"font-size:16px\"><span style=\"font-family:Georgia,serif\"><strong>Teaduslikud tekstid ja muud kirjutised sotsiaalse ettev\u00f5tluse kohta (vabatahtlikud ja\u00a0pole kursuse l\u00e4bimiseks tarvilikud)<\/strong><\/span><\/span><br>\n<\/h2>\n<ul>\n<li>\n\t\t<span style=\"font-size:16px\"><span style=\"font-family:Georgia,serif\"><a data-url=\"https:\/\/sisu.ut.ee\/wp-content\/uploads\/sites\/443\/social_entrepreneurship_a_critical_review_of_the_concept.pdf\" href=\"https:\/\/sisu.ut.ee\/wp-content\/uploads\/sites\/443\/social_entrepreneurship_a_critical_review_of_the_concept.pdf\" target=\"_blank\" title=\"\" rel=\"noopener\">Social Entrepreneurship: A Critical Review of the Concept<\/a><\/span><\/span>\n\t<\/li>\n<li>\n\t\t<span style=\"font-size:16px\"><span style=\"font-family:Georgia,serif\"><a data-url=\"https:\/\/sisu.ut.ee\/wp-content\/uploads\/sites\/443\/the_meaning_of_social_entrepreneurship.pdf\" href=\"https:\/\/sisu.ut.ee\/wp-content\/uploads\/sites\/443\/the_meaning_of_social_entrepreneurship.pdf\" target=\"_blank\" title=\"\" rel=\"noopener\">The Meaning of \u201cSocial Entrepreneurship\u201d<\/a><\/span><\/span>\n\t<\/li>\n<li>\n\t\t<span style=\"font-size:16px\"><span style=\"font-family:Georgia,serif\"><a data-url=\"https:\/\/sisu.ut.ee\/wp-content\/uploads\/sites\/443\/a_positive_theory_of_social_entrepreneurship.pdf\" href=\"https:\/\/sisu.ut.ee\/wp-content\/uploads\/sites\/443\/a_positive_theory_of_social_entrepreneurship.pdf\" target=\"_blank\" title=\"\" rel=\"noopener\">A Positive Theory of Social Entrepreneurship<\/a><\/span><\/span>\n\t<\/li>\n<li>\n\t\t<span style=\"font-size:16px\"><span style=\"font-family:Georgia,serif\"><a data-url=\"https:\/\/books.google.se\/books?id=_6eEnkFkpCIC&amp;lpg=PP1&amp;pg=PP1#v=onepage&amp;q&amp;f=false\" href=\"https:\/\/books.google.se\/books?id=_6eEnkFkpCIC&amp;lpg=PP1&amp;pg=PP1#v=onepage&amp;q&amp;f=false\" target=\"_blank\" title=\"\" rel=\"noopener\">How to Change the World: Social Entrepreneurs and the Power of New Ideas<\/a>\u00a0(ainult eelvaade)<\/span><\/span>\n\t<\/li>\n<\/ul>\n<p>\n\t<img loading=\"lazy\" decoding=\"async\" width=\"2560\" height=\"1709\" class=\"alignnone wp-image-30\" src=\"https:\/\/sisu.ut.ee\/wp-content\/uploads\/sites\/443\/pexels-abby-chung-1106468-scaled.jpg\" title=\"pexels-abby-chung-1106468.jpg\" alt=\"materjalid\" srcset=\"https:\/\/sisu.ut.ee\/wp-content\/uploads\/sites\/443\/pexels-abby-chung-1106468-scaled.jpg 2560w, https:\/\/sisu.ut.ee\/wp-content\/uploads\/sites\/443\/pexels-abby-chung-1106468-300x200.jpg 300w, https:\/\/sisu.ut.ee\/wp-content\/uploads\/sites\/443\/pexels-abby-chung-1106468-1024x684.jpg 1024w, https:\/\/sisu.ut.ee\/wp-content\/uploads\/sites\/443\/pexels-abby-chung-1106468-768x513.jpg 768w, https:\/\/sisu.ut.ee\/wp-content\/uploads\/sites\/443\/pexels-abby-chung-1106468-1536x1025.jpg 1536w, https:\/\/sisu.ut.ee\/wp-content\/uploads\/sites\/443\/pexels-abby-chung-1106468-2048x1367.jpg 2048w, https:\/\/sisu.ut.ee\/wp-content\/uploads\/sites\/443\/pexels-abby-chung-1106468-1920x1282.jpg 1920w\" sizes=\"auto, (max-width: 2560px) 100vw, 2560px\"><\/p>\n","protected":false},"excerpt":{"rendered":"<p>Teema 1 Sotsiaalse ettev\u00f5tte eesm\u00e4rgiks on lahendada l\u00e4bi \u00e4ritegevuse \u00fchiskonnas esinevaid probleeme ja selle jaoks on esmat\u00e4htis\u00a0j\u00e4tkusuutliku \u00e4rimudeli loomine.\u00a0Olulisteks eesm\u00e4rkideks\u00a0on ettev\u00f5tte poolt loodava m\u00f5ju maksimeerimine ning lojaalse kliendibaasi tekitamine.\u00a0Sotsiaalsete Ettev\u00f5tete V\u00f5rgustiku kaudu on algatustel v\u00f5imalik kontakteeruda v\u00f5imalike investoritega ning saada &#8230;<\/p>\n","protected":false},"author":164,"featured_media":0,"parent":0,"menu_order":0,"comment_status":"closed","ping_status":"closed","template":"","meta":{"_acf_changed":false,"inline_featured_image":false,"footnotes":""},"class_list":["post-15","page","type-page","status-publish","hentry"],"acf":[],"_links":{"self":[{"href":"https:\/\/sisu.ut.ee\/sotsiaalneettevotlus\/wp-json\/wp\/v2\/pages\/15","targetHints":{"allow":["GET"]}}],"collection":[{"href":"https:\/\/sisu.ut.ee\/sotsiaalneettevotlus\/wp-json\/wp\/v2\/pages"}],"about":[{"href":"https:\/\/sisu.ut.ee\/sotsiaalneettevotlus\/wp-json\/wp\/v2\/types\/page"}],"author":[{"embeddable":true,"href":"https:\/\/sisu.ut.ee\/sotsiaalneettevotlus\/wp-json\/wp\/v2\/users\/164"}],"replies":[{"embeddable":true,"href":"https:\/\/sisu.ut.ee\/sotsiaalneettevotlus\/wp-json\/wp\/v2\/comments?post=15"}],"version-history":[{"count":1,"href":"https:\/\/sisu.ut.ee\/sotsiaalneettevotlus\/wp-json\/wp\/v2\/pages\/15\/revisions"}],"predecessor-version":[{"id":69,"href":"https:\/\/sisu.ut.ee\/sotsiaalneettevotlus\/wp-json\/wp\/v2\/pages\/15\/revisions\/69"}],"wp:attachment":[{"href":"https:\/\/sisu.ut.ee\/sotsiaalneettevotlus\/wp-json\/wp\/v2\/media?parent=15"}],"curies":[{"name":"wp","href":"https:\/\/api.w.org\/{rel}","templated":true}]}}