{"id":10,"date":"2024-04-04T06:15:58","date_gmt":"2024-04-04T03:15:58","guid":{"rendered":"https:\/\/sisu.ut.ee\/sotsiaalneettevotlus\/teema-4\/"},"modified":"2024-04-05T13:39:45","modified_gmt":"2024-04-05T10:39:45","slug":"teema-4","status":"publish","type":"page","link":"https:\/\/sisu.ut.ee\/sotsiaalneettevotlus\/teema-4\/","title":{"rendered":"Ideaalne \u00e4riplaan"},"content":{"rendered":"<p style=\"text-align: justify\">\r\n\t<span style=\"color:#000000\"><span style=\"font-size:16px\"><span style=\"font-family:Georgia,serif\">K\u00e4esoleva teema\u00a0eesm\u00e4rgiks on anda \u00fclevaade h\u00e4sti struktureeritud \u00e4riplaanist ning \u00f5petada selle koostamist ja rakendamist ettev\u00f5tte loomisel ning juhtimisel. Selleks kuula esmalt graafilist \u00e4riplaani koostamise\u00a0\u00f5petust, seej\u00e4rel\u00a0George Koukise TEDx\u00a0loengut \u00e4riplaani m\u00f5ttekusest,\u00a0ning p\u00e4rast seda l\u00e4bi neljas\u00a0test. Video l\u00e4bit\u00f6\u00f6tamisel\u00a0vasta k\u00f5igile kontrollk\u00fcsimustele, tee\u00a0m\u00e4rkmeid ning vajadusel vaata uuesti. Antud teema\u00a0l\u00e4bimiseks kuulub ligikaudu kuus\u00a0tundi.<\/span><\/span><\/span>\r\n<\/p>\r\n\r\n<blockquote>\r\n\t<p style=\"text-align: justify\">\r\n\t\t<em><span style=\"font-family:Georgia,serif\"><span style=\"color:#000000\"><span style=\"font-size:16px\">CommuniCare\u2019i \u00e4riplaani keskseks osaks on pidev koost\u00f6\u00f6\u00a0teiste ettev\u00f5tete ja liikumistega. Kuigi sotsiaalsed\u00a0ettev\u00f5tted peavad konventsionaalsetele ettev\u00f5tetele sarnaselt kasumlikud olema, tuleks\u00a0meeles pidada, et tegutsetakse hea eesm\u00e4rgi nimel. Selle eesm\u00e4rgini j\u00f5uab sageli kiiremini just teistega koost\u00f6\u00f6d tehes.<\/span><\/span><\/span><\/em>\r\n\t<\/p>\r\n<\/blockquote>\r\n\r\n<p>\r\n\t<\/p><div class=\"h5p-iframe-wrapper\"><div class=\"video-placeholder-wrapper video-placeholder-wrapper--fixed\" style=\"height: 366px;\">\n\t\t\t    <div class=\"video-placeholder d-flex justify-content-center align-items-center\">\n\t\t\t        <div class=\"overlay text-white p-2 w-100 text-center d-block justify-content-center align-items-center\">\n\t\t\t            <div>Kolmandate osapoolte sisu n\u00e4gemiseks palun n\u00f5ustu k\u00fcpsistega.<\/div>\n\t\t\t            <button class=\"btn btn-secondary btn-sm mt-1 consent-change\">Muuda n\u00f5usolekut<\/button>\n\t\t\t        <\/div>\n\t\t\t    <\/div>\n\t\t\t<\/div>\n<\/div><em><span style=\"font-size:16px\"><span style=\"font-family:Georgia,serif\">Videot vaadates on soovituslik m\u00e4rks\u00f5nade abil k\u00f5ik \u00e4riplaani osad kirja panna.<\/span><\/span><\/em><div class=\"h5p-iframe-wrapper\"><div class=\"video-placeholder-wrapper video-placeholder-wrapper--fixed\" style=\"height: 366px;\">\n\t\t\t    <div class=\"video-placeholder d-flex justify-content-center align-items-center\">\n\t\t\t        <div class=\"overlay text-white p-2 w-100 text-center d-block justify-content-center align-items-center\">\n\t\t\t            <div>Kolmandate osapoolte sisu n\u00e4gemiseks palun n\u00f5ustu k\u00fcpsistega.<\/div>\n\t\t\t            <button class=\"btn btn-secondary btn-sm mt-1 consent-change\">Muuda n\u00f5usolekut<\/button>\n\t\t\t        <\/div>\n\t\t\t    <\/div>\n\t\t\t<\/div>\n<\/div><em><span style=\"font-size:16px\"><span style=\"font-family:Georgia,serif\">Loengut vaadates pane t\u00e4hele, millised on hea juhi omadused ning misp\u00e4rast m\u00f5ned ettev\u00f5tted kunagi edukaks ei saa.<\/span><\/span><\/em>\r\n\r\n","protected":false},"excerpt":{"rendered":"<p>K\u00e4esoleva teema\u00a0eesm\u00e4rgiks on anda \u00fclevaade h\u00e4sti struktureeritud \u00e4riplaanist ning \u00f5petada selle koostamist ja rakendamist ettev\u00f5tte loomisel ning juhtimisel. Selleks kuula esmalt graafilist \u00e4riplaani koostamise\u00a0\u00f5petust, seej\u00e4rel\u00a0George Koukise TEDx\u00a0loengut \u00e4riplaani m\u00f5ttekusest,\u00a0ning p\u00e4rast seda l\u00e4bi neljas\u00a0test. Video l\u00e4bit\u00f6\u00f6tamisel\u00a0vasta k\u00f5igile kontrollk\u00fcsimustele, tee\u00a0m\u00e4rkmeid ning vajadusel &#8230;<\/p>\n","protected":false},"author":164,"featured_media":0,"parent":0,"menu_order":0,"comment_status":"closed","ping_status":"closed","template":"","meta":{"_acf_changed":false,"inline_featured_image":false,"footnotes":""},"class_list":["post-10","page","type-page","status-publish","hentry"],"acf":[],"_links":{"self":[{"href":"https:\/\/sisu.ut.ee\/sotsiaalneettevotlus\/wp-json\/wp\/v2\/pages\/10","targetHints":{"allow":["GET"]}}],"collection":[{"href":"https:\/\/sisu.ut.ee\/sotsiaalneettevotlus\/wp-json\/wp\/v2\/pages"}],"about":[{"href":"https:\/\/sisu.ut.ee\/sotsiaalneettevotlus\/wp-json\/wp\/v2\/types\/page"}],"author":[{"embeddable":true,"href":"https:\/\/sisu.ut.ee\/sotsiaalneettevotlus\/wp-json\/wp\/v2\/users\/164"}],"replies":[{"embeddable":true,"href":"https:\/\/sisu.ut.ee\/sotsiaalneettevotlus\/wp-json\/wp\/v2\/comments?post=10"}],"version-history":[{"count":4,"href":"https:\/\/sisu.ut.ee\/sotsiaalneettevotlus\/wp-json\/wp\/v2\/pages\/10\/revisions"}],"predecessor-version":[{"id":90,"href":"https:\/\/sisu.ut.ee\/sotsiaalneettevotlus\/wp-json\/wp\/v2\/pages\/10\/revisions\/90"}],"wp:attachment":[{"href":"https:\/\/sisu.ut.ee\/sotsiaalneettevotlus\/wp-json\/wp\/v2\/media?parent=10"}],"curies":[{"name":"wp","href":"https:\/\/api.w.org\/{rel}","templated":true}]}}