{"id":8,"date":"2024-04-04T03:25:13","date_gmt":"2024-04-04T00:25:13","guid":{"rendered":"https:\/\/sisu.ut.ee\/soomisest-joomisest-informatsioonist\/kokkuvote\/"},"modified":"2024-04-04T03:25:28","modified_gmt":"2024-04-04T00:25:28","slug":"kokkuvote","status":"publish","type":"page","link":"https:\/\/sisu.ut.ee\/soomisest-joomisest-informatsioonist\/kokkuvote\/","title":{"rendered":"Kokkuv\u00f5te"},"content":{"rendered":"<p style=\"text-align: justify\">N\u00fc\u00fcdisaega iseloomustab k\u00f5ikv\u00f5imalike koolituste ja kursuste uputus. Kui aga vestelda nende l\u00e4binutega, selgub kohe, et baasteadmisi tegelikult pole, eksisteerivad vaid hetkel saadud\/kuuldud arvamused. Seet\u00f5ttu kustutab iga j\u00e4rgmine koolitus eelmisel kursusel\/koolitusel saadu ja see kasutu ts\u00fckkel\/protsess toimib ja kordub nagu vaimut\u00fchi <em>Perpetuum mobile<\/em>. Ehk vaja on saada ja l\u00e4bi m\u00f5testada need p\u00f5hiaspektid, mis tekitavad ainsana vundamendi, millele on edaspidi v\u00f5imalik teadusp\u00f5histe teadmiste ehituse loomist j\u00e4tkata. Jah, see pole v\u00e4ga lihtne, aga see on ainus v\u00f5imalus olla ka tulevikus Teadja, mitte lihtsalt Arvaja.<\/p>\n<p style=\"text-align: justify\">Kursus \u201cS\u00f6\u00f6misest, joomisest ja informatsioonist\u201d ei kavatsenud selle l\u00e4bijast teha toitumise spetsialisti ja informatsiooni spetsialisti. K\u00fcll aga pidi iga m\u00f5tlev inimene m\u00f5istma, et alustama peaks ju sellest, et teadma peaks biomolekule, millest koosneb inimkeha ja mille saamiseks ning \u00fclesehitamiseks on meil vaja mitmekesist toitumist ja m\u00f5istma huvitavaid \u00fchisjooni s\u00f6\u00f6misel, joomisel ja informatsiooni tarbimisel. Sest ka s\u00f6\u00f6misega ja joomisega saadav on ju ka tegelikult signaalid inimkeha jaoks ja nii nagu infomaailmas ei tohiks ka s\u00f6\u00f6mise ja joomise signaalid olla valed, r\u00e4\u00e4kimata otse kahjulikest signaalidest.<\/p>\n<p style=\"text-align: justify\">Kursusel kuulsite ja loodame, et ka \u00f5ppisite, l\u00e4hemalt tundma t\u00e4htsamaid biomolekule nagu aminohapped, valgud, susivesikud, rasvhapped, lipiidid, kolesterool, vitamiinid ja vesi. Samuti andsime l\u00fchi\u00fclevaate ka bioelementidest, ilma milleta inimkeha hakkama ei saa, kuigi m\u00f5ningaid vajame p\u00e4evas vaid \u00fcliv\u00e4ikestes kogustes. Lisaks kirjeldasime nende t\u00e4htsate toidus ja joogis leiduvate \u00fchendite igap\u00e4evase tarbimise aspekte. Nagu iga asja \u00f5ppimise juures tuleb alustada baasteadmistest, seet\u00f5ttu t\u00f5idki esimesed loengud teieni antud \u00fchendite \u00fclesehituse, stereokeemilised aspektid, nende reaktsiooniv\u00f5ime jne. Seej\u00e4rel sai liikuda juba meie kehas toimuvate protsesside juurde. Seega ei olnud antud kursus m\u00f5eldud spetsiifiliste toitumisteadmiste andmiseks, vaid keskendub teaduslikult t\u00f5estatud baasteadmistele alates toiduga omastavate biomolekulide struktuurist kuni nende metabolismini. Lisaks tegime p\u00f5gusa pilguheidu informatsiooni olemuse, hoidmise ja edastamise ning t\u00f5esuse kontrollimise maailma. Vaatlesime toidu ja toitainetega ning s\u00f6\u00f6mise ja joomisega seotud info k\u00e4ttesaadavust ja kasutamist ning leidsime \u00fchiseid jooni s\u00f6\u00f6misel joomisel ja informatsiooni tarbimisel.<\/p>\n<p style=\"text-align: justify\">Kursuse korraldajad soovivad edaspidiseks normaalset s\u00f6\u00f6mist ja joomist ning infokasutamist. Tuletame veelkord meelde, et \u201eNormaalne \u00dchiskond on v\u00f5imalik ja avaldub vaid m\u00f5lema (teadusp\u00f5hisus + m\u00f5istusep\u00f5hine m\u00f5tlemine) kooskasutusel\u201c. Kui te suutsite kursusel osaledes m\u00f5ista, et vundamendi tekitamine on fundamentaalselt h\u00e4davajalik, siis on teil lootust kohtuda meiega ka j\u00e4rgmistes ning juba spetsiifilisemates kursustes.<\/p>\n","protected":false},"excerpt":{"rendered":"<p>N\u00fc\u00fcdisaega iseloomustab k\u00f5ikv\u00f5imalike koolituste ja kursuste uputus. Kui aga vestelda nende l\u00e4binutega, selgub kohe, et baasteadmisi tegelikult pole, eksisteerivad vaid hetkel saadud\/kuuldud arvamused. Seet\u00f5ttu kustutab iga j\u00e4rgmine koolitus eelmisel kursusel\/koolitusel saadu ja see kasutu ts\u00fckkel\/protsess toimib ja kordub nagu vaimut\u00fchi &#8230;<\/p>\n","protected":false},"author":111,"featured_media":0,"parent":0,"menu_order":0,"comment_status":"closed","ping_status":"closed","template":"","meta":{"_acf_changed":false,"inline_featured_image":false,"footnotes":""},"class_list":["post-8","page","type-page","status-publish","hentry"],"acf":[],"_links":{"self":[{"href":"https:\/\/sisu.ut.ee\/soomisest-joomisest-informatsioonist\/wp-json\/wp\/v2\/pages\/8","targetHints":{"allow":["GET"]}}],"collection":[{"href":"https:\/\/sisu.ut.ee\/soomisest-joomisest-informatsioonist\/wp-json\/wp\/v2\/pages"}],"about":[{"href":"https:\/\/sisu.ut.ee\/soomisest-joomisest-informatsioonist\/wp-json\/wp\/v2\/types\/page"}],"author":[{"embeddable":true,"href":"https:\/\/sisu.ut.ee\/soomisest-joomisest-informatsioonist\/wp-json\/wp\/v2\/users\/111"}],"replies":[{"embeddable":true,"href":"https:\/\/sisu.ut.ee\/soomisest-joomisest-informatsioonist\/wp-json\/wp\/v2\/comments?post=8"}],"version-history":[{"count":1,"href":"https:\/\/sisu.ut.ee\/soomisest-joomisest-informatsioonist\/wp-json\/wp\/v2\/pages\/8\/revisions"}],"predecessor-version":[{"id":133,"href":"https:\/\/sisu.ut.ee\/soomisest-joomisest-informatsioonist\/wp-json\/wp\/v2\/pages\/8\/revisions\/133"}],"wp:attachment":[{"href":"https:\/\/sisu.ut.ee\/soomisest-joomisest-informatsioonist\/wp-json\/wp\/v2\/media?parent=8"}],"curies":[{"name":"wp","href":"https:\/\/api.w.org\/{rel}","templated":true}]}}