{"id":7,"date":"2024-04-04T03:25:13","date_gmt":"2024-04-04T00:25:13","guid":{"rendered":"https:\/\/sisu.ut.ee\/soomisest-joomisest-informatsioonist\/1-orgaanilised-biomolekulid\/"},"modified":"2024-04-04T03:25:28","modified_gmt":"2024-04-04T00:25:28","slug":"1-orgaanilised-biomolekulid","status":"publish","type":"page","link":"https:\/\/sisu.ut.ee\/soomisest-joomisest-informatsioonist\/1-orgaanilised-biomolekulid\/","title":{"rendered":"1. Orgaanilised biomolekulid"},"content":{"rendered":"<p>Antud teemas tuleb juttu:<\/p><ol><li><strong><\/strong><strong>Bioelementidest:\u00a0<\/strong>Mis on inimkeha p\u00f5hibioelemendid? Mis on makrobioelemendid? Mis on mikrobioelemendid?<\/li><li><strong>Aminohapetest ja valkudest:\u00a0<\/strong>Mis on aminohape? Millised on inimkeha essentsiaalsed aminohapped? Mis on peptiidid? Mis on valgud?<\/li><li><strong>S\u00fcsivesikutest:\u00a0<\/strong>Mis on monosahhariidid? Mis on oligosahhariidid? Mis on pol\u00fcsahhariidid?<\/li><li><strong>Rasvhapetest ja lipiididest:\u00a0<\/strong>Mis on rasvhapped? Millised on inimkeha essentsiaalsed rasvhapped? Mis on oomega-rasvhapped? Mis on lipiidid?<\/li><li><strong>Kolesteroolist:\u00a0<\/strong>Kas kolesterool on hea\u00a0 v\u00f5i halb?<\/li><\/ol><p><\/p><div class=\"ratio ratio-16x9 mb-3\"><div class=\"video-placeholder-wrapper video-placeholder-wrapper--16x9\">\n\t\t\t    <div class=\"video-placeholder d-flex justify-content-center align-items-center\">\n\t\t\t        <div class=\"overlay text-white p-2 w-100 text-center d-block justify-content-center align-items-center\">\n\t\t\t            <div>Kolmandate osapoolte sisu n\u00e4gemiseks palun n\u00f5ustu k\u00fcpsistega.<\/div>\n\t\t\t            <button class=\"btn btn-secondary btn-sm mt-1 consent-change\">Muuda n\u00f5usolekut<\/button>\n\t\t\t        <\/div>\n\t\t\t    <\/div>\n\t\t\t<\/div>\n<\/div><h3><img loading=\"lazy\" decoding=\"async\" width=\"32\" height=\"41\" class=\"alignnone wp-image-50\" src=\"https:\/\/sisu.ut.ee\/wp-content\/uploads\/sites\/222\/knopka2.png\" title=\"knopka2.png\" alt=\"knopka2.png\">Meeldej\u00e4tmiseks:<\/h3><p>T\u00e4htsaimad orgaanilised biomolekulid toidus on:<\/p><ol><li>Bioelemendid (biomineraalid) \u2013 makro- ja mikrobioelemendid<\/li><li>S\u00fcsivesikud<\/li><li>Aminohapped ja valgud<\/li><li>Rasvhapped ja lipiidid<\/li><li>Kolesterool<\/li><\/ol><p><\/p><br><div class=\"wp-block-group attached-files-group is-layout-constrained wp-block-group-is-layout-constrained\"><\/div>","protected":false},"excerpt":{"rendered":"<p>Antud teemas tuleb juttu: Bioelementidest:\u00a0Mis on inimkeha p\u00f5hibioelemendid? Mis on makrobioelemendid? Mis on mikrobioelemendid? Aminohapetest ja valkudest:\u00a0Mis on aminohape? Millised on inimkeha essentsiaalsed aminohapped? Mis on peptiidid? Mis on valgud? S\u00fcsivesikutest:\u00a0Mis on monosahhariidid? Mis on oligosahhariidid? Mis on pol\u00fcsahhariidid? Rasvhapetest &#8230;<\/p>\n","protected":false},"author":111,"featured_media":0,"parent":0,"menu_order":0,"comment_status":"closed","ping_status":"closed","template":"","meta":{"_acf_changed":false,"inline_featured_image":false,"footnotes":""},"class_list":["post-7","page","type-page","status-publish","hentry"],"acf":[],"_links":{"self":[{"href":"https:\/\/sisu.ut.ee\/soomisest-joomisest-informatsioonist\/wp-json\/wp\/v2\/pages\/7","targetHints":{"allow":["GET"]}}],"collection":[{"href":"https:\/\/sisu.ut.ee\/soomisest-joomisest-informatsioonist\/wp-json\/wp\/v2\/pages"}],"about":[{"href":"https:\/\/sisu.ut.ee\/soomisest-joomisest-informatsioonist\/wp-json\/wp\/v2\/types\/page"}],"author":[{"embeddable":true,"href":"https:\/\/sisu.ut.ee\/soomisest-joomisest-informatsioonist\/wp-json\/wp\/v2\/users\/111"}],"replies":[{"embeddable":true,"href":"https:\/\/sisu.ut.ee\/soomisest-joomisest-informatsioonist\/wp-json\/wp\/v2\/comments?post=7"}],"version-history":[{"count":2,"href":"https:\/\/sisu.ut.ee\/soomisest-joomisest-informatsioonist\/wp-json\/wp\/v2\/pages\/7\/revisions"}],"predecessor-version":[{"id":159,"href":"https:\/\/sisu.ut.ee\/soomisest-joomisest-informatsioonist\/wp-json\/wp\/v2\/pages\/7\/revisions\/159"}],"wp:attachment":[{"href":"https:\/\/sisu.ut.ee\/soomisest-joomisest-informatsioonist\/wp-json\/wp\/v2\/media?parent=7"}],"curies":[{"name":"wp","href":"https:\/\/api.w.org\/{rel}","templated":true}]}}