{"id":5,"date":"2024-04-04T03:25:13","date_gmt":"2024-04-04T00:25:13","guid":{"rendered":"https:\/\/sisu.ut.ee\/soomisest-joomisest-informatsioonist\/avaleht\/"},"modified":"2024-04-04T03:25:28","modified_gmt":"2024-04-04T00:25:28","slug":"avaleht","status":"publish","type":"page","link":"https:\/\/sisu.ut.ee\/soomisest-joomisest-informatsioonist\/","title":{"rendered":"Avaleht"},"content":{"rendered":"<h2 style=\"text-align: center\"><span>S\u00d6\u00d6MISEST, JOOMISEST JA INFORMATSIOONIST<\/span><\/h2><p><\/p><div class=\"ratio ratio-16x9 mb-3\"><div class=\"video-placeholder-wrapper video-placeholder-wrapper--16x9\">\n\t\t\t    <div class=\"video-placeholder d-flex justify-content-center align-items-center\">\n\t\t\t        <div class=\"overlay text-white p-2 w-100 text-center d-block justify-content-center align-items-center\">\n\t\t\t            <div>Kolmandate osapoolte sisu n\u00e4gemiseks palun n\u00f5ustu k\u00fcpsistega.<\/div>\n\t\t\t            <button class=\"btn btn-secondary btn-sm mt-1 consent-change\">Muuda n\u00f5usolekut<\/button>\n\t\t\t        <\/div>\n\t\t\t    <\/div>\n\t\t\t<\/div>\n<\/div><p><span>Kursuse eesm\u00e4rgiks on \u00fcldiselt t\u00e4htsamate orgaaniliste biomolekulide tutvustamine ning s\u00f6\u00f6mise ja joomise baasteadmiste edastamine. P\u00e4rast kursuse edukat l\u00e4bimist tead\u00a0p\u00f5hiliste orgaaniliste biomolekulide ehitust, biofunktsiooni ja omadusi; m\u00f5istad s\u00f6\u00f6mise ja ainevahetuse \u00fcldprintsiipe; m\u00f5istad joomise ja ainevahetuse \u00fcldprintsiipe; saad aru informatsioonist ja selle levikust.<\/span><\/p><p>Kursus toimub t\u00e4ielikult veebip\u00f5hisena Tartu \u00dclikooli <a href=\"https:\/\/moodle.ut.ee\/course\/view.php?id=4572\" target=\"_blank\" rel=\"noopener\">Moodle\u2019i \u00f5pikeskkonnas<\/a>.\u00a0Kursuse maht on 1 EAP ehk ca 26 tundi. E-kursuse sisu jaguneb 4 mooduliks ehk n\u00e4dalaks ning kursuse edukaks l\u00e4bimiseks tuleb iga n\u00e4dal teha iseseisvalt t\u00f6\u00f6d: t\u00f6\u00f6tada l\u00e4bi \u00f5ppematerjalid, sooritada \u00f5ppematerjalide juures olevad enesetestid, Moodle\u2019is olevad hinnatavad kontrolltestid ning l\u00f5pptest.\u00a0\u00d5ppematerjalide juures olevad enesetestid on m\u00f5eldud \u00f5ppimise toetamiseks ja enesekontrolliks ning nende sooritamine on mittehinnatav.\u00a0<\/p><p>Hinnatavad kontrolltestid ja l\u00f5pptesti edukalt sooritanutele v\u00e4ljastatakse Tartu \u00dclikooli digitaalne tunnistus.\u00a0<\/p><p>Kursuse loojateks on meditsiinilise biokeemia professor Mihkel Zilmer, meditsiinilise metaboloomika professor Ursel Soomets, inimese f\u00fcsioloogia professor Eero Vasar, arvutis\u00fcsteemide lektor Vambola Leping ning biokeemia doktorant Rando Porosk.<\/p><br><div class=\"wp-block-group attached-files-group is-layout-constrained wp-block-group-is-layout-constrained\"><\/div>","protected":false},"excerpt":{"rendered":"<p>S\u00d6\u00d6MISEST, JOOMISEST JA INFORMATSIOONIST Kolmandate osapoolte sisu n\u00e4gemiseks palun n\u00f5ustu k\u00fcpsistega. Muuda n\u00f5usolekut Kursuse eesm\u00e4rgiks on \u00fcldiselt t\u00e4htsamate orgaaniliste biomolekulide tutvustamine ning s\u00f6\u00f6mise ja joomise baasteadmiste edastamine. P\u00e4rast kursuse edukat l\u00e4bimist tead\u00a0p\u00f5hiliste orgaaniliste biomolekulide ehitust, biofunktsiooni ja omadusi; m\u00f5istad s\u00f6\u00f6mise &#8230;<\/p>\n","protected":false},"author":111,"featured_media":0,"parent":0,"menu_order":0,"comment_status":"closed","ping_status":"closed","template":"","meta":{"_acf_changed":false,"inline_featured_image":false,"footnotes":""},"class_list":["post-5","page","type-page","status-publish","hentry"],"acf":[],"_links":{"self":[{"href":"https:\/\/sisu.ut.ee\/soomisest-joomisest-informatsioonist\/wp-json\/wp\/v2\/pages\/5","targetHints":{"allow":["GET"]}}],"collection":[{"href":"https:\/\/sisu.ut.ee\/soomisest-joomisest-informatsioonist\/wp-json\/wp\/v2\/pages"}],"about":[{"href":"https:\/\/sisu.ut.ee\/soomisest-joomisest-informatsioonist\/wp-json\/wp\/v2\/types\/page"}],"author":[{"embeddable":true,"href":"https:\/\/sisu.ut.ee\/soomisest-joomisest-informatsioonist\/wp-json\/wp\/v2\/users\/111"}],"replies":[{"embeddable":true,"href":"https:\/\/sisu.ut.ee\/soomisest-joomisest-informatsioonist\/wp-json\/wp\/v2\/comments?post=5"}],"version-history":[{"count":2,"href":"https:\/\/sisu.ut.ee\/soomisest-joomisest-informatsioonist\/wp-json\/wp\/v2\/pages\/5\/revisions"}],"predecessor-version":[{"id":161,"href":"https:\/\/sisu.ut.ee\/soomisest-joomisest-informatsioonist\/wp-json\/wp\/v2\/pages\/5\/revisions\/161"}],"wp:attachment":[{"href":"https:\/\/sisu.ut.ee\/soomisest-joomisest-informatsioonist\/wp-json\/wp\/v2\/media?parent=5"}],"curies":[{"name":"wp","href":"https:\/\/api.w.org\/{rel}","templated":true}]}}