{"id":37,"date":"2024-04-04T03:25:16","date_gmt":"2024-04-04T00:25:16","guid":{"rendered":"https:\/\/sisu.ut.ee\/soomisest-joomisest-informatsioonist\/26-soomise-fusioloogia\/"},"modified":"2024-04-04T03:25:27","modified_gmt":"2024-04-04T00:25:27","slug":"26-soomise-fusioloogia","status":"publish","type":"page","link":"https:\/\/sisu.ut.ee\/soomisest-joomisest-informatsioonist\/26-soomise-fusioloogia\/","title":{"rendered":"2.6. S\u00f6\u00f6mise f\u00fcsioloogia"},"content":{"rendered":"<p><\/p><div class=\"ratio ratio-16x9 mb-3\"><div class=\"video-placeholder-wrapper video-placeholder-wrapper--16x9\">\n\t\t\t    <div class=\"video-placeholder d-flex justify-content-center align-items-center\">\n\t\t\t        <div class=\"overlay text-white p-2 w-100 text-center d-block justify-content-center align-items-center\">\n\t\t\t            <div>Kolmandate osapoolte sisu n\u00e4gemiseks palun n\u00f5ustu k\u00fcpsistega.<\/div>\n\t\t\t            <button class=\"btn btn-secondary btn-sm mt-1 consent-change\">Muuda n\u00f5usolekut<\/button>\n\t\t\t        <\/div>\n\t\t\t    <\/div>\n\t\t\t<\/div>\n<\/div>\n<h3><img loading=\"lazy\" decoding=\"async\" width=\"32\" height=\"41\" class=\"alignnone wp-image-50\" src=\"https:\/\/sisu.ut.ee\/wp-content\/uploads\/sites\/222\/knopka2.png\" title=\"knopka2.png\" alt=\"knopka2.png\">Meeldej\u00e4tmiseks:<\/h3>\n<ul>\n<li>Maitsesensorid vahendavad informatsiooni selle kohta, mida me s\u00f6\u00f6me. Samuti t\u00e4nu maitsesensoritele saab meie organism teada, mida selle toiduga peale hakata<\/li>\n<li>Haistesensorid lisavad maitsesensoritele informatsiooni s\u00f6\u00f6dava toidu kvaliteedi kohta<\/li>\n<li>Keemilised meeled koos teiste meeleorganitega valmistavad meid ette seedetegevuseks<\/li>\n<li>N\u00e4lg ja k\u00fcllastustunne on l\u00e4bielamised, mis paiknevad ainult meie ajus<\/li>\n<li>Toimetulematus k\u00fcllastustundele lisanduva naudinguga viib kergesti tasakaalust v\u00e4lja meie energia hom\u00f6ostaasi regulatsiooni<\/li>\n<\/ul>\n","protected":false},"excerpt":{"rendered":"<p>Kolmandate osapoolte sisu n\u00e4gemiseks palun n\u00f5ustu k\u00fcpsistega. Muuda n\u00f5usolekut Meeldej\u00e4tmiseks: Maitsesensorid vahendavad informatsiooni selle kohta, mida me s\u00f6\u00f6me. Samuti t\u00e4nu maitsesensoritele saab meie organism teada, mida selle toiduga peale hakata Haistesensorid lisavad maitsesensoritele informatsiooni s\u00f6\u00f6dava toidu kvaliteedi kohta Keemilised meeled &#8230;<\/p>\n","protected":false},"author":111,"featured_media":0,"parent":0,"menu_order":0,"comment_status":"closed","ping_status":"closed","template":"","meta":{"_acf_changed":false,"inline_featured_image":false,"footnotes":""},"class_list":["post-37","page","type-page","status-publish","hentry"],"acf":[],"_links":{"self":[{"href":"https:\/\/sisu.ut.ee\/soomisest-joomisest-informatsioonist\/wp-json\/wp\/v2\/pages\/37","targetHints":{"allow":["GET"]}}],"collection":[{"href":"https:\/\/sisu.ut.ee\/soomisest-joomisest-informatsioonist\/wp-json\/wp\/v2\/pages"}],"about":[{"href":"https:\/\/sisu.ut.ee\/soomisest-joomisest-informatsioonist\/wp-json\/wp\/v2\/types\/page"}],"author":[{"embeddable":true,"href":"https:\/\/sisu.ut.ee\/soomisest-joomisest-informatsioonist\/wp-json\/wp\/v2\/users\/111"}],"replies":[{"embeddable":true,"href":"https:\/\/sisu.ut.ee\/soomisest-joomisest-informatsioonist\/wp-json\/wp\/v2\/comments?post=37"}],"version-history":[{"count":1,"href":"https:\/\/sisu.ut.ee\/soomisest-joomisest-informatsioonist\/wp-json\/wp\/v2\/pages\/37\/revisions"}],"predecessor-version":[{"id":104,"href":"https:\/\/sisu.ut.ee\/soomisest-joomisest-informatsioonist\/wp-json\/wp\/v2\/pages\/37\/revisions\/104"}],"wp:attachment":[{"href":"https:\/\/sisu.ut.ee\/soomisest-joomisest-informatsioonist\/wp-json\/wp\/v2\/media?parent=37"}],"curies":[{"name":"wp","href":"https:\/\/api.w.org\/{rel}","templated":true}]}}