{"id":36,"date":"2024-04-04T03:25:15","date_gmt":"2024-04-04T00:25:15","guid":{"rendered":"https:\/\/sisu.ut.ee\/soomisest-joomisest-informatsioonist\/25-lipoproteiinid-riskifaktoritena\/"},"modified":"2024-04-04T03:25:27","modified_gmt":"2024-04-04T00:25:27","slug":"25-lipoproteiinid-riskifaktoritena","status":"publish","type":"page","link":"https:\/\/sisu.ut.ee\/soomisest-joomisest-informatsioonist\/25-lipoproteiinid-riskifaktoritena\/","title":{"rendered":"2.5. Lipoproteiinid riskifaktoritena"},"content":{"rendered":"<p><\/p><div class=\"ratio ratio-16x9 mb-3\"><div class=\"video-placeholder-wrapper video-placeholder-wrapper--16x9\">\n\t\t\t    <div class=\"video-placeholder d-flex justify-content-center align-items-center\">\n\t\t\t        <div class=\"overlay text-white p-2 w-100 text-center d-block justify-content-center align-items-center\">\n\t\t\t            <div>Kolmandate osapoolte sisu n\u00e4gemiseks palun n\u00f5ustu k\u00fcpsistega.<\/div>\n\t\t\t            <button class=\"btn btn-secondary btn-sm mt-1 consent-change\">Muuda n\u00f5usolekut<\/button>\n\t\t\t        <\/div>\n\t\t\t    <\/div>\n\t\t\t<\/div>\n<\/div>\n<h3><img loading=\"lazy\" decoding=\"async\" width=\"32\" height=\"41\" class=\"alignnone wp-image-50\" src=\"https:\/\/sisu.ut.ee\/wp-content\/uploads\/sites\/222\/knopka2.png\" title=\"knopka2.png\" alt=\"knopka2.png\">Meeldej\u00e4tmiseks:<\/h3>\n<p>Tiheduse alusel jaotuvad lipoproteiinid:<\/p>\n<ul>\n<li>K\u00fclomikronid (CM)<\/li>\n<li>V\u00e4ga madala tihedusega lipoproteiinid (VLDL)<\/li>\n<li>Madala tihedusega lipoproteiinid (LDL)<\/li>\n<li>K\u00f5rge tihedusega lipoproteiinid (HDL)<\/li>\n<\/ul>\n<h4>LISA\u00d5PPEMATERJAL: <br>Inimkeha p\u00f5hilised biomolekulid. Inimorganismi metabolism, 2015, lk 264-265<br>Normaalne s\u00f6\u00f6mine, 2015, lk 127-128<\/h4>\n","protected":false},"excerpt":{"rendered":"<p>Kolmandate osapoolte sisu n\u00e4gemiseks palun n\u00f5ustu k\u00fcpsistega. Muuda n\u00f5usolekut Meeldej\u00e4tmiseks: Tiheduse alusel jaotuvad lipoproteiinid: K\u00fclomikronid (CM) V\u00e4ga madala tihedusega lipoproteiinid (VLDL) Madala tihedusega lipoproteiinid (LDL) K\u00f5rge tihedusega lipoproteiinid (HDL) LISA\u00d5PPEMATERJAL: Inimkeha p\u00f5hilised biomolekulid. Inimorganismi metabolism, 2015, lk 264-265Normaalne s\u00f6\u00f6mine, 2015, &#8230;<\/p>\n","protected":false},"author":111,"featured_media":0,"parent":0,"menu_order":0,"comment_status":"closed","ping_status":"closed","template":"","meta":{"_acf_changed":false,"inline_featured_image":false,"footnotes":""},"class_list":["post-36","page","type-page","status-publish","hentry"],"acf":[],"_links":{"self":[{"href":"https:\/\/sisu.ut.ee\/soomisest-joomisest-informatsioonist\/wp-json\/wp\/v2\/pages\/36","targetHints":{"allow":["GET"]}}],"collection":[{"href":"https:\/\/sisu.ut.ee\/soomisest-joomisest-informatsioonist\/wp-json\/wp\/v2\/pages"}],"about":[{"href":"https:\/\/sisu.ut.ee\/soomisest-joomisest-informatsioonist\/wp-json\/wp\/v2\/types\/page"}],"author":[{"embeddable":true,"href":"https:\/\/sisu.ut.ee\/soomisest-joomisest-informatsioonist\/wp-json\/wp\/v2\/users\/111"}],"replies":[{"embeddable":true,"href":"https:\/\/sisu.ut.ee\/soomisest-joomisest-informatsioonist\/wp-json\/wp\/v2\/comments?post=36"}],"version-history":[{"count":1,"href":"https:\/\/sisu.ut.ee\/soomisest-joomisest-informatsioonist\/wp-json\/wp\/v2\/pages\/36\/revisions"}],"predecessor-version":[{"id":105,"href":"https:\/\/sisu.ut.ee\/soomisest-joomisest-informatsioonist\/wp-json\/wp\/v2\/pages\/36\/revisions\/105"}],"wp:attachment":[{"href":"https:\/\/sisu.ut.ee\/soomisest-joomisest-informatsioonist\/wp-json\/wp\/v2\/media?parent=36"}],"curies":[{"name":"wp","href":"https:\/\/api.w.org\/{rel}","templated":true}]}}