{"id":35,"date":"2024-04-04T03:25:15","date_gmt":"2024-04-04T00:25:15","guid":{"rendered":"https:\/\/sisu.ut.ee\/soomisest-joomisest-informatsioonist\/24-toidulipiidid\/"},"modified":"2024-04-04T03:25:27","modified_gmt":"2024-04-04T00:25:27","slug":"24-toidulipiidid","status":"publish","type":"page","link":"https:\/\/sisu.ut.ee\/soomisest-joomisest-informatsioonist\/24-toidulipiidid\/","title":{"rendered":"2.4. Toidulipiidid"},"content":{"rendered":"<p><\/p><div class=\"ratio ratio-16x9 mb-3\"><div class=\"video-placeholder-wrapper video-placeholder-wrapper--16x9\">\n\t\t\t    <div class=\"video-placeholder d-flex justify-content-center align-items-center\">\n\t\t\t        <div class=\"overlay text-white p-2 w-100 text-center d-block justify-content-center align-items-center\">\n\t\t\t            <div>Kolmandate osapoolte sisu n\u00e4gemiseks palun n\u00f5ustu k\u00fcpsistega.<\/div>\n\t\t\t            <button class=\"btn btn-secondary btn-sm mt-1 consent-change\">Muuda n\u00f5usolekut<\/button>\n\t\t\t        <\/div>\n\t\t\t    <\/div>\n\t\t\t<\/div>\n<\/div>\n<h3><img loading=\"lazy\" decoding=\"async\" width=\"32\" height=\"41\" class=\"alignnone wp-image-50\" src=\"https:\/\/sisu.ut.ee\/wp-content\/uploads\/sites\/222\/knopka2.png\" title=\"knopka2.png\" alt=\"knopka2.png\">Meeldej\u00e4tmiseks:<\/h3>\n<ul>\n<li>Toidulipiidid peaksid andma 25\u202630% p\u00e4evasest energiast<\/li>\n<li>Toit peab andma asendamatuid rasvhappeid (linoolhape ja \u03b1-linoleenhape)<\/li>\n<li>Toit olgu \u03c9-3 rasvhapete rikkam<\/li>\n<\/ul>\n<hr>\n<p><strong>Loe meeldetuletuseks rasvhapete ja lipiidide kohta <a href=\"https:\/\/sisu.ut.ee\/soomisest-joomisest-informatsioonist\/book\/16-rasvhapped-ja-lipiidid\">siit<\/a>.<\/strong><\/p>\n<hr>\n<p><span><\/span><\/p>\n\n<h4>LISA\u00d5PPEMATERJAL: <span id=\"docs-internal-guid-2e0425da-5f0a-3c48-27d0-8144b7d1eecb\">Normaalne s\u00f6\u00f6mine, 2015,<\/span> lk 28-35<\/h4>\n","protected":false},"excerpt":{"rendered":"<p>Kolmandate osapoolte sisu n\u00e4gemiseks palun n\u00f5ustu k\u00fcpsistega. Muuda n\u00f5usolekut Meeldej\u00e4tmiseks: Toidulipiidid peaksid andma 25\u202630% p\u00e4evasest energiast Toit peab andma asendamatuid rasvhappeid (linoolhape ja \u03b1-linoleenhape) Toit olgu \u03c9-3 rasvhapete rikkam Loe meeldetuletuseks rasvhapete ja lipiidide kohta siit. LISA\u00d5PPEMATERJAL: Normaalne s\u00f6\u00f6mine, 2015, &#8230;<\/p>\n","protected":false},"author":111,"featured_media":0,"parent":0,"menu_order":0,"comment_status":"closed","ping_status":"closed","template":"","meta":{"_acf_changed":false,"inline_featured_image":false,"footnotes":""},"class_list":["post-35","page","type-page","status-publish","hentry"],"acf":[],"_links":{"self":[{"href":"https:\/\/sisu.ut.ee\/soomisest-joomisest-informatsioonist\/wp-json\/wp\/v2\/pages\/35","targetHints":{"allow":["GET"]}}],"collection":[{"href":"https:\/\/sisu.ut.ee\/soomisest-joomisest-informatsioonist\/wp-json\/wp\/v2\/pages"}],"about":[{"href":"https:\/\/sisu.ut.ee\/soomisest-joomisest-informatsioonist\/wp-json\/wp\/v2\/types\/page"}],"author":[{"embeddable":true,"href":"https:\/\/sisu.ut.ee\/soomisest-joomisest-informatsioonist\/wp-json\/wp\/v2\/users\/111"}],"replies":[{"embeddable":true,"href":"https:\/\/sisu.ut.ee\/soomisest-joomisest-informatsioonist\/wp-json\/wp\/v2\/comments?post=35"}],"version-history":[{"count":1,"href":"https:\/\/sisu.ut.ee\/soomisest-joomisest-informatsioonist\/wp-json\/wp\/v2\/pages\/35\/revisions"}],"predecessor-version":[{"id":106,"href":"https:\/\/sisu.ut.ee\/soomisest-joomisest-informatsioonist\/wp-json\/wp\/v2\/pages\/35\/revisions\/106"}],"wp:attachment":[{"href":"https:\/\/sisu.ut.ee\/soomisest-joomisest-informatsioonist\/wp-json\/wp\/v2\/media?parent=35"}],"curies":[{"name":"wp","href":"https:\/\/api.w.org\/{rel}","templated":true}]}}