{"id":28,"date":"2024-04-04T03:25:15","date_gmt":"2024-04-04T00:25:15","guid":{"rendered":"https:\/\/sisu.ut.ee\/soomisest-joomisest-informatsioonist\/41-informatsioon-ja-andmed\/"},"modified":"2024-04-04T03:25:27","modified_gmt":"2024-04-04T00:25:27","slug":"41-informatsioon-ja-andmed","status":"publish","type":"page","link":"https:\/\/sisu.ut.ee\/soomisest-joomisest-informatsioonist\/41-informatsioon-ja-andmed\/","title":{"rendered":"4.1. Informatsioon ja andmed"},"content":{"rendered":"<p><\/p><div class=\"ratio ratio-16x9 mb-3\"><div class=\"video-placeholder-wrapper video-placeholder-wrapper--16x9\">\n\t\t\t    <div class=\"video-placeholder d-flex justify-content-center align-items-center\">\n\t\t\t        <div class=\"overlay text-white p-2 w-100 text-center d-block justify-content-center align-items-center\">\n\t\t\t            <div>Kolmandate osapoolte sisu n\u00e4gemiseks palun n\u00f5ustu k\u00fcpsistega.<\/div>\n\t\t\t            <button class=\"btn btn-secondary btn-sm mt-1 consent-change\">Muuda n\u00f5usolekut<\/button>\n\t\t\t        <\/div>\n\t\t\t    <\/div>\n\t\t\t<\/div>\n<\/div>\n<p>Mis on informatsioon?<\/p>\n<p style=\"text-align: left;padding-left: 30px\">A. Teade<br>B. Uudis<br>C. Tunnetus- ja regulatsiooniprotsessides esinev ja aegruumis edasikanduv struktuursus ehk korrap\u00e4ra<\/p>\n<p>K\u00f5ik kolm sobivad definitsiooniks. Informatsiooni on defineeritud rohkem kui 100 erineval viisil\u2026<\/p>\n<h3>Kuidas informatsioon levib?<\/h3>\n<p>Levikuks on vaja allikat, kandjat ja vastuv\u00f5tjat. Lisaks kasutatakse vahendit ehk instrumenti.<\/p>\n<p>Lektor peab loengut, kuulajad kuulavad. Antud juhul on info allikaks lektor, kes \u201epaigutab\u201c informatsiooni kandjale mille vahendusel informatsioon j\u00f5uab vastuv\u00f5tjani \u2013 kuulajani. Kandjaks on siin \u00f5hu v\u00f5nkumine. Kuidas toimub informatsiooni \u201epaigutamine\u201c kandjale? Lektor kasutab keelt, millest loodetavasti kuulajad aru saavad, moodustab laused (salvestab info lausetena) ja \u00fctleb need v\u00e4lja. Kuulaja p\u00fc\u00fcab lektorist aru saada. Selleks kasutab ta oma keeleoskust ja eelnevaid teadmisi. Instrumendiks on seega keel (ja teadmised), mida info edastamisel kasutatakse.<\/p>\n<h3>Kuidas informatsiooni m\u00f5\u00f5detakse?<\/h3>\n<p>M\u00f5\u00f5t\u00fchikuks on bitt. \u00dche biti informatsiooni oleme saanud siis, kui realiseerub \u00fcks kahest v\u00f5rdt\u00f5en\u00e4osuslikust s\u00fcndmusest. N\u00e4iteks saame teada, kas m\u00fcndiviskamisel tuli kull v\u00f5i kiri.<\/p>\n<p>See on ka k\u00f5ige v\u00e4iksem info, mis olla saab. Arvutites kasutatakse kahends\u00fcsteemi. Seega info \u00fcleskirjutamiseks kasutatakse igas positsioonis vaid \u00fchte kahest numbrist 0 ja 1. Positsiooni ehk kahendkohta nimetatakse samuti bitiks. K\u00f5ige v\u00e4iksemaks adresseeritavaks osaks arvutis on bait (B). Sellele mahub parajasti \u00fcks s\u00fcmbol s\u00fcmbolite tabelist, mis sisaldab mitte rohkem kui 256 s\u00fcmbolit (28 erinevat 8 kohalist bitijada)<\/p>\n<ul>\n<li>1 bait = 8 bitti (b)<\/li>\n<li>1024 baiti = 1 kilobait (kB) (210 B)<\/li>\n<li>1024 kB = 1 megabait (mB) (220 B)<\/li>\n<li>1024 mB = 1 gigabait (gB) (230 B)<\/li>\n<li>1024 gB = 1 terabait (tB) (240 B)<\/li>\n<li>1024 tB = 1 petabait (pB) (250 B)<\/li>\n<li>1024 pB = 1 eksabait (eB) (260 B)<\/li>\n<li>1024 eB = 1 zettabait (zB) (270 B)<\/li>\n<li>1024 zB = 1 jottabait (jB) (280 B) = 1 208 925 819 614 629 174 706 176 baiti (B)<\/li>\n<\/ul>\n<h3>Andmete ja informatsiooni vahekord<\/h3>\n<p>Andmetest saadakse informatsiooni (see juhtub andmet\u00f6\u00f6tluse k\u00e4igus). Selleks et informatsiooni hoida v\u00f5i edastada tuleb see fikseerid (salvestada) andmetena. Kontekstivabad andmed v\u00f5ivad t\u00e4hendada mida iganes (sageli l\u00e4heb vaja meta-andmeid \u2013 andmeid, mis kirjeldavad andmeid).<\/p>\n<p>N\u00e4iteks \u00fcleskirjutus 26 v\u00f5ib t\u00e4hendada erinevatele inimestele erinevas olukorras v\u00e4ga palju erinevaid asju:<\/p>\n<ul>\n<li>Vanus<\/li>\n<li>Maja v\u00f5i korteri number<\/li>\n<li>Asendus (\u00fclekirjutamise re\u017eiimile mineku kood tekstiredaktorile) (ASCII kooditabel)<\/li>\n<li>S\u00fcmbolid 2 ja 6<\/li>\n<li>Paaris arv<\/li>\n<li>Arv, mis asub ruudu ja kuubi vahel (52 = <strong>25, 26, 27<\/strong> = 33)<\/li>\n<li>Saada pruuniks teiseks juuniks.<\/li>\n<\/ul>\n","protected":false},"excerpt":{"rendered":"<p>Kolmandate osapoolte sisu n\u00e4gemiseks palun n\u00f5ustu k\u00fcpsistega. Muuda n\u00f5usolekut Mis on informatsioon? A. TeadeB. UudisC. Tunnetus- ja regulatsiooniprotsessides esinev ja aegruumis edasikanduv struktuursus ehk korrap\u00e4ra K\u00f5ik kolm sobivad definitsiooniks. Informatsiooni on defineeritud rohkem kui 100 erineval viisil\u2026 Kuidas informatsioon levib? &#8230;<\/p>\n","protected":false},"author":111,"featured_media":0,"parent":0,"menu_order":0,"comment_status":"closed","ping_status":"closed","template":"","meta":{"_acf_changed":false,"inline_featured_image":false,"footnotes":""},"class_list":["post-28","page","type-page","status-publish","hentry"],"acf":[],"_links":{"self":[{"href":"https:\/\/sisu.ut.ee\/soomisest-joomisest-informatsioonist\/wp-json\/wp\/v2\/pages\/28","targetHints":{"allow":["GET"]}}],"collection":[{"href":"https:\/\/sisu.ut.ee\/soomisest-joomisest-informatsioonist\/wp-json\/wp\/v2\/pages"}],"about":[{"href":"https:\/\/sisu.ut.ee\/soomisest-joomisest-informatsioonist\/wp-json\/wp\/v2\/types\/page"}],"author":[{"embeddable":true,"href":"https:\/\/sisu.ut.ee\/soomisest-joomisest-informatsioonist\/wp-json\/wp\/v2\/users\/111"}],"replies":[{"embeddable":true,"href":"https:\/\/sisu.ut.ee\/soomisest-joomisest-informatsioonist\/wp-json\/wp\/v2\/comments?post=28"}],"version-history":[{"count":1,"href":"https:\/\/sisu.ut.ee\/soomisest-joomisest-informatsioonist\/wp-json\/wp\/v2\/pages\/28\/revisions"}],"predecessor-version":[{"id":113,"href":"https:\/\/sisu.ut.ee\/soomisest-joomisest-informatsioonist\/wp-json\/wp\/v2\/pages\/28\/revisions\/113"}],"wp:attachment":[{"href":"https:\/\/sisu.ut.ee\/soomisest-joomisest-informatsioonist\/wp-json\/wp\/v2\/media?parent=28"}],"curies":[{"name":"wp","href":"https:\/\/api.w.org\/{rel}","templated":true}]}}