{"id":258,"date":"2024-04-18T14:00:18","date_gmt":"2024-04-18T11:00:18","guid":{"rendered":"https:\/\/sisu.ut.ee\/soomisest-joomisest-informatsioonist\/test-makrobioelemendid\/"},"modified":"2024-04-18T14:00:18","modified_gmt":"2024-04-18T11:00:18","slug":"test-makrobioelemendid","status":"publish","type":"page","link":"https:\/\/sisu.ut.ee\/soomisest-joomisest-informatsioonist\/test-makrobioelemendid\/","title":{"rendered":"TEST: Makrobioelemendid"},"content":{"rendered":"<div id=\"watupro_quiz\" class=\"quiz-area single-page-quiz\">\n<p id=\"submittingExam3\" style=\"display:none;text-align:center;\"><img loading=\"lazy\" decoding=\"async\" src=\"https:\/\/sisu.ut.ee\/wp-content\/plugins\/watupro\/img\/loading.gif\" width=\"16\" height=\"16\"><\/p>\n\n<div class=\"watupro-exam-description\" id=\"description-quiz-3\"><p>Bioelementide temaatika jaotud kaheks: Mikrobioelemendid ja Makrobioelemendid. Antud test on m\u00f5eldud enesekontrolliks p\u00e4rast video \"Mikrobioelemendid\" vaatamist ja \u00f5ppepeat\u00fckkidega tutvumist. Proovi test sooritada 100% peale ja kui ei \u00f5nnestu, siis keskendu \u00f5ppematerjalile uuesti ning lahenda veelkord kuni maksimumpunktid saavutatud.<\/p>\n<\/div>\n\n<form action=\"\" method=\"post\" class=\"quiz-form\" id=\"quiz-3\" enctype=\"multipart\/form-data\">\n<div class=\"watu-question \" id=\"question-1\" style=\";\"><div id=\"questionWrap-1\" class=\"  watupro-required-29 watupro-question-id-29\">\n\t\t\t<div class=\"question-content\"><div><p>Kloori peamiseks allikaks on:<\/p><\/div><input type=\"hidden\" name=\"question_id[]\" id=\"qID_1\" value=\"29\" class=\"watupro-question-id\"><input type=\"hidden\" id=\"answerType29\" class=\"answerTypeCnt1\" value=\"radio\"><input type=\"hidden\" id=\"watupro-required-question-29\"><!-- end question-content--><\/div><div class=\"question-choices watupro-choices-columns \" id=\"questionChoices29\"><div class=\"watupro-question-choice  \" dir=\"auto\"><input type=\"radio\" name=\"answer-29[]\" id=\"answer-id-143\" class=\"answer   answerof-29 \" value=\"143\"><label for=\"answer-id-143\" id=\"answer-label-143\" class=\" answer\"><span><p>keedusool<\/p><\/span><\/label><\/div><div class=\"watupro-question-choice  \" dir=\"auto\"><input type=\"radio\" name=\"answer-29[]\" id=\"answer-id-144\" class=\"answer   answerof-29 \" value=\"144\"><label for=\"answer-id-144\" id=\"answer-label-144\" class=\" answer\"><span><p>puu- ja juurviljad<\/p><\/span><\/label><\/div><div class=\"watupro-question-choice  \" dir=\"auto\"><input type=\"radio\" name=\"answer-29[]\" id=\"answer-id-145\" class=\"answer   answerof-29 \" value=\"145\"><label for=\"answer-id-145\" id=\"answer-label-145\" class=\" answer\"><span><p>kalamaksa\u00f5li<\/p><\/span><\/label><\/div><div class=\"watupro-question-choice  \" dir=\"auto\"><input type=\"radio\" name=\"answer-29[]\" id=\"answer-id-146\" class=\"answer   answerof-29 \" value=\"146\"><label for=\"answer-id-146\" id=\"answer-label-146\" class=\" answer\"><span><p>kraanivesi<\/p><\/span><\/label><\/div><!-- end question-choices--><\/div><!-- end questionWrap--><\/div><\/div><div class=\"watu-question \" id=\"question-2\" style=\";\"><div id=\"questionWrap-2\" class=\"  watupro-required-24 watupro-question-id-24\">\n\t\t\t<div class=\"question-content\"><div><p>Millise loetletud mineraalaine p\u00e4evane vajadus on suurim (mg):<\/p><\/div><input type=\"hidden\" name=\"question_id[]\" id=\"qID_2\" value=\"24\" class=\"watupro-question-id\"><input type=\"hidden\" id=\"answerType24\" class=\"answerTypeCnt2\" value=\"radio\"><input type=\"hidden\" id=\"watupro-required-question-24\"><!-- end question-content--><\/div><div class=\"question-choices watupro-choices-columns \" id=\"questionChoices24\"><div class=\"watupro-question-choice  \" dir=\"auto\"><input type=\"radio\" name=\"answer-24[]\" id=\"answer-id-119\" class=\"answer   answerof-24 \" value=\"119\"><label for=\"answer-id-119\" id=\"answer-label-119\" class=\" answer\"><span><p>kaltsium<\/p><\/span><\/label><\/div><div class=\"watupro-question-choice  \" dir=\"auto\"><input type=\"radio\" name=\"answer-24[]\" id=\"answer-id-121\" class=\"answer   answerof-24 \" value=\"121\"><label for=\"answer-id-121\" id=\"answer-label-121\" class=\" answer\"><span><p>raud<\/p><\/span><\/label><\/div><div class=\"watupro-question-choice  \" dir=\"auto\"><input type=\"radio\" name=\"answer-24[]\" id=\"answer-id-122\" class=\"answer   answerof-24 \" value=\"122\"><label for=\"answer-id-122\" id=\"answer-label-122\" class=\" answer\"><span><p>tsink<\/p><\/span><\/label><\/div><div class=\"watupro-question-choice  \" dir=\"auto\"><input type=\"radio\" name=\"answer-24[]\" id=\"answer-id-120\" class=\"answer   answerof-24 \" value=\"120\"><label for=\"answer-id-120\" id=\"answer-label-120\" class=\" answer\"><span><p>magneesium<\/p><\/span><\/label><\/div><div class=\"watupro-question-choice  \" dir=\"auto\"><input type=\"radio\" name=\"answer-24[]\" id=\"answer-id-123\" class=\"answer   answerof-24 \" value=\"123\"><label for=\"answer-id-123\" id=\"answer-label-123\" class=\" answer\"><span><p>jood<\/p><\/span><\/label><\/div><!-- end question-choices--><\/div><!-- end questionWrap--><\/div><\/div><div class=\"watu-question \" id=\"question-3\" style=\";\"><div id=\"questionWrap-3\" class=\"  watupro-required-21 watupro-question-id-21\">\n\t\t\t<div class=\"question-content\"><div><p>Makrobioelementide alla kuuluvad bioelemendid, mida vajatakse p\u00e4evas rohkem kui:<\/p><\/div><input type=\"hidden\" name=\"question_id[]\" id=\"qID_3\" value=\"21\" class=\"watupro-question-id\"><input type=\"hidden\" id=\"answerType21\" class=\"answerTypeCnt3\" value=\"radio\"><input type=\"hidden\" id=\"watupro-required-question-21\"><!-- end question-content--><\/div><div class=\"question-choices watupro-choices-columns \" id=\"questionChoices21\"><div class=\"watupro-question-choice  \" dir=\"auto\"><input type=\"radio\" name=\"answer-21[]\" id=\"answer-id-105\" class=\"answer   answerof-21 \" value=\"105\"><label for=\"answer-id-105\" id=\"answer-label-105\" class=\" answer\"><span><p>10 mg<\/p><\/span><\/label><\/div><div class=\"watupro-question-choice  \" dir=\"auto\"><input type=\"radio\" name=\"answer-21[]\" id=\"answer-id-106\" class=\"answer   answerof-21 \" value=\"106\"><label for=\"answer-id-106\" id=\"answer-label-106\" class=\" answer\"><span><p>100 mg<\/p><\/span><\/label><\/div><div class=\"watupro-question-choice  \" dir=\"auto\"><input type=\"radio\" name=\"answer-21[]\" id=\"answer-id-107\" class=\"answer   answerof-21 \" value=\"107\"><label for=\"answer-id-107\" id=\"answer-label-107\" class=\" answer\"><span><p>1 g<\/p><\/span><\/label><\/div><div class=\"watupro-question-choice  \" dir=\"auto\"><input type=\"radio\" name=\"answer-21[]\" id=\"answer-id-108\" class=\"answer   answerof-21 \" value=\"108\"><label for=\"answer-id-108\" id=\"answer-label-108\" class=\" answer\"><span><p>10 g<\/p><\/span><\/label><\/div><!-- end question-choices--><\/div><!-- end questionWrap--><\/div><\/div><div class=\"watu-question \" id=\"question-4\" style=\";\"><div id=\"questionWrap-4\" class=\"  watupro-required-26 watupro-question-id-26\">\n\t\t\t<div class=\"question-content\"><div><p>Millist vitamiini tuleks v\u00e4hemalt s\u00fcgis-talveperioodil p\u00f5hjamaa rahvastel juurde tarbida?<\/p><\/div><input type=\"hidden\" name=\"question_id[]\" id=\"qID_4\" value=\"26\" class=\"watupro-question-id\"><input type=\"hidden\" id=\"answerType26\" class=\"answerTypeCnt4\" value=\"radio\"><input type=\"hidden\" id=\"watupro-required-question-26\"><!-- end question-content--><\/div><div class=\"question-choices watupro-choices-columns \" id=\"questionChoices26\"><div class=\"watupro-question-choice  \" dir=\"auto\"><input type=\"radio\" name=\"answer-26[]\" id=\"answer-id-132\" class=\"answer   answerof-26 \" value=\"132\"><label for=\"answer-id-132\" id=\"answer-label-132\" class=\" answer\"><span><p>B<sub>2<\/sub><\/p><\/span><\/label><\/div><div class=\"watupro-question-choice  \" dir=\"auto\"><input type=\"radio\" name=\"answer-26[]\" id=\"answer-id-131\" class=\"answer   answerof-26 \" value=\"131\"><label for=\"answer-id-131\" id=\"answer-label-131\" class=\" answer\"><span><p>B<sub>1<\/sub><\/p><\/span><\/label><\/div><div class=\"watupro-question-choice  \" dir=\"auto\"><input type=\"radio\" name=\"answer-26[]\" id=\"answer-id-128\" class=\"answer   answerof-26 \" value=\"128\"><label for=\"answer-id-128\" id=\"answer-label-128\" class=\" answer\"><span><p>D<sub>3<\/sub><\/p><\/span><\/label><\/div><div class=\"watupro-question-choice  \" dir=\"auto\"><input type=\"radio\" name=\"answer-26[]\" id=\"answer-id-133\" class=\"answer   answerof-26 \" value=\"133\"><label for=\"answer-id-133\" id=\"answer-label-133\" class=\" answer\"><span><p>B<sub>6<\/sub><\/p><\/span><\/label><\/div><div class=\"watupro-question-choice  \" dir=\"auto\"><input type=\"radio\" name=\"answer-26[]\" id=\"answer-id-129\" class=\"answer   answerof-26 \" value=\"129\"><label for=\"answer-id-129\" id=\"answer-label-129\" class=\" answer\"><span><p>E<\/p><\/span><\/label><\/div><div class=\"watupro-question-choice  \" dir=\"auto\"><input type=\"radio\" name=\"answer-26[]\" id=\"answer-id-127\" class=\"answer   answerof-26 \" value=\"127\"><label for=\"answer-id-127\" id=\"answer-label-127\" class=\" answer\"><span><p>A<\/p><\/span><\/label><\/div><div class=\"watupro-question-choice  \" dir=\"auto\"><input type=\"radio\" name=\"answer-26[]\" id=\"answer-id-130\" class=\"answer   answerof-26 \" value=\"130\"><label for=\"answer-id-130\" id=\"answer-label-130\" class=\" answer\"><span><p>C<\/p><\/span><\/label><\/div><div class=\"watupro-question-choice  \" dir=\"auto\"><input type=\"radio\" name=\"answer-26[]\" id=\"answer-id-126\" class=\"answer   answerof-26 \" value=\"126\"><label for=\"answer-id-126\" id=\"answer-label-126\" class=\" answer\"><span><p>K<\/p><\/span><\/label><\/div><div class=\"watupro-question-choice  \" dir=\"auto\"><input type=\"radio\" name=\"answer-26[]\" id=\"answer-id-134\" class=\"answer   answerof-26 \" value=\"134\"><label for=\"answer-id-134\" id=\"answer-label-134\" class=\" answer\"><span><p>B<sub>12<\/sub><\/p><\/span><\/label><\/div><!-- end question-choices--><\/div><!-- end questionWrap--><\/div><\/div><div class=\"watu-question \" id=\"question-5\" style=\";\"><div id=\"questionWrap-5\" class=\"  watupro-required-27 watupro-question-id-27\">\n\t\t\t<div class=\"question-content\"><div><p>\u00dcle 80% kaltsiumist saadakse:<\/p><\/div><input type=\"hidden\" name=\"question_id[]\" id=\"qID_5\" value=\"27\" class=\"watupro-question-id\"><input type=\"hidden\" id=\"answerType27\" class=\"answerTypeCnt5\" value=\"radio\"><input type=\"hidden\" id=\"watupro-required-question-27\"><!-- end question-content--><\/div><div class=\"question-choices watupro-choices-columns \" id=\"questionChoices27\"><div class=\"watupro-question-choice  \" dir=\"auto\"><input type=\"radio\" name=\"answer-27[]\" id=\"answer-id-138\" class=\"answer   answerof-27 \" value=\"138\"><label for=\"answer-id-138\" id=\"answer-label-138\" class=\" answer\"><span><p>kalatoodetest<\/p><\/span><\/label><\/div><div class=\"watupro-question-choice  \" dir=\"auto\"><input type=\"radio\" name=\"answer-27[]\" id=\"answer-id-135\" class=\"answer   answerof-27 \" value=\"135\"><label for=\"answer-id-135\" id=\"answer-label-135\" class=\" answer\"><span><p>lihatoodetest<\/p><\/span><\/label><\/div><div class=\"watupro-question-choice  \" dir=\"auto\"><input type=\"radio\" name=\"answer-27[]\" id=\"answer-id-136\" class=\"answer   answerof-27 \" value=\"136\"><label for=\"answer-id-136\" id=\"answer-label-136\" class=\" answer\"><span><p>piimatoodetest<\/p><\/span><\/label><\/div><div class=\"watupro-question-choice  \" dir=\"auto\"><input type=\"radio\" name=\"answer-27[]\" id=\"answer-id-137\" class=\"answer   answerof-27 \" value=\"137\"><label for=\"answer-id-137\" id=\"answer-label-137\" class=\" answer\"><span><p>taimsetest toodetest<\/p><\/span><\/label><\/div><!-- end question-choices--><\/div><!-- end questionWrap--><\/div><\/div><div class=\"watu-question \" id=\"question-6\" style=\";\"><div id=\"questionWrap-6\" class=\"  watupro-required-25 watupro-question-id-25\">\n\t\t\t<div class=\"question-content\"><div><p>Rasedate ja rinnaga toitvate naiste mineraalainete vajadus p\u00e4evas on suurem v\u00f5rreldes mitterasedatega.<\/p><\/div><input type=\"hidden\" name=\"question_id[]\" id=\"qID_6\" value=\"25\" class=\"watupro-question-id\"><input type=\"hidden\" id=\"answerType25\" class=\"answerTypeCnt6\" value=\"radio\"><input type=\"hidden\" id=\"watupro-required-question-25\"><!-- end question-content--><\/div><div class=\"question-choices watupro-choices-columns \" id=\"questionChoices25\"><div class=\"watupro-question-choice  \" dir=\"auto\"><input type=\"radio\" name=\"answer-25[]\" id=\"answer-id-124\" class=\"answer   answerof-25 \" value=\"124\"><label for=\"answer-id-124\" id=\"answer-label-124\" class=\" answer\"><span>True<\/span><\/label><\/div><div class=\"watupro-question-choice  \" dir=\"auto\"><input type=\"radio\" name=\"answer-25[]\" id=\"answer-id-125\" class=\"answer   answerof-25 \" value=\"125\"><label for=\"answer-id-125\" id=\"answer-label-125\" class=\" answer\"><span>False<\/span><\/label><\/div><!-- end question-choices--><\/div><!-- end questionWrap--><\/div><\/div><div class=\"watu-question \" id=\"question-7\" style=\";\"><div id=\"questionWrap-7\" class=\"  watupro-required-30 watupro-question-id-30\">\n\t\t\t<div class=\"question-content\"><div><p>Eelk\u00f5ige milliste bioelementide defitsiidi risk on inimestel, kes on s\u00f6\u00f6nud pikemat aega ainult taimtoitu?<\/p><\/div><input type=\"hidden\" name=\"question_id[]\" id=\"qID_7\" value=\"30\" class=\"watupro-question-id\"><input type=\"hidden\" id=\"answerType30\" class=\"answerTypeCnt7\" value=\"checkbox\"><input type=\"hidden\" id=\"watupro-required-question-30\"><!-- end question-content--><\/div><div class=\"question-choices watupro-choices-columns \" id=\"questionChoices30\"><div class=\"watupro-question-choice  \" dir=\"auto\"><input type=\"checkbox\" name=\"answer-30[]\" id=\"answer-id-151\" class=\"answer   answerof-30 \" value=\"151\"><label for=\"answer-id-151\" id=\"answer-label-151\" class=\" answer\"><span><p>K<\/p><\/span><\/label><\/div><div class=\"watupro-question-choice  \" dir=\"auto\"><input type=\"checkbox\" name=\"answer-30[]\" id=\"answer-id-149\" class=\"answer   answerof-30 \" value=\"149\"><label for=\"answer-id-149\" id=\"answer-label-149\" class=\" answer\"><span><p>F<\/p><\/span><\/label><\/div><div class=\"watupro-question-choice  \" dir=\"auto\"><input type=\"checkbox\" name=\"answer-30[]\" id=\"answer-id-148\" class=\"answer   answerof-30 \" value=\"148\"><label for=\"answer-id-148\" id=\"answer-label-148\" class=\" answer\"><span><p>Fe<\/p><\/span><\/label><\/div><div class=\"watupro-question-choice  \" dir=\"auto\"><input type=\"checkbox\" name=\"answer-30[]\" id=\"answer-id-150\" class=\"answer   answerof-30 \" value=\"150\"><label for=\"answer-id-150\" id=\"answer-label-150\" class=\" answer\"><span><p>I<\/p><\/span><\/label><\/div><div class=\"watupro-question-choice  \" dir=\"auto\"><input type=\"checkbox\" name=\"answer-30[]\" id=\"answer-id-147\" class=\"answer   answerof-30 \" value=\"147\"><label for=\"answer-id-147\" id=\"answer-label-147\" class=\" answer\"><span><p>Ca<\/p><\/span><\/label><\/div><!-- end question-choices--><\/div><!-- end questionWrap--><\/div><\/div><div class=\"watu-question \" id=\"question-8\" style=\";\"><div id=\"questionWrap-8\" class=\"  watupro-required-28 watupro-question-id-28\">\n\t\t\t<div class=\"question-content\"><div><p>Kaltsiumi defitsiit v\u00f5ib p\u00f5hjustada:<\/p><\/div><input type=\"hidden\" name=\"question_id[]\" id=\"qID_8\" value=\"28\" class=\"watupro-question-id\"><input type=\"hidden\" id=\"answerType28\" class=\"answerTypeCnt8\" value=\"checkbox\"><input type=\"hidden\" id=\"watupro-required-question-28\"><!-- end question-content--><\/div><div class=\"question-choices watupro-choices-columns \" id=\"questionChoices28\"><div class=\"watupro-question-choice  \" dir=\"auto\"><input type=\"checkbox\" name=\"answer-28[]\" id=\"answer-id-142\" class=\"answer   answerof-28 \" value=\"142\"><label for=\"answer-id-142\" id=\"answer-label-142\" class=\" answer\"><span><p>kasvuh\u00e4ireid<\/p><\/span><\/label><\/div><div class=\"watupro-question-choice  \" dir=\"auto\"><input type=\"checkbox\" name=\"answer-28[]\" id=\"answer-id-140\" class=\"answer   answerof-28 \" value=\"140\"><label for=\"answer-id-140\" id=\"answer-label-140\" class=\" answer\"><span><p>lihaskrampe<\/p><\/span><\/label><\/div><div class=\"watupro-question-choice  \" dir=\"auto\"><input type=\"checkbox\" name=\"answer-28[]\" id=\"answer-id-139\" class=\"answer   answerof-28 \" value=\"139\"><label for=\"answer-id-139\" id=\"answer-label-139\" class=\" answer\"><span><p>luude pehmenemist<\/p><\/span><\/label><\/div><div class=\"watupro-question-choice  \" dir=\"auto\"><input type=\"checkbox\" name=\"answer-28[]\" id=\"answer-id-141\" class=\"answer   answerof-28 \" value=\"141\"><label for=\"answer-id-141\" id=\"answer-label-141\" class=\" answer\"><span><p>osteoporoosi<\/p><\/span><\/label><\/div><!-- end question-choices--><\/div><!-- end questionWrap--><\/div><\/div><div class=\"watu-question \" id=\"question-9\" style=\";\"><div id=\"questionWrap-9\" class=\"  watupro-required-22 watupro-question-id-22\">\n\t\t\t<div class=\"question-content\"><div><p>V\u00e4ga h\u00e4sti omastatava kaltsiumi allikad on:<\/p><\/div><input type=\"hidden\" name=\"question_id[]\" id=\"qID_9\" value=\"22\" class=\"watupro-question-id\"><input type=\"hidden\" id=\"answerType22\" class=\"answerTypeCnt9\" value=\"checkbox\"><input type=\"hidden\" id=\"watupro-required-question-22\"><!-- end question-content--><\/div><div class=\"question-choices watupro-choices-columns \" id=\"questionChoices22\"><div class=\"watupro-question-choice  \" dir=\"auto\"><input type=\"checkbox\" name=\"answer-22[]\" id=\"answer-id-112\" class=\"answer   answerof-22 \" value=\"112\"><label for=\"answer-id-112\" id=\"answer-label-112\" class=\" answer\"><span><p>t\u00e4isteratooted<\/p><\/span><\/label><\/div><div class=\"watupro-question-choice  \" dir=\"auto\"><input type=\"checkbox\" name=\"answer-22[]\" id=\"answer-id-111\" class=\"answer   answerof-22 \" value=\"111\"><label for=\"answer-id-111\" id=\"answer-label-111\" class=\" answer\"><span><p>liha<\/p><\/span><\/label><\/div><div class=\"watupro-question-choice  \" dir=\"auto\"><input type=\"checkbox\" name=\"answer-22[]\" id=\"answer-id-114\" class=\"answer   answerof-22 \" value=\"114\"><label for=\"answer-id-114\" id=\"answer-label-114\" class=\" answer\"><span><p>taime\u00f5li<\/p><\/span><\/label><\/div><div class=\"watupro-question-choice  \" dir=\"auto\"><input type=\"checkbox\" name=\"answer-22[]\" id=\"answer-id-113\" class=\"answer   answerof-22 \" value=\"113\"><label for=\"answer-id-113\" id=\"answer-label-113\" class=\" answer\"><span><p>rasv<\/p><\/span><\/label><\/div><div class=\"watupro-question-choice  \" dir=\"auto\"><input type=\"checkbox\" name=\"answer-22[]\" id=\"answer-id-109\" class=\"answer   answerof-22 \" value=\"109\"><label for=\"answer-id-109\" id=\"answer-label-109\" class=\" answer\"><span><p>piimatooted<\/p><\/span><\/label><\/div><div class=\"watupro-question-choice  \" dir=\"auto\"><input type=\"checkbox\" name=\"answer-22[]\" id=\"answer-id-110\" class=\"answer   answerof-22 \" value=\"110\"><label for=\"answer-id-110\" id=\"answer-label-110\" class=\" answer\"><span><p>kala<\/p><\/span><\/label><\/div><!-- end question-choices--><\/div><!-- end questionWrap--><\/div><\/div><div class=\"watu-question \" id=\"question-10\" style=\";\"><div id=\"questionWrap-10\" class=\"  watupro-required-23 watupro-question-id-23\">\n\t\t\t<div class=\"question-content\"><div><p>Magneesium on vajalik eelk\u00f5ige:<\/p><\/div><input type=\"hidden\" name=\"question_id[]\" id=\"qID_10\" value=\"23\" class=\"watupro-question-id\"><input type=\"hidden\" id=\"answerType23\" class=\"answerTypeCnt10\" value=\"radio\"><input type=\"hidden\" id=\"watupro-required-question-23\"><!-- end question-content--><\/div><div class=\"question-choices watupro-choices-columns \" id=\"questionChoices23\"><div class=\"watupro-question-choice  \" dir=\"auto\"><input type=\"radio\" name=\"answer-23[]\" id=\"answer-id-118\" class=\"answer   answerof-23 \" value=\"118\"><label for=\"answer-id-118\" id=\"answer-label-118\" class=\" answer\"><span><p>liigse vee v\u00e4ljutamisel (higistamine)<\/p><\/span><\/label><\/div><div class=\"watupro-question-choice  \" dir=\"auto\"><input type=\"radio\" name=\"answer-23[]\" id=\"answer-id-115\" class=\"answer   answerof-23 \" value=\"115\"><label for=\"answer-id-115\" id=\"answer-label-115\" class=\" answer\"><span><p>seedimisel, s\u00fcdame ja lihaste t\u00f6\u00f6ks<\/p><\/span><\/label><\/div><div class=\"watupro-question-choice  \" dir=\"auto\"><input type=\"radio\" name=\"answer-23[]\" id=\"answer-id-117\" class=\"answer   answerof-23 \" value=\"117\"><label for=\"answer-id-117\" id=\"answer-label-117\" class=\" answer\"><span><p>liigse raua v\u00e4ljutamiseks<\/p><\/span><\/label><\/div><div class=\"watupro-question-choice  \" dir=\"auto\"><input type=\"radio\" name=\"answer-23[]\" id=\"answer-id-116\" class=\"answer   answerof-23 \" value=\"116\"><label for=\"answer-id-116\" id=\"answer-label-116\" class=\" answer\"><span><p>n\u00e4gemisteravuse parandamiseks<\/p><\/span><\/label><\/div><!-- end question-choices--><\/div><!-- end questionWrap--><\/div><\/div><div style=\"display:none\" id=\"question-11\">\n\t<div class=\"question-content\">\n\t\t<img loading=\"lazy\" decoding=\"async\" src=\"https:\/\/sisu.ut.ee\/wp-content\/plugins\/watupro\/img\/loading.gif\" width=\"16\" height=\"16\" alt=\"Loading...\" title=\"Loading...\">\u00a0Loading...\t<\/div>\n<\/div>\n\n<br>\n\t\n\t\t\t<div class=\"watupro_buttons flex \" id=\"watuPROButtons3\">\n\t\t  <div id=\"prev-question\" style=\"display:none;\"><input type=\"button\" value=\"&lt; Previous\" onclick=\"WatuPRO.nextQuestion(event, 'previous');\"><\/div>\t\t  \t\t  \t\t   \n\t\t   \t  \t\t<div><input type=\"button\" name=\"action\" class=\"watupro-submit-button\" onclick=\"WatuPRO.submitResult(event)\" id=\"action-button\" value=\"View Results\">\n\t\t<\/div>\n\t\t<\/div>\n\t\t\n\t<input type=\"hidden\" name=\"quiz_id\" value=\"3\" id=\"watuPROExamID\">\n\t<input type=\"hidden\" name=\"start_time\" id=\"startTime\" value=\"2026-04-11 08:18:44\">\n\t<input type=\"hidden\" name=\"start_timestamp\" id=\"startTimeStamp\" value=\"1775895524\">\n\t<input type=\"hidden\" name=\"question_ids\" value=\"\">\n\t<input type=\"hidden\" name=\"watupro_questions\" value=\"29:143,144,145,146 | 24:119,121,122,120,123 | 21:105,106,107,108 | 26:132,131,128,133,129,127,130,126,134 | 27:138,135,136,137 | 25:124,125 | 30:151,149,148,150,147 | 28:142,140,139,141 | 22:112,111,114,113,109,110 | 23:118,115,117,116\">\n\t<input type=\"hidden\" name=\"no_ajax\" value=\"0\">\t\t\t<\/form>\n\t<p>\u00a0<\/p>\n<\/div>\n\n<script type=\"text\/javascript\">\n\/\/jQuery(document).ready(function(){\ndocument.addEventListener(\"DOMContentLoaded\", function(event) { \t\nvar question_ids = \"29,24,21,26,27,25,30,28,22,23\";\nWatuPROSettings[3] = {};\nWatuPRO.qArr = question_ids.split(',');\nWatuPRO.exam_id = 3;\t    \nWatuPRO.post_id = 258;\nWatuPRO.store_progress = 0;\nWatuPRO.curCatPage = 1;\nWatuPRO.requiredIDs=\"0,29,24,21,26,27,25,30,28,22,23\".split(\",\");\nWatuPRO.hAppID = \"0.48002300 1775884724\";\nvar url = \"https:\/\/sisu.ut.ee\/wp-content\/plugins\/watupro\/show_exam.php\";\nWatuPRO.examMode = 1;\nWatuPRO.siteURL=\"https:\/\/sisu.ut.ee\/soomisest-joomisest-informatsioonist\/wp-admin\/admin-ajax.php\";\nWatuPRO.emailIsNotRequired = 0;\nWatuPRO.perDecade = 10;\nWatuPROIntel.init(3);\nWatuPRO.inCategoryPages=1;});    \t \n<\/script>\n\n","protected":false},"excerpt":{"rendered":"","protected":false},"author":9,"featured_media":0,"parent":0,"menu_order":0,"comment_status":"closed","ping_status":"closed","template":"","meta":{"_acf_changed":false,"inline_featured_image":false,"footnotes":""},"class_list":["post-258","page","type-page","status-publish","hentry"],"acf":[],"_links":{"self":[{"href":"https:\/\/sisu.ut.ee\/soomisest-joomisest-informatsioonist\/wp-json\/wp\/v2\/pages\/258","targetHints":{"allow":["GET"]}}],"collection":[{"href":"https:\/\/sisu.ut.ee\/soomisest-joomisest-informatsioonist\/wp-json\/wp\/v2\/pages"}],"about":[{"href":"https:\/\/sisu.ut.ee\/soomisest-joomisest-informatsioonist\/wp-json\/wp\/v2\/types\/page"}],"author":[{"embeddable":true,"href":"https:\/\/sisu.ut.ee\/soomisest-joomisest-informatsioonist\/wp-json\/wp\/v2\/users\/9"}],"replies":[{"embeddable":true,"href":"https:\/\/sisu.ut.ee\/soomisest-joomisest-informatsioonist\/wp-json\/wp\/v2\/comments?post=258"}],"version-history":[{"count":0,"href":"https:\/\/sisu.ut.ee\/soomisest-joomisest-informatsioonist\/wp-json\/wp\/v2\/pages\/258\/revisions"}],"wp:attachment":[{"href":"https:\/\/sisu.ut.ee\/soomisest-joomisest-informatsioonist\/wp-json\/wp\/v2\/media?parent=258"}],"curies":[{"name":"wp","href":"https:\/\/api.w.org\/{rel}","templated":true}]}}