{"id":257,"date":"2024-04-18T13:59:53","date_gmt":"2024-04-18T10:59:53","guid":{"rendered":"https:\/\/sisu.ut.ee\/soomisest-joomisest-informatsioonist\/test-rasvhapped-ja-lipiidid\/"},"modified":"2024-04-18T13:59:53","modified_gmt":"2024-04-18T10:59:53","slug":"test-rasvhapped-ja-lipiidid","status":"publish","type":"page","link":"https:\/\/sisu.ut.ee\/soomisest-joomisest-informatsioonist\/test-rasvhapped-ja-lipiidid\/","title":{"rendered":"TEST: Rasvhapped ja lipiidid"},"content":{"rendered":"<div id=\"watupro_quiz\" class=\"quiz-area single-page-quiz\">\n<p id=\"submittingExam4\" style=\"display:none;text-align:center;\"><img loading=\"lazy\" decoding=\"async\" src=\"https:\/\/sisu.ut.ee\/wp-content\/plugins\/watupro\/img\/loading.gif\" width=\"16\" height=\"16\"><\/p>\n\n<div class=\"watupro-exam-description\" id=\"description-quiz-4\"><p>Antud test on m\u00f5eldud enesekontrolliks p\u00e4rast video \"Rasvhapped ja lipiidid\" vaatamist ja \u00f5ppepeat\u00fckkidega tutvumist. Proovi test sooritada 100% peale ja kui ei \u00f5nnestu, siis keskendu \u00f5ppematerjalile uuesti ning lahenda veelkord kuni maksimumpunktid saavutatud.<\/p>\n<\/div>\n\n<form action=\"\" method=\"post\" class=\"quiz-form\" id=\"quiz-4\" enctype=\"multipart\/form-data\">\n<div class=\"watu-question \" id=\"question-1\" style=\";\"><div id=\"questionWrap-1\" class=\"  watupro-required-38 watupro-question-id-38\">\n\t\t\t<div class=\"question-content\"><div><p>Oomega-3 rasvhapetest s\u00fcnteesitud \u00fchendid (eikosanoidid) on enamasti:<\/p><\/div><input type=\"hidden\" name=\"question_id[]\" id=\"qID_1\" value=\"38\" class=\"watupro-question-id\"><input type=\"hidden\" id=\"answerType38\" class=\"answerTypeCnt1\" value=\"radio\"><input type=\"hidden\" id=\"watupro-required-question-38\"><!-- end question-content--><\/div><div class=\"question-choices watupro-choices-columns \" id=\"questionChoices38\"><div class=\"watupro-question-choice  \" dir=\"auto\"><input type=\"radio\" name=\"answer-38[]\" id=\"answer-id-189\" class=\"answer   answerof-38 \" value=\"189\"><label for=\"answer-id-189\" id=\"answer-label-189\" class=\" answer\"><span><p>pro-inflammatoorse (p\u00f5letikku soodustava) toimega<\/p><\/span><\/label><\/div><div class=\"watupro-question-choice  \" dir=\"auto\"><input type=\"radio\" name=\"answer-38[]\" id=\"answer-id-190\" class=\"answer   answerof-38 \" value=\"190\"><label for=\"answer-id-190\" id=\"answer-label-190\" class=\" answer\"><span><p>anti-inflammatoorse (p\u00f5letikuvastase) toimega<\/p><\/span><\/label><\/div><!-- end question-choices--><\/div><!-- end questionWrap--><\/div><\/div><div class=\"watu-question \" id=\"question-2\" style=\";\"><div id=\"questionWrap-2\" class=\"  watupro-required-35 watupro-question-id-35\">\n\t\t\t<div class=\"question-content\"><div><p>Inimkehale on essentsiaalne rasvhape:<\/p><\/div><input type=\"hidden\" name=\"question_id[]\" id=\"qID_2\" value=\"35\" class=\"watupro-question-id\"><input type=\"hidden\" id=\"answerType35\" class=\"answerTypeCnt2\" value=\"checkbox\"><input type=\"hidden\" id=\"watupro-required-question-35\"><!-- end question-content--><\/div><div class=\"question-choices watupro-choices-columns \" id=\"questionChoices35\"><div class=\"watupro-question-choice  \" dir=\"auto\"><input type=\"checkbox\" name=\"answer-35[]\" id=\"answer-id-174\" class=\"answer   answerof-35 \" value=\"174\"><label for=\"answer-id-174\" id=\"answer-label-174\" class=\" answer\"><span><p>\u03b1-linoleenhape<\/p><\/span><\/label><\/div><div class=\"watupro-question-choice  \" dir=\"auto\"><input type=\"checkbox\" name=\"answer-35[]\" id=\"answer-id-177\" class=\"answer   answerof-35 \" value=\"177\"><label for=\"answer-id-177\" id=\"answer-label-177\" class=\" answer\"><span><p>olehape<\/p><\/span><\/label><\/div><div class=\"watupro-question-choice  \" dir=\"auto\"><input type=\"checkbox\" name=\"answer-35[]\" id=\"answer-id-173\" class=\"answer   answerof-35 \" value=\"173\"><label for=\"answer-id-173\" id=\"answer-label-173\" class=\" answer\"><span><p>linoolhape<\/p><\/span><\/label><\/div><div class=\"watupro-question-choice  \" dir=\"auto\"><input type=\"checkbox\" name=\"answer-35[]\" id=\"answer-id-175\" class=\"answer   answerof-35 \" value=\"175\"><label for=\"answer-id-175\" id=\"answer-label-175\" class=\" answer\"><span><p>palmithape<\/p><\/span><\/label><\/div><div class=\"watupro-question-choice  \" dir=\"auto\"><input type=\"checkbox\" name=\"answer-35[]\" id=\"answer-id-176\" class=\"answer   answerof-35 \" value=\"176\"><label for=\"answer-id-176\" id=\"answer-label-176\" class=\" answer\"><span><p>stearhape<\/p><\/span><\/label><\/div><div class=\"watupro-question-choice  \" dir=\"auto\"><input type=\"checkbox\" name=\"answer-35[]\" id=\"answer-id-178\" class=\"answer   answerof-35 \" value=\"178\"><label for=\"answer-id-178\" id=\"answer-label-178\" class=\" answer\"><span><p><em>trans<\/em>-rasvhape<\/p><\/span><\/label><\/div><!-- end question-choices--><\/div><!-- end questionWrap--><\/div><\/div><div class=\"watu-question \" id=\"question-3\" style=\";\"><div id=\"questionWrap-3\" class=\"  watupro-required-31 watupro-question-id-31\">\n\t\t\t<div class=\"question-content\"><div><p>Lipiidid on reeglina:<\/p><\/div><input type=\"hidden\" name=\"question_id[]\" id=\"qID_3\" value=\"31\" class=\"watupro-question-id\"><input type=\"hidden\" id=\"answerType31\" class=\"answerTypeCnt3\" value=\"checkbox\"><input type=\"hidden\" id=\"watupro-required-question-31\"><!-- end question-content--><\/div><div class=\"question-choices watupro-choices-columns \" id=\"questionChoices31\"><div class=\"watupro-question-choice  \" dir=\"auto\"><input type=\"checkbox\" name=\"answer-31[]\" id=\"answer-id-155\" class=\"answer   answerof-31 \" value=\"155\"><label for=\"answer-id-155\" id=\"answer-label-155\" class=\" answer\"><span><p>tugevad happed<\/p><\/span><\/label><\/div><div class=\"watupro-question-choice  \" dir=\"auto\"><input type=\"checkbox\" name=\"answer-31[]\" id=\"answer-id-156\" class=\"answer   answerof-31 \" value=\"156\"><label for=\"answer-id-156\" id=\"answer-label-156\" class=\" answer\"><span><p>vesilahustuvad<\/p><\/span><\/label><\/div><div class=\"watupro-question-choice  \" dir=\"auto\"><input type=\"checkbox\" name=\"answer-31[]\" id=\"answer-id-152\" class=\"answer   answerof-31 \" value=\"152\"><label for=\"answer-id-152\" id=\"answer-label-152\" class=\" answer\"><span><p>estrid<\/p><\/span><\/label><\/div><div class=\"watupro-question-choice  \" dir=\"auto\"><input type=\"checkbox\" name=\"answer-31[]\" id=\"answer-id-153\" class=\"answer   answerof-31 \" value=\"153\"><label for=\"answer-id-153\" id=\"answer-label-153\" class=\" answer\"><span><p>vesilahustumatud<\/p><\/span><\/label><\/div><div class=\"watupro-question-choice  \" dir=\"auto\"><input type=\"checkbox\" name=\"answer-31[]\" id=\"answer-id-154\" class=\"answer   answerof-31 \" value=\"154\"><label for=\"answer-id-154\" id=\"answer-label-154\" class=\" answer\"><span><p>mitmekomponendilised<\/p><\/span><\/label><\/div><!-- end question-choices--><\/div><!-- end questionWrap--><\/div><\/div><div class=\"watu-question \" id=\"question-4\" style=\";\"><div id=\"questionWrap-4\" class=\"  watupro-required-39 watupro-question-id-39\">\n\t\t\t<div class=\"question-content\"><div><p>Mis on neist on parim oomega-3 rasvhapete allikas?<\/p><\/div><input type=\"hidden\" name=\"question_id[]\" id=\"qID_4\" value=\"39\" class=\"watupro-question-id\"><input type=\"hidden\" id=\"answerType39\" class=\"answerTypeCnt4\" value=\"radio\"><input type=\"hidden\" id=\"watupro-required-question-39\"><!-- end question-content--><\/div><div class=\"question-choices watupro-choices-columns \" id=\"questionChoices39\"><div class=\"watupro-question-choice  \" dir=\"auto\"><input type=\"radio\" name=\"answer-39[]\" id=\"answer-id-192\" class=\"answer   answerof-39 \" value=\"192\"><label for=\"answer-id-192\" id=\"answer-label-192\" class=\" answer\"><span><p>punane s\u00f5star<\/p><\/span><\/label><\/div><div class=\"watupro-question-choice  \" dir=\"auto\"><input type=\"radio\" name=\"answer-39[]\" id=\"answer-id-191\" class=\"answer   answerof-39 \" value=\"191\"><label for=\"answer-id-191\" id=\"answer-label-191\" class=\" answer\"><span><p>merekala<\/p><\/span><\/label><\/div><div class=\"watupro-question-choice  \" dir=\"auto\"><input type=\"radio\" name=\"answer-39[]\" id=\"answer-id-193\" class=\"answer   answerof-39 \" value=\"193\"><label for=\"answer-id-193\" id=\"answer-label-193\" class=\" answer\"><span><p>hapukurk<\/p><\/span><\/label><\/div><div class=\"watupro-question-choice  \" dir=\"auto\"><input type=\"radio\" name=\"answer-39[]\" id=\"answer-id-194\" class=\"answer   answerof-39 \" value=\"194\"><label for=\"answer-id-194\" id=\"answer-label-194\" class=\" answer\"><span><p>metskitse liha<\/p><\/span><\/label><\/div><!-- end question-choices--><\/div><!-- end questionWrap--><\/div><\/div><div class=\"watu-question \" id=\"question-5\" style=\";\"><div id=\"questionWrap-5\" class=\"  watupro-required-40 watupro-question-id-40\">\n\t\t\t<div class=\"question-content\"><div><p>K\u00fcllastumata rasvhapped sisaldavad ainult \u00fcksiksidemeid.<\/p><\/div><input type=\"hidden\" name=\"question_id[]\" id=\"qID_5\" value=\"40\" class=\"watupro-question-id\"><input type=\"hidden\" id=\"answerType40\" class=\"answerTypeCnt5\" value=\"radio\"><input type=\"hidden\" id=\"watupro-required-question-40\"><!-- end question-content--><\/div><div class=\"question-choices watupro-choices-columns \" id=\"questionChoices40\"><div class=\"watupro-question-choice  \" dir=\"auto\"><input type=\"radio\" name=\"answer-40[]\" id=\"answer-id-195\" class=\"answer   answerof-40 \" value=\"195\"><label for=\"answer-id-195\" id=\"answer-label-195\" class=\" answer\"><span>True<\/span><\/label><\/div><div class=\"watupro-question-choice  \" dir=\"auto\"><input type=\"radio\" name=\"answer-40[]\" id=\"answer-id-196\" class=\"answer   answerof-40 \" value=\"196\"><label for=\"answer-id-196\" id=\"answer-label-196\" class=\" answer\"><span>False<\/span><\/label><\/div><!-- end question-choices--><\/div><!-- end questionWrap--><\/div><\/div><div class=\"watu-question \" id=\"question-6\" style=\";\"><div id=\"questionWrap-6\" class=\"  watupro-required-34 watupro-question-id-34\">\n\t\t\t<div class=\"question-content\"><div><p><em>Trans<\/em>-rasvhapetes s\u00f5na \"<em>trans<\/em>\" viitab:<\/p><\/div><input type=\"hidden\" name=\"question_id[]\" id=\"qID_6\" value=\"34\" class=\"watupro-question-id\"><input type=\"hidden\" id=\"answerType34\" class=\"answerTypeCnt6\" value=\"radio\"><input type=\"hidden\" id=\"watupro-required-question-34\"><!-- end question-content--><\/div><div class=\"question-choices watupro-choices-columns \" id=\"questionChoices34\"><div class=\"watupro-question-choice  \" dir=\"auto\"><input type=\"radio\" name=\"answer-34[]\" id=\"answer-id-171\" class=\"answer   answerof-34 \" value=\"171\"><label for=\"answer-id-171\" id=\"answer-label-171\" class=\" answer\"><span><p>rasvhappe ahela pikkusele<\/p><\/span><\/label><\/div><div class=\"watupro-question-choice  \" dir=\"auto\"><input type=\"radio\" name=\"answer-34[]\" id=\"answer-id-168\" class=\"answer   answerof-34 \" value=\"168\"><label for=\"answer-id-168\" id=\"answer-label-168\" class=\" answer\"><span><p>kaksiksideme konfiguratsioonile<\/p><\/span><\/label><\/div><div class=\"watupro-question-choice  \" dir=\"auto\"><input type=\"radio\" name=\"answer-34[]\" id=\"answer-id-170\" class=\"answer   answerof-34 \" value=\"170\"><label for=\"answer-id-170\" id=\"answer-label-170\" class=\" answer\"><span><p>s\u00fcsinikuaatomite arvule<\/p><\/span><\/label><\/div><div class=\"watupro-question-choice  \" dir=\"auto\"><input type=\"radio\" name=\"answer-34[]\" id=\"answer-id-169\" class=\"answer   answerof-34 \" value=\"169\"><label for=\"answer-id-169\" id=\"answer-label-169\" class=\" answer\"><span><p>kaksiksideme asukohale<\/p><\/span><\/label><\/div><div class=\"watupro-question-choice  \" dir=\"auto\"><input type=\"radio\" name=\"answer-34[]\" id=\"answer-id-172\" class=\"answer   answerof-34 \" value=\"172\"><label for=\"answer-id-172\" id=\"answer-label-172\" class=\" answer\"><span><p>s\u00fcsinikuaatomi konformatsioonile<\/p><\/span><\/label><\/div><!-- end question-choices--><\/div><!-- end questionWrap--><\/div><\/div><div class=\"watu-question \" id=\"question-7\" style=\";\"><div id=\"questionWrap-7\" class=\"  watupro-required-33 watupro-question-id-33\">\n\t\t\t<div class=\"question-content\"><div><p>Oomega-rasvhapped on:<\/p><\/div><input type=\"hidden\" name=\"question_id[]\" id=\"qID_7\" value=\"33\" class=\"watupro-question-id\"><input type=\"hidden\" id=\"answerType33\" class=\"answerTypeCnt7\" value=\"checkbox\"><input type=\"hidden\" id=\"watupro-required-question-33\"><!-- end question-content--><\/div><div class=\"question-choices watupro-choices-columns \" id=\"questionChoices33\"><div class=\"watupro-question-choice  \" dir=\"auto\"><input type=\"checkbox\" name=\"answer-33[]\" id=\"answer-id-166\" class=\"answer   answerof-33 \" value=\"166\"><label for=\"answer-id-166\" id=\"answer-label-166\" class=\" answer\"><span><p>kergelt oks\u00fcdeeruvad<\/p><\/span><\/label><\/div><div class=\"watupro-question-choice  \" dir=\"auto\"><input type=\"checkbox\" name=\"answer-33[]\" id=\"answer-id-165\" class=\"answer   answerof-33 \" value=\"165\"><label for=\"answer-id-165\" id=\"answer-label-165\" class=\" answer\"><span><p>k\u00f5ik inimkehale kahjulikud<\/p><\/span><\/label><\/div><div class=\"watupro-question-choice  \" dir=\"auto\"><input type=\"checkbox\" name=\"answer-33[]\" id=\"answer-id-164\" class=\"answer   answerof-33 \" value=\"164\"><label for=\"answer-id-164\" id=\"answer-label-164\" class=\" answer\"><span><p>k\u00fcllastumata<\/p><\/span><\/label><\/div><div class=\"watupro-question-choice  \" dir=\"auto\"><input type=\"checkbox\" name=\"answer-33[]\" id=\"answer-id-167\" class=\"answer   answerof-33 \" value=\"167\"><label for=\"answer-id-167\" id=\"answer-label-167\" class=\" answer\"><span><p>m\u00f5ned neist on essentsiaalsed (asendamatud)<\/p><\/span><\/label><\/div><div class=\"watupro-question-choice  \" dir=\"auto\"><input type=\"checkbox\" name=\"answer-33[]\" id=\"answer-id-163\" class=\"answer   answerof-33 \" value=\"163\"><label for=\"answer-id-163\" id=\"answer-label-163\" class=\" answer\"><span><p>k\u00fcllastunud<\/p><\/span><\/label><\/div><!-- end question-choices--><\/div><!-- end questionWrap--><\/div><\/div><div class=\"watu-question \" id=\"question-8\" style=\";\"><div id=\"questionWrap-8\" class=\"  watupro-required-32 watupro-question-id-32\">\n\t\t\t<div class=\"question-content\"><div><p>Inimkeha rasvhapped on:<\/p><\/div><input type=\"hidden\" name=\"question_id[]\" id=\"qID_8\" value=\"32\" class=\"watupro-question-id\"><input type=\"hidden\" id=\"answerType32\" class=\"answerTypeCnt8\" value=\"checkbox\"><input type=\"hidden\" id=\"watupro-required-question-32\"><!-- end question-content--><\/div><div class=\"question-choices watupro-choices-columns \" id=\"questionChoices32\"><div class=\"watupro-question-choice  \" dir=\"auto\"><input type=\"checkbox\" name=\"answer-32[]\" id=\"answer-id-157\" class=\"answer   answerof-32 \" value=\"157\"><label for=\"answer-id-157\" id=\"answer-label-157\" class=\" answer\"><span><p>k\u00f5ik k\u00fcllastumata<\/p><\/span><\/label><\/div><div class=\"watupro-question-choice  \" dir=\"auto\"><input type=\"checkbox\" name=\"answer-32[]\" id=\"answer-id-158\" class=\"answer   answerof-32 \" value=\"158\"><label for=\"answer-id-158\" id=\"answer-label-158\" class=\" answer\"><span><p>k\u00f5ik k\u00fcllastunud<\/p><\/span><\/label><\/div><div class=\"watupro-question-choice  \" dir=\"auto\"><input type=\"checkbox\" name=\"answer-32[]\" id=\"answer-id-159\" class=\"answer   answerof-32 \" value=\"159\"><label for=\"answer-id-159\" id=\"answer-label-159\" class=\" answer\"><span><p>nii k\u00fcllastunud kui k\u00fcllastumata<\/p><\/span><\/label><\/div><div class=\"watupro-question-choice  \" dir=\"auto\"><input type=\"checkbox\" name=\"answer-32[]\" id=\"answer-id-160\" class=\"answer   answerof-32 \" value=\"160\"><label for=\"answer-id-160\" id=\"answer-label-160\" class=\" answer\"><span><p>kaksiksidemed peamiselt <em>cis<\/em>-konfiguratsioonis<\/p><\/span><\/label><\/div><div class=\"watupro-question-choice  \" dir=\"auto\"><input type=\"checkbox\" name=\"answer-32[]\" id=\"answer-id-161\" class=\"answer   answerof-32 \" value=\"161\"><label for=\"answer-id-161\" id=\"answer-label-161\" class=\" answer\"><span><p>peamiselt <em>trans<\/em>-rasvhapped<\/p><\/span><\/label><\/div><div class=\"watupro-question-choice  \" dir=\"auto\"><input type=\"checkbox\" name=\"answer-32[]\" id=\"answer-id-162\" class=\"answer   answerof-32 \" value=\"162\"><label for=\"answer-id-162\" id=\"answer-label-162\" class=\" answer\"><span><p>k\u00f5ik keha poolt s\u00fcnteesitavad<\/p><\/span><\/label><\/div><!-- end question-choices--><\/div><!-- end questionWrap--><\/div><\/div><div class=\"watu-question \" id=\"question-9\" style=\";\"><div id=\"questionWrap-9\" class=\"  watupro-required-37 watupro-question-id-37\">\n\t\t\t<div class=\"question-content\"><div><p>Lipiidide biofunktsioonid on:<\/p><\/div><input type=\"hidden\" name=\"question_id[]\" id=\"qID_9\" value=\"37\" class=\"watupro-question-id\"><input type=\"hidden\" id=\"answerType37\" class=\"answerTypeCnt9\" value=\"checkbox\"><input type=\"hidden\" id=\"watupro-required-question-37\"><!-- end question-content--><\/div><div class=\"question-choices watupro-choices-columns \" id=\"questionChoices37\"><div class=\"watupro-question-choice  \" dir=\"auto\"><input type=\"checkbox\" name=\"answer-37[]\" id=\"answer-id-185\" class=\"answer   answerof-37 \" value=\"185\"><label for=\"answer-id-185\" id=\"answer-label-185\" class=\" answer\"><span><p>mehhaaniline kaitse<\/p><\/span><\/label><\/div><div class=\"watupro-question-choice  \" dir=\"auto\"><input type=\"checkbox\" name=\"answer-37[]\" id=\"answer-id-183\" class=\"answer   answerof-37 \" value=\"183\"><label for=\"answer-id-183\" id=\"answer-label-183\" class=\" answer\"><span><p>anda energiat<\/p><\/span><\/label><\/div><div class=\"watupro-question-choice  \" dir=\"auto\"><input type=\"checkbox\" name=\"answer-37[]\" id=\"answer-id-184\" class=\"answer   answerof-37 \" value=\"184\"><label for=\"answer-id-184\" id=\"answer-label-184\" class=\" answer\"><span><p>termoisolatsioon<\/p><\/span><\/label><\/div><div class=\"watupro-question-choice  \" dir=\"auto\"><input type=\"checkbox\" name=\"answer-37[]\" id=\"answer-id-187\" class=\"answer   answerof-37 \" value=\"187\"><label for=\"answer-id-187\" id=\"answer-label-187\" class=\" answer\"><span><p>biomembraanide moodustamine<\/p><\/span><\/label><\/div><div class=\"watupro-question-choice  \" dir=\"auto\"><input type=\"checkbox\" name=\"answer-37[]\" id=\"answer-id-188\" class=\"answer   answerof-37 \" value=\"188\"><label for=\"answer-id-188\" id=\"answer-label-188\" class=\" answer\"><span><p>vitamiinide transport<\/p><\/span><\/label><\/div><div class=\"watupro-question-choice  \" dir=\"auto\"><input type=\"checkbox\" name=\"answer-37[]\" id=\"answer-id-186\" class=\"answer   answerof-37 \" value=\"186\"><label for=\"answer-id-186\" id=\"answer-label-186\" class=\" answer\"><span><p>lahusti rasvlahustuvatele vitamiinidele<\/p><\/span><\/label><\/div><!-- end question-choices--><\/div><!-- end questionWrap--><\/div><\/div><div class=\"watu-question \" id=\"question-10\" style=\";\"><div id=\"questionWrap-10\" class=\"  watupro-required-36 watupro-question-id-36\">\n\t\t\t<div class=\"question-content\"><div><p>Hea oomega-6\/oomega-3 rasvhapete suhe on:<\/p><\/div><input type=\"hidden\" name=\"question_id[]\" id=\"qID_10\" value=\"36\" class=\"watupro-question-id\"><input type=\"hidden\" id=\"answerType36\" class=\"answerTypeCnt10\" value=\"radio\"><input type=\"hidden\" id=\"watupro-required-question-36\"><!-- end question-content--><\/div><div class=\"question-choices watupro-choices-columns \" id=\"questionChoices36\"><div class=\"watupro-question-choice  \" dir=\"auto\"><input type=\"radio\" name=\"answer-36[]\" id=\"answer-id-179\" class=\"answer   answerof-36 \" value=\"179\"><label for=\"answer-id-179\" id=\"answer-label-179\" class=\" answer\"><span><p>2:1<\/p><\/span><\/label><\/div><div class=\"watupro-question-choice  \" dir=\"auto\"><input type=\"radio\" name=\"answer-36[]\" id=\"answer-id-180\" class=\"answer   answerof-36 \" value=\"180\"><label for=\"answer-id-180\" id=\"answer-label-180\" class=\" answer\"><span><p>10:1<\/p><\/span><\/label><\/div><div class=\"watupro-question-choice  \" dir=\"auto\"><input type=\"radio\" name=\"answer-36[]\" id=\"answer-id-181\" class=\"answer   answerof-36 \" value=\"181\"><label for=\"answer-id-181\" id=\"answer-label-181\" class=\" answer\"><span><p>40:1<\/p><\/span><\/label><\/div><div class=\"watupro-question-choice  \" dir=\"auto\"><input type=\"radio\" name=\"answer-36[]\" id=\"answer-id-182\" class=\"answer   answerof-36 \" value=\"182\"><label for=\"answer-id-182\" id=\"answer-label-182\" class=\" answer\"><span><p>100:1<\/p><\/span><\/label><\/div><!-- end question-choices--><\/div><!-- end questionWrap--><\/div><\/div><div style=\"display:none\" id=\"question-11\">\n\t<div class=\"question-content\">\n\t\t<img loading=\"lazy\" decoding=\"async\" src=\"https:\/\/sisu.ut.ee\/wp-content\/plugins\/watupro\/img\/loading.gif\" width=\"16\" height=\"16\" alt=\"Loading...\" title=\"Loading...\">\u00a0Loading...\t<\/div>\n<\/div>\n\n<br>\n\t\n\t\t\t<div class=\"watupro_buttons flex \" id=\"watuPROButtons4\">\n\t\t  <div id=\"prev-question\" style=\"display:none;\"><input type=\"button\" value=\"&lt; Previous\" onclick=\"WatuPRO.nextQuestion(event, 'previous');\"><\/div>\t\t  \t\t  \t\t   \n\t\t   \t  \t\t<div><input type=\"button\" name=\"action\" class=\"watupro-submit-button\" onclick=\"WatuPRO.submitResult(event)\" id=\"action-button\" value=\"View Results\">\n\t\t<\/div>\n\t\t<\/div>\n\t\t\n\t<input type=\"hidden\" name=\"quiz_id\" value=\"4\" id=\"watuPROExamID\">\n\t<input type=\"hidden\" name=\"start_time\" id=\"startTime\" value=\"2026-04-11 08:19:16\">\n\t<input type=\"hidden\" name=\"start_timestamp\" id=\"startTimeStamp\" value=\"1775895556\">\n\t<input type=\"hidden\" name=\"question_ids\" value=\"\">\n\t<input type=\"hidden\" name=\"watupro_questions\" value=\"38:189,190 | 35:174,177,173,175,176,178 | 31:155,156,152,153,154 | 39:192,191,193,194 | 40:195,196 | 34:171,168,170,169,172 | 33:166,165,164,167,163 | 32:157,158,159,160,161,162 | 37:185,183,184,187,188,186 | 36:179,180,181,182\">\n\t<input type=\"hidden\" name=\"no_ajax\" value=\"0\">\t\t\t<\/form>\n\t<p>\u00a0<\/p>\n<\/div>\n\n<script type=\"text\/javascript\">\n\/\/jQuery(document).ready(function(){\ndocument.addEventListener(\"DOMContentLoaded\", function(event) { \t\nvar question_ids = \"38,35,31,39,40,34,33,32,37,36\";\nWatuPROSettings[4] = {};\nWatuPRO.qArr = question_ids.split(',');\nWatuPRO.exam_id = 4;\t    \nWatuPRO.post_id = 257;\nWatuPRO.store_progress = 0;\nWatuPRO.curCatPage = 1;\nWatuPRO.requiredIDs=\"0,38,35,31,39,40,34,33,32,37,36\".split(\",\");\nWatuPRO.hAppID = \"0.86408900 1775884756\";\nvar url = \"https:\/\/sisu.ut.ee\/wp-content\/plugins\/watupro\/show_exam.php\";\nWatuPRO.examMode = 1;\nWatuPRO.siteURL=\"https:\/\/sisu.ut.ee\/soomisest-joomisest-informatsioonist\/wp-admin\/admin-ajax.php\";\nWatuPRO.emailIsNotRequired = 0;\nWatuPRO.perDecade = 10;\nWatuPROIntel.init(4);\nWatuPRO.inCategoryPages=1;});    \t \n<\/script>\n\n","protected":false},"excerpt":{"rendered":"","protected":false},"author":9,"featured_media":0,"parent":0,"menu_order":0,"comment_status":"closed","ping_status":"closed","template":"","meta":{"_acf_changed":false,"inline_featured_image":false,"footnotes":""},"class_list":["post-257","page","type-page","status-publish","hentry"],"acf":[],"_links":{"self":[{"href":"https:\/\/sisu.ut.ee\/soomisest-joomisest-informatsioonist\/wp-json\/wp\/v2\/pages\/257","targetHints":{"allow":["GET"]}}],"collection":[{"href":"https:\/\/sisu.ut.ee\/soomisest-joomisest-informatsioonist\/wp-json\/wp\/v2\/pages"}],"about":[{"href":"https:\/\/sisu.ut.ee\/soomisest-joomisest-informatsioonist\/wp-json\/wp\/v2\/types\/page"}],"author":[{"embeddable":true,"href":"https:\/\/sisu.ut.ee\/soomisest-joomisest-informatsioonist\/wp-json\/wp\/v2\/users\/9"}],"replies":[{"embeddable":true,"href":"https:\/\/sisu.ut.ee\/soomisest-joomisest-informatsioonist\/wp-json\/wp\/v2\/comments?post=257"}],"version-history":[{"count":0,"href":"https:\/\/sisu.ut.ee\/soomisest-joomisest-informatsioonist\/wp-json\/wp\/v2\/pages\/257\/revisions"}],"wp:attachment":[{"href":"https:\/\/sisu.ut.ee\/soomisest-joomisest-informatsioonist\/wp-json\/wp\/v2\/media?parent=257"}],"curies":[{"name":"wp","href":"https:\/\/api.w.org\/{rel}","templated":true}]}}