{"id":256,"date":"2024-04-18T13:59:29","date_gmt":"2024-04-18T10:59:29","guid":{"rendered":"https:\/\/sisu.ut.ee\/soomisest-joomisest-informatsioonist\/test-aminohapped-ja-valgud\/"},"modified":"2024-04-18T13:59:29","modified_gmt":"2024-04-18T10:59:29","slug":"test-aminohapped-ja-valgud","status":"publish","type":"page","link":"https:\/\/sisu.ut.ee\/soomisest-joomisest-informatsioonist\/test-aminohapped-ja-valgud\/","title":{"rendered":"TEST: Aminohapped ja valgud"},"content":{"rendered":"<div id=\"watupro_quiz\" class=\"quiz-area single-page-quiz\">\n<p id=\"submittingExam5\" style=\"display:none;text-align:center;\"><img loading=\"lazy\" decoding=\"async\" src=\"https:\/\/sisu.ut.ee\/wp-content\/plugins\/watupro\/img\/loading.gif\" width=\"16\" height=\"16\"><\/p>\n\n<div class=\"watupro-exam-description\" id=\"description-quiz-5\"><p>Antud test on m\u00f5eldud enesekontrolliks p\u00e4rast video \"Aminohapped ja valgud\" vaatamist ja \u00f5ppepeat\u00fckkidega tutvumist. Proovi test sooritada 100% peale ja kui ei \u00f5nnestu, siis keskendu \u00f5ppematerjalile uuesti ning lahenda veelkord kuni maksimumpunktid saavutatud.<\/p>\n<\/div>\n\n<form action=\"\" method=\"post\" class=\"quiz-form\" id=\"quiz-5\" enctype=\"multipart\/form-data\">\n<div class=\"watu-question \" id=\"question-1\" style=\";\"><div id=\"questionWrap-1\" class=\"  watupro-required-47 watupro-question-id-47\">\n\t\t\t<div class=\"question-content\"><div><p>Valgumolekulis iga \u00fcksteisele j\u00e4rgneva aminohappej\u00e4\u00e4gi vahel on:<\/p><\/div><input type=\"hidden\" name=\"question_id[]\" id=\"qID_1\" value=\"47\" class=\"watupro-question-id\"><input type=\"hidden\" id=\"answerType47\" class=\"answerTypeCnt1\" value=\"radio\"><input type=\"hidden\" id=\"watupro-required-question-47\"><!-- end question-content--><\/div><div class=\"question-choices watupro-choices-columns \" id=\"questionChoices47\"><div class=\"watupro-question-choice  \" dir=\"auto\"><input type=\"radio\" name=\"answer-47[]\" id=\"answer-id-229\" class=\"answer   answerof-47 \" value=\"229\"><label for=\"answer-id-229\" id=\"answer-label-229\" class=\" answer\"><span><p>Peptiidside<\/p><\/span><\/label><\/div><div class=\"watupro-question-choice  \" dir=\"auto\"><input type=\"radio\" name=\"answer-47[]\" id=\"answer-id-235\" class=\"answer   answerof-47 \" value=\"235\"><label for=\"answer-id-235\" id=\"answer-label-235\" class=\" answer\"><span><p>mittekovalentne side<\/p><\/span><\/label><\/div><div class=\"watupro-question-choice  \" dir=\"auto\"><input type=\"radio\" name=\"answer-47[]\" id=\"answer-id-233\" class=\"answer   answerof-47 \" value=\"233\"><label for=\"answer-id-233\" id=\"answer-label-233\" class=\" answer\"><span><p>ioonne side<\/p><\/span><\/label><\/div><div class=\"watupro-question-choice  \" dir=\"auto\"><input type=\"radio\" name=\"answer-47[]\" id=\"answer-id-230\" class=\"answer   answerof-47 \" value=\"230\"><label for=\"answer-id-230\" id=\"answer-label-230\" class=\" answer\"><span><p>gl\u00fckosiidside<\/p><\/span><\/label><\/div><div class=\"watupro-question-choice  \" dir=\"auto\"><input type=\"radio\" name=\"answer-47[]\" id=\"answer-id-231\" class=\"answer   answerof-47 \" value=\"231\"><label for=\"answer-id-231\" id=\"answer-label-231\" class=\" answer\"><span><p>metalliline side<\/p><\/span><\/label><\/div><div class=\"watupro-question-choice  \" dir=\"auto\"><input type=\"radio\" name=\"answer-47[]\" id=\"answer-id-234\" class=\"answer   answerof-47 \" value=\"234\"><label for=\"answer-id-234\" id=\"answer-label-234\" class=\" answer\"><span><p>disulfiidside<\/p><\/span><\/label><\/div><div class=\"watupro-question-choice  \" dir=\"auto\"><input type=\"radio\" name=\"answer-47[]\" id=\"answer-id-232\" class=\"answer   answerof-47 \" value=\"232\"><label for=\"answer-id-232\" id=\"answer-label-232\" class=\" answer\"><span><p>esterside<\/p><\/span><\/label><\/div><!-- end question-choices--><\/div><!-- end questionWrap--><\/div><\/div><div class=\"watu-question \" id=\"question-2\" style=\";\"><div id=\"questionWrap-2\" class=\"  watupro-required-48 watupro-question-id-48\">\n\t\t\t<div class=\"question-content\"><div><p>Valgu denatureerumine ehk:<\/p><\/div><input type=\"hidden\" name=\"question_id[]\" id=\"qID_2\" value=\"48\" class=\"watupro-question-id\"><input type=\"hidden\" id=\"answerType48\" class=\"answerTypeCnt2\" value=\"checkbox\"><input type=\"hidden\" id=\"watupro-required-question-48\"><!-- end question-content--><\/div><div class=\"question-choices watupro-choices-columns \" id=\"questionChoices48\"><div class=\"watupro-question-choice  \" dir=\"auto\"><input type=\"checkbox\" name=\"answer-48[]\" id=\"answer-id-238\" class=\"answer   answerof-48 \" value=\"238\"><label for=\"answer-id-238\" id=\"answer-label-238\" class=\" answer\"><span><p>primaarstruktuuri lagunemine<\/p><\/span><\/label><\/div><div class=\"watupro-question-choice  \" dir=\"auto\"><input type=\"checkbox\" name=\"answer-48[]\" id=\"answer-id-236\" class=\"answer   answerof-48 \" value=\"236\"><label for=\"answer-id-236\" id=\"answer-label-236\" class=\" answer\"><span><p>tertsiaarstruktuuri lagunemine<\/p><\/span><\/label><\/div><div class=\"watupro-question-choice  \" dir=\"auto\"><input type=\"checkbox\" name=\"answer-48[]\" id=\"answer-id-237\" class=\"answer   answerof-48 \" value=\"237\"><label for=\"answer-id-237\" id=\"answer-label-237\" class=\" answer\"><span><p>sekundaarstruktuuri lagunemine<\/p><\/span><\/label><\/div><!-- end question-choices--><\/div><!-- end questionWrap--><\/div><\/div><div class=\"watu-question \" id=\"question-3\" style=\";\"><div id=\"questionWrap-3\" class=\"  watupro-required-49 watupro-question-id-49\">\n\t\t\t<div class=\"question-content\"><div><p>Denaturatsiooni v\u00f5ib p\u00f5hjustada:<\/p><\/div><input type=\"hidden\" name=\"question_id[]\" id=\"qID_3\" value=\"49\" class=\"watupro-question-id\"><input type=\"hidden\" id=\"answerType49\" class=\"answerTypeCnt3\" value=\"checkbox\"><input type=\"hidden\" id=\"watupro-required-question-49\"><!-- end question-content--><\/div><div class=\"question-choices watupro-choices-columns \" id=\"questionChoices49\"><div class=\"watupro-question-choice  \" dir=\"auto\"><input type=\"checkbox\" name=\"answer-49[]\" id=\"answer-id-240\" class=\"answer   answerof-49 \" value=\"240\"><label for=\"answer-id-240\" id=\"answer-label-240\" class=\" answer\"><span><p>raskmetallid<\/p><\/span><\/label><\/div><div class=\"watupro-question-choice  \" dir=\"auto\"><input type=\"checkbox\" name=\"answer-49[]\" id=\"answer-id-239\" class=\"answer   answerof-49 \" value=\"239\"><label for=\"answer-id-239\" id=\"answer-label-239\" class=\" answer\"><span><p>kiirgused<\/p><\/span><\/label><\/div><div class=\"watupro-question-choice  \" dir=\"auto\"><input type=\"checkbox\" name=\"answer-49[]\" id=\"answer-id-242\" class=\"answer   answerof-49 \" value=\"242\"><label for=\"answer-id-242\" id=\"answer-label-242\" class=\" answer\"><span><p>aluselisus<\/p><\/span><\/label><\/div><div class=\"watupro-question-choice  \" dir=\"auto\"><input type=\"checkbox\" name=\"answer-49[]\" id=\"answer-id-241\" class=\"answer   answerof-49 \" value=\"241\"><label for=\"answer-id-241\" id=\"answer-label-241\" class=\" answer\"><span><p>happelisus<\/p><\/span><\/label><\/div><div class=\"watupro-question-choice  \" dir=\"auto\"><input type=\"checkbox\" name=\"answer-49[]\" id=\"answer-id-243\" class=\"answer   answerof-49 \" value=\"243\"><label for=\"answer-id-243\" id=\"answer-label-243\" class=\" answer\"><span><p>mehhaaniline t\u00f6\u00f6tlus<\/p><\/span><\/label><\/div><div class=\"watupro-question-choice  \" dir=\"auto\"><input type=\"checkbox\" name=\"answer-49[]\" id=\"answer-id-244\" class=\"answer   answerof-49 \" value=\"244\"><label for=\"answer-id-244\" id=\"answer-label-244\" class=\" answer\"><span><p>k\u00f5rge temperatuur<\/p><\/span><\/label><\/div><!-- end question-choices--><\/div><!-- end questionWrap--><\/div><\/div><div class=\"watu-question \" id=\"question-4\" style=\";\"><div id=\"questionWrap-4\" class=\"  watupro-required-42 watupro-question-id-42\">\n\t\t\t<div class=\"question-content\"><div><p>Millised neist aminohapetest on essentsiaalsed (asendamatud) ja peab toiduga saama?<\/p><\/div><input type=\"hidden\" name=\"question_id[]\" id=\"qID_4\" value=\"42\" class=\"watupro-question-id\"><input type=\"hidden\" id=\"answerType42\" class=\"answerTypeCnt4\" value=\"checkbox\"><input type=\"hidden\" id=\"watupro-required-question-42\"><!-- end question-content--><\/div><div class=\"question-choices watupro-choices-columns \" id=\"questionChoices42\"><div class=\"watupro-question-choice  \" dir=\"auto\"><input type=\"checkbox\" name=\"answer-42[]\" id=\"answer-id-205\" class=\"answer   answerof-42 \" value=\"205\"><label for=\"answer-id-205\" id=\"answer-label-205\" class=\" answer\"><span><p>glutamaat<\/p><\/span><\/label><\/div><div class=\"watupro-question-choice  \" dir=\"auto\"><input type=\"checkbox\" name=\"answer-42[]\" id=\"answer-id-210\" class=\"answer   answerof-42 \" value=\"210\"><label for=\"answer-id-210\" id=\"answer-label-210\" class=\" answer\"><span><p>valiin<\/p><\/span><\/label><\/div><div class=\"watupro-question-choice  \" dir=\"auto\"><input type=\"checkbox\" name=\"answer-42[]\" id=\"answer-id-204\" class=\"answer   answerof-42 \" value=\"204\"><label for=\"answer-id-204\" id=\"answer-label-204\" class=\" answer\"><span><p>asparagiin<\/p><\/span><\/label><\/div><div class=\"watupro-question-choice  \" dir=\"auto\"><input type=\"checkbox\" name=\"answer-42[]\" id=\"answer-id-211\" class=\"answer   answerof-42 \" value=\"211\"><label for=\"answer-id-211\" id=\"answer-label-211\" class=\" answer\"><span><p>seriin<\/p><\/span><\/label><\/div><div class=\"watupro-question-choice  \" dir=\"auto\"><input type=\"checkbox\" name=\"answer-42[]\" id=\"answer-id-206\" class=\"answer   answerof-42 \" value=\"206\"><label for=\"answer-id-206\" id=\"answer-label-206\" class=\" answer\"><span><p>glutamiin<\/p><\/span><\/label><\/div><div class=\"watupro-question-choice  \" dir=\"auto\"><input type=\"checkbox\" name=\"answer-42[]\" id=\"answer-id-203\" class=\"answer   answerof-42 \" value=\"203\"><label for=\"answer-id-203\" id=\"answer-label-203\" class=\" answer\"><span><p>histidiin<\/p><\/span><\/label><\/div><div class=\"watupro-question-choice  \" dir=\"auto\"><input type=\"checkbox\" name=\"answer-42[]\" id=\"answer-id-207\" class=\"answer   answerof-42 \" value=\"207\"><label for=\"answer-id-207\" id=\"answer-label-207\" class=\" answer\"><span><p>leutsiin<\/p><\/span><\/label><\/div><div class=\"watupro-question-choice  \" dir=\"auto\"><input type=\"checkbox\" name=\"answer-42[]\" id=\"answer-id-209\" class=\"answer   answerof-42 \" value=\"209\"><label for=\"answer-id-209\" id=\"answer-label-209\" class=\" answer\"><span><p>treoniin<\/p><\/span><\/label><\/div><div class=\"watupro-question-choice  \" dir=\"auto\"><input type=\"checkbox\" name=\"answer-42[]\" id=\"answer-id-202\" class=\"answer   answerof-42 \" value=\"202\"><label for=\"answer-id-202\" id=\"answer-label-202\" class=\" answer\"><span><p>fen\u00fc\u00fclalaniin<\/p><\/span><\/label><\/div><div class=\"watupro-question-choice  \" dir=\"auto\"><input type=\"checkbox\" name=\"answer-42[]\" id=\"answer-id-208\" class=\"answer   answerof-42 \" value=\"208\"><label for=\"answer-id-208\" id=\"answer-label-208\" class=\" answer\"><span><p>isoleutsiin<\/p><\/span><\/label><\/div><!-- end question-choices--><\/div><!-- end questionWrap--><\/div><\/div><div class=\"watu-question \" id=\"question-5\" style=\";\"><div id=\"questionWrap-5\" class=\"  watupro-required-46 watupro-question-id-46\">\n\t\t\t<div class=\"question-content\"><div><p>Ens\u00fc\u00fcmid kui bioloogiliste reaktsioonide kiirendajad on olemuselt reeglina:<\/p><\/div><input type=\"hidden\" name=\"question_id[]\" id=\"qID_5\" value=\"46\" class=\"watupro-question-id\"><input type=\"hidden\" id=\"answerType46\" class=\"answerTypeCnt5\" value=\"radio\"><input type=\"hidden\" id=\"watupro-required-question-46\"><!-- end question-content--><\/div><div class=\"question-choices watupro-choices-columns \" id=\"questionChoices46\"><div class=\"watupro-question-choice  \" dir=\"auto\"><input type=\"radio\" name=\"answer-46[]\" id=\"answer-id-224\" class=\"answer   answerof-46 \" value=\"224\"><label for=\"answer-id-224\" id=\"answer-label-224\" class=\" answer\"><span><p>Valgud<\/p><\/span><\/label><\/div><div class=\"watupro-question-choice  \" dir=\"auto\"><input type=\"radio\" name=\"answer-46[]\" id=\"answer-id-228\" class=\"answer   answerof-46 \" value=\"228\"><label for=\"answer-id-228\" id=\"answer-label-228\" class=\" answer\"><span><p>susivesikud<\/p><\/span><\/label><\/div><div class=\"watupro-question-choice  \" dir=\"auto\"><input type=\"radio\" name=\"answer-46[]\" id=\"answer-id-226\" class=\"answer   answerof-46 \" value=\"226\"><label for=\"answer-id-226\" id=\"answer-label-226\" class=\" answer\"><span><p>puhvers\u00fcsteemid<\/p><\/span><\/label><\/div><div class=\"watupro-question-choice  \" dir=\"auto\"><input type=\"radio\" name=\"answer-46[]\" id=\"answer-id-225\" class=\"answer   answerof-46 \" value=\"225\"><label for=\"answer-id-225\" id=\"answer-label-225\" class=\" answer\"><span><p>rasvad<\/p><\/span><\/label><\/div><div class=\"watupro-question-choice  \" dir=\"auto\"><input type=\"radio\" name=\"answer-46[]\" id=\"answer-id-227\" class=\"answer   answerof-46 \" value=\"227\"><label for=\"answer-id-227\" id=\"answer-label-227\" class=\" answer\"><span><p>mineraalained<\/p><\/span><\/label><\/div><!-- end question-choices--><\/div><!-- end questionWrap--><\/div><\/div><div class=\"watu-question \" id=\"question-6\" style=\";\"><div id=\"questionWrap-6\" class=\"  watupro-required-41 watupro-question-id-41\">\n\t\t\t<div class=\"question-content\"><div><p>Enamik valkudes olevad aminohapped on:<\/p><\/div><input type=\"hidden\" name=\"question_id[]\" id=\"qID_6\" value=\"41\" class=\"watupro-question-id\"><input type=\"hidden\" id=\"answerType41\" class=\"answerTypeCnt6\" value=\"checkbox\"><input type=\"hidden\" id=\"watupro-required-question-41\"><!-- end question-content--><\/div><div class=\"question-choices watupro-choices-columns \" id=\"questionChoices41\"><div class=\"watupro-question-choice  \" dir=\"auto\"><input type=\"checkbox\" name=\"answer-41[]\" id=\"answer-id-199\" class=\"answer   answerof-41 \" value=\"199\"><label for=\"answer-id-199\" id=\"answer-label-199\" class=\" answer\"><span><p>D-aminohapped<\/p><\/span><\/label><\/div><div class=\"watupro-question-choice  \" dir=\"auto\"><input type=\"checkbox\" name=\"answer-41[]\" id=\"answer-id-200\" class=\"answer   answerof-41 \" value=\"200\"><label for=\"answer-id-200\" id=\"answer-label-200\" class=\" answer\"><span><p>v\u00e4\u00e4vliaatomit sisaldava k\u00fclgahelaga<\/p><\/span><\/label><\/div><div class=\"watupro-question-choice  \" dir=\"auto\"><input type=\"checkbox\" name=\"answer-41[]\" id=\"answer-id-201\" class=\"answer   answerof-41 \" value=\"201\"><label for=\"answer-id-201\" id=\"answer-label-201\" class=\" answer\"><span><p>fosforhappej\u00e4\u00e4ki sisaldava k\u00fclgahelaga<\/p><\/span><\/label><\/div><div class=\"watupro-question-choice  \" dir=\"auto\"><input type=\"checkbox\" name=\"answer-41[]\" id=\"answer-id-198\" class=\"answer   answerof-41 \" value=\"198\"><label for=\"answer-id-198\" id=\"answer-label-198\" class=\" answer\"><span><p>\u03b1-aminohapped<\/p><\/span><\/label><\/div><div class=\"watupro-question-choice  \" dir=\"auto\"><input type=\"checkbox\" name=\"answer-41[]\" id=\"answer-id-197\" class=\"answer   answerof-41 \" value=\"197\"><label for=\"answer-id-197\" id=\"answer-label-197\" class=\" answer\"><span><p>L-aminohapped<\/p><\/span><\/label><\/div><!-- end question-choices--><\/div><!-- end questionWrap--><\/div><\/div><div class=\"watu-question \" id=\"question-7\" style=\";\"><div id=\"questionWrap-7\" class=\"  watupro-required-43 watupro-question-id-43\">\n\t\t\t<div class=\"question-content\"><div><p>Valkude biofunktsiooniks on:<\/p><\/div><input type=\"hidden\" name=\"question_id[]\" id=\"qID_7\" value=\"43\" class=\"watupro-question-id\"><input type=\"hidden\" id=\"answerType43\" class=\"answerTypeCnt7\" value=\"checkbox\"><input type=\"hidden\" id=\"watupro-required-question-43\"><!-- end question-content--><\/div><div class=\"question-choices watupro-choices-columns \" id=\"questionChoices43\"><div class=\"watupro-question-choice  \" dir=\"auto\"><input type=\"checkbox\" name=\"answer-43[]\" id=\"answer-id-217\" class=\"answer   answerof-43 \" value=\"217\"><label for=\"answer-id-217\" id=\"answer-label-217\" class=\" answer\"><span><p>energeetiline<\/p><\/span><\/label><\/div><div class=\"watupro-question-choice  \" dir=\"auto\"><input type=\"checkbox\" name=\"answer-43[]\" id=\"answer-id-215\" class=\"answer   answerof-43 \" value=\"215\"><label for=\"answer-id-215\" id=\"answer-label-215\" class=\" answer\"><span><p>hormonaalne<\/p><\/span><\/label><\/div><div class=\"watupro-question-choice  \" dir=\"auto\"><input type=\"checkbox\" name=\"answer-43[]\" id=\"answer-id-213\" class=\"answer   answerof-43 \" value=\"213\"><label for=\"answer-id-213\" id=\"answer-label-213\" class=\" answer\"><span><p>ehitusmaterjal<\/p><\/span><\/label><\/div><div class=\"watupro-question-choice  \" dir=\"auto\"><input type=\"checkbox\" name=\"answer-43[]\" id=\"answer-id-214\" class=\"answer   answerof-43 \" value=\"214\"><label for=\"answer-id-214\" id=\"answer-label-214\" class=\" answer\"><span><p>transport hapnikule<\/p><\/span><\/label><\/div><div class=\"watupro-question-choice  \" dir=\"auto\"><input type=\"checkbox\" name=\"answer-43[]\" id=\"answer-id-216\" class=\"answer   answerof-43 \" value=\"216\"><label for=\"answer-id-216\" id=\"answer-label-216\" class=\" answer\"><span><p>kaitse (antikehad)<\/p><\/span><\/label><\/div><div class=\"watupro-question-choice  \" dir=\"auto\"><input type=\"checkbox\" name=\"answer-43[]\" id=\"answer-id-212\" class=\"answer   answerof-43 \" value=\"212\"><label for=\"answer-id-212\" id=\"answer-label-212\" class=\" answer\"><span><p>ens\u00fc\u00fcmkatal\u00fc\u00fcs<\/p><\/span><\/label><\/div><!-- end question-choices--><\/div><!-- end questionWrap--><\/div><\/div><div class=\"watu-question \" id=\"question-8\" style=\";\"><div id=\"questionWrap-8\" class=\"  watupro-required-44 watupro-question-id-44\">\n\t\t\t<div class=\"question-content\"><div><p>Loomne toit on essentsiaalsete aminohapete poolest t\u00e4isv\u00e4\u00e4rtuslikum kui taimne<\/p><\/div><input type=\"hidden\" name=\"question_id[]\" id=\"qID_8\" value=\"44\" class=\"watupro-question-id\"><input type=\"hidden\" id=\"answerType44\" class=\"answerTypeCnt8\" value=\"radio\"><input type=\"hidden\" id=\"watupro-required-question-44\"><!-- end question-content--><\/div><div class=\"question-choices watupro-choices-columns \" id=\"questionChoices44\"><div class=\"watupro-question-choice  \" dir=\"auto\"><input type=\"radio\" name=\"answer-44[]\" id=\"answer-id-218\" class=\"answer   answerof-44 \" value=\"218\"><label for=\"answer-id-218\" id=\"answer-label-218\" class=\" answer\"><span>True<\/span><\/label><\/div><div class=\"watupro-question-choice  \" dir=\"auto\"><input type=\"radio\" name=\"answer-44[]\" id=\"answer-id-219\" class=\"answer   answerof-44 \" value=\"219\"><label for=\"answer-id-219\" id=\"answer-label-219\" class=\" answer\"><span>False<\/span><\/label><\/div><!-- end question-choices--><\/div><!-- end questionWrap--><\/div><\/div><div class=\"watu-question \" id=\"question-9\" style=\";\"><div id=\"questionWrap-9\" class=\"  watupro-required-50 watupro-question-id-50\">\n\t\t\t<div class=\"question-content\"><div><p>Mitu erinevat aminohapet kodeeritakse translatsioonil inimorganismis? Kirjutage lahtrisse vastav number, arvestades, et ka selenots\u00fcsteiin on kodeeritav.<\/p><\/div><input type=\"hidden\" name=\"question_id[]\" id=\"qID_9\" value=\"50\" class=\"watupro-question-id\"><input type=\"hidden\" id=\"answerType50\" class=\"answerTypeCnt9\" value=\"textarea\"><input type=\"hidden\" id=\"watupro-required-question-50\"><!-- end question-content--><\/div><div class=\"question-choices \" id=\"questionChoices50\"><p><textarea name=\"answer-50[]\" id=\"textarea_q_50\" class=\"watupro-textarea-medium\" rows=\"5\" cols=\"80\"><\/textarea>\n<\/p><!-- end question-choices--><\/div><!-- end questionWrap--><\/div><\/div><div class=\"watu-question \" id=\"question-10\" style=\";\"><div id=\"questionWrap-10\" class=\"  watupro-required-45 watupro-question-id-45\">\n\t\t\t<div class=\"question-content\"><div><p>Bioloogiliselt funktsionaalne valkude struktuuriaste on:<\/p><\/div><input type=\"hidden\" name=\"question_id[]\" id=\"qID_10\" value=\"45\" class=\"watupro-question-id\"><input type=\"hidden\" id=\"answerType45\" class=\"answerTypeCnt10\" value=\"checkbox\"><input type=\"hidden\" id=\"watupro-required-question-45\"><!-- end question-content--><\/div><div class=\"question-choices watupro-choices-columns \" id=\"questionChoices45\"><div class=\"watupro-question-choice  \" dir=\"auto\"><input type=\"checkbox\" name=\"answer-45[]\" id=\"answer-id-220\" class=\"answer   answerof-45 \" value=\"220\"><label for=\"answer-id-220\" id=\"answer-label-220\" class=\" answer\"><span><p>tertsiaarstruktuur<\/p><\/span><\/label><\/div><div class=\"watupro-question-choice  \" dir=\"auto\"><input type=\"checkbox\" name=\"answer-45[]\" id=\"answer-id-223\" class=\"answer   answerof-45 \" value=\"223\"><label for=\"answer-id-223\" id=\"answer-label-223\" class=\" answer\"><span><p>primaarstruktuur<\/p><\/span><\/label><\/div><div class=\"watupro-question-choice  \" dir=\"auto\"><input type=\"checkbox\" name=\"answer-45[]\" id=\"answer-id-222\" class=\"answer   answerof-45 \" value=\"222\"><label for=\"answer-id-222\" id=\"answer-label-222\" class=\" answer\"><span><p>sekundaarstruktuur<\/p><\/span><\/label><\/div><div class=\"watupro-question-choice  \" dir=\"auto\"><input type=\"checkbox\" name=\"answer-45[]\" id=\"answer-id-221\" class=\"answer   answerof-45 \" value=\"221\"><label for=\"answer-id-221\" id=\"answer-label-221\" class=\" answer\"><span><p>kvaternaarstruktuur<\/p><\/span><\/label><\/div><!-- end question-choices--><\/div><!-- end questionWrap--><\/div><\/div><div style=\"display:none\" id=\"question-11\">\n\t<div class=\"question-content\">\n\t\t<img loading=\"lazy\" decoding=\"async\" src=\"https:\/\/sisu.ut.ee\/wp-content\/plugins\/watupro\/img\/loading.gif\" width=\"16\" height=\"16\" alt=\"Loading...\" title=\"Loading...\">\u00a0Loading...\t<\/div>\n<\/div>\n\n<br>\n\t\n\t\t\t<div class=\"watupro_buttons flex \" id=\"watuPROButtons5\">\n\t\t  <div id=\"prev-question\" style=\"display:none;\"><input type=\"button\" value=\"&lt; Previous\" onclick=\"WatuPRO.nextQuestion(event, 'previous');\"><\/div>\t\t  \t\t  \t\t   \n\t\t   \t  \t\t<div><input type=\"button\" name=\"action\" class=\"watupro-submit-button\" onclick=\"WatuPRO.submitResult(event)\" id=\"action-button\" value=\"View Results\">\n\t\t<\/div>\n\t\t<\/div>\n\t\t\n\t<input type=\"hidden\" name=\"quiz_id\" value=\"5\" id=\"watuPROExamID\">\n\t<input type=\"hidden\" name=\"start_time\" id=\"startTime\" value=\"2026-04-11 08:18:44\">\n\t<input type=\"hidden\" name=\"start_timestamp\" id=\"startTimeStamp\" value=\"1775895524\">\n\t<input type=\"hidden\" name=\"question_ids\" value=\"\">\n\t<input type=\"hidden\" name=\"watupro_questions\" value=\"47:229,235,233,230,231,234,232 | 48:238,236,237 | 49:240,239,242,241,243,244 | 42:205,210,204,211,206,203,207,209,202,208 | 46:224,228,226,225,227 | 41:199,200,201,198,197 | 43:217,215,213,214,216,212 | 44:218,219 | 50:245 | 45:220,223,222,221\">\n\t<input type=\"hidden\" name=\"no_ajax\" value=\"0\">\t\t\t<\/form>\n\t<p>\u00a0<\/p>\n<\/div>\n\n<script type=\"text\/javascript\">\n\/\/jQuery(document).ready(function(){\ndocument.addEventListener(\"DOMContentLoaded\", function(event) { \t\nvar question_ids = \"47,48,49,42,46,41,43,44,50,45\";\nWatuPROSettings[5] = {};\nWatuPRO.qArr = question_ids.split(',');\nWatuPRO.exam_id = 5;\t    \nWatuPRO.post_id = 256;\nWatuPRO.store_progress = 0;\nWatuPRO.curCatPage = 1;\nWatuPRO.requiredIDs=\"0,47,48,49,42,46,41,43,44,50,45\".split(\",\");\nWatuPRO.hAppID = \"0.61029600 1775884724\";\nvar url = \"https:\/\/sisu.ut.ee\/wp-content\/plugins\/watupro\/show_exam.php\";\nWatuPRO.examMode = 1;\nWatuPRO.siteURL=\"https:\/\/sisu.ut.ee\/soomisest-joomisest-informatsioonist\/wp-admin\/admin-ajax.php\";\nWatuPRO.emailIsNotRequired = 0;\nWatuPRO.perDecade = 10;\nWatuPROIntel.init(5);\nWatuPRO.inCategoryPages=1;});    \t \n<\/script>\n\n","protected":false},"excerpt":{"rendered":"","protected":false},"author":9,"featured_media":0,"parent":0,"menu_order":0,"comment_status":"closed","ping_status":"closed","template":"","meta":{"_acf_changed":false,"inline_featured_image":false,"footnotes":""},"class_list":["post-256","page","type-page","status-publish","hentry"],"acf":[],"_links":{"self":[{"href":"https:\/\/sisu.ut.ee\/soomisest-joomisest-informatsioonist\/wp-json\/wp\/v2\/pages\/256","targetHints":{"allow":["GET"]}}],"collection":[{"href":"https:\/\/sisu.ut.ee\/soomisest-joomisest-informatsioonist\/wp-json\/wp\/v2\/pages"}],"about":[{"href":"https:\/\/sisu.ut.ee\/soomisest-joomisest-informatsioonist\/wp-json\/wp\/v2\/types\/page"}],"author":[{"embeddable":true,"href":"https:\/\/sisu.ut.ee\/soomisest-joomisest-informatsioonist\/wp-json\/wp\/v2\/users\/9"}],"replies":[{"embeddable":true,"href":"https:\/\/sisu.ut.ee\/soomisest-joomisest-informatsioonist\/wp-json\/wp\/v2\/comments?post=256"}],"version-history":[{"count":0,"href":"https:\/\/sisu.ut.ee\/soomisest-joomisest-informatsioonist\/wp-json\/wp\/v2\/pages\/256\/revisions"}],"wp:attachment":[{"href":"https:\/\/sisu.ut.ee\/soomisest-joomisest-informatsioonist\/wp-json\/wp\/v2\/media?parent=256"}],"curies":[{"name":"wp","href":"https:\/\/api.w.org\/{rel}","templated":true}]}}