{"id":254,"date":"2024-04-18T13:58:28","date_gmt":"2024-04-18T10:58:28","guid":{"rendered":"https:\/\/sisu.ut.ee\/soomisest-joomisest-informatsioonist\/test-susivesikud\/"},"modified":"2024-04-18T13:58:28","modified_gmt":"2024-04-18T10:58:28","slug":"test-susivesikud","status":"publish","type":"page","link":"https:\/\/sisu.ut.ee\/soomisest-joomisest-informatsioonist\/test-susivesikud\/","title":{"rendered":"TEST: S\u00fcsivesikud"},"content":{"rendered":"<div id=\"watupro_quiz\" class=\"quiz-area single-page-quiz\">\n<p id=\"submittingExam7\" style=\"display:none;text-align:center;\"><img loading=\"lazy\" decoding=\"async\" src=\"https:\/\/sisu.ut.ee\/wp-content\/plugins\/watupro\/img\/loading.gif\" width=\"16\" height=\"16\"><\/p>\n\n<div class=\"watupro-exam-description\" id=\"description-quiz-7\"><p>Antud test on m\u00f5eldud enesekontrolliks p\u00e4rast video \"S\u00fcsivesikud\" vaatamist ja \u00f5ppepeat\u00fckkidega tutvumist. Proovi test sooritada 100% peale ja kui ei \u00f5nnestu, siis keskendu \u00f5ppematerjalile uuesti ning lahenda veelkord kuni maksimumpunktid saavutatud.<\/p>\n<\/div>\n\n<form action=\"\" method=\"post\" class=\"quiz-form\" id=\"quiz-7\" enctype=\"multipart\/form-data\">\n<div class=\"watu-question \" id=\"question-1\" style=\";\"><div id=\"questionWrap-1\" class=\"  watupro-required-65 watupro-question-id-65\">\n\t\t\t<div class=\"question-content\"><div><p>Pol\u00fcsahhariid on n\u00e4iteks:<\/p><\/div><input type=\"hidden\" name=\"question_id[]\" id=\"qID_1\" value=\"65\" class=\"watupro-question-id\"><input type=\"hidden\" id=\"answerType65\" class=\"answerTypeCnt1\" value=\"checkbox\"><input type=\"hidden\" id=\"watupro-required-question-65\"><!-- end question-content--><\/div><div class=\"question-choices watupro-choices-columns \" id=\"questionChoices65\"><div class=\"watupro-question-choice  \" dir=\"auto\"><input type=\"checkbox\" name=\"answer-65[]\" id=\"answer-id-321\" class=\"answer   answerof-65 \" value=\"321\"><label for=\"answer-id-321\" id=\"answer-label-321\" class=\" answer\"><span><p>t\u00e4rklis<\/p><\/span><\/label><\/div><div class=\"watupro-question-choice  \" dir=\"auto\"><input type=\"checkbox\" name=\"answer-65[]\" id=\"answer-id-326\" class=\"answer   answerof-65 \" value=\"326\"><label for=\"answer-id-326\" id=\"answer-label-326\" class=\" answer\"><span><p>fruktoos<\/p><\/span><\/label><\/div><div class=\"watupro-question-choice  \" dir=\"auto\"><input type=\"checkbox\" name=\"answer-65[]\" id=\"answer-id-322\" class=\"answer   answerof-65 \" value=\"322\"><label for=\"answer-id-322\" id=\"answer-label-322\" class=\" answer\"><span><p>tselluloos<\/p><\/span><\/label><\/div><div class=\"watupro-question-choice  \" dir=\"auto\"><input type=\"checkbox\" name=\"answer-65[]\" id=\"answer-id-323\" class=\"answer   answerof-65 \" value=\"323\"><label for=\"answer-id-323\" id=\"answer-label-323\" class=\" answer\"><span><p>gl\u00fckogeen<\/p><\/span><\/label><\/div><div class=\"watupro-question-choice  \" dir=\"auto\"><input type=\"checkbox\" name=\"answer-65[]\" id=\"answer-id-325\" class=\"answer   answerof-65 \" value=\"325\"><label for=\"answer-id-325\" id=\"answer-label-325\" class=\" answer\"><span><p>galaktoos<\/p><\/span><\/label><\/div><div class=\"watupro-question-choice  \" dir=\"auto\"><input type=\"checkbox\" name=\"answer-65[]\" id=\"answer-id-324\" class=\"answer   answerof-65 \" value=\"324\"><label for=\"answer-id-324\" id=\"answer-label-324\" class=\" answer\"><span><p>maltoos<\/p><\/span><\/label><\/div><!-- end question-choices--><\/div><!-- end questionWrap--><\/div><\/div><div class=\"watu-question \" id=\"question-2\" style=\";\"><div id=\"questionWrap-2\" class=\"  watupro-required-61 watupro-question-id-61\">\n\t\t\t<div class=\"question-content\"><div><p>Monosahhariidid:<\/p><\/div><input type=\"hidden\" name=\"question_id[]\" id=\"qID_2\" value=\"61\" class=\"watupro-question-id\"><input type=\"hidden\" id=\"answerType61\" class=\"answerTypeCnt2\" value=\"checkbox\"><input type=\"hidden\" id=\"watupro-required-question-61\"><!-- end question-content--><\/div><div class=\"question-choices watupro-choices-columns \" id=\"questionChoices61\"><div class=\"watupro-question-choice  \" dir=\"auto\"><input type=\"checkbox\" name=\"answer-61[]\" id=\"answer-id-304\" class=\"answer   answerof-61 \" value=\"304\"><label for=\"answer-id-304\" id=\"answer-label-304\" class=\" answer\"><span><p>on olemuselt estrid<\/p><\/span><\/label><\/div><div class=\"watupro-question-choice  \" dir=\"auto\"><input type=\"checkbox\" name=\"answer-61[]\" id=\"answer-id-302\" class=\"answer   answerof-61 \" value=\"302\"><label for=\"answer-id-302\" id=\"answer-label-302\" class=\" answer\"><span><p>sisaldavad mitut h\u00fcdroks\u00fc\u00fclr\u00fchma<\/p><\/span><\/label><\/div><div class=\"watupro-question-choice  \" dir=\"auto\"><input type=\"checkbox\" name=\"answer-61[]\" id=\"answer-id-305\" class=\"answer   answerof-61 \" value=\"305\"><label for=\"answer-id-305\" id=\"answer-label-305\" class=\" answer\"><span><p>v\u00f5ivad h\u00fcdrol\u00fc\u00fcsuda lihtsamateks s\u00fcsivesikuteks<\/p><\/span><\/label><\/div><div class=\"watupro-question-choice  \" dir=\"auto\"><input type=\"checkbox\" name=\"answer-61[]\" id=\"answer-id-303\" class=\"answer   answerof-61 \" value=\"303\"><label for=\"answer-id-303\" id=\"answer-label-303\" class=\" answer\"><span><p>sisaldavad aldeh\u00fc\u00fcd- v\u00f5i ketor\u00fchma<\/p><\/span><\/label><\/div><!-- end question-choices--><\/div><!-- end questionWrap--><\/div><\/div><div class=\"watu-question \" id=\"question-3\" style=\";\"><div id=\"questionWrap-3\" class=\"  watupro-required-62 watupro-question-id-62\">\n\t\t\t<div class=\"question-content\"><div><p>Lauasuhkur ehk sahharoos koosneb:<\/p><\/div><input type=\"hidden\" name=\"question_id[]\" id=\"qID_3\" value=\"62\" class=\"watupro-question-id\"><input type=\"hidden\" id=\"answerType62\" class=\"answerTypeCnt3\" value=\"radio\"><input type=\"hidden\" id=\"watupro-required-question-62\"><!-- end question-content--><\/div><div class=\"question-choices watupro-choices-columns \" id=\"questionChoices62\"><div class=\"watupro-question-choice  \" dir=\"auto\"><input type=\"radio\" name=\"answer-62[]\" id=\"answer-id-306\" class=\"answer   answerof-62 \" value=\"306\"><label for=\"answer-id-306\" id=\"answer-label-306\" class=\" answer\"><span><p>gl\u00fckoosist ja fruktoosist<\/p><\/span><\/label><\/div><div class=\"watupro-question-choice  \" dir=\"auto\"><input type=\"radio\" name=\"answer-62[]\" id=\"answer-id-310\" class=\"answer   answerof-62 \" value=\"310\"><label for=\"answer-id-310\" id=\"answer-label-310\" class=\" answer\"><span><p>kahest galaktoosij\u00e4\u00e4gist<\/p><\/span><\/label><\/div><div class=\"watupro-question-choice  \" dir=\"auto\"><input type=\"radio\" name=\"answer-62[]\" id=\"answer-id-308\" class=\"answer   answerof-62 \" value=\"308\"><label for=\"answer-id-308\" id=\"answer-label-308\" class=\" answer\"><span><p>kahest gl\u00fckoosij\u00e4\u00e4gist<\/p><\/span><\/label><\/div><div class=\"watupro-question-choice  \" dir=\"auto\"><input type=\"radio\" name=\"answer-62[]\" id=\"answer-id-307\" class=\"answer   answerof-62 \" value=\"307\"><label for=\"answer-id-307\" id=\"answer-label-307\" class=\" answer\"><span><p>galaktoosist ja gl\u00fckoosist<\/p><\/span><\/label><\/div><div class=\"watupro-question-choice  \" dir=\"auto\"><input type=\"radio\" name=\"answer-62[]\" id=\"answer-id-309\" class=\"answer   answerof-62 \" value=\"309\"><label for=\"answer-id-309\" id=\"answer-label-309\" class=\" answer\"><span><p>kahest fruktoosij\u00e4\u00e4gist<\/p><\/span><\/label><\/div><!-- end question-choices--><\/div><!-- end questionWrap--><\/div><\/div><div class=\"watu-question \" id=\"question-4\" style=\";\"><div id=\"questionWrap-4\" class=\"  watupro-required-70 watupro-question-id-70\">\n\t\t\t<div class=\"question-content\"><div><p>Fruktoos on:<\/p><\/div><input type=\"hidden\" name=\"question_id[]\" id=\"qID_4\" value=\"70\" class=\"watupro-question-id\"><input type=\"hidden\" id=\"answerType70\" class=\"answerTypeCnt4\" value=\"radio\"><input type=\"hidden\" id=\"watupro-required-question-70\"><!-- end question-content--><\/div><div class=\"question-choices watupro-choices-columns \" id=\"questionChoices70\"><div class=\"watupro-question-choice  \" dir=\"auto\"><input type=\"radio\" name=\"answer-70[]\" id=\"answer-id-351\" class=\"answer   answerof-70 \" value=\"351\"><label for=\"answer-id-351\" id=\"answer-label-351\" class=\" answer\"><span><p>disahhariid<\/p><\/span><\/label><\/div><div class=\"watupro-question-choice  \" dir=\"auto\"><input type=\"radio\" name=\"answer-70[]\" id=\"answer-id-352\" class=\"answer   answerof-70 \" value=\"352\"><label for=\"answer-id-352\" id=\"answer-label-352\" class=\" answer\"><span><p>pol\u00fcsahhariid<\/p><\/span><\/label><\/div><div class=\"watupro-question-choice  \" dir=\"auto\"><input type=\"radio\" name=\"answer-70[]\" id=\"answer-id-350\" class=\"answer   answerof-70 \" value=\"350\"><label for=\"answer-id-350\" id=\"answer-label-350\" class=\" answer\"><span><p>monosahhariid<\/p><\/span><\/label><\/div><!-- end question-choices--><\/div><!-- end questionWrap--><\/div><\/div><div class=\"watu-question \" id=\"question-5\" style=\";\"><div id=\"questionWrap-5\" class=\"  watupro-required-67 watupro-question-id-67\">\n\t\t\t<div class=\"question-content\"><div><p>S\u00fcsivesikud on inimkehas:<\/p><\/div><input type=\"hidden\" name=\"question_id[]\" id=\"qID_5\" value=\"67\" class=\"watupro-question-id\"><input type=\"hidden\" id=\"answerType67\" class=\"answerTypeCnt5\" value=\"checkbox\"><input type=\"hidden\" id=\"watupro-required-question-67\"><!-- end question-content--><\/div><div class=\"question-choices watupro-choices-columns \" id=\"questionChoices67\"><div class=\"watupro-question-choice  \" dir=\"auto\"><input type=\"checkbox\" name=\"answer-67[]\" id=\"answer-id-338\" class=\"answer   answerof-67 \" value=\"338\"><label for=\"answer-id-338\" id=\"answer-label-338\" class=\" answer\"><span><p>toksiliste ainte kahjutustajad<\/p><\/span><\/label><\/div><div class=\"watupro-question-choice  \" dir=\"auto\"><input type=\"checkbox\" name=\"answer-67[]\" id=\"answer-id-340\" class=\"answer   answerof-67 \" value=\"340\"><label for=\"answer-id-340\" id=\"answer-label-340\" class=\" answer\"><span><p>DNA komponendid<\/p><\/span><\/label><\/div><div class=\"watupro-question-choice  \" dir=\"auto\"><input type=\"checkbox\" name=\"answer-67[]\" id=\"answer-id-337\" class=\"answer   answerof-67 \" value=\"337\"><label for=\"answer-id-337\" id=\"answer-label-337\" class=\" answer\"><span><p>teiste metaboliitide s\u00fcnteesi aluseks<\/p><\/span><\/label><\/div><div class=\"watupro-question-choice  \" dir=\"auto\"><input type=\"checkbox\" name=\"answer-67[]\" id=\"answer-id-339\" class=\"answer   answerof-67 \" value=\"339\"><label for=\"answer-id-339\" id=\"answer-label-339\" class=\" answer\"><span><p>rinnapiima komponendiks<\/p><\/span><\/label><\/div><div class=\"watupro-question-choice  \" dir=\"auto\"><input type=\"checkbox\" name=\"answer-67[]\" id=\"answer-id-334\" class=\"answer   answerof-67 \" value=\"334\"><label for=\"answer-id-334\" id=\"answer-label-334\" class=\" answer\"><span><p>energiaallikad<\/p><\/span><\/label><\/div><div class=\"watupro-question-choice  \" dir=\"auto\"><input type=\"checkbox\" name=\"answer-67[]\" id=\"answer-id-335\" class=\"answer   answerof-67 \" value=\"335\"><label for=\"answer-id-335\" id=\"answer-label-335\" class=\" answer\"><span><p>varuaineks<\/p><\/span><\/label><\/div><div class=\"watupro-question-choice  \" dir=\"auto\"><input type=\"checkbox\" name=\"answer-67[]\" id=\"answer-id-336\" class=\"answer   answerof-67 \" value=\"336\"><label for=\"answer-id-336\" id=\"answer-label-336\" class=\" answer\"><span><p>hormoonide ja koens\u00fc\u00fcmide komponendid<\/p><\/span><\/label><\/div><!-- end question-choices--><\/div><!-- end questionWrap--><\/div><\/div><div class=\"watu-question \" id=\"question-6\" style=\";\"><div id=\"questionWrap-6\" class=\"  watupro-required-64 watupro-question-id-64\">\n\t\t\t<div class=\"question-content\"><div><p>Linnasesuhkur ehk maltoos koosneb:<\/p><\/div><input type=\"hidden\" name=\"question_id[]\" id=\"qID_6\" value=\"64\" class=\"watupro-question-id\"><input type=\"hidden\" id=\"answerType64\" class=\"answerTypeCnt6\" value=\"radio\"><input type=\"hidden\" id=\"watupro-required-question-64\"><!-- end question-content--><\/div><div class=\"question-choices watupro-choices-columns \" id=\"questionChoices64\"><div class=\"watupro-question-choice  \" dir=\"auto\"><input type=\"radio\" name=\"answer-64[]\" id=\"answer-id-316\" class=\"answer   answerof-64 \" value=\"316\"><label for=\"answer-id-316\" id=\"answer-label-316\" class=\" answer\"><span><p>kahest gl\u00fckoosij\u00e4\u00e4gist<\/p><\/span><\/label><\/div><div class=\"watupro-question-choice  \" dir=\"auto\"><input type=\"radio\" name=\"answer-64[]\" id=\"answer-id-320\" class=\"answer   answerof-64 \" value=\"320\"><label for=\"answer-id-320\" id=\"answer-label-320\" class=\" answer\"><span><p>galaktoosist ja gl\u00fckoosist<\/p><\/span><\/label><\/div><div class=\"watupro-question-choice  \" dir=\"auto\"><input type=\"radio\" name=\"answer-64[]\" id=\"answer-id-318\" class=\"answer   answerof-64 \" value=\"318\"><label for=\"answer-id-318\" id=\"answer-label-318\" class=\" answer\"><span><p>kahest galaktoosij\u00e4\u00e4gist<\/p><\/span><\/label><\/div><div class=\"watupro-question-choice  \" dir=\"auto\"><input type=\"radio\" name=\"answer-64[]\" id=\"answer-id-319\" class=\"answer   answerof-64 \" value=\"319\"><label for=\"answer-id-319\" id=\"answer-label-319\" class=\" answer\"><span><p>gl\u00fckoosist ja fruktoosist<\/p><\/span><\/label><\/div><div class=\"watupro-question-choice  \" dir=\"auto\"><input type=\"radio\" name=\"answer-64[]\" id=\"answer-id-317\" class=\"answer   answerof-64 \" value=\"317\"><label for=\"answer-id-317\" id=\"answer-label-317\" class=\" answer\"><span><p>kahest fruktoosij\u00e4\u00e4gist<\/p><\/span><\/label><\/div><!-- end question-choices--><\/div><!-- end questionWrap--><\/div><\/div><div class=\"watu-question \" id=\"question-7\" style=\";\"><div id=\"questionWrap-7\" class=\"  watupro-required-66 watupro-question-id-66\">\n\t\t\t<div class=\"question-content\"><div><p>Gl\u00fckogeenivarud on inimkehas:<\/p><\/div><input type=\"hidden\" name=\"question_id[]\" id=\"qID_7\" value=\"66\" class=\"watupro-question-id\"><input type=\"hidden\" id=\"answerType66\" class=\"answerTypeCnt7\" value=\"checkbox\"><input type=\"hidden\" id=\"watupro-required-question-66\"><!-- end question-content--><\/div><div class=\"question-choices watupro-choices-columns \" id=\"questionChoices66\"><div class=\"watupro-question-choice  \" dir=\"auto\"><input type=\"checkbox\" name=\"answer-66[]\" id=\"answer-id-327\" class=\"answer   answerof-66 \" value=\"327\"><label for=\"answer-id-327\" id=\"answer-label-327\" class=\" answer\"><span><p>lihastes<\/p><\/span><\/label><\/div><div class=\"watupro-question-choice  \" dir=\"auto\"><input type=\"checkbox\" name=\"answer-66[]\" id=\"answer-id-330\" class=\"answer   answerof-66 \" value=\"330\"><label for=\"answer-id-330\" id=\"answer-label-330\" class=\" answer\"><span><p>luudes<\/p><\/span><\/label><\/div><div class=\"watupro-question-choice  \" dir=\"auto\"><input type=\"checkbox\" name=\"answer-66[]\" id=\"answer-id-328\" class=\"answer   answerof-66 \" value=\"328\"><label for=\"answer-id-328\" id=\"answer-label-328\" class=\" answer\"><span><p>maksas<\/p><\/span><\/label><\/div><div class=\"watupro-question-choice  \" dir=\"auto\"><input type=\"checkbox\" name=\"answer-66[]\" id=\"answer-id-331\" class=\"answer   answerof-66 \" value=\"331\"><label for=\"answer-id-331\" id=\"answer-label-331\" class=\" answer\"><span><p>maos<\/p><\/span><\/label><\/div><div class=\"watupro-question-choice  \" dir=\"auto\"><input type=\"checkbox\" name=\"answer-66[]\" id=\"answer-id-332\" class=\"answer   answerof-66 \" value=\"332\"><label for=\"answer-id-332\" id=\"answer-label-332\" class=\" answer\"><span><p>kaksteists\u00f5rmiksooles<\/p><\/span><\/label><\/div><div class=\"watupro-question-choice  \" dir=\"auto\"><input type=\"checkbox\" name=\"answer-66[]\" id=\"answer-id-329\" class=\"answer   answerof-66 \" value=\"329\"><label for=\"answer-id-329\" id=\"answer-label-329\" class=\" answer\"><span><p>neerudes<\/p><\/span><\/label><\/div><div class=\"watupro-question-choice  \" dir=\"auto\"><input type=\"checkbox\" name=\"answer-66[]\" id=\"answer-id-333\" class=\"answer   answerof-66 \" value=\"333\"><label for=\"answer-id-333\" id=\"answer-label-333\" class=\" answer\"><span><p>p\u00f5rnas<\/p><\/span><\/label><\/div><!-- end question-choices--><\/div><!-- end questionWrap--><\/div><\/div><div class=\"watu-question \" id=\"question-8\" style=\";\"><div id=\"questionWrap-8\" class=\"  watupro-required-63 watupro-question-id-63\">\n\t\t\t<div class=\"question-content\"><div><p>Piimasuhkur ehk laktoos koosneb:<\/p><\/div><input type=\"hidden\" name=\"question_id[]\" id=\"qID_8\" value=\"63\" class=\"watupro-question-id\"><input type=\"hidden\" id=\"answerType63\" class=\"answerTypeCnt8\" value=\"radio\"><input type=\"hidden\" id=\"watupro-required-question-63\"><!-- end question-content--><\/div><div class=\"question-choices watupro-choices-columns \" id=\"questionChoices63\"><div class=\"watupro-question-choice  \" dir=\"auto\"><input type=\"radio\" name=\"answer-63[]\" id=\"answer-id-312\" class=\"answer   answerof-63 \" value=\"312\"><label for=\"answer-id-312\" id=\"answer-label-312\" class=\" answer\"><span><p>gl\u00fckoosist ja fruktoosist<\/p><\/span><\/label><\/div><div class=\"watupro-question-choice  \" dir=\"auto\"><input type=\"radio\" name=\"answer-63[]\" id=\"answer-id-313\" class=\"answer   answerof-63 \" value=\"313\"><label for=\"answer-id-313\" id=\"answer-label-313\" class=\" answer\"><span><p>kahest gl\u00fckoosij\u00e4\u00e4gist<\/p><\/span><\/label><\/div><div class=\"watupro-question-choice  \" dir=\"auto\"><input type=\"radio\" name=\"answer-63[]\" id=\"answer-id-315\" class=\"answer   answerof-63 \" value=\"315\"><label for=\"answer-id-315\" id=\"answer-label-315\" class=\" answer\"><span><p>kahest galaktoosij\u00e4\u00e4gist<\/p><\/span><\/label><\/div><div class=\"watupro-question-choice  \" dir=\"auto\"><input type=\"radio\" name=\"answer-63[]\" id=\"answer-id-311\" class=\"answer   answerof-63 \" value=\"311\"><label for=\"answer-id-311\" id=\"answer-label-311\" class=\" answer\"><span><p>galaktoosist ja gl\u00fckoosist<\/p><\/span><\/label><\/div><div class=\"watupro-question-choice  \" dir=\"auto\"><input type=\"radio\" name=\"answer-63[]\" id=\"answer-id-314\" class=\"answer   answerof-63 \" value=\"314\"><label for=\"answer-id-314\" id=\"answer-label-314\" class=\" answer\"><span><p>kahest fruktoosij\u00e4\u00e4gist<\/p><\/span><\/label><\/div><!-- end question-choices--><\/div><!-- end questionWrap--><\/div><\/div><div class=\"watu-question \" id=\"question-9\" style=\";\"><div id=\"questionWrap-9\" class=\"  watupro-required-69 watupro-question-id-69\">\n\t\t\t<div class=\"question-content\"><div><p>S\u00fcsivesikud ehk sahhariidid koosnevad:<\/p><\/div><input type=\"hidden\" name=\"question_id[]\" id=\"qID_9\" value=\"69\" class=\"watupro-question-id\"><input type=\"hidden\" id=\"answerType69\" class=\"answerTypeCnt9\" value=\"checkbox\"><input type=\"hidden\" id=\"watupro-required-question-69\"><!-- end question-content--><\/div><div class=\"question-choices watupro-choices-columns \" id=\"questionChoices69\"><div class=\"watupro-question-choice  \" dir=\"auto\"><input type=\"checkbox\" name=\"answer-69[]\" id=\"answer-id-345\" class=\"answer   answerof-69 \" value=\"345\"><label for=\"answer-id-345\" id=\"answer-label-345\" class=\" answer\"><span><p>s\u00fcsinikust<\/p><\/span><\/label><\/div><div class=\"watupro-question-choice  \" dir=\"auto\"><input type=\"checkbox\" name=\"answer-69[]\" id=\"answer-id-348\" class=\"answer   answerof-69 \" value=\"348\"><label for=\"answer-id-348\" id=\"answer-label-348\" class=\" answer\"><span><p>l\u00e4mmastikust<\/p><\/span><\/label><\/div><div class=\"watupro-question-choice  \" dir=\"auto\"><input type=\"checkbox\" name=\"answer-69[]\" id=\"answer-id-349\" class=\"answer   answerof-69 \" value=\"349\"><label for=\"answer-id-349\" id=\"answer-label-349\" class=\" answer\"><span><p>fosforist<\/p><\/span><\/label><\/div><div class=\"watupro-question-choice  \" dir=\"auto\"><input type=\"checkbox\" name=\"answer-69[]\" id=\"answer-id-347\" class=\"answer   answerof-69 \" value=\"347\"><label for=\"answer-id-347\" id=\"answer-label-347\" class=\" answer\"><span><p>hapnikust<\/p><\/span><\/label><\/div><div class=\"watupro-question-choice  \" dir=\"auto\"><input type=\"checkbox\" name=\"answer-69[]\" id=\"answer-id-346\" class=\"answer   answerof-69 \" value=\"346\"><label for=\"answer-id-346\" id=\"answer-label-346\" class=\" answer\"><span><p>vesinikust<\/p><\/span><\/label><\/div><!-- end question-choices--><\/div><!-- end questionWrap--><\/div><\/div><div class=\"watu-question \" id=\"question-10\" style=\";\"><div id=\"questionWrap-10\" class=\"  watupro-required-68 watupro-question-id-68\">\n\t\t\t<div class=\"question-content\"><div><p>Inimkeha ei lagunda tselluloosi, sest:<\/p><\/div><input type=\"hidden\" name=\"question_id[]\" id=\"qID_10\" value=\"68\" class=\"watupro-question-id\"><input type=\"hidden\" id=\"answerType68\" class=\"answerTypeCnt10\" value=\"radio\"><input type=\"hidden\" id=\"watupro-required-question-68\"><!-- end question-content--><\/div><div class=\"question-choices watupro-choices-columns \" id=\"questionChoices68\"><div class=\"watupro-question-choice  \" dir=\"auto\"><input type=\"radio\" name=\"answer-68[]\" id=\"answer-id-343\" class=\"answer   answerof-68 \" value=\"343\"><label for=\"answer-id-343\" id=\"answer-label-343\" class=\" answer\"><span><p>kasutub hoopis teiste \u00fchendite s\u00fcnteesiks<\/p><\/span><\/label><\/div><div class=\"watupro-question-choice  \" dir=\"auto\"><input type=\"radio\" name=\"answer-68[]\" id=\"answer-id-344\" class=\"answer   answerof-68 \" value=\"344\"><label for=\"answer-id-344\" id=\"answer-label-344\" class=\" answer\"><span><p>on inimkehale toksiline<\/p><\/span><\/label><\/div><div class=\"watupro-question-choice  \" dir=\"auto\"><input type=\"radio\" name=\"answer-68[]\" id=\"answer-id-342\" class=\"answer   answerof-68 \" value=\"342\"><label for=\"answer-id-342\" id=\"answer-label-342\" class=\" answer\"><span><p>pole energeetiliselt kasulik<\/p><\/span><\/label><\/div><div class=\"watupro-question-choice  \" dir=\"auto\"><input type=\"radio\" name=\"answer-68[]\" id=\"answer-id-341\" class=\"answer   answerof-68 \" value=\"341\"><label for=\"answer-id-341\" id=\"answer-label-341\" class=\" answer\"><span><p>puudub vastav ens\u00fc\u00fcm<\/p><\/span><\/label><\/div><!-- end question-choices--><\/div><!-- end questionWrap--><\/div><\/div><div style=\"display:none\" id=\"question-11\">\n\t<div class=\"question-content\">\n\t\t<img loading=\"lazy\" decoding=\"async\" src=\"https:\/\/sisu.ut.ee\/wp-content\/plugins\/watupro\/img\/loading.gif\" width=\"16\" height=\"16\" alt=\"Loading...\" title=\"Loading...\">\u00a0Loading...\t<\/div>\n<\/div>\n\n<br>\n\t\n\t\t\t<div class=\"watupro_buttons flex \" id=\"watuPROButtons7\">\n\t\t  <div id=\"prev-question\" style=\"display:none;\"><input type=\"button\" value=\"&lt; Previous\" onclick=\"WatuPRO.nextQuestion(event, 'previous');\"><\/div>\t\t  \t\t  \t\t   \n\t\t   \t  \t\t<div><input type=\"button\" name=\"action\" class=\"watupro-submit-button\" onclick=\"WatuPRO.submitResult(event)\" id=\"action-button\" value=\"View Results\">\n\t\t<\/div>\n\t\t<\/div>\n\t\t\n\t<input type=\"hidden\" name=\"quiz_id\" value=\"7\" id=\"watuPROExamID\">\n\t<input type=\"hidden\" name=\"start_time\" id=\"startTime\" value=\"2026-04-11 08:19:16\">\n\t<input type=\"hidden\" name=\"start_timestamp\" id=\"startTimeStamp\" value=\"1775895556\">\n\t<input type=\"hidden\" name=\"question_ids\" value=\"\">\n\t<input type=\"hidden\" name=\"watupro_questions\" value=\"65:321,326,322,323,325,324 | 61:304,302,305,303 | 62:306,310,308,307,309 | 70:351,352,350 | 67:338,340,337,339,334,335,336 | 64:316,320,318,319,317 | 66:327,330,328,331,332,329,333 | 63:312,313,315,311,314 | 69:345,348,349,347,346 | 68:343,344,342,341\">\n\t<input type=\"hidden\" name=\"no_ajax\" value=\"0\">\t\t\t<\/form>\n\t<p>\u00a0<\/p>\n<\/div>\n\n<script type=\"text\/javascript\">\n\/\/jQuery(document).ready(function(){\ndocument.addEventListener(\"DOMContentLoaded\", function(event) { \t\nvar question_ids = \"65,61,62,70,67,64,66,63,69,68\";\nWatuPROSettings[7] = {};\nWatuPRO.qArr = question_ids.split(',');\nWatuPRO.exam_id = 7;\t    \nWatuPRO.post_id = 254;\nWatuPRO.store_progress = 0;\nWatuPRO.curCatPage = 1;\nWatuPRO.requiredIDs=\"0,65,61,62,70,67,64,66,63,69,68\".split(\",\");\nWatuPRO.hAppID = \"0.86647800 1775884756\";\nvar url = \"https:\/\/sisu.ut.ee\/wp-content\/plugins\/watupro\/show_exam.php\";\nWatuPRO.examMode = 1;\nWatuPRO.siteURL=\"https:\/\/sisu.ut.ee\/soomisest-joomisest-informatsioonist\/wp-admin\/admin-ajax.php\";\nWatuPRO.emailIsNotRequired = 0;\nWatuPRO.perDecade = 10;\nWatuPROIntel.init(7);\nWatuPRO.inCategoryPages=1;});    \t \n<\/script>\n\n","protected":false},"excerpt":{"rendered":"","protected":false},"author":9,"featured_media":0,"parent":0,"menu_order":0,"comment_status":"closed","ping_status":"closed","template":"","meta":{"_acf_changed":false,"inline_featured_image":false,"footnotes":""},"class_list":["post-254","page","type-page","status-publish","hentry"],"acf":[],"_links":{"self":[{"href":"https:\/\/sisu.ut.ee\/soomisest-joomisest-informatsioonist\/wp-json\/wp\/v2\/pages\/254","targetHints":{"allow":["GET"]}}],"collection":[{"href":"https:\/\/sisu.ut.ee\/soomisest-joomisest-informatsioonist\/wp-json\/wp\/v2\/pages"}],"about":[{"href":"https:\/\/sisu.ut.ee\/soomisest-joomisest-informatsioonist\/wp-json\/wp\/v2\/types\/page"}],"author":[{"embeddable":true,"href":"https:\/\/sisu.ut.ee\/soomisest-joomisest-informatsioonist\/wp-json\/wp\/v2\/users\/9"}],"replies":[{"embeddable":true,"href":"https:\/\/sisu.ut.ee\/soomisest-joomisest-informatsioonist\/wp-json\/wp\/v2\/comments?post=254"}],"version-history":[{"count":0,"href":"https:\/\/sisu.ut.ee\/soomisest-joomisest-informatsioonist\/wp-json\/wp\/v2\/pages\/254\/revisions"}],"wp:attachment":[{"href":"https:\/\/sisu.ut.ee\/soomisest-joomisest-informatsioonist\/wp-json\/wp\/v2\/media?parent=254"}],"curies":[{"name":"wp","href":"https:\/\/api.w.org\/{rel}","templated":true}]}}