{"id":252,"date":"2024-04-18T13:57:36","date_gmt":"2024-04-18T10:57:36","guid":{"rendered":"https:\/\/sisu.ut.ee\/soomisest-joomisest-informatsioonist\/test-toiduvalgud\/"},"modified":"2024-04-18T13:57:36","modified_gmt":"2024-04-18T10:57:36","slug":"test-toiduvalgud","status":"publish","type":"page","link":"https:\/\/sisu.ut.ee\/soomisest-joomisest-informatsioonist\/test-toiduvalgud\/","title":{"rendered":"TEST: Toiduvalgud"},"content":{"rendered":"<div id=\"watupro_quiz\" class=\"quiz-area single-page-quiz\">\n<p id=\"submittingExam9\" style=\"display:none;text-align:center;\"><img loading=\"lazy\" decoding=\"async\" src=\"https:\/\/sisu.ut.ee\/wp-content\/plugins\/watupro\/img\/loading.gif\" width=\"16\" height=\"16\"><\/p>\n\n<div class=\"watupro-exam-description\" id=\"description-quiz-9\"><p>Antud test on m\u00f5eldud enesekontrolliks p\u00e4rast video \"Toiduvalgud\" vaatamist ja \u00f5ppepeat\u00fckkidega tutvumist. Proovi test sooritada 100% peale ja kui ei \u00f5nnestu, siis keskendu \u00f5ppematerjalile uuesti ning lahenda veelkord kuni maksimumpunktid saavutatud.<\/p>\n<\/div>\n\n<form action=\"\" method=\"post\" class=\"quiz-form\" id=\"quiz-9\" enctype=\"multipart\/form-data\">\n<div class=\"watu-question \" id=\"question-1\" style=\";\"><div id=\"questionWrap-1\" class=\"  watupro-required-84 watupro-question-id-84\">\n\t\t\t<div class=\"question-content\"><div><p>Inimorganismis on suured valgutagavarad ehk neid ei pea pidevalt toiduga saama.<\/p><\/div><input type=\"hidden\" name=\"question_id[]\" id=\"qID_1\" value=\"84\" class=\"watupro-question-id\"><input type=\"hidden\" id=\"answerType84\" class=\"answerTypeCnt1\" value=\"radio\"><input type=\"hidden\" id=\"watupro-required-question-84\"><!-- end question-content--><\/div><div class=\"question-choices watupro-choices-columns \" id=\"questionChoices84\"><div class=\"watupro-question-choice  \" dir=\"auto\"><input type=\"radio\" name=\"answer-84[]\" id=\"answer-id-433\" class=\"answer   answerof-84 \" value=\"433\"><label for=\"answer-id-433\" id=\"answer-label-433\" class=\" answer\"><span>True<\/span><\/label><\/div><div class=\"watupro-question-choice  \" dir=\"auto\"><input type=\"radio\" name=\"answer-84[]\" id=\"answer-id-434\" class=\"answer   answerof-84 \" value=\"434\"><label for=\"answer-id-434\" id=\"answer-label-434\" class=\" answer\"><span>False<\/span><\/label><\/div><!-- end question-choices--><\/div><!-- end questionWrap--><\/div><\/div><div class=\"watu-question \" id=\"question-2\" style=\";\"><div id=\"questionWrap-2\" class=\"  watupro-required-89 watupro-question-id-89\">\n\t\t\t<div class=\"question-content\"><div><p>Asendamatud aminohapped on aminohapped, mida organism:<\/p><\/div><input type=\"hidden\" name=\"question_id[]\" id=\"qID_2\" value=\"89\" class=\"watupro-question-id\"><input type=\"hidden\" id=\"answerType89\" class=\"answerTypeCnt2\" value=\"checkbox\"><input type=\"hidden\" id=\"watupro-required-question-89\"><!-- end question-content--><\/div><div class=\"question-choices watupro-choices-columns \" id=\"questionChoices89\"><div class=\"watupro-question-choice  \" dir=\"auto\"><input type=\"checkbox\" name=\"answer-89[]\" id=\"answer-id-455\" class=\"answer   answerof-89 \" value=\"455\"><label for=\"answer-id-455\" id=\"answer-label-455\" class=\" answer\"><span><p>ise ei tooda<\/p><\/span><\/label><\/div><div class=\"watupro-question-choice  \" dir=\"auto\"><input type=\"checkbox\" name=\"answer-89[]\" id=\"answer-id-458\" class=\"answer   answerof-89 \" value=\"458\"><label for=\"answer-id-458\" id=\"answer-label-458\" class=\" answer\"><span><p>ei saa valguj\u00e4rjestuses teise aminohappega asendada<\/p><\/span><\/label><\/div><div class=\"watupro-question-choice  \" dir=\"auto\"><input type=\"checkbox\" name=\"answer-89[]\" id=\"answer-id-456\" class=\"answer   answerof-89 \" value=\"456\"><label for=\"answer-id-456\" id=\"answer-label-456\" class=\" answer\"><span><p>toodab ise, kuid vajab suuremas koguses toiduga<\/p><\/span><\/label><\/div><div class=\"watupro-question-choice  \" dir=\"auto\"><input type=\"checkbox\" name=\"answer-89[]\" id=\"answer-id-457\" class=\"answer   answerof-89 \" value=\"457\"><label for=\"answer-id-457\" id=\"answer-label-457\" class=\" answer\"><span><p>peab saama toiduga<\/p><\/span><\/label><\/div><!-- end question-choices--><\/div><!-- end questionWrap--><\/div><\/div><div class=\"watu-question \" id=\"question-3\" style=\";\"><div id=\"questionWrap-3\" class=\"  watupro-required-83 watupro-question-id-83\">\n\t\t\t<div class=\"question-content\"><div><p>Valgud koosnevad:<\/p><\/div><input type=\"hidden\" name=\"question_id[]\" id=\"qID_3\" value=\"83\" class=\"watupro-question-id\"><input type=\"hidden\" id=\"answerType83\" class=\"answerTypeCnt3\" value=\"radio\"><input type=\"hidden\" id=\"watupro-required-question-83\"><!-- end question-content--><\/div><div class=\"question-choices watupro-choices-columns \" id=\"questionChoices83\"><div class=\"watupro-question-choice  \" dir=\"auto\"><input type=\"radio\" name=\"answer-83[]\" id=\"answer-id-430\" class=\"answer   answerof-83 \" value=\"430\"><label for=\"answer-id-430\" id=\"answer-label-430\" class=\" answer\"><span><p>nukleotiididest<\/p><\/span><\/label><\/div><div class=\"watupro-question-choice  \" dir=\"auto\"><input type=\"radio\" name=\"answer-83[]\" id=\"answer-id-429\" class=\"answer   answerof-83 \" value=\"429\"><label for=\"answer-id-429\" id=\"answer-label-429\" class=\" answer\"><span><p>gl\u00fckoosij\u00e4\u00e4kidest<\/p><\/span><\/label><\/div><div class=\"watupro-question-choice  \" dir=\"auto\"><input type=\"radio\" name=\"answer-83[]\" id=\"answer-id-431\" class=\"answer   answerof-83 \" value=\"431\"><label for=\"answer-id-431\" id=\"answer-label-431\" class=\" answer\"><span><p>rasvhapetest<\/p><\/span><\/label><\/div><div class=\"watupro-question-choice  \" dir=\"auto\"><input type=\"radio\" name=\"answer-83[]\" id=\"answer-id-432\" class=\"answer   answerof-83 \" value=\"432\"><label for=\"answer-id-432\" id=\"answer-label-432\" class=\" answer\"><span><p>kiudainetest<\/p><\/span><\/label><\/div><div class=\"watupro-question-choice  \" dir=\"auto\"><input type=\"radio\" name=\"answer-83[]\" id=\"answer-id-427\" class=\"answer   answerof-83 \" value=\"427\"><label for=\"answer-id-427\" id=\"answer-label-427\" class=\" answer\"><span><p>aminohapetest<\/p><\/span><\/label><\/div><div class=\"watupro-question-choice  \" dir=\"auto\"><input type=\"radio\" name=\"answer-83[]\" id=\"answer-id-428\" class=\"answer   answerof-83 \" value=\"428\"><label for=\"answer-id-428\" id=\"answer-label-428\" class=\" answer\"><span><p>s\u00fcsivesikutest<\/p><\/span><\/label><\/div><!-- end question-choices--><\/div><!-- end questionWrap--><\/div><\/div><div class=\"watu-question \" id=\"question-4\" style=\";\"><div id=\"questionWrap-4\" class=\"  watupro-required-88 watupro-question-id-88\">\n\t\t\t<div class=\"question-content\"><div><p>Proteaasid lagundavad organismis:<\/p><\/div><input type=\"hidden\" name=\"question_id[]\" id=\"qID_4\" value=\"88\" class=\"watupro-question-id\"><input type=\"hidden\" id=\"answerType88\" class=\"answerTypeCnt4\" value=\"radio\"><input type=\"hidden\" id=\"watupro-required-question-88\"><!-- end question-content--><\/div><div class=\"question-choices watupro-choices-columns \" id=\"questionChoices88\"><div class=\"watupro-question-choice  \" dir=\"auto\"><input type=\"radio\" name=\"answer-88[]\" id=\"answer-id-450\" class=\"answer   answerof-88 \" value=\"450\"><label for=\"answer-id-450\" id=\"answer-label-450\" class=\" answer\"><span><p>rasvu<\/p><\/span><\/label><\/div><div class=\"watupro-question-choice  \" dir=\"auto\"><input type=\"radio\" name=\"answer-88[]\" id=\"answer-id-451\" class=\"answer   answerof-88 \" value=\"451\"><label for=\"answer-id-451\" id=\"answer-label-451\" class=\" answer\"><span><p>s\u00fcsivesikuid<\/p><\/span><\/label><\/div><div class=\"watupro-question-choice  \" dir=\"auto\"><input type=\"radio\" name=\"answer-88[]\" id=\"answer-id-449\" class=\"answer   answerof-88 \" value=\"449\"><label for=\"answer-id-449\" id=\"answer-label-449\" class=\" answer\"><span><p>valke<\/p><\/span><\/label><\/div><div class=\"watupro-question-choice  \" dir=\"auto\"><input type=\"radio\" name=\"answer-88[]\" id=\"answer-id-454\" class=\"answer   answerof-88 \" value=\"454\"><label for=\"answer-id-454\" id=\"answer-label-454\" class=\" answer\"><span><p>protiste<\/p><\/span><\/label><\/div><div class=\"watupro-question-choice  \" dir=\"auto\"><input type=\"radio\" name=\"answer-88[]\" id=\"answer-id-452\" class=\"answer   answerof-88 \" value=\"452\"><label for=\"answer-id-452\" id=\"answer-label-452\" class=\" answer\"><span><p>probiootikume<\/p><\/span><\/label><\/div><div class=\"watupro-question-choice  \" dir=\"auto\"><input type=\"radio\" name=\"answer-88[]\" id=\"answer-id-453\" class=\"answer   answerof-88 \" value=\"453\"><label for=\"answer-id-453\" id=\"answer-label-453\" class=\" answer\"><span><p>proteese<\/p><\/span><\/label><\/div><!-- end question-choices--><\/div><!-- end questionWrap--><\/div><\/div><div class=\"watu-question \" id=\"question-5\" style=\";\"><div id=\"questionWrap-5\" class=\"  watupro-required-91 watupro-question-id-91\">\n\t\t\t<div class=\"question-content\"><div><p>Milline valk on varuaineks piimas?<\/p><\/div><input type=\"hidden\" name=\"question_id[]\" id=\"qID_5\" value=\"91\" class=\"watupro-question-id\"><input type=\"hidden\" id=\"answerType91\" class=\"answerTypeCnt5\" value=\"radio\"><input type=\"hidden\" id=\"watupro-required-question-91\"><!-- end question-content--><\/div><div class=\"question-choices watupro-choices-columns \" id=\"questionChoices91\"><div class=\"watupro-question-choice  \" dir=\"auto\"><input type=\"radio\" name=\"answer-91[]\" id=\"answer-id-468\" class=\"answer   answerof-91 \" value=\"468\"><label for=\"answer-id-468\" id=\"answer-label-468\" class=\" answer\"><span><p>kaseiin<\/p><\/span><\/label><\/div><div class=\"watupro-question-choice  \" dir=\"auto\"><input type=\"radio\" name=\"answer-91[]\" id=\"answer-id-471\" class=\"answer   answerof-91 \" value=\"471\"><label for=\"answer-id-471\" id=\"answer-label-471\" class=\" answer\"><span><p>insuliin<\/p><\/span><\/label><\/div><div class=\"watupro-question-choice  \" dir=\"auto\"><input type=\"radio\" name=\"answer-91[]\" id=\"answer-id-469\" class=\"answer   answerof-91 \" value=\"469\"><label for=\"answer-id-469\" id=\"answer-label-469\" class=\" answer\"><span><p>albumiin<\/p><\/span><\/label><\/div><div class=\"watupro-question-choice  \" dir=\"auto\"><input type=\"radio\" name=\"answer-91[]\" id=\"answer-id-476\" class=\"answer   answerof-91 \" value=\"476\"><label for=\"answer-id-476\" id=\"answer-label-476\" class=\" answer\"><span><p>transferriin<\/p><\/span><\/label><\/div><div class=\"watupro-question-choice  \" dir=\"auto\"><input type=\"radio\" name=\"answer-91[]\" id=\"answer-id-470\" class=\"answer   answerof-91 \" value=\"470\"><label for=\"answer-id-470\" id=\"answer-label-470\" class=\" answer\"><span><p>kollageen<\/p><\/span><\/label><\/div><div class=\"watupro-question-choice  \" dir=\"auto\"><input type=\"radio\" name=\"answer-91[]\" id=\"answer-id-473\" class=\"answer   answerof-91 \" value=\"473\"><label for=\"answer-id-473\" id=\"answer-label-473\" class=\" answer\"><span><p>kasvuhormoon<\/p><\/span><\/label><\/div><div class=\"watupro-question-choice  \" dir=\"auto\"><input type=\"radio\" name=\"answer-91[]\" id=\"answer-id-472\" class=\"answer   answerof-91 \" value=\"472\"><label for=\"answer-id-472\" id=\"answer-label-472\" class=\" answer\"><span><p>hemoglobiin<\/p><\/span><\/label><\/div><div class=\"watupro-question-choice  \" dir=\"auto\"><input type=\"radio\" name=\"answer-91[]\" id=\"answer-id-475\" class=\"answer   answerof-91 \" value=\"475\"><label for=\"answer-id-475\" id=\"answer-label-475\" class=\" answer\"><span><p>aktiin<\/p><\/span><\/label><\/div><div class=\"watupro-question-choice  \" dir=\"auto\"><input type=\"radio\" name=\"answer-91[]\" id=\"answer-id-474\" class=\"answer   answerof-91 \" value=\"474\"><label for=\"answer-id-474\" id=\"answer-label-474\" class=\" answer\"><span><p>m\u00fcosiin<\/p><\/span><\/label><\/div><!-- end question-choices--><\/div><!-- end questionWrap--><\/div><\/div><div class=\"watu-question \" id=\"question-6\" style=\";\"><div id=\"questionWrap-6\" class=\"  watupro-required-90 watupro-question-id-90\">\n\t\t\t<div class=\"question-content\"><div><p>Milline valk seob h\u00e4sti raskemetalle ja alkaloide?<\/p><\/div><input type=\"hidden\" name=\"question_id[]\" id=\"qID_6\" value=\"90\" class=\"watupro-question-id\"><input type=\"hidden\" id=\"answerType90\" class=\"answerTypeCnt6\" value=\"radio\"><input type=\"hidden\" id=\"watupro-required-question-90\"><!-- end question-content--><\/div><div class=\"question-choices watupro-choices-columns \" id=\"questionChoices90\"><div class=\"watupro-question-choice  \" dir=\"auto\"><input type=\"radio\" name=\"answer-90[]\" id=\"answer-id-463\" class=\"answer   answerof-90 \" value=\"463\"><label for=\"answer-id-463\" id=\"answer-label-463\" class=\" answer\"><span><p>kasvuhormoon<\/p><\/span><\/label><\/div><div class=\"watupro-question-choice  \" dir=\"auto\"><input type=\"radio\" name=\"answer-90[]\" id=\"answer-id-462\" class=\"answer   answerof-90 \" value=\"462\"><label for=\"answer-id-462\" id=\"answer-label-462\" class=\" answer\"><span><p>hemoglobiin<\/p><\/span><\/label><\/div><div class=\"watupro-question-choice  \" dir=\"auto\"><input type=\"radio\" name=\"answer-90[]\" id=\"answer-id-464\" class=\"answer   answerof-90 \" value=\"464\"><label for=\"answer-id-464\" id=\"answer-label-464\" class=\" answer\"><span><p>m\u00fcosiin<\/p><\/span><\/label><\/div><div class=\"watupro-question-choice  \" dir=\"auto\"><input type=\"radio\" name=\"answer-90[]\" id=\"answer-id-461\" class=\"answer   answerof-90 \" value=\"461\"><label for=\"answer-id-461\" id=\"answer-label-461\" class=\" answer\"><span><p>insuliin<\/p><\/span><\/label><\/div><div class=\"watupro-question-choice  \" dir=\"auto\"><input type=\"radio\" name=\"answer-90[]\" id=\"answer-id-459\" class=\"answer   answerof-90 \" value=\"459\"><label for=\"answer-id-459\" id=\"answer-label-459\" class=\" answer\"><span><p>albumiin<\/p><\/span><\/label><\/div><div class=\"watupro-question-choice  \" dir=\"auto\"><input type=\"radio\" name=\"answer-90[]\" id=\"answer-id-466\" class=\"answer   answerof-90 \" value=\"466\"><label for=\"answer-id-466\" id=\"answer-label-466\" class=\" answer\"><span><p>transferriin<\/p><\/span><\/label><\/div><div class=\"watupro-question-choice  \" dir=\"auto\"><input type=\"radio\" name=\"answer-90[]\" id=\"answer-id-467\" class=\"answer   answerof-90 \" value=\"467\"><label for=\"answer-id-467\" id=\"answer-label-467\" class=\" answer\"><span><p>kaseiin<\/p><\/span><\/label><\/div><div class=\"watupro-question-choice  \" dir=\"auto\"><input type=\"radio\" name=\"answer-90[]\" id=\"answer-id-460\" class=\"answer   answerof-90 \" value=\"460\"><label for=\"answer-id-460\" id=\"answer-label-460\" class=\" answer\"><span><p>kollageen<\/p><\/span><\/label><\/div><div class=\"watupro-question-choice  \" dir=\"auto\"><input type=\"radio\" name=\"answer-90[]\" id=\"answer-id-465\" class=\"answer   answerof-90 \" value=\"465\"><label for=\"answer-id-465\" id=\"answer-label-465\" class=\" answer\"><span><p>aktiin<\/p><\/span><\/label><\/div><!-- end question-choices--><\/div><!-- end questionWrap--><\/div><\/div><div class=\"watu-question \" id=\"question-7\" style=\";\"><div id=\"questionWrap-7\" class=\"  watupro-required-86 watupro-question-id-86\">\n\t\t\t<div class=\"question-content\"><div><p>Igap\u00e4evasest toiduenergiast peaksid valgud katma:<\/p><\/div><input type=\"hidden\" name=\"question_id[]\" id=\"qID_7\" value=\"86\" class=\"watupro-question-id\"><input type=\"hidden\" id=\"answerType86\" class=\"answerTypeCnt7\" value=\"radio\"><input type=\"hidden\" id=\"watupro-required-question-86\"><!-- end question-content--><\/div><div class=\"question-choices watupro-choices-columns \" id=\"questionChoices86\"><div class=\"watupro-question-choice  \" dir=\"auto\"><input type=\"radio\" name=\"answer-86[]\" id=\"answer-id-437\" class=\"answer   answerof-86 \" value=\"437\"><label for=\"answer-id-437\" id=\"answer-label-437\" class=\" answer\"><span><p>5-10%<\/p><\/span><\/label><\/div><div class=\"watupro-question-choice  \" dir=\"auto\"><input type=\"radio\" name=\"answer-86[]\" id=\"answer-id-438\" class=\"answer   answerof-86 \" value=\"438\"><label for=\"answer-id-438\" id=\"answer-label-438\" class=\" answer\"><span><p>10-20%<\/p><\/span><\/label><\/div><div class=\"watupro-question-choice  \" dir=\"auto\"><input type=\"radio\" name=\"answer-86[]\" id=\"answer-id-439\" class=\"answer   answerof-86 \" value=\"439\"><label for=\"answer-id-439\" id=\"answer-label-439\" class=\" answer\"><span><p>25-30%<\/p><\/span><\/label><\/div><div class=\"watupro-question-choice  \" dir=\"auto\"><input type=\"radio\" name=\"answer-86[]\" id=\"answer-id-440\" class=\"answer   answerof-86 \" value=\"440\"><label for=\"answer-id-440\" id=\"answer-label-440\" class=\" answer\"><span><p>50-60%<\/p><\/span><\/label><\/div><div class=\"watupro-question-choice  \" dir=\"auto\"><input type=\"radio\" name=\"answer-86[]\" id=\"answer-id-441\" class=\"answer   answerof-86 \" value=\"441\"><label for=\"answer-id-441\" id=\"answer-label-441\" class=\" answer\"><span><p>80-95%<\/p><\/span><\/label><\/div><!-- end question-choices--><\/div><!-- end questionWrap--><\/div><\/div><div class=\"watu-question \" id=\"question-8\" style=\";\"><div id=\"questionWrap-8\" class=\"  watupro-required-82 watupro-question-id-82\">\n\t\t\t<div class=\"question-content\"><div><p>Valida loetelust k\u00f5ige suurema valgusisaldusega toiduaine (100 g kohta).<\/p><\/div><input type=\"hidden\" name=\"question_id[]\" id=\"qID_8\" value=\"82\" class=\"watupro-question-id\"><input type=\"hidden\" id=\"answerType82\" class=\"answerTypeCnt8\" value=\"radio\"><input type=\"hidden\" id=\"watupro-required-question-82\"><!-- end question-content--><\/div><div class=\"question-choices watupro-choices-columns \" id=\"questionChoices82\"><div class=\"watupro-question-choice  \" dir=\"auto\"><input type=\"radio\" name=\"answer-82[]\" id=\"answer-id-422\" class=\"answer   answerof-82 \" value=\"422\"><label for=\"answer-id-422\" id=\"answer-label-422\" class=\" answer\"><span><p>kala<\/p><\/span><\/label><\/div><div class=\"watupro-question-choice  \" dir=\"auto\"><input type=\"radio\" name=\"answer-82[]\" id=\"answer-id-425\" class=\"answer   answerof-82 \" value=\"425\"><label for=\"answer-id-425\" id=\"answer-label-425\" class=\" answer\"><span><p>piim<\/p><\/span><\/label><\/div><div class=\"watupro-question-choice  \" dir=\"auto\"><input type=\"radio\" name=\"answer-82[]\" id=\"answer-id-424\" class=\"answer   answerof-82 \" value=\"424\"><label for=\"answer-id-424\" id=\"answer-label-424\" class=\" answer\"><span><p>v\u00f5i<\/p><\/span><\/label><\/div><div class=\"watupro-question-choice  \" dir=\"auto\"><input type=\"radio\" name=\"answer-82[]\" id=\"answer-id-423\" class=\"answer   answerof-82 \" value=\"423\"><label for=\"answer-id-423\" id=\"answer-label-423\" class=\" answer\"><span><p>kartul<\/p><\/span><\/label><\/div><div class=\"watupro-question-choice  \" dir=\"auto\"><input type=\"radio\" name=\"answer-82[]\" id=\"answer-id-426\" class=\"answer   answerof-82 \" value=\"426\"><label for=\"answer-id-426\" id=\"answer-label-426\" class=\" answer\"><span><p>\u00f5un<\/p><\/span><\/label><\/div><!-- end question-choices--><\/div><!-- end questionWrap--><\/div><\/div><div class=\"watu-question \" id=\"question-9\" style=\";\"><div id=\"questionWrap-9\" class=\"  watupro-required-85 watupro-question-id-85\">\n\t\t\t<div class=\"question-content\"><div><p>Missuguseid toiduaineid peaksime s\u00f6\u00f6ma, et organism saaks t\u00e4isv\u00e4\u00e4rtuslikku valku (sisaldavad k\u00f5iki vajalikke aminohappeid inimkeha valkudele l\u00e4hedases vahekorras)?<\/p><\/div><input type=\"hidden\" name=\"question_id[]\" id=\"qID_9\" value=\"85\" class=\"watupro-question-id\"><input type=\"hidden\" id=\"answerType85\" class=\"answerTypeCnt9\" value=\"radio\"><input type=\"hidden\" id=\"watupro-required-question-85\"><!-- end question-content--><\/div><div class=\"question-choices watupro-choices-columns \" id=\"questionChoices85\"><div class=\"watupro-question-choice  \" dir=\"auto\"><input type=\"radio\" name=\"answer-85[]\" id=\"answer-id-436\" class=\"answer   answerof-85 \" value=\"436\"><label for=\"answer-id-436\" id=\"answer-label-436\" class=\" answer\"><span><p>ainult taimset toidukraami<\/p><\/span><\/label><\/div><div class=\"watupro-question-choice  \" dir=\"auto\"><input type=\"radio\" name=\"answer-85[]\" id=\"answer-id-435\" class=\"answer   answerof-85 \" value=\"435\"><label for=\"answer-id-435\" id=\"answer-label-435\" class=\" answer\"><span><p>loomset toidukraami<\/p><\/span><\/label><\/div><!-- end question-choices--><\/div><!-- end questionWrap--><\/div><\/div><div class=\"watu-question \" id=\"question-10\" style=\";\"><div id=\"questionWrap-10\" class=\"  watupro-required-87 watupro-question-id-87\">\n\t\t\t<div class=\"question-content\"><div><p>Valkude osaline l\u00f5hustamine algab:<\/p><\/div><input type=\"hidden\" name=\"question_id[]\" id=\"qID_10\" value=\"87\" class=\"watupro-question-id\"><input type=\"hidden\" id=\"answerType87\" class=\"answerTypeCnt10\" value=\"radio\"><input type=\"hidden\" id=\"watupro-required-question-87\"><!-- end question-content--><\/div><div class=\"question-choices watupro-choices-columns \" id=\"questionChoices87\"><div class=\"watupro-question-choice  \" dir=\"auto\"><input type=\"radio\" name=\"answer-87[]\" id=\"answer-id-445\" class=\"answer   answerof-87 \" value=\"445\"><label for=\"answer-id-445\" id=\"answer-label-445\" class=\" answer\"><span><p>maksas<\/p><\/span><\/label><\/div><div class=\"watupro-question-choice  \" dir=\"auto\"><input type=\"radio\" name=\"answer-87[]\" id=\"answer-id-442\" class=\"answer   answerof-87 \" value=\"442\"><label for=\"answer-id-442\" id=\"answer-label-442\" class=\" answer\"><span><p>suu\u00f5\u00f5nes<\/p><\/span><\/label><\/div><div class=\"watupro-question-choice  \" dir=\"auto\"><input type=\"radio\" name=\"answer-87[]\" id=\"answer-id-446\" class=\"answer   answerof-87 \" value=\"446\"><label for=\"answer-id-446\" id=\"answer-label-446\" class=\" answer\"><span><p>maos<\/p><\/span><\/label><\/div><div class=\"watupro-question-choice  \" dir=\"auto\"><input type=\"radio\" name=\"answer-87[]\" id=\"answer-id-443\" class=\"answer   answerof-87 \" value=\"443\"><label for=\"answer-id-443\" id=\"answer-label-443\" class=\" answer\"><span><p>s\u00f6\u00f6gitorus<\/p><\/span><\/label><\/div><div class=\"watupro-question-choice  \" dir=\"auto\"><input type=\"radio\" name=\"answer-87[]\" id=\"answer-id-444\" class=\"answer   answerof-87 \" value=\"444\"><label for=\"answer-id-444\" id=\"answer-label-444\" class=\" answer\"><span><p>neelus<\/p><\/span><\/label><\/div><div class=\"watupro-question-choice  \" dir=\"auto\"><input type=\"radio\" name=\"answer-87[]\" id=\"answer-id-448\" class=\"answer   answerof-87 \" value=\"448\"><label for=\"answer-id-448\" id=\"answer-label-448\" class=\" answer\"><span><p>niudesooles<\/p><\/span><\/label><\/div><div class=\"watupro-question-choice  \" dir=\"auto\"><input type=\"radio\" name=\"answer-87[]\" id=\"answer-id-447\" class=\"answer   answerof-87 \" value=\"447\"><label for=\"answer-id-447\" id=\"answer-label-447\" class=\" answer\"><span><p>j\u00e4mesooles<\/p><\/span><\/label><\/div><!-- end question-choices--><\/div><!-- end questionWrap--><\/div><\/div><div style=\"display:none\" id=\"question-11\">\n\t<div class=\"question-content\">\n\t\t<img loading=\"lazy\" decoding=\"async\" src=\"https:\/\/sisu.ut.ee\/wp-content\/plugins\/watupro\/img\/loading.gif\" width=\"16\" height=\"16\" alt=\"Loading...\" title=\"Loading...\">\u00a0Loading...\t<\/div>\n<\/div>\n\n<br>\n\t\n\t\t\t<div class=\"watupro_buttons flex \" id=\"watuPROButtons9\">\n\t\t  <div id=\"prev-question\" style=\"display:none;\"><input type=\"button\" value=\"&lt; Previous\" onclick=\"WatuPRO.nextQuestion(event, 'previous');\"><\/div>\t\t  \t\t  \t\t   \n\t\t   \t  \t\t<div><input type=\"button\" name=\"action\" class=\"watupro-submit-button\" onclick=\"WatuPRO.submitResult(event)\" id=\"action-button\" value=\"View Results\">\n\t\t<\/div>\n\t\t<\/div>\n\t\t\n\t<input type=\"hidden\" name=\"quiz_id\" value=\"9\" id=\"watuPROExamID\">\n\t<input type=\"hidden\" name=\"start_time\" id=\"startTime\" value=\"2026-04-11 08:18:44\">\n\t<input type=\"hidden\" name=\"start_timestamp\" id=\"startTimeStamp\" value=\"1775895524\">\n\t<input type=\"hidden\" name=\"question_ids\" value=\"\">\n\t<input type=\"hidden\" name=\"watupro_questions\" value=\"84:433,434 | 89:455,458,456,457 | 83:430,429,431,432,427,428 | 88:450,451,449,454,452,453 | 91:468,471,469,476,470,473,472,475,474 | 90:463,462,464,461,459,466,467,460,465 | 86:437,438,439,440,441 | 82:422,425,424,423,426 | 85:436,435 | 87:445,442,446,443,444,448,447\">\n\t<input type=\"hidden\" name=\"no_ajax\" value=\"0\">\t\t\t<\/form>\n\t<p>\u00a0<\/p>\n<\/div>\n\n<script type=\"text\/javascript\">\n\/\/jQuery(document).ready(function(){\ndocument.addEventListener(\"DOMContentLoaded\", function(event) { \t\nvar question_ids = \"84,89,83,88,91,90,86,82,85,87\";\nWatuPROSettings[9] = {};\nWatuPRO.qArr = question_ids.split(',');\nWatuPRO.exam_id = 9;\t    \nWatuPRO.post_id = 252;\nWatuPRO.store_progress = 0;\nWatuPRO.curCatPage = 1;\nWatuPRO.requiredIDs=\"0,84,89,83,88,91,90,86,82,85,87\".split(\",\");\nWatuPRO.hAppID = \"0.61987900 1775884724\";\nvar url = \"https:\/\/sisu.ut.ee\/wp-content\/plugins\/watupro\/show_exam.php\";\nWatuPRO.examMode = 1;\nWatuPRO.siteURL=\"https:\/\/sisu.ut.ee\/soomisest-joomisest-informatsioonist\/wp-admin\/admin-ajax.php\";\nWatuPRO.emailIsNotRequired = 0;\nWatuPRO.perDecade = 10;\nWatuPROIntel.init(9);\nWatuPRO.inCategoryPages=1;});    \t \n<\/script>\n\n","protected":false},"excerpt":{"rendered":"","protected":false},"author":9,"featured_media":0,"parent":0,"menu_order":0,"comment_status":"closed","ping_status":"closed","template":"","meta":{"_acf_changed":false,"inline_featured_image":false,"footnotes":""},"class_list":["post-252","page","type-page","status-publish","hentry"],"acf":[],"_links":{"self":[{"href":"https:\/\/sisu.ut.ee\/soomisest-joomisest-informatsioonist\/wp-json\/wp\/v2\/pages\/252","targetHints":{"allow":["GET"]}}],"collection":[{"href":"https:\/\/sisu.ut.ee\/soomisest-joomisest-informatsioonist\/wp-json\/wp\/v2\/pages"}],"about":[{"href":"https:\/\/sisu.ut.ee\/soomisest-joomisest-informatsioonist\/wp-json\/wp\/v2\/types\/page"}],"author":[{"embeddable":true,"href":"https:\/\/sisu.ut.ee\/soomisest-joomisest-informatsioonist\/wp-json\/wp\/v2\/users\/9"}],"replies":[{"embeddable":true,"href":"https:\/\/sisu.ut.ee\/soomisest-joomisest-informatsioonist\/wp-json\/wp\/v2\/comments?post=252"}],"version-history":[{"count":0,"href":"https:\/\/sisu.ut.ee\/soomisest-joomisest-informatsioonist\/wp-json\/wp\/v2\/pages\/252\/revisions"}],"wp:attachment":[{"href":"https:\/\/sisu.ut.ee\/soomisest-joomisest-informatsioonist\/wp-json\/wp\/v2\/media?parent=252"}],"curies":[{"name":"wp","href":"https:\/\/api.w.org\/{rel}","templated":true}]}}