{"id":251,"date":"2024-04-18T13:57:05","date_gmt":"2024-04-18T10:57:05","guid":{"rendered":"https:\/\/sisu.ut.ee\/soomisest-joomisest-informatsioonist\/test-lipoproteiinid-riskifaktoritena\/"},"modified":"2024-04-18T13:57:05","modified_gmt":"2024-04-18T10:57:05","slug":"test-lipoproteiinid-riskifaktoritena","status":"publish","type":"page","link":"https:\/\/sisu.ut.ee\/soomisest-joomisest-informatsioonist\/test-lipoproteiinid-riskifaktoritena\/","title":{"rendered":"TEST: Lipoproteiinid riskifaktoritena"},"content":{"rendered":"<div id=\"watupro_quiz\" class=\"quiz-area single-page-quiz\">\n<p id=\"submittingExam10\" style=\"display:none;text-align:center;\"><img loading=\"lazy\" decoding=\"async\" src=\"https:\/\/sisu.ut.ee\/wp-content\/plugins\/watupro\/img\/loading.gif\" width=\"16\" height=\"16\"><\/p>\n\n<div class=\"watupro-exam-description\" id=\"description-quiz-10\"><p>Antud test on m\u00f5eldud enesekontrolliks p\u00e4rast video \"Lipoproteiinid riskifaktoritena\" vaatamist ja \u00f5ppepeat\u00fckkidega tutvumist. Proovi test sooritada 100% peale ja kui ei \u00f5nnestu, siis keskendu \u00f5ppematerjalile uuesti ning lahenda veelkord kuni maksimumpunktid saavutatud.<\/p>\n<\/div>\n\n<form action=\"\" method=\"post\" class=\"quiz-form\" id=\"quiz-10\" enctype=\"multipart\/form-data\">\n<div class=\"watu-question \" id=\"question-1\" style=\";\"><div id=\"questionWrap-1\" class=\"  watupro-required-96 watupro-question-id-96\">\n\t\t\t<div class=\"question-content\"><div><p>Lipoproteiinid transpordivad:<\/p><\/div><input type=\"hidden\" name=\"question_id[]\" id=\"qID_1\" value=\"96\" class=\"watupro-question-id\"><input type=\"hidden\" id=\"answerType96\" class=\"answerTypeCnt1\" value=\"radio\"><input type=\"hidden\" id=\"watupro-required-question-96\"><!-- end question-content--><\/div><div class=\"question-choices watupro-choices-columns \" id=\"questionChoices96\"><div class=\"watupro-question-choice  \" dir=\"auto\"><input type=\"radio\" name=\"answer-96[]\" id=\"answer-id-497\" class=\"answer   answerof-96 \" value=\"497\"><label for=\"answer-id-497\" id=\"answer-label-497\" class=\" answer\"><span><p>toidust saadud rauda<\/p><\/span><\/label><\/div><div class=\"watupro-question-choice  \" dir=\"auto\"><input type=\"radio\" name=\"answer-96[]\" id=\"answer-id-499\" class=\"answer   answerof-96 \" value=\"499\"><label for=\"answer-id-499\" id=\"answer-label-499\" class=\" answer\"><span><p>vees lahustuvaid \u00fchendeid<\/p><\/span><\/label><\/div><div class=\"watupro-question-choice  \" dir=\"auto\"><input type=\"radio\" name=\"answer-96[]\" id=\"answer-id-498\" class=\"answer   answerof-96 \" value=\"498\"><label for=\"answer-id-498\" id=\"answer-label-498\" class=\" answer\"><span><p>geneetilist informatsiooni<\/p><\/span><\/label><\/div><div class=\"watupro-question-choice  \" dir=\"auto\"><input type=\"radio\" name=\"answer-96[]\" id=\"answer-id-496\" class=\"answer   answerof-96 \" value=\"496\"><label for=\"answer-id-496\" id=\"answer-label-496\" class=\" answer\"><span><p>ema neiup\u00f5lvenime<\/p><\/span><\/label><\/div><div class=\"watupro-question-choice  \" dir=\"auto\"><input type=\"radio\" name=\"answer-96[]\" id=\"answer-id-500\" class=\"answer   answerof-96 \" value=\"500\"><label for=\"answer-id-500\" id=\"answer-label-500\" class=\" answer\"><span><p>vees lahustumatuid \u00fchendeid<\/p><\/span><\/label><\/div><!-- end question-choices--><\/div><!-- end questionWrap--><\/div><\/div><div class=\"watu-question \" id=\"question-2\" style=\";\"><div id=\"questionWrap-2\" class=\"  watupro-required-98 watupro-question-id-98\">\n\t\t\t<div class=\"question-content\"><div><p>K\u00f5rge LDL (madala tihedusega lipoproteiin, <em>low-density lipoprotein<\/em>) tase inimorganismis:<\/p><\/div><input type=\"hidden\" name=\"question_id[]\" id=\"qID_2\" value=\"98\" class=\"watupro-question-id\"><input type=\"hidden\" id=\"answerType98\" class=\"answerTypeCnt2\" value=\"radio\"><input type=\"hidden\" id=\"watupro-required-question-98\"><!-- end question-content--><\/div><div class=\"question-choices watupro-choices-columns \" id=\"questionChoices98\"><div class=\"watupro-question-choice  \" dir=\"auto\"><input type=\"radio\" name=\"answer-98[]\" id=\"answer-id-509\" class=\"answer   answerof-98 \" value=\"509\"><label for=\"answer-id-509\" id=\"answer-label-509\" class=\" answer\"><span><p>tekitab m\u00f5nusa meeleolu<\/p><\/span><\/label><\/div><div class=\"watupro-question-choice  \" dir=\"auto\"><input type=\"radio\" name=\"answer-98[]\" id=\"answer-id-508\" class=\"answer   answerof-98 \" value=\"508\"><label for=\"answer-id-508\" id=\"answer-label-508\" class=\" answer\"><span><p>on kasulik<\/p><\/span><\/label><\/div><div class=\"watupro-question-choice  \" dir=\"auto\"><input type=\"radio\" name=\"answer-98[]\" id=\"answer-id-511\" class=\"answer   answerof-98 \" value=\"511\"><label for=\"answer-id-511\" id=\"answer-label-511\" class=\" answer\"><span><p>tekitab hallid juuksed<\/p><\/span><\/label><\/div><div class=\"watupro-question-choice  \" dir=\"auto\"><input type=\"radio\" name=\"answer-98[]\" id=\"answer-id-507\" class=\"answer   answerof-98 \" value=\"507\"><label for=\"answer-id-507\" id=\"answer-label-507\" class=\" answer\"><span><p>on kahjulik<\/p><\/span><\/label><\/div><div class=\"watupro-question-choice  \" dir=\"auto\"><input type=\"radio\" name=\"answer-98[]\" id=\"answer-id-510\" class=\"answer   answerof-98 \" value=\"510\"><label for=\"answer-id-510\" id=\"answer-label-510\" class=\" answer\"><span><p>paneb luuletama<\/p><\/span><\/label><\/div><!-- end question-choices--><\/div><!-- end questionWrap--><\/div><\/div><div class=\"watu-question \" id=\"question-3\" style=\";\"><div id=\"questionWrap-3\" class=\"  watupro-required-97 watupro-question-id-97\">\n\t\t\t<div class=\"question-content\"><div><p>K\u00f5rge HDL (k\u00f5rge tihedusega lipoproteiin, <em>high-density lipoprotein<\/em>) tase inimorganismis:<\/p><\/div><input type=\"hidden\" name=\"question_id[]\" id=\"qID_3\" value=\"97\" class=\"watupro-question-id\"><input type=\"hidden\" id=\"answerType97\" class=\"answerTypeCnt3\" value=\"radio\"><input type=\"hidden\" id=\"watupro-required-question-97\"><!-- end question-content--><\/div><div class=\"question-choices watupro-choices-columns \" id=\"questionChoices97\"><div class=\"watupro-question-choice  \" dir=\"auto\"><input type=\"radio\" name=\"answer-97[]\" id=\"answer-id-506\" class=\"answer   answerof-97 \" value=\"506\"><label for=\"answer-id-506\" id=\"answer-label-506\" class=\" answer\"><span><p>tekitab maksa augud<\/p><\/span><\/label><\/div><div class=\"watupro-question-choice  \" dir=\"auto\"><input type=\"radio\" name=\"answer-97[]\" id=\"answer-id-501\" class=\"answer   answerof-97 \" value=\"501\"><label for=\"answer-id-501\" id=\"answer-label-501\" class=\" answer\"><span><p>on kasulik<\/p><\/span><\/label><\/div><div class=\"watupro-question-choice  \" dir=\"auto\"><input type=\"radio\" name=\"answer-97[]\" id=\"answer-id-503\" class=\"answer   answerof-97 \" value=\"503\"><label for=\"answer-id-503\" id=\"answer-label-503\" class=\" answer\"><span><p>ei muuda ainevahetuses midagi<\/p><\/span><\/label><\/div><div class=\"watupro-question-choice  \" dir=\"auto\"><input type=\"radio\" name=\"answer-97[]\" id=\"answer-id-502\" class=\"answer   answerof-97 \" value=\"502\"><label for=\"answer-id-502\" id=\"answer-label-502\" class=\" answer\"><span><p>on kahjulik<\/p><\/span><\/label><\/div><div class=\"watupro-question-choice  \" dir=\"auto\"><input type=\"radio\" name=\"answer-97[]\" id=\"answer-id-504\" class=\"answer   answerof-97 \" value=\"504\"><label for=\"answer-id-504\" id=\"answer-label-504\" class=\" answer\"><span><p>tekitab palavikku<\/p><\/span><\/label><\/div><div class=\"watupro-question-choice  \" dir=\"auto\"><input type=\"radio\" name=\"answer-97[]\" id=\"answer-id-505\" class=\"answer   answerof-97 \" value=\"505\"><label for=\"answer-id-505\" id=\"answer-label-505\" class=\" answer\"><span><p>tekitab maksatsirroosi<\/p><\/span><\/label><\/div><!-- end question-choices--><\/div><!-- end questionWrap--><\/div><\/div><div class=\"watu-question \" id=\"question-4\" style=\";\"><div id=\"questionWrap-4\" class=\"  watupro-required-99 watupro-question-id-99\">\n\t\t\t<div class=\"question-content\"><div><p>Madala tihedusega lipoproteiin ehk LDL (l<em>ow-density lipoprotein<\/em>):<\/p><\/div><input type=\"hidden\" name=\"question_id[]\" id=\"qID_4\" value=\"99\" class=\"watupro-question-id\"><input type=\"hidden\" id=\"answerType99\" class=\"answerTypeCnt4\" value=\"radio\"><input type=\"hidden\" id=\"watupro-required-question-99\"><!-- end question-content--><\/div><div class=\"question-choices watupro-choices-columns \" id=\"questionChoices99\"><div class=\"watupro-question-choice  \" dir=\"auto\"><input type=\"radio\" name=\"answer-99[]\" id=\"answer-id-513\" class=\"answer   answerof-99 \" value=\"513\"><label for=\"answer-id-513\" id=\"answer-label-513\" class=\" answer\"><span><p>vajab rakku sisenemiseks vastavat retseptorit<\/p><\/span><\/label><\/div><div class=\"watupro-question-choice  \" dir=\"auto\"><input type=\"radio\" name=\"answer-99[]\" id=\"answer-id-512\" class=\"answer   answerof-99 \" value=\"512\"><label for=\"answer-id-512\" id=\"answer-label-512\" class=\" answer\"><span><p>l\u00e4bib ise rakumembraani<\/p><\/span><\/label><\/div><div class=\"watupro-question-choice  \" dir=\"auto\"><input type=\"radio\" name=\"answer-99[]\" id=\"answer-id-514\" class=\"answer   answerof-99 \" value=\"514\"><label for=\"answer-id-514\" id=\"answer-label-514\" class=\" answer\"><span><p>ei sisene \u00fcldse rakku<\/p><\/span><\/label><\/div><!-- end question-choices--><\/div><!-- end questionWrap--><\/div><\/div><div class=\"watu-question \" id=\"question-5\" style=\";\"><div id=\"questionWrap-5\" class=\"  watupro-required-95 watupro-question-id-95\">\n\t\t\t<div class=\"question-content\"><div><p>Apoproteiinid lipoproteiinides on vajalikud:<\/p><\/div><input type=\"hidden\" name=\"question_id[]\" id=\"qID_5\" value=\"95\" class=\"watupro-question-id\"><input type=\"hidden\" id=\"answerType95\" class=\"answerTypeCnt5\" value=\"checkbox\"><input type=\"hidden\" id=\"watupro-required-question-95\"><!-- end question-content--><\/div><div class=\"question-choices watupro-choices-columns \" id=\"questionChoices95\"><div class=\"watupro-question-choice  \" dir=\"auto\"><input type=\"checkbox\" name=\"answer-95[]\" id=\"answer-id-494\" class=\"answer   answerof-95 \" value=\"494\"><label for=\"answer-id-494\" id=\"answer-label-494\" class=\" answer\"><span><p>lipoproteiinidele punase v\u00e4rvuse andmiseks<\/p><\/span><\/label><\/div><div class=\"watupro-question-choice  \" dir=\"auto\"><input type=\"checkbox\" name=\"answer-95[]\" id=\"answer-id-495\" class=\"answer   answerof-95 \" value=\"495\"><label for=\"answer-id-495\" id=\"answer-label-495\" class=\" answer\"><span><p>lipoproteiinide v\u00e4ljutamiseks organismist<\/p><\/span><\/label><\/div><div class=\"watupro-question-choice  \" dir=\"auto\"><input type=\"checkbox\" name=\"answer-95[]\" id=\"answer-id-492\" class=\"answer   answerof-95 \" value=\"492\"><label for=\"answer-id-492\" id=\"answer-label-492\" class=\" answer\"><span><p>seostumiseks retseptoritega<\/p><\/span><\/label><\/div><div class=\"watupro-question-choice  \" dir=\"auto\"><input type=\"checkbox\" name=\"answer-95[]\" id=\"answer-id-491\" class=\"answer   answerof-95 \" value=\"491\"><label for=\"answer-id-491\" id=\"answer-label-491\" class=\" answer\"><span><p>lipoproteiinse partikli lahustamiseks<\/p><\/span><\/label><\/div><div class=\"watupro-question-choice  \" dir=\"auto\"><input type=\"checkbox\" name=\"answer-95[]\" id=\"answer-id-493\" class=\"answer   answerof-95 \" value=\"493\"><label for=\"answer-id-493\" id=\"answer-label-493\" class=\" answer\"><span><p>ens\u00fc\u00fcmide aktivatsiooniks<\/p><\/span><\/label><\/div><!-- end question-choices--><\/div><!-- end questionWrap--><\/div><\/div><div class=\"watu-question \" id=\"question-6\" style=\";\"><div id=\"questionWrap-6\" class=\"  watupro-required-92 watupro-question-id-92\">\n\t\t\t<div class=\"question-content\"><div><p>Kui veresoonte seinad on lubjastumise t\u00f5ttu j\u00e4igastunud ja nende l\u00e4bim\u00f5\u00f5t on v\u00e4henenud, siis v\u00f5ib tekkida:<\/p><\/div><input type=\"hidden\" name=\"question_id[]\" id=\"qID_6\" value=\"92\" class=\"watupro-question-id\"><input type=\"hidden\" id=\"answerType92\" class=\"answerTypeCnt6\" value=\"radio\"><input type=\"hidden\" id=\"watupro-required-question-92\"><!-- end question-content--><\/div><div class=\"question-choices watupro-choices-columns \" id=\"questionChoices92\"><div class=\"watupro-question-choice  \" dir=\"auto\"><input type=\"radio\" name=\"answer-92[]\" id=\"answer-id-479\" class=\"answer   answerof-92 \" value=\"479\"><label for=\"answer-id-479\" id=\"answer-label-479\" class=\" answer\"><span><p>gripp<\/p><\/span><\/label><\/div><div class=\"watupro-question-choice  \" dir=\"auto\"><input type=\"radio\" name=\"answer-92[]\" id=\"answer-id-480\" class=\"answer   answerof-92 \" value=\"480\"><label for=\"answer-id-480\" id=\"answer-label-480\" class=\" answer\"><span><p>kahepoolne kopsup\u00f5letik<\/p><\/span><\/label><\/div><div class=\"watupro-question-choice  \" dir=\"auto\"><input type=\"radio\" name=\"answer-92[]\" id=\"answer-id-477\" class=\"answer   answerof-92 \" value=\"477\"><label for=\"answer-id-477\" id=\"answer-label-477\" class=\" answer\"><span><p>k\u00f5rgverer\u00f5hkt\u00f5bi<\/p><\/span><\/label><\/div><div class=\"watupro-question-choice  \" dir=\"auto\"><input type=\"radio\" name=\"answer-92[]\" id=\"answer-id-482\" class=\"answer   answerof-92 \" value=\"482\"><label for=\"answer-id-482\" id=\"answer-label-482\" class=\" answer\"><span><p>lampjalgsus<\/p><\/span><\/label><\/div><div class=\"watupro-question-choice  \" dir=\"auto\"><input type=\"radio\" name=\"answer-92[]\" id=\"answer-id-481\" class=\"answer   answerof-92 \" value=\"481\"><label for=\"answer-id-481\" id=\"answer-label-481\" class=\" answer\"><span><p>kae<\/p><\/span><\/label><\/div><div class=\"watupro-question-choice  \" dir=\"auto\"><input type=\"radio\" name=\"answer-92[]\" id=\"answer-id-478\" class=\"answer   answerof-92 \" value=\"478\"><label for=\"answer-id-478\" id=\"answer-label-478\" class=\" answer\"><span><p>osteoporoos<\/p><\/span><\/label><\/div><!-- end question-choices--><\/div><!-- end questionWrap--><\/div><\/div><div class=\"watu-question \" id=\"question-7\" style=\";\"><div id=\"questionWrap-7\" class=\"  watupro-required-94 watupro-question-id-94\">\n\t\t\t<div class=\"question-content\"><div><p>\u00a0Madala tihedusega lipoproteiin ehk LDL (l<em>ow-density lipoprotein<\/em>):<\/p><\/div><input type=\"hidden\" name=\"question_id[]\" id=\"qID_7\" value=\"94\" class=\"watupro-question-id\"><input type=\"hidden\" id=\"answerType94\" class=\"answerTypeCnt7\" value=\"radio\"><input type=\"hidden\" id=\"watupro-required-question-94\"><!-- end question-content--><\/div><div class=\"question-choices watupro-choices-columns \" id=\"questionChoices94\"><div class=\"watupro-question-choice  \" dir=\"auto\"><input type=\"radio\" name=\"answer-94[]\" id=\"answer-id-487\" class=\"answer   answerof-94 \" value=\"487\"><label for=\"answer-id-487\" id=\"answer-label-487\" class=\" answer\"><span><p>sisaldab valke<\/p><\/span><\/label><\/div><div class=\"watupro-question-choice  \" dir=\"auto\"><input type=\"radio\" name=\"answer-94[]\" id=\"answer-id-489\" class=\"answer   answerof-94 \" value=\"489\"><label for=\"answer-id-489\" id=\"answer-label-489\" class=\" answer\"><span><p>suudab kolesterooli \u00e4ra viia arterite seintelt<\/p><\/span><\/label><\/div><div class=\"watupro-question-choice  \" dir=\"auto\"><input type=\"radio\" name=\"answer-94[]\" id=\"answer-id-490\" class=\"answer   answerof-94 \" value=\"490\"><label for=\"answer-id-490\" id=\"answer-label-490\" class=\" answer\"><span><p>kaitseb s\u00fcdame-veresoonkonna haiguste eest<\/p><\/span><\/label><\/div><div class=\"watupro-question-choice  \" dir=\"auto\"><input type=\"radio\" name=\"answer-94[]\" id=\"answer-id-488\" class=\"answer   answerof-94 \" value=\"488\"><label for=\"answer-id-488\" id=\"answer-label-488\" class=\" answer\"><span><p>v\u00e4henemise riskifaktoriks on suitsetamine<\/p><\/span><\/label><\/div><!-- end question-choices--><\/div><!-- end questionWrap--><\/div><\/div><div class=\"watu-question \" id=\"question-8\" style=\";\"><div id=\"questionWrap-8\" class=\"  watupro-required-93 watupro-question-id-93\">\n\t\t\t<div class=\"question-content\"><div><p>\u00a0K\u00f5rge tihedusega lipoproteiin ehk HDL (h<em>igh-density lipoprotein<\/em>):<\/p><\/div><input type=\"hidden\" name=\"question_id[]\" id=\"qID_8\" value=\"93\" class=\"watupro-question-id\"><input type=\"hidden\" id=\"answerType93\" class=\"answerTypeCnt8\" value=\"checkbox\"><input type=\"hidden\" id=\"watupro-required-question-93\"><!-- end question-content--><\/div><div class=\"question-choices watupro-choices-columns \" id=\"questionChoices93\"><div class=\"watupro-question-choice  \" dir=\"auto\"><input type=\"checkbox\" name=\"answer-93[]\" id=\"answer-id-484\" class=\"answer   answerof-93 \" value=\"484\"><label for=\"answer-id-484\" id=\"answer-label-484\" class=\" answer\"><span><p>suudab kolesterooli \u00e4ra viia arterite seintelt ja toimetada see maksa<\/p><\/span><\/label><\/div><div class=\"watupro-question-choice  \" dir=\"auto\"><input type=\"checkbox\" name=\"answer-93[]\" id=\"answer-id-483\" class=\"answer   answerof-93 \" value=\"483\"><label for=\"answer-id-483\" id=\"answer-label-483\" class=\" answer\"><span><p>v\u00e4henemise riskifaktoriks on suitsetamine<\/p><\/span><\/label><\/div><div class=\"watupro-question-choice  \" dir=\"auto\"><input type=\"checkbox\" name=\"answer-93[]\" id=\"answer-id-485\" class=\"answer   answerof-93 \" value=\"485\"><label for=\"answer-id-485\" id=\"answer-label-485\" class=\" answer\"><span><p>kaitseb s\u00fcdame-veresoonkonna haiguste eest<\/p><\/span><\/label><\/div><div class=\"watupro-question-choice  \" dir=\"auto\"><input type=\"checkbox\" name=\"answer-93[]\" id=\"answer-id-486\" class=\"answer   answerof-93 \" value=\"486\"><label for=\"answer-id-486\" id=\"answer-label-486\" class=\" answer\"><span><p>sisaldab valke<\/p><\/span><\/label><\/div><!-- end question-choices--><\/div><!-- end questionWrap--><\/div><\/div><div style=\"display:none\" id=\"question-9\">\n\t<div class=\"question-content\">\n\t\t<img loading=\"lazy\" decoding=\"async\" src=\"https:\/\/sisu.ut.ee\/wp-content\/plugins\/watupro\/img\/loading.gif\" width=\"16\" height=\"16\" alt=\"Loading...\" title=\"Loading...\">\u00a0Loading...\t<\/div>\n<\/div>\n\n<br>\n\t\n\t\t\t<div class=\"watupro_buttons flex \" id=\"watuPROButtons10\">\n\t\t  <div id=\"prev-question\" style=\"display:none;\"><input type=\"button\" value=\"&lt; Previous\" onclick=\"WatuPRO.nextQuestion(event, 'previous');\"><\/div>\t\t  \t\t  \t\t   \n\t\t   \t  \t\t<div><input type=\"button\" name=\"action\" class=\"watupro-submit-button\" onclick=\"WatuPRO.submitResult(event)\" id=\"action-button\" value=\"View Results\">\n\t\t<\/div>\n\t\t<\/div>\n\t\t\n\t<input type=\"hidden\" name=\"quiz_id\" value=\"10\" id=\"watuPROExamID\">\n\t<input type=\"hidden\" name=\"start_time\" id=\"startTime\" value=\"2026-04-11 08:20:09\">\n\t<input type=\"hidden\" name=\"start_timestamp\" id=\"startTimeStamp\" value=\"1775895609\">\n\t<input type=\"hidden\" name=\"question_ids\" value=\"\">\n\t<input type=\"hidden\" name=\"watupro_questions\" value=\"96:497,499,498,496,500 | 98:509,508,511,507,510 | 97:506,501,503,502,504,505 | 99:513,512,514 | 95:494,495,492,491,493 | 92:479,480,477,482,481,478 | 94:487,489,490,488 | 93:484,483,485,486\">\n\t<input type=\"hidden\" name=\"no_ajax\" value=\"0\">\t\t\t<\/form>\n\t<p>\u00a0<\/p>\n<\/div>\n\n<script type=\"text\/javascript\">\n\/\/jQuery(document).ready(function(){\ndocument.addEventListener(\"DOMContentLoaded\", function(event) { \t\nvar question_ids = \"96,98,97,99,95,92,94,93\";\nWatuPROSettings[10] = {};\nWatuPRO.qArr = question_ids.split(',');\nWatuPRO.exam_id = 10;\t    \nWatuPRO.post_id = 251;\nWatuPRO.store_progress = 0;\nWatuPRO.curCatPage = 1;\nWatuPRO.requiredIDs=\"0,96,98,97,99,95,92,94,93\".split(\",\");\nWatuPRO.hAppID = \"0.52107500 1775884809\";\nvar url = \"https:\/\/sisu.ut.ee\/wp-content\/plugins\/watupro\/show_exam.php\";\nWatuPRO.examMode = 1;\nWatuPRO.siteURL=\"https:\/\/sisu.ut.ee\/soomisest-joomisest-informatsioonist\/wp-admin\/admin-ajax.php\";\nWatuPRO.emailIsNotRequired = 0;\nWatuPRO.perDecade = 10;\nWatuPROIntel.init(10);\nWatuPRO.inCategoryPages=1;});    \t \n<\/script>\n\n","protected":false},"excerpt":{"rendered":"","protected":false},"author":9,"featured_media":0,"parent":0,"menu_order":0,"comment_status":"closed","ping_status":"closed","template":"","meta":{"_acf_changed":false,"inline_featured_image":false,"footnotes":""},"class_list":["post-251","page","type-page","status-publish","hentry"],"acf":[],"_links":{"self":[{"href":"https:\/\/sisu.ut.ee\/soomisest-joomisest-informatsioonist\/wp-json\/wp\/v2\/pages\/251","targetHints":{"allow":["GET"]}}],"collection":[{"href":"https:\/\/sisu.ut.ee\/soomisest-joomisest-informatsioonist\/wp-json\/wp\/v2\/pages"}],"about":[{"href":"https:\/\/sisu.ut.ee\/soomisest-joomisest-informatsioonist\/wp-json\/wp\/v2\/types\/page"}],"author":[{"embeddable":true,"href":"https:\/\/sisu.ut.ee\/soomisest-joomisest-informatsioonist\/wp-json\/wp\/v2\/users\/9"}],"replies":[{"embeddable":true,"href":"https:\/\/sisu.ut.ee\/soomisest-joomisest-informatsioonist\/wp-json\/wp\/v2\/comments?post=251"}],"version-history":[{"count":0,"href":"https:\/\/sisu.ut.ee\/soomisest-joomisest-informatsioonist\/wp-json\/wp\/v2\/pages\/251\/revisions"}],"wp:attachment":[{"href":"https:\/\/sisu.ut.ee\/soomisest-joomisest-informatsioonist\/wp-json\/wp\/v2\/media?parent=251"}],"curies":[{"name":"wp","href":"https:\/\/api.w.org\/{rel}","templated":true}]}}