{"id":250,"date":"2024-04-18T13:56:39","date_gmt":"2024-04-18T10:56:39","guid":{"rendered":"https:\/\/sisu.ut.ee\/soomisest-joomisest-informatsioonist\/test-toidulipiidid\/"},"modified":"2024-04-18T13:56:39","modified_gmt":"2024-04-18T10:56:39","slug":"test-toidulipiidid","status":"publish","type":"page","link":"https:\/\/sisu.ut.ee\/soomisest-joomisest-informatsioonist\/test-toidulipiidid\/","title":{"rendered":"TEST: Toidulipiidid"},"content":{"rendered":"<div id=\"watupro_quiz\" class=\"quiz-area single-page-quiz\">\n<p id=\"submittingExam11\" style=\"display:none;text-align:center;\"><img loading=\"lazy\" decoding=\"async\" src=\"https:\/\/sisu.ut.ee\/wp-content\/plugins\/watupro\/img\/loading.gif\" width=\"16\" height=\"16\"><\/p>\n\n<div class=\"watupro-exam-description\" id=\"description-quiz-11\"><p>Antud test on m\u00f5eldud enesekontrolliks p\u00e4rast video \"Toidulipiidid\" vaatamist ja \u00f5ppepeat\u00fckkidega tutvumist. Proovi test sooritada 100% peale ja kui ei \u00f5nnestu, siis keskendu \u00f5ppematerjalile uuesti ning lahenda veelkord kuni maksimumpunktid saavutatud.<\/p>\n<\/div>\n\n<form action=\"\" method=\"post\" class=\"quiz-form\" id=\"quiz-11\" enctype=\"multipart\/form-data\">\n<div class=\"watu-question \" id=\"question-1\" style=\";\"><div id=\"questionWrap-1\" class=\"  watupro-required-109 watupro-question-id-109\">\n\t\t\t<div class=\"question-content\"><div><p>Rasvu talletatakse inimorganismis eelk\u00f5ige:<\/p><\/div><input type=\"hidden\" name=\"question_id[]\" id=\"qID_1\" value=\"109\" class=\"watupro-question-id\"><input type=\"hidden\" id=\"answerType109\" class=\"answerTypeCnt1\" value=\"radio\"><input type=\"hidden\" id=\"watupro-required-question-109\"><!-- end question-content--><\/div><div class=\"question-choices watupro-choices-columns \" id=\"questionChoices109\"><div class=\"watupro-question-choice  \" dir=\"auto\"><input type=\"radio\" name=\"answer-109[]\" id=\"answer-id-566\" class=\"answer   answerof-109 \" value=\"566\"><label for=\"answer-id-566\" id=\"answer-label-566\" class=\" answer\"><span><p>k\u00f5hu\u00f5\u00f5ne piirkonnas ja nahaaluses rasvkoes<\/p><\/span><\/label><\/div><div class=\"watupro-question-choice  \" dir=\"auto\"><input type=\"radio\" name=\"answer-109[]\" id=\"answer-id-564\" class=\"answer   answerof-109 \" value=\"564\"><label for=\"answer-id-564\" id=\"answer-label-564\" class=\" answer\"><span><p>vaagnaluu piirkonnas<\/p><\/span><\/label><\/div><div class=\"watupro-question-choice  \" dir=\"auto\"><input type=\"radio\" name=\"answer-109[]\" id=\"answer-id-568\" class=\"answer   answerof-109 \" value=\"568\"><label for=\"answer-id-568\" id=\"answer-label-568\" class=\" answer\"><span><p>punases luu\u00fcdis<\/p><\/span><\/label><\/div><div class=\"watupro-question-choice  \" dir=\"auto\"><input type=\"radio\" name=\"answer-109[]\" id=\"answer-id-567\" class=\"answer   answerof-109 \" value=\"567\"><label for=\"answer-id-567\" id=\"answer-label-567\" class=\" answer\"><span><p>lihastes<\/p><\/span><\/label><\/div><div class=\"watupro-question-choice  \" dir=\"auto\"><input type=\"radio\" name=\"answer-109[]\" id=\"answer-id-565\" class=\"answer   answerof-109 \" value=\"565\"><label for=\"answer-id-565\" id=\"answer-label-565\" class=\" answer\"><span><p>maksas<\/p><\/span><\/label><\/div><!-- end question-choices--><\/div><!-- end questionWrap--><\/div><\/div><div class=\"watu-question \" id=\"question-2\" style=\";\"><div id=\"questionWrap-2\" class=\"  watupro-required-104 watupro-question-id-104\">\n\t\t\t<div class=\"question-content\"><div><p>Rasvade p\u00f5hiline l\u00f5hustamine algab:<\/p><\/div><input type=\"hidden\" name=\"question_id[]\" id=\"qID_2\" value=\"104\" class=\"watupro-question-id\"><input type=\"hidden\" id=\"answerType104\" class=\"answerTypeCnt2\" value=\"radio\"><input type=\"hidden\" id=\"watupro-required-question-104\"><!-- end question-content--><\/div><div class=\"question-choices watupro-choices-columns \" id=\"questionChoices104\"><div class=\"watupro-question-choice  \" dir=\"auto\"><input type=\"radio\" name=\"answer-104[]\" id=\"answer-id-541\" class=\"answer   answerof-104 \" value=\"541\"><label for=\"answer-id-541\" id=\"answer-label-541\" class=\" answer\"><span><p>j\u00e4mesooles<\/p><\/span><\/label><\/div><div class=\"watupro-question-choice  \" dir=\"auto\"><input type=\"radio\" name=\"answer-104[]\" id=\"answer-id-543\" class=\"answer   answerof-104 \" value=\"543\"><label for=\"answer-id-543\" id=\"answer-label-543\" class=\" answer\"><span><p>maos<\/p><\/span><\/label><\/div><div class=\"watupro-question-choice  \" dir=\"auto\"><input type=\"radio\" name=\"answer-104[]\" id=\"answer-id-537\" class=\"answer   answerof-104 \" value=\"537\"><label for=\"answer-id-537\" id=\"answer-label-537\" class=\" answer\"><span><p>suu\u00f5\u00f5nes<\/p><\/span><\/label><\/div><div class=\"watupro-question-choice  \" dir=\"auto\"><input type=\"radio\" name=\"answer-104[]\" id=\"answer-id-540\" class=\"answer   answerof-104 \" value=\"540\"><label for=\"answer-id-540\" id=\"answer-label-540\" class=\" answer\"><span><p>maksas<\/p><\/span><\/label><\/div><div class=\"watupro-question-choice  \" dir=\"auto\"><input type=\"radio\" name=\"answer-104[]\" id=\"answer-id-536\" class=\"answer   answerof-104 \" value=\"536\"><label for=\"answer-id-536\" id=\"answer-label-536\" class=\" answer\"><span><p>kaksteists\u00f5rmiksooles<\/p><\/span><\/label><\/div><div class=\"watupro-question-choice  \" dir=\"auto\"><input type=\"radio\" name=\"answer-104[]\" id=\"answer-id-538\" class=\"answer   answerof-104 \" value=\"538\"><label for=\"answer-id-538\" id=\"answer-label-538\" class=\" answer\"><span><p>neelus<\/p><\/span><\/label><\/div><div class=\"watupro-question-choice  \" dir=\"auto\"><input type=\"radio\" name=\"answer-104[]\" id=\"answer-id-542\" class=\"answer   answerof-104 \" value=\"542\"><label for=\"answer-id-542\" id=\"answer-label-542\" class=\" answer\"><span><p>t\u00fchisooles<\/p><\/span><\/label><\/div><div class=\"watupro-question-choice  \" dir=\"auto\"><input type=\"radio\" name=\"answer-104[]\" id=\"answer-id-539\" class=\"answer   answerof-104 \" value=\"539\"><label for=\"answer-id-539\" id=\"answer-label-539\" class=\" answer\"><span><p>s\u00f6\u00f6gitorus<\/p><\/span><\/label><\/div><!-- end question-choices--><\/div><!-- end questionWrap--><\/div><\/div><div class=\"watu-question \" id=\"question-3\" style=\";\"><div id=\"questionWrap-3\" class=\"  watupro-required-105 watupro-question-id-105\">\n\t\t\t<div class=\"question-content\"><div><p><em>Trans<\/em>-rasvhapetes on:<\/p><\/div><input type=\"hidden\" name=\"question_id[]\" id=\"qID_3\" value=\"105\" class=\"watupro-question-id\"><input type=\"hidden\" id=\"answerType105\" class=\"answerTypeCnt3\" value=\"radio\"><input type=\"hidden\" id=\"watupro-required-question-105\"><!-- end question-content--><\/div><div class=\"question-choices watupro-choices-columns \" id=\"questionChoices105\"><div class=\"watupro-question-choice  \" dir=\"auto\"><input type=\"radio\" name=\"answer-105[]\" id=\"answer-id-546\" class=\"answer   answerof-105 \" value=\"546\"><label for=\"answer-id-546\" id=\"answer-label-546\" class=\" answer\"><span><p>\u00fcksikside muudetud kaksiksidemeks<\/p><\/span><\/label><\/div><div class=\"watupro-question-choice  \" dir=\"auto\"><input type=\"radio\" name=\"answer-105[]\" id=\"answer-id-547\" class=\"answer   answerof-105 \" value=\"547\"><label for=\"answer-id-547\" id=\"answer-label-547\" class=\" answer\"><span><p><em>trans<\/em>-asendis kaksikside muudetud <em>cis<\/em>-asendis kaksiksidemeks<\/p><\/span><\/label><\/div><div class=\"watupro-question-choice  \" dir=\"auto\"><input type=\"radio\" name=\"answer-105[]\" id=\"answer-id-544\" class=\"answer   answerof-105 \" value=\"544\"><label for=\"answer-id-544\" id=\"answer-label-544\" class=\" answer\"><span><p><em>cis<\/em>-asendis kaksikside muudetud <em>trans<\/em>-asendis kaksiksidemeks<\/p><\/span><\/label><\/div><div class=\"watupro-question-choice  \" dir=\"auto\"><input type=\"radio\" name=\"answer-105[]\" id=\"answer-id-545\" class=\"answer   answerof-105 \" value=\"545\"><label for=\"answer-id-545\" id=\"answer-label-545\" class=\" answer\"><span><p>kaksikside muudetud \u00fcksiksidemeks<\/p><\/span><\/label><\/div><!-- end question-choices--><\/div><!-- end questionWrap--><\/div><\/div><div class=\"watu-question \" id=\"question-4\" style=\";\"><div id=\"questionWrap-4\" class=\"  watupro-required-100 watupro-question-id-100\">\n\t\t\t<div class=\"question-content\"><div><p>L\u00fcmf transpordib suurel hulgal (k\u00fclomikronites) s\u00f6\u00f6misj\u00e4rgselt imendunud:<\/p><\/div><input type=\"hidden\" name=\"question_id[]\" id=\"qID_4\" value=\"100\" class=\"watupro-question-id\"><input type=\"hidden\" id=\"answerType100\" class=\"answerTypeCnt4\" value=\"radio\"><input type=\"hidden\" id=\"watupro-required-question-100\"><!-- end question-content--><\/div><div class=\"question-choices watupro-choices-columns \" id=\"questionChoices100\"><div class=\"watupro-question-choice  \" dir=\"auto\"><input type=\"radio\" name=\"answer-100[]\" id=\"answer-id-518\" class=\"answer   answerof-100 \" value=\"518\"><label for=\"answer-id-518\" id=\"answer-label-518\" class=\" answer\"><span><p>kiudaineid<\/p><\/span><\/label><\/div><div class=\"watupro-question-choice  \" dir=\"auto\"><input type=\"radio\" name=\"answer-100[]\" id=\"answer-id-516\" class=\"answer   answerof-100 \" value=\"516\"><label for=\"answer-id-516\" id=\"answer-label-516\" class=\" answer\"><span><p>s\u00fcsivesikuid<\/p><\/span><\/label><\/div><div class=\"watupro-question-choice  \" dir=\"auto\"><input type=\"radio\" name=\"answer-100[]\" id=\"answer-id-519\" class=\"answer   answerof-100 \" value=\"519\"><label for=\"answer-id-519\" id=\"answer-label-519\" class=\" answer\"><span><p>s\u00fcnteetilisi magusaineid<\/p><\/span><\/label><\/div><div class=\"watupro-question-choice  \" dir=\"auto\"><input type=\"radio\" name=\"answer-100[]\" id=\"answer-id-515\" class=\"answer   answerof-100 \" value=\"515\"><label for=\"answer-id-515\" id=\"answer-label-515\" class=\" answer\"><span><p>rasvu<\/p><\/span><\/label><\/div><div class=\"watupro-question-choice  \" dir=\"auto\"><input type=\"radio\" name=\"answer-100[]\" id=\"answer-id-517\" class=\"answer   answerof-100 \" value=\"517\"><label for=\"answer-id-517\" id=\"answer-label-517\" class=\" answer\"><span><p>valke<\/p><\/span><\/label><\/div><!-- end question-choices--><\/div><!-- end questionWrap--><\/div><\/div><div class=\"watu-question \" id=\"question-5\" style=\";\"><div id=\"questionWrap-5\" class=\"  watupro-required-101 watupro-question-id-101\">\n\t\t\t<div class=\"question-content\"><div><p>Valida loetelust k\u00f5ige suurema rasvasisaldusega toiduaine (100 g kohta).<\/p><\/div><input type=\"hidden\" name=\"question_id[]\" id=\"qID_5\" value=\"101\" class=\"watupro-question-id\"><input type=\"hidden\" id=\"answerType101\" class=\"answerTypeCnt5\" value=\"radio\"><input type=\"hidden\" id=\"watupro-required-question-101\"><!-- end question-content--><\/div><div class=\"question-choices watupro-choices-columns \" id=\"questionChoices101\"><div class=\"watupro-question-choice  \" dir=\"auto\"><input type=\"radio\" name=\"answer-101[]\" id=\"answer-id-522\" class=\"answer   answerof-101 \" value=\"522\"><label for=\"answer-id-522\" id=\"answer-label-522\" class=\" answer\"><span><p>kanamuna<\/p><\/span><\/label><\/div><div class=\"watupro-question-choice  \" dir=\"auto\"><input type=\"radio\" name=\"answer-101[]\" id=\"answer-id-523\" class=\"answer   answerof-101 \" value=\"523\"><label for=\"answer-id-523\" id=\"answer-label-523\" class=\" answer\"><span><p>piim<\/p><\/span><\/label><\/div><div class=\"watupro-question-choice  \" dir=\"auto\"><input type=\"radio\" name=\"answer-101[]\" id=\"answer-id-521\" class=\"answer   answerof-101 \" value=\"521\"><label for=\"answer-id-521\" id=\"answer-label-521\" class=\" answer\"><span><p>v\u00f5i<\/p><\/span><\/label><\/div><div class=\"watupro-question-choice  \" dir=\"auto\"><input type=\"radio\" name=\"answer-101[]\" id=\"answer-id-520\" class=\"answer   answerof-101 \" value=\"520\"><label for=\"answer-id-520\" id=\"answer-label-520\" class=\" answer\"><span><p>rukkileib<\/p><\/span><\/label><\/div><div class=\"watupro-question-choice  \" dir=\"auto\"><input type=\"radio\" name=\"answer-101[]\" id=\"answer-id-524\" class=\"answer   answerof-101 \" value=\"524\"><label for=\"answer-id-524\" id=\"answer-label-524\" class=\" answer\"><span><p>\u00f5un<\/p><\/span><\/label><\/div><!-- end question-choices--><\/div><!-- end questionWrap--><\/div><\/div><div class=\"watu-question \" id=\"question-6\" style=\";\"><div id=\"questionWrap-6\" class=\"  watupro-required-103 watupro-question-id-103\">\n\t\t\t<div class=\"question-content\"><div><p>Igap\u00e4evasest toiduenergiast peaksid rasvad katma:<\/p><\/div><input type=\"hidden\" name=\"question_id[]\" id=\"qID_6\" value=\"103\" class=\"watupro-question-id\"><input type=\"hidden\" id=\"answerType103\" class=\"answerTypeCnt6\" value=\"radio\"><input type=\"hidden\" id=\"watupro-required-question-103\"><!-- end question-content--><\/div><div class=\"question-choices watupro-choices-columns \" id=\"questionChoices103\"><div class=\"watupro-question-choice  \" dir=\"auto\"><input type=\"radio\" name=\"answer-103[]\" id=\"answer-id-531\" class=\"answer   answerof-103 \" value=\"531\"><label for=\"answer-id-531\" id=\"answer-label-531\" class=\" answer\"><span><p>5-10%<\/p><\/span><\/label><\/div><div class=\"watupro-question-choice  \" dir=\"auto\"><input type=\"radio\" name=\"answer-103[]\" id=\"answer-id-532\" class=\"answer   answerof-103 \" value=\"532\"><label for=\"answer-id-532\" id=\"answer-label-532\" class=\" answer\"><span><p>10-20%<\/p><\/span><\/label><\/div><div class=\"watupro-question-choice  \" dir=\"auto\"><input type=\"radio\" name=\"answer-103[]\" id=\"answer-id-533\" class=\"answer   answerof-103 \" value=\"533\"><label for=\"answer-id-533\" id=\"answer-label-533\" class=\" answer\"><span><p>25-30%<\/p><\/span><\/label><\/div><div class=\"watupro-question-choice  \" dir=\"auto\"><input type=\"radio\" name=\"answer-103[]\" id=\"answer-id-534\" class=\"answer   answerof-103 \" value=\"534\"><label for=\"answer-id-534\" id=\"answer-label-534\" class=\" answer\"><span><p>50-60%<\/p><\/span><\/label><\/div><div class=\"watupro-question-choice  \" dir=\"auto\"><input type=\"radio\" name=\"answer-103[]\" id=\"answer-id-535\" class=\"answer   answerof-103 \" value=\"535\"><label for=\"answer-id-535\" id=\"answer-label-535\" class=\" answer\"><span><p>80-95%<\/p><\/span><\/label><\/div><!-- end question-choices--><\/div><!-- end questionWrap--><\/div><\/div><div class=\"watu-question \" id=\"question-7\" style=\";\"><div id=\"questionWrap-7\" class=\"  watupro-required-107 watupro-question-id-107\">\n\t\t\t<div class=\"question-content\"><div><p>Taimsed \u00f5lid on peamiselt:<\/p><\/div><input type=\"hidden\" name=\"question_id[]\" id=\"qID_7\" value=\"107\" class=\"watupro-question-id\"><input type=\"hidden\" id=\"answerType107\" class=\"answerTypeCnt7\" value=\"checkbox\"><input type=\"hidden\" id=\"watupro-required-question-107\"><!-- end question-content--><\/div><div class=\"question-choices watupro-choices-columns \" id=\"questionChoices107\"><div class=\"watupro-question-choice  \" dir=\"auto\"><input type=\"checkbox\" name=\"answer-107[]\" id=\"answer-id-553\" class=\"answer   answerof-107 \" value=\"553\"><label for=\"answer-id-553\" id=\"answer-label-553\" class=\" answer\"><span><p>toatemperatuuril vedelad<\/p><\/span><\/label><\/div><div class=\"watupro-question-choice  \" dir=\"auto\"><input type=\"checkbox\" name=\"answer-107[]\" id=\"answer-id-557\" class=\"answer   answerof-107 \" value=\"557\"><label for=\"answer-id-557\" id=\"answer-label-557\" class=\" answer\"><span><p>k\u00fcllastunud rasvhappeid sisaldavad<\/p><\/span><\/label><\/div><div class=\"watupro-question-choice  \" dir=\"auto\"><input type=\"checkbox\" name=\"answer-107[]\" id=\"answer-id-556\" class=\"answer   answerof-107 \" value=\"556\"><label for=\"answer-id-556\" id=\"answer-label-556\" class=\" answer\"><span><p>toatemperatuuril tahked<\/p><\/span><\/label><\/div><div class=\"watupro-question-choice  \" dir=\"auto\"><input type=\"checkbox\" name=\"answer-107[]\" id=\"answer-id-555\" class=\"answer   answerof-107 \" value=\"555\"><label for=\"answer-id-555\" id=\"answer-label-555\" class=\" answer\"><span><p>k\u00fcllastamata rasvhappeid sisaldavad<\/p><\/span><\/label><\/div><div class=\"watupro-question-choice  \" dir=\"auto\"><input type=\"checkbox\" name=\"answer-107[]\" id=\"answer-id-554\" class=\"answer   answerof-107 \" value=\"554\"><label for=\"answer-id-554\" id=\"answer-label-554\" class=\" answer\"><span><p>trigl\u00fctseriidid<\/p><\/span><\/label><\/div><!-- end question-choices--><\/div><!-- end questionWrap--><\/div><\/div><div class=\"watu-question \" id=\"question-8\" style=\";\"><div id=\"questionWrap-8\" class=\"  watupro-required-102 watupro-question-id-102\">\n\t\t\t<div class=\"question-content\"><div><p>K\u00f5ige rohkem energiat kaalu\u00fchiku kohta\u00a0 annab:<\/p><\/div><input type=\"hidden\" name=\"question_id[]\" id=\"qID_8\" value=\"102\" class=\"watupro-question-id\"><input type=\"hidden\" id=\"answerType102\" class=\"answerTypeCnt8\" value=\"radio\"><input type=\"hidden\" id=\"watupro-required-question-102\"><!-- end question-content--><\/div><div class=\"question-choices watupro-choices-columns \" id=\"questionChoices102\"><div class=\"watupro-question-choice  \" dir=\"auto\"><input type=\"radio\" name=\"answer-102[]\" id=\"answer-id-530\" class=\"answer   answerof-102 \" value=\"530\"><label for=\"answer-id-530\" id=\"answer-label-530\" class=\" answer\"><span><p>raud<\/p><\/span><\/label><\/div><div class=\"watupro-question-choice  \" dir=\"auto\"><input type=\"radio\" name=\"answer-102[]\" id=\"answer-id-526\" class=\"answer   answerof-102 \" value=\"526\"><label for=\"answer-id-526\" id=\"answer-label-526\" class=\" answer\"><span><p>susivesikud<\/p><\/span><\/label><\/div><div class=\"watupro-question-choice  \" dir=\"auto\"><input type=\"radio\" name=\"answer-102[]\" id=\"answer-id-528\" class=\"answer   answerof-102 \" value=\"528\"><label for=\"answer-id-528\" id=\"answer-label-528\" class=\" answer\"><span><p>valgud<\/p><\/span><\/label><\/div><div class=\"watupro-question-choice  \" dir=\"auto\"><input type=\"radio\" name=\"answer-102[]\" id=\"answer-id-527\" class=\"answer   answerof-102 \" value=\"527\"><label for=\"answer-id-527\" id=\"answer-label-527\" class=\" answer\"><span><p>tselluloos<\/p><\/span><\/label><\/div><div class=\"watupro-question-choice  \" dir=\"auto\"><input type=\"radio\" name=\"answer-102[]\" id=\"answer-id-525\" class=\"answer   answerof-102 \" value=\"525\"><label for=\"answer-id-525\" id=\"answer-label-525\" class=\" answer\"><span><p>rasvad<\/p><\/span><\/label><\/div><div class=\"watupro-question-choice  \" dir=\"auto\"><input type=\"radio\" name=\"answer-102[]\" id=\"answer-id-529\" class=\"answer   answerof-102 \" value=\"529\"><label for=\"answer-id-529\" id=\"answer-label-529\" class=\" answer\"><span><p>destilleeritud vesi<\/p><\/span><\/label><\/div><!-- end question-choices--><\/div><!-- end questionWrap--><\/div><\/div><div class=\"watu-question \" id=\"question-9\" style=\";\"><div id=\"questionWrap-9\" class=\"  watupro-required-108 watupro-question-id-108\">\n\t\t\t<div class=\"question-content\"><div><p>Trans-rasvhapete liigsus soodustab:<\/p><\/div><input type=\"hidden\" name=\"question_id[]\" id=\"qID_9\" value=\"108\" class=\"watupro-question-id\"><input type=\"hidden\" id=\"answerType108\" class=\"answerTypeCnt9\" value=\"radio\"><input type=\"hidden\" id=\"watupro-required-question-108\"><!-- end question-content--><\/div><div class=\"question-choices watupro-choices-columns \" id=\"questionChoices108\"><div class=\"watupro-question-choice  \" dir=\"auto\"><input type=\"radio\" name=\"answer-108[]\" id=\"answer-id-559\" class=\"answer   answerof-108 \" value=\"559\"><label for=\"answer-id-559\" id=\"answer-label-559\" class=\" answer\"><span><p>grippi<\/p><\/span><\/label><\/div><div class=\"watupro-question-choice  \" dir=\"auto\"><input type=\"radio\" name=\"answer-108[]\" id=\"answer-id-562\" class=\"answer   answerof-108 \" value=\"562\"><label for=\"answer-id-562\" id=\"answer-label-562\" class=\" answer\"><span><p>Alzheimeri t\u00f5ve<\/p><\/span><\/label><\/div><div class=\"watupro-question-choice  \" dir=\"auto\"><input type=\"radio\" name=\"answer-108[]\" id=\"answer-id-560\" class=\"answer   answerof-108 \" value=\"560\"><label for=\"answer-id-560\" id=\"answer-label-560\" class=\" answer\"><span><p>tuberkuloosi<\/p><\/span><\/label><\/div><div class=\"watupro-question-choice  \" dir=\"auto\"><input type=\"radio\" name=\"answer-108[]\" id=\"answer-id-558\" class=\"answer   answerof-108 \" value=\"558\"><label for=\"answer-id-558\" id=\"answer-label-558\" class=\" answer\"><span><p>s\u00fcdame-veresoonkonna haiguseid<\/p><\/span><\/label><\/div><div class=\"watupro-question-choice  \" dir=\"auto\"><input type=\"radio\" name=\"answer-108[]\" id=\"answer-id-561\" class=\"answer   answerof-108 \" value=\"561\"><label for=\"answer-id-561\" id=\"answer-label-561\" class=\" answer\"><span><p>astma<\/p><\/span><\/label><\/div><div class=\"watupro-question-choice  \" dir=\"auto\"><input type=\"radio\" name=\"answer-108[]\" id=\"answer-id-563\" class=\"answer   answerof-108 \" value=\"563\"><label for=\"answer-id-563\" id=\"answer-label-563\" class=\" answer\"><span><p>Parkinsonismi<\/p><\/span><\/label><\/div><!-- end question-choices--><\/div><!-- end questionWrap--><\/div><\/div><div class=\"watu-question \" id=\"question-10\" style=\";\"><div id=\"questionWrap-10\" class=\"  watupro-required-106 watupro-question-id-106\">\n\t\t\t<div class=\"question-content\"><div><p>Loomsed rasvad on peamiselt:<\/p><\/div><input type=\"hidden\" name=\"question_id[]\" id=\"qID_10\" value=\"106\" class=\"watupro-question-id\"><input type=\"hidden\" id=\"answerType106\" class=\"answerTypeCnt10\" value=\"checkbox\"><input type=\"hidden\" id=\"watupro-required-question-106\"><!-- end question-content--><\/div><div class=\"question-choices watupro-choices-columns \" id=\"questionChoices106\"><div class=\"watupro-question-choice  \" dir=\"auto\"><input type=\"checkbox\" name=\"answer-106[]\" id=\"answer-id-548\" class=\"answer   answerof-106 \" value=\"548\"><label for=\"answer-id-548\" id=\"answer-label-548\" class=\" answer\"><span><p>toatemperatuuril tahked<\/p><\/span><\/label><\/div><div class=\"watupro-question-choice  \" dir=\"auto\"><input type=\"checkbox\" name=\"answer-106[]\" id=\"answer-id-551\" class=\"answer   answerof-106 \" value=\"551\"><label for=\"answer-id-551\" id=\"answer-label-551\" class=\" answer\"><span><p>k\u00fcllastunud rasvhappeid sisaldavad<\/p><\/span><\/label><\/div><div class=\"watupro-question-choice  \" dir=\"auto\"><input type=\"checkbox\" name=\"answer-106[]\" id=\"answer-id-552\" class=\"answer   answerof-106 \" value=\"552\"><label for=\"answer-id-552\" id=\"answer-label-552\" class=\" answer\"><span><p>k\u00fcllastamata rasvhappeid sisaldavad<\/p><\/span><\/label><\/div><div class=\"watupro-question-choice  \" dir=\"auto\"><input type=\"checkbox\" name=\"answer-106[]\" id=\"answer-id-549\" class=\"answer   answerof-106 \" value=\"549\"><label for=\"answer-id-549\" id=\"answer-label-549\" class=\" answer\"><span><p>trigl\u00fctseriidid<\/p><\/span><\/label><\/div><div class=\"watupro-question-choice  \" dir=\"auto\"><input type=\"checkbox\" name=\"answer-106[]\" id=\"answer-id-550\" class=\"answer   answerof-106 \" value=\"550\"><label for=\"answer-id-550\" id=\"answer-label-550\" class=\" answer\"><span><p>toatemperatuuril vedelad<\/p><\/span><\/label><\/div><!-- end question-choices--><\/div><!-- end questionWrap--><\/div><\/div><div style=\"display:none\" id=\"question-11\">\n\t<div class=\"question-content\">\n\t\t<img loading=\"lazy\" decoding=\"async\" src=\"https:\/\/sisu.ut.ee\/wp-content\/plugins\/watupro\/img\/loading.gif\" width=\"16\" height=\"16\" alt=\"Loading...\" title=\"Loading...\">\u00a0Loading...\t<\/div>\n<\/div>\n\n<br>\n\t\n\t\t\t<div class=\"watupro_buttons flex \" id=\"watuPROButtons11\">\n\t\t  <div id=\"prev-question\" style=\"display:none;\"><input type=\"button\" value=\"&lt; Previous\" onclick=\"WatuPRO.nextQuestion(event, 'previous');\"><\/div>\t\t  \t\t  \t\t   \n\t\t   \t  \t\t<div><input type=\"button\" name=\"action\" class=\"watupro-submit-button\" onclick=\"WatuPRO.submitResult(event)\" id=\"action-button\" value=\"View Results\">\n\t\t<\/div>\n\t\t<\/div>\n\t\t\n\t<input type=\"hidden\" name=\"quiz_id\" value=\"11\" id=\"watuPROExamID\">\n\t<input type=\"hidden\" name=\"start_time\" id=\"startTime\" value=\"2026-04-11 10:57:31\">\n\t<input type=\"hidden\" name=\"start_timestamp\" id=\"startTimeStamp\" value=\"1775905051\">\n\t<input type=\"hidden\" name=\"question_ids\" value=\"\">\n\t<input type=\"hidden\" name=\"watupro_questions\" value=\"109:566,564,568,567,565 | 104:541,543,537,540,536,538,542,539 | 105:546,547,544,545 | 100:518,516,519,515,517 | 101:522,523,521,520,524 | 103:531,532,533,534,535 | 107:553,557,556,555,554 | 102:530,526,528,527,525,529 | 108:559,562,560,558,561,563 | 106:548,551,552,549,550\">\n\t<input type=\"hidden\" name=\"no_ajax\" value=\"0\">\t\t\t<\/form>\n\t<p>\u00a0<\/p>\n<\/div>\n\n<script type=\"text\/javascript\">\n\/\/jQuery(document).ready(function(){\ndocument.addEventListener(\"DOMContentLoaded\", function(event) { \t\nvar question_ids = \"109,104,105,100,101,103,107,102,108,106\";\nWatuPROSettings[11] = {};\nWatuPRO.qArr = question_ids.split(',');\nWatuPRO.exam_id = 11;\t    \nWatuPRO.post_id = 250;\nWatuPRO.store_progress = 0;\nWatuPRO.curCatPage = 1;\nWatuPRO.requiredIDs=\"0,109,104,105,100,101,103,107,102,108,106\".split(\",\");\nWatuPRO.hAppID = \"0.91417800 1775894251\";\nvar url = \"https:\/\/sisu.ut.ee\/wp-content\/plugins\/watupro\/show_exam.php\";\nWatuPRO.examMode = 1;\nWatuPRO.siteURL=\"https:\/\/sisu.ut.ee\/soomisest-joomisest-informatsioonist\/wp-admin\/admin-ajax.php\";\nWatuPRO.emailIsNotRequired = 0;\nWatuPRO.perDecade = 10;\nWatuPROIntel.init(11);\nWatuPRO.inCategoryPages=1;});    \t \n<\/script>\n\n","protected":false},"excerpt":{"rendered":"","protected":false},"author":9,"featured_media":0,"parent":0,"menu_order":0,"comment_status":"closed","ping_status":"closed","template":"","meta":{"_acf_changed":false,"inline_featured_image":false,"footnotes":""},"class_list":["post-250","page","type-page","status-publish","hentry"],"acf":[],"_links":{"self":[{"href":"https:\/\/sisu.ut.ee\/soomisest-joomisest-informatsioonist\/wp-json\/wp\/v2\/pages\/250","targetHints":{"allow":["GET"]}}],"collection":[{"href":"https:\/\/sisu.ut.ee\/soomisest-joomisest-informatsioonist\/wp-json\/wp\/v2\/pages"}],"about":[{"href":"https:\/\/sisu.ut.ee\/soomisest-joomisest-informatsioonist\/wp-json\/wp\/v2\/types\/page"}],"author":[{"embeddable":true,"href":"https:\/\/sisu.ut.ee\/soomisest-joomisest-informatsioonist\/wp-json\/wp\/v2\/users\/9"}],"replies":[{"embeddable":true,"href":"https:\/\/sisu.ut.ee\/soomisest-joomisest-informatsioonist\/wp-json\/wp\/v2\/comments?post=250"}],"version-history":[{"count":0,"href":"https:\/\/sisu.ut.ee\/soomisest-joomisest-informatsioonist\/wp-json\/wp\/v2\/pages\/250\/revisions"}],"wp:attachment":[{"href":"https:\/\/sisu.ut.ee\/soomisest-joomisest-informatsioonist\/wp-json\/wp\/v2\/media?parent=250"}],"curies":[{"name":"wp","href":"https:\/\/api.w.org\/{rel}","templated":true}]}}