{"id":249,"date":"2024-04-18T13:56:12","date_gmt":"2024-04-18T10:56:12","guid":{"rendered":"https:\/\/sisu.ut.ee\/soomisest-joomisest-informatsioonist\/test-soomise-fusioloogia\/"},"modified":"2024-04-18T13:56:12","modified_gmt":"2024-04-18T10:56:12","slug":"test-soomise-fusioloogia","status":"publish","type":"page","link":"https:\/\/sisu.ut.ee\/soomisest-joomisest-informatsioonist\/test-soomise-fusioloogia\/","title":{"rendered":"TEST: S\u00f6\u00f6mise f\u00fcsioloogia"},"content":{"rendered":"<div id=\"watupro_quiz\" class=\"quiz-area single-page-quiz\">\n<p id=\"submittingExam12\" style=\"display:none;text-align:center;\"><img loading=\"lazy\" decoding=\"async\" src=\"https:\/\/sisu.ut.ee\/wp-content\/plugins\/watupro\/img\/loading.gif\" width=\"16\" height=\"16\"><\/p>\n\n<div class=\"watupro-exam-description\" id=\"description-quiz-12\"><p>Antud test on m\u00f5eldud enesekontrolliks p\u00e4rast video \"S\u00f6\u00f6mise f\u00fcsioloogia\" vaatamist ja \u00f5ppepeat\u00fckkidega tutvumist. Proovi test sooritada 100% peale ja kui ei \u00f5nnestu, siis keskendu \u00f5ppematerjalile uuesti ning lahenda veelkord kuni maksimumpunktid saavutatud.<\/p>\n<\/div>\n\n<form action=\"\" method=\"post\" class=\"quiz-form\" id=\"quiz-12\" enctype=\"multipart\/form-data\">\n<div class=\"watu-question \" id=\"question-1\" style=\";\"><div id=\"questionWrap-1\" class=\"  watupro-required-118 watupro-question-id-118\">\n\t\t\t<div class=\"question-content\"><div><p>S\u00f6\u00f6giisu suurendab:<\/p><\/div><input type=\"hidden\" name=\"question_id[]\" id=\"qID_1\" value=\"118\" class=\"watupro-question-id\"><input type=\"hidden\" id=\"answerType118\" class=\"answerTypeCnt1\" value=\"radio\"><input type=\"hidden\" id=\"watupro-required-question-118\"><!-- end question-content--><\/div><div class=\"question-choices watupro-choices-columns \" id=\"questionChoices118\"><div class=\"watupro-question-choice  \" dir=\"auto\"><input type=\"radio\" name=\"answer-118[]\" id=\"answer-id-615\" class=\"answer   answerof-118 \" value=\"615\"><label for=\"answer-id-615\" id=\"answer-label-615\" class=\" answer\"><span><p>leptiin<\/p><\/span><\/label><\/div><div class=\"watupro-question-choice  \" dir=\"auto\"><input type=\"radio\" name=\"answer-118[]\" id=\"answer-id-614\" class=\"answer   answerof-118 \" value=\"614\"><label for=\"answer-id-614\" id=\"answer-label-614\" class=\" answer\"><span><p>ghreliin<\/p><\/span><\/label><\/div><div class=\"watupro-question-choice  \" dir=\"auto\"><input type=\"radio\" name=\"answer-118[]\" id=\"answer-id-616\" class=\"answer   answerof-118 \" value=\"616\"><label for=\"answer-id-616\" id=\"answer-label-616\" class=\" answer\"><span><p>insuliin<\/p><\/span><\/label><\/div><div class=\"watupro-question-choice  \" dir=\"auto\"><input type=\"radio\" name=\"answer-118[]\" id=\"answer-id-617\" class=\"answer   answerof-118 \" value=\"617\"><label for=\"answer-id-617\" id=\"answer-label-617\" class=\" answer\"><span><p>kolets\u00fcstokiniin<\/p><\/span><\/label><\/div><!-- end question-choices--><\/div><!-- end questionWrap--><\/div><\/div><div class=\"watu-question \" id=\"question-2\" style=\";\"><div id=\"questionWrap-2\" class=\"  watupro-required-115 watupro-question-id-115\">\n\t\t\t<div class=\"question-content\"><div><p>Hiir haistab inimesest paremini, sest tal on:<\/p><\/div><input type=\"hidden\" name=\"question_id[]\" id=\"qID_2\" value=\"115\" class=\"watupro-question-id\"><input type=\"hidden\" id=\"answerType115\" class=\"answerTypeCnt2\" value=\"radio\"><input type=\"hidden\" id=\"watupro-required-question-115\"><!-- end question-content--><\/div><div class=\"question-choices watupro-choices-columns \" id=\"questionChoices115\"><div class=\"watupro-question-choice  \" dir=\"auto\"><input type=\"radio\" name=\"answer-115[]\" id=\"answer-id-603\" class=\"answer   answerof-115 \" value=\"603\"><label for=\"answer-id-603\" id=\"answer-label-603\" class=\" answer\"><span><p>parem n\u00e4gemine<\/p><\/span><\/label><\/div><div class=\"watupro-question-choice  \" dir=\"auto\"><input type=\"radio\" name=\"answer-115[]\" id=\"answer-id-604\" class=\"answer   answerof-115 \" value=\"604\"><label for=\"answer-id-604\" id=\"answer-label-604\" class=\" answer\"><span><p>rohkem rakke haistesibulas<\/p><\/span><\/label><\/div><div class=\"watupro-question-choice  \" dir=\"auto\"><input type=\"radio\" name=\"answer-115[]\" id=\"answer-id-605\" class=\"answer   answerof-115 \" value=\"605\"><label for=\"answer-id-605\" id=\"answer-label-605\" class=\" answer\"><span><p>parem kuulmine<\/p><\/span><\/label><\/div><div class=\"watupro-question-choice  \" dir=\"auto\"><input type=\"radio\" name=\"answer-115[]\" id=\"answer-id-602\" class=\"answer   answerof-115 \" value=\"602\"><label for=\"answer-id-602\" id=\"answer-label-602\" class=\" answer\"><span><p>rohkem haisteretseptoreid<\/p><\/span><\/label><\/div><!-- end question-choices--><\/div><!-- end questionWrap--><\/div><\/div><div class=\"watu-question \" id=\"question-3\" style=\";\"><div id=\"questionWrap-3\" class=\"  watupro-required-119 watupro-question-id-119\">\n\t\t\t<div class=\"question-content\"><div><p>S\u00f6\u00f6giisu v\u00e4hendab:<\/p><\/div><input type=\"hidden\" name=\"question_id[]\" id=\"qID_3\" value=\"119\" class=\"watupro-question-id\"><input type=\"hidden\" id=\"answerType119\" class=\"answerTypeCnt3\" value=\"checkbox\"><input type=\"hidden\" id=\"watupro-required-question-119\"><!-- end question-content--><\/div><div class=\"question-choices watupro-choices-columns \" id=\"questionChoices119\"><div class=\"watupro-question-choice  \" dir=\"auto\"><input type=\"checkbox\" name=\"answer-119[]\" id=\"answer-id-621\" class=\"answer   answerof-119 \" value=\"621\"><label for=\"answer-id-621\" id=\"answer-label-621\" class=\" answer\"><span><p>kolets\u00fcstokiniin<\/p><\/span><\/label><\/div><div class=\"watupro-question-choice  \" dir=\"auto\"><input type=\"checkbox\" name=\"answer-119[]\" id=\"answer-id-618\" class=\"answer   answerof-119 \" value=\"618\"><label for=\"answer-id-618\" id=\"answer-label-618\" class=\" answer\"><span><p>ghreliin<\/p><\/span><\/label><\/div><div class=\"watupro-question-choice  \" dir=\"auto\"><input type=\"checkbox\" name=\"answer-119[]\" id=\"answer-id-619\" class=\"answer   answerof-119 \" value=\"619\"><label for=\"answer-id-619\" id=\"answer-label-619\" class=\" answer\"><span><p>leptiin<\/p><\/span><\/label><\/div><div class=\"watupro-question-choice  \" dir=\"auto\"><input type=\"checkbox\" name=\"answer-119[]\" id=\"answer-id-620\" class=\"answer   answerof-119 \" value=\"620\"><label for=\"answer-id-620\" id=\"answer-label-620\" class=\" answer\"><span><p>insuliin<\/p><\/span><\/label><\/div><!-- end question-choices--><\/div><!-- end questionWrap--><\/div><\/div><div class=\"watu-question \" id=\"question-4\" style=\";\"><div id=\"questionWrap-4\" class=\"  watupro-required-116 watupro-question-id-116\">\n\t\t\t<div class=\"question-content\"><div><p>L\u00f5hnade eristamine toimub:<\/p><\/div><input type=\"hidden\" name=\"question_id[]\" id=\"qID_4\" value=\"116\" class=\"watupro-question-id\"><input type=\"hidden\" id=\"answerType116\" class=\"answerTypeCnt4\" value=\"radio\"><input type=\"hidden\" id=\"watupro-required-question-116\"><!-- end question-content--><\/div><div class=\"question-choices watupro-choices-columns \" id=\"questionChoices116\"><div class=\"watupro-question-choice  \" dir=\"auto\"><input type=\"radio\" name=\"answer-116[]\" id=\"answer-id-610\" class=\"answer   answerof-116 \" value=\"610\"><label for=\"answer-id-610\" id=\"answer-label-610\" class=\" answer\"><span><p>prefrontaalkorteksis<\/p><\/span><\/label><\/div><div class=\"watupro-question-choice  \" dir=\"auto\"><input type=\"radio\" name=\"answer-116[]\" id=\"answer-id-609\" class=\"answer   answerof-116 \" value=\"609\"><label for=\"answer-id-609\" id=\"answer-label-609\" class=\" answer\"><span><p>ajut\u00fcves<\/p><\/span><\/label><\/div><div class=\"watupro-question-choice  \" dir=\"auto\"><input type=\"radio\" name=\"answer-116[]\" id=\"answer-id-606\" class=\"answer   answerof-116 \" value=\"606\"><label for=\"answer-id-606\" id=\"answer-label-606\" class=\" answer\"><span><p>orbitofrontaalkorteksis<\/p><\/span><\/label><\/div><div class=\"watupro-question-choice  \" dir=\"auto\"><input type=\"radio\" name=\"answer-116[]\" id=\"answer-id-607\" class=\"answer   answerof-116 \" value=\"607\"><label for=\"answer-id-607\" id=\"answer-label-607\" class=\" answer\"><span><p>h\u00fcpotalamuses<\/p><\/span><\/label><\/div><div class=\"watupro-question-choice  \" dir=\"auto\"><input type=\"radio\" name=\"answer-116[]\" id=\"answer-id-608\" class=\"answer   answerof-116 \" value=\"608\"><label for=\"answer-id-608\" id=\"answer-label-608\" class=\" answer\"><span><p>hipokampuses<\/p><\/span><\/label><\/div><!-- end question-choices--><\/div><!-- end questionWrap--><\/div><\/div><div class=\"watu-question \" id=\"question-5\" style=\";\"><div id=\"questionWrap-5\" class=\"  watupro-required-110 watupro-question-id-110\">\n\t\t\t<div class=\"question-content\"><div><p>Seedetrakt on vajalik:<\/p><\/div><input type=\"hidden\" name=\"question_id[]\" id=\"qID_5\" value=\"110\" class=\"watupro-question-id\"><input type=\"hidden\" id=\"answerType110\" class=\"answerTypeCnt5\" value=\"checkbox\"><input type=\"hidden\" id=\"watupro-required-question-110\"><!-- end question-content--><\/div><div class=\"question-choices watupro-choices-columns \" id=\"questionChoices110\"><div class=\"watupro-question-choice  \" dir=\"auto\"><input type=\"checkbox\" name=\"answer-110[]\" id=\"answer-id-570\" class=\"answer   answerof-110 \" value=\"570\"><label for=\"answer-id-570\" id=\"answer-label-570\" class=\" answer\"><span><p>toidu transpordiks<\/p><\/span><\/label><\/div><div class=\"watupro-question-choice  \" dir=\"auto\"><input type=\"checkbox\" name=\"answer-110[]\" id=\"answer-id-574\" class=\"answer   answerof-110 \" value=\"574\"><label for=\"answer-id-574\" id=\"answer-label-574\" class=\" answer\"><span><p>seedeens\u00fc\u00fcmide sekretsiooniks<\/p><\/span><\/label><\/div><div class=\"watupro-question-choice  \" dir=\"auto\"><input type=\"checkbox\" name=\"answer-110[]\" id=\"answer-id-571\" class=\"answer   answerof-110 \" value=\"571\"><label for=\"answer-id-571\" id=\"answer-label-571\" class=\" answer\"><span><p>seedimiseks<\/p><\/span><\/label><\/div><div class=\"watupro-question-choice  \" dir=\"auto\"><input type=\"checkbox\" name=\"answer-110[]\" id=\"answer-id-576\" class=\"answer   answerof-110 \" value=\"576\"><label for=\"answer-id-576\" id=\"answer-label-576\" class=\" answer\"><span><p>vereloomeks<\/p><\/span><\/label><\/div><div class=\"watupro-question-choice  \" dir=\"auto\"><input type=\"checkbox\" name=\"answer-110[]\" id=\"answer-id-569\" class=\"answer   answerof-110 \" value=\"569\"><label for=\"answer-id-569\" id=\"answer-label-569\" class=\" answer\"><span><p>toidu neelamiseks<\/p><\/span><\/label><\/div><div class=\"watupro-question-choice  \" dir=\"auto\"><input type=\"checkbox\" name=\"answer-110[]\" id=\"answer-id-575\" class=\"answer   answerof-110 \" value=\"575\"><label for=\"answer-id-575\" id=\"answer-label-575\" class=\" answer\"><span><p>sapi tootmiseks<\/p><\/span><\/label><\/div><div class=\"watupro-question-choice  \" dir=\"auto\"><input type=\"checkbox\" name=\"answer-110[]\" id=\"answer-id-573\" class=\"answer   answerof-110 \" value=\"573\"><label for=\"answer-id-573\" id=\"answer-label-573\" class=\" answer\"><span><p>j\u00e4\u00e4kainete eemaldamiseks kehast<\/p><\/span><\/label><\/div><div class=\"watupro-question-choice  \" dir=\"auto\"><input type=\"checkbox\" name=\"answer-110[]\" id=\"answer-id-572\" class=\"answer   answerof-110 \" value=\"572\"><label for=\"answer-id-572\" id=\"answer-label-572\" class=\" answer\"><span><p>toitainete imendumiseks<\/p><\/span><\/label><\/div><!-- end question-choices--><\/div><!-- end questionWrap--><\/div><\/div><div class=\"watu-question \" id=\"question-6\" style=\";\"><div id=\"questionWrap-6\" class=\"  watupro-required-117 watupro-question-id-117\">\n\t\t\t<div class=\"question-content\"><div><p>H\u00fcpotalamusse tuleb info:<\/p><\/div><input type=\"hidden\" name=\"question_id[]\" id=\"qID_6\" value=\"117\" class=\"watupro-question-id\"><input type=\"hidden\" id=\"answerType117\" class=\"answerTypeCnt6\" value=\"checkbox\"><input type=\"hidden\" id=\"watupro-required-question-117\"><!-- end question-content--><\/div><div class=\"question-choices watupro-choices-columns \" id=\"questionChoices117\"><div class=\"watupro-question-choice  \" dir=\"auto\"><input type=\"checkbox\" name=\"answer-117[]\" id=\"answer-id-612\" class=\"answer   answerof-117 \" value=\"612\"><label for=\"answer-id-612\" id=\"answer-label-612\" class=\" answer\"><span><p>toitainete tasemest veres<\/p><\/span><\/label><\/div><div class=\"watupro-question-choice  \" dir=\"auto\"><input type=\"checkbox\" name=\"answer-117[]\" id=\"answer-id-613\" class=\"answer   answerof-117 \" value=\"613\"><label for=\"answer-id-613\" id=\"answer-label-613\" class=\" answer\"><span><p>erinevatelt hormoonidelt<\/p><\/span><\/label><\/div><div class=\"watupro-question-choice  \" dir=\"auto\"><input type=\"checkbox\" name=\"answer-117[]\" id=\"answer-id-611\" class=\"answer   answerof-117 \" value=\"611\"><label for=\"answer-id-611\" id=\"answer-label-611\" class=\" answer\"><span><p>mao t\u00e4itumise kohta<\/p><\/span><\/label><\/div><!-- end question-choices--><\/div><!-- end questionWrap--><\/div><\/div><div class=\"watu-question \" id=\"question-7\" style=\";\"><div id=\"questionWrap-7\" class=\"  watupro-required-114 watupro-question-id-114\">\n\t\t\t<div class=\"question-content\"><div><p>Kogu maitse informatsiooni juhtimine k\u00e4ib l\u00e4bi:<\/p><\/div><input type=\"hidden\" name=\"question_id[]\" id=\"qID_7\" value=\"114\" class=\"watupro-question-id\"><input type=\"hidden\" id=\"answerType114\" class=\"answerTypeCnt7\" value=\"radio\"><input type=\"hidden\" id=\"watupro-required-question-114\"><!-- end question-content--><\/div><div class=\"question-choices watupro-choices-columns \" id=\"questionChoices114\"><div class=\"watupro-question-choice  \" dir=\"auto\"><input type=\"radio\" name=\"answer-114[]\" id=\"answer-id-597\" class=\"answer   answerof-114 \" value=\"597\"><label for=\"answer-id-597\" id=\"answer-label-597\" class=\" answer\"><span><p>kraniaaln\u00e4rvide<\/p><\/span><\/label><\/div><div class=\"watupro-question-choice  \" dir=\"auto\"><input type=\"radio\" name=\"answer-114[]\" id=\"answer-id-599\" class=\"answer   answerof-114 \" value=\"599\"><label for=\"answer-id-599\" id=\"answer-label-599\" class=\" answer\"><span><p>kilpn\u00e4\u00e4rme<\/p><\/span><\/label><\/div><div class=\"watupro-question-choice  \" dir=\"auto\"><input type=\"radio\" name=\"answer-114[]\" id=\"answer-id-600\" class=\"answer   answerof-114 \" value=\"600\"><label for=\"answer-id-600\" id=\"answer-label-600\" class=\" answer\"><span><p>keele veresoonte<\/p><\/span><\/label><\/div><div class=\"watupro-question-choice  \" dir=\"auto\"><input type=\"radio\" name=\"answer-114[]\" id=\"answer-id-601\" class=\"answer   answerof-114 \" value=\"601\"><label for=\"answer-id-601\" id=\"answer-label-601\" class=\" answer\"><span><p>difusiooni<\/p><\/span><\/label><\/div><div class=\"watupro-question-choice  \" dir=\"auto\"><input type=\"radio\" name=\"answer-114[]\" id=\"answer-id-598\" class=\"answer   answerof-114 \" value=\"598\"><label for=\"answer-id-598\" id=\"answer-label-598\" class=\" answer\"><span><p>l\u00fcmfis\u00f5lmede<\/p><\/span><\/label><\/div><!-- end question-choices--><\/div><!-- end questionWrap--><\/div><\/div><div class=\"watu-question \" id=\"question-8\" style=\";\"><div id=\"questionWrap-8\" class=\"  watupro-required-113 watupro-question-id-113\">\n\t\t\t<div class=\"question-content\"><div><p>G-valk seoselised maitseretseptorid detekteerivad ... maitse:<\/p><\/div><input type=\"hidden\" name=\"question_id[]\" id=\"qID_8\" value=\"113\" class=\"watupro-question-id\"><input type=\"hidden\" id=\"answerType113\" class=\"answerTypeCnt8\" value=\"checkbox\"><input type=\"hidden\" id=\"watupro-required-question-113\"><!-- end question-content--><\/div><div class=\"question-choices watupro-choices-columns \" id=\"questionChoices113\"><div class=\"watupro-question-choice  \" dir=\"auto\"><input type=\"checkbox\" name=\"answer-113[]\" id=\"answer-id-595\" class=\"answer   answerof-113 \" value=\"595\"><label for=\"answer-id-595\" id=\"answer-label-595\" class=\" answer\"><span><p>hapu<\/p><\/span><\/label><\/div><div class=\"watupro-question-choice  \" dir=\"auto\"><input type=\"checkbox\" name=\"answer-113[]\" id=\"answer-id-596\" class=\"answer   answerof-113 \" value=\"596\"><label for=\"answer-id-596\" id=\"answer-label-596\" class=\" answer\"><span><p>soolase<\/p><\/span><\/label><\/div><div class=\"watupro-question-choice  \" dir=\"auto\"><input type=\"checkbox\" name=\"answer-113[]\" id=\"answer-id-592\" class=\"answer   answerof-113 \" value=\"592\"><label for=\"answer-id-592\" id=\"answer-label-592\" class=\" answer\"><span><p>m\u00f5ru<\/p><\/span><\/label><\/div><div class=\"watupro-question-choice  \" dir=\"auto\"><input type=\"checkbox\" name=\"answer-113[]\" id=\"answer-id-594\" class=\"answer   answerof-113 \" value=\"594\"><label for=\"answer-id-594\" id=\"answer-label-594\" class=\" answer\"><span><p>umami<\/p><\/span><\/label><\/div><div class=\"watupro-question-choice  \" dir=\"auto\"><input type=\"checkbox\" name=\"answer-113[]\" id=\"answer-id-591\" class=\"answer   answerof-113 \" value=\"591\"><label for=\"answer-id-591\" id=\"answer-label-591\" class=\" answer\"><span><p>magusa<\/p><\/span><\/label><\/div><div class=\"watupro-question-choice  \" dir=\"auto\"><input type=\"checkbox\" name=\"answer-113[]\" id=\"answer-id-593\" class=\"answer   answerof-113 \" value=\"593\"><label for=\"answer-id-593\" id=\"answer-label-593\" class=\" answer\"><span><p>rasvase<\/p><\/span><\/label><\/div><!-- end question-choices--><\/div><!-- end questionWrap--><\/div><\/div><div class=\"watu-question \" id=\"question-9\" style=\";\"><div id=\"questionWrap-9\" class=\"  watupro-required-112 watupro-question-id-112\">\n\t\t\t<div class=\"question-content\"><div><p>Umami maitse tuleneb:<\/p><\/div><input type=\"hidden\" name=\"question_id[]\" id=\"qID_9\" value=\"112\" class=\"watupro-question-id\"><input type=\"hidden\" id=\"answerType112\" class=\"answerTypeCnt9\" value=\"radio\"><input type=\"hidden\" id=\"watupro-required-question-112\"><!-- end question-content--><\/div><div class=\"question-choices watupro-choices-columns \" id=\"questionChoices112\"><div class=\"watupro-question-choice  \" dir=\"auto\"><input type=\"radio\" name=\"answer-112[]\" id=\"answer-id-590\" class=\"answer   answerof-112 \" value=\"590\"><label for=\"answer-id-590\" id=\"answer-label-590\" class=\" answer\"><span><p>s\u00fcsivesinikest<\/p><\/span><\/label><\/div><div class=\"watupro-question-choice  \" dir=\"auto\"><input type=\"radio\" name=\"answer-112[]\" id=\"answer-id-583\" class=\"answer   answerof-112 \" value=\"583\"><label for=\"answer-id-583\" id=\"answer-label-583\" class=\" answer\"><span><p>aminohappest glutamaat<\/p><\/span><\/label><\/div><div class=\"watupro-question-choice  \" dir=\"auto\"><input type=\"radio\" name=\"answer-112[]\" id=\"answer-id-584\" class=\"answer   answerof-112 \" value=\"584\"><label for=\"answer-id-584\" id=\"answer-label-584\" class=\" answer\"><span><p>rasvhapetest<\/p><\/span><\/label><\/div><div class=\"watupro-question-choice  \" dir=\"auto\"><input type=\"radio\" name=\"answer-112[]\" id=\"answer-id-587\" class=\"answer   answerof-112 \" value=\"587\"><label for=\"answer-id-587\" id=\"answer-label-587\" class=\" answer\"><span><p>makrobioelementidest<\/p><\/span><\/label><\/div><div class=\"watupro-question-choice  \" dir=\"auto\"><input type=\"radio\" name=\"answer-112[]\" id=\"answer-id-589\" class=\"answer   answerof-112 \" value=\"589\"><label for=\"answer-id-589\" id=\"answer-label-589\" class=\" answer\"><span><p>s\u00fcsivesikutest<\/p><\/span><\/label><\/div><div class=\"watupro-question-choice  \" dir=\"auto\"><input type=\"radio\" name=\"answer-112[]\" id=\"answer-id-586\" class=\"answer   answerof-112 \" value=\"586\"><label for=\"answer-id-586\" id=\"answer-label-586\" class=\" answer\"><span><p>trigl\u00fctseriididest<\/p><\/span><\/label><\/div><div class=\"watupro-question-choice  \" dir=\"auto\"><input type=\"radio\" name=\"answer-112[]\" id=\"answer-id-585\" class=\"answer   answerof-112 \" value=\"585\"><label for=\"answer-id-585\" id=\"answer-label-585\" class=\" answer\"><span><p>kolesteroolist<\/p><\/span><\/label><\/div><div class=\"watupro-question-choice  \" dir=\"auto\"><input type=\"radio\" name=\"answer-112[]\" id=\"answer-id-588\" class=\"answer   answerof-112 \" value=\"588\"><label for=\"answer-id-588\" id=\"answer-label-588\" class=\" answer\"><span><p>mikrobioelementidest<\/p><\/span><\/label><\/div><!-- end question-choices--><\/div><!-- end questionWrap--><\/div><\/div><div class=\"watu-question \" id=\"question-10\" style=\";\"><div id=\"questionWrap-10\" class=\"  watupro-required-111 watupro-question-id-111\">\n\t\t\t<div class=\"question-content\"><div><p>Keele maitsev\u00e4ljad\/maitsesensorid on:<\/p><\/div><input type=\"hidden\" name=\"question_id[]\" id=\"qID_10\" value=\"111\" class=\"watupro-question-id\"><input type=\"hidden\" id=\"answerType111\" class=\"answerTypeCnt10\" value=\"checkbox\"><input type=\"hidden\" id=\"watupro-required-question-111\"><!-- end question-content--><\/div><div class=\"question-choices watupro-choices-columns \" id=\"questionChoices111\"><div class=\"watupro-question-choice  \" dir=\"auto\"><input type=\"checkbox\" name=\"answer-111[]\" id=\"answer-id-579\" class=\"answer   answerof-111 \" value=\"579\"><label for=\"answer-id-579\" id=\"answer-label-579\" class=\" answer\"><span><p>magus<\/p><\/span><\/label><\/div><div class=\"watupro-question-choice  \" dir=\"auto\"><input type=\"checkbox\" name=\"answer-111[]\" id=\"answer-id-577\" class=\"answer   answerof-111 \" value=\"577\"><label for=\"answer-id-577\" id=\"answer-label-577\" class=\" answer\"><span><p>hapu<\/p><\/span><\/label><\/div><div class=\"watupro-question-choice  \" dir=\"auto\"><input type=\"checkbox\" name=\"answer-111[]\" id=\"answer-id-578\" class=\"answer   answerof-111 \" value=\"578\"><label for=\"answer-id-578\" id=\"answer-label-578\" class=\" answer\"><span><p>m\u00f5ru<\/p><\/span><\/label><\/div><div class=\"watupro-question-choice  \" dir=\"auto\"><input type=\"checkbox\" name=\"answer-111[]\" id=\"answer-id-581\" class=\"answer   answerof-111 \" value=\"581\"><label for=\"answer-id-581\" id=\"answer-label-581\" class=\" answer\"><span><p>rasvane<\/p><\/span><\/label><\/div><div class=\"watupro-question-choice  \" dir=\"auto\"><input type=\"checkbox\" name=\"answer-111[]\" id=\"answer-id-582\" class=\"answer   answerof-111 \" value=\"582\"><label for=\"answer-id-582\" id=\"answer-label-582\" class=\" answer\"><span><p>umami<\/p><\/span><\/label><\/div><div class=\"watupro-question-choice  \" dir=\"auto\"><input type=\"checkbox\" name=\"answer-111[]\" id=\"answer-id-580\" class=\"answer   answerof-111 \" value=\"580\"><label for=\"answer-id-580\" id=\"answer-label-580\" class=\" answer\"><span><p>soolane<\/p><\/span><\/label><\/div><!-- end question-choices--><\/div><!-- end questionWrap--><\/div><\/div><div style=\"display:none\" id=\"question-11\">\n\t<div class=\"question-content\">\n\t\t<img loading=\"lazy\" decoding=\"async\" src=\"https:\/\/sisu.ut.ee\/wp-content\/plugins\/watupro\/img\/loading.gif\" width=\"16\" height=\"16\" alt=\"Loading...\" title=\"Loading...\">\u00a0Loading...\t<\/div>\n<\/div>\n\n<br>\n\t\n\t\t\t<div class=\"watupro_buttons flex \" id=\"watuPROButtons12\">\n\t\t  <div id=\"prev-question\" style=\"display:none;\"><input type=\"button\" value=\"&lt; Previous\" onclick=\"WatuPRO.nextQuestion(event, 'previous');\"><\/div>\t\t  \t\t  \t\t   \n\t\t   \t  \t\t<div><input type=\"button\" name=\"action\" class=\"watupro-submit-button\" onclick=\"WatuPRO.submitResult(event)\" id=\"action-button\" value=\"View Results\">\n\t\t<\/div>\n\t\t<\/div>\n\t\t\n\t<input type=\"hidden\" name=\"quiz_id\" value=\"12\" id=\"watuPROExamID\">\n\t<input type=\"hidden\" name=\"start_time\" id=\"startTime\" value=\"2026-04-11 08:19:27\">\n\t<input type=\"hidden\" name=\"start_timestamp\" id=\"startTimeStamp\" value=\"1775895567\">\n\t<input type=\"hidden\" name=\"question_ids\" value=\"\">\n\t<input type=\"hidden\" name=\"watupro_questions\" value=\"118:615,614,616,617 | 115:603,604,605,602 | 119:621,618,619,620 | 116:610,609,606,607,608 | 110:570,574,571,576,569,575,573,572 | 117:612,613,611 | 114:597,599,600,601,598 | 113:595,596,592,594,591,593 | 112:590,583,584,587,589,586,585,588 | 111:579,577,578,581,582,580\">\n\t<input type=\"hidden\" name=\"no_ajax\" value=\"0\">\t\t\t<\/form>\n\t<p>\u00a0<\/p>\n<\/div>\n\n<script type=\"text\/javascript\">\n\/\/jQuery(document).ready(function(){\ndocument.addEventListener(\"DOMContentLoaded\", function(event) { \t\nvar question_ids = \"118,115,119,116,110,117,114,113,112,111\";\nWatuPROSettings[12] = {};\nWatuPRO.qArr = question_ids.split(',');\nWatuPRO.exam_id = 12;\t    \nWatuPRO.post_id = 249;\nWatuPRO.store_progress = 0;\nWatuPRO.curCatPage = 1;\nWatuPRO.requiredIDs=\"0,118,115,119,116,110,117,114,113,112,111\".split(\",\");\nWatuPRO.hAppID = \"0.40842800 1775884767\";\nvar url = \"https:\/\/sisu.ut.ee\/wp-content\/plugins\/watupro\/show_exam.php\";\nWatuPRO.examMode = 1;\nWatuPRO.siteURL=\"https:\/\/sisu.ut.ee\/soomisest-joomisest-informatsioonist\/wp-admin\/admin-ajax.php\";\nWatuPRO.emailIsNotRequired = 0;\nWatuPRO.perDecade = 10;\nWatuPROIntel.init(12);\nWatuPRO.inCategoryPages=1;});    \t \n<\/script>\n\n","protected":false},"excerpt":{"rendered":"","protected":false},"author":9,"featured_media":0,"parent":0,"menu_order":0,"comment_status":"closed","ping_status":"closed","template":"","meta":{"_acf_changed":false,"inline_featured_image":false,"footnotes":""},"class_list":["post-249","page","type-page","status-publish","hentry"],"acf":[],"_links":{"self":[{"href":"https:\/\/sisu.ut.ee\/soomisest-joomisest-informatsioonist\/wp-json\/wp\/v2\/pages\/249","targetHints":{"allow":["GET"]}}],"collection":[{"href":"https:\/\/sisu.ut.ee\/soomisest-joomisest-informatsioonist\/wp-json\/wp\/v2\/pages"}],"about":[{"href":"https:\/\/sisu.ut.ee\/soomisest-joomisest-informatsioonist\/wp-json\/wp\/v2\/types\/page"}],"author":[{"embeddable":true,"href":"https:\/\/sisu.ut.ee\/soomisest-joomisest-informatsioonist\/wp-json\/wp\/v2\/users\/9"}],"replies":[{"embeddable":true,"href":"https:\/\/sisu.ut.ee\/soomisest-joomisest-informatsioonist\/wp-json\/wp\/v2\/comments?post=249"}],"version-history":[{"count":0,"href":"https:\/\/sisu.ut.ee\/soomisest-joomisest-informatsioonist\/wp-json\/wp\/v2\/pages\/249\/revisions"}],"wp:attachment":[{"href":"https:\/\/sisu.ut.ee\/soomisest-joomisest-informatsioonist\/wp-json\/wp\/v2\/media?parent=249"}],"curies":[{"name":"wp","href":"https:\/\/api.w.org\/{rel}","templated":true}]}}