{"id":246,"date":"2024-04-18T13:54:55","date_gmt":"2024-04-18T10:54:55","guid":{"rendered":"https:\/\/sisu.ut.ee\/soomisest-joomisest-informatsioonist\/test-vesi\/"},"modified":"2024-04-18T13:54:55","modified_gmt":"2024-04-18T10:54:55","slug":"test-vesi","status":"publish","type":"page","link":"https:\/\/sisu.ut.ee\/soomisest-joomisest-informatsioonist\/test-vesi\/","title":{"rendered":"TEST: Vesi"},"content":{"rendered":"<div id=\"watupro_quiz\" class=\"quiz-area single-page-quiz\">\n<p id=\"submittingExam15\" style=\"display:none;text-align:center;\"><img loading=\"lazy\" decoding=\"async\" src=\"https:\/\/sisu.ut.ee\/wp-content\/plugins\/watupro\/img\/loading.gif\" width=\"16\" height=\"16\"><\/p>\n\n<div class=\"watupro-exam-description\" id=\"description-quiz-15\"><p>Antud test on m\u00f5eldud enesekontrolliks p\u00e4rast video \"Vesi\" vaatamist ja \u00f5ppepeat\u00fckkidega tutvumist. Proovi test sooritada 100% peale ja kui ei \u00f5nnestu, siis keskendu \u00f5ppematerjalile uuesti ning lahenda veelkord kuni maksimumpunktid saavutatud.<\/p>\n<\/div>\n\n<form action=\"\" method=\"post\" class=\"quiz-form\" id=\"quiz-15\" enctype=\"multipart\/form-data\">\n<div class=\"watu-question \" id=\"question-1\" style=\";\"><div id=\"questionWrap-1\" class=\"  watupro-required-139 watupro-question-id-139\">\n\t\t\t<div class=\"question-content\"><div><p>Organismis paikneb enamik veest:<\/p><\/div><input type=\"hidden\" name=\"question_id[]\" id=\"qID_1\" value=\"139\" class=\"watupro-question-id\"><input type=\"hidden\" id=\"answerType139\" class=\"answerTypeCnt1\" value=\"radio\"><input type=\"hidden\" id=\"watupro-required-question-139\"><!-- end question-content--><\/div><div class=\"question-choices watupro-choices-columns \" id=\"questionChoices139\"><div class=\"watupro-question-choice  \" dir=\"auto\"><input type=\"radio\" name=\"answer-139[]\" id=\"answer-id-731\" class=\"answer   answerof-139 \" value=\"731\"><label for=\"answer-id-731\" id=\"answer-label-731\" class=\" answer\"><span><p>intratsellulaarselt<\/p><\/span><\/label><\/div><div class=\"watupro-question-choice  \" dir=\"auto\"><input type=\"radio\" name=\"answer-139[]\" id=\"answer-id-730\" class=\"answer   answerof-139 \" value=\"730\"><label for=\"answer-id-730\" id=\"answer-label-730\" class=\" answer\"><span><p>ekstratsellulaarselt<\/p><\/span><\/label><\/div><!-- end question-choices--><\/div><!-- end questionWrap--><\/div><\/div><div class=\"watu-question \" id=\"question-2\" style=\";\"><div id=\"questionWrap-2\" class=\"  watupro-required-131 watupro-question-id-131\">\n\t\t\t<div class=\"question-content\"><div><p>Lihaskrampide t\u00fc\u00fcpiline p\u00f5hjus on:<\/p><\/div><input type=\"hidden\" name=\"question_id[]\" id=\"qID_2\" value=\"131\" class=\"watupro-question-id\"><input type=\"hidden\" id=\"answerType131\" class=\"answerTypeCnt2\" value=\"checkbox\"><input type=\"hidden\" id=\"watupro-required-question-131\"><!-- end question-content--><\/div><div class=\"question-choices watupro-choices-columns \" id=\"questionChoices131\"><div class=\"watupro-question-choice  \" dir=\"auto\"><input type=\"checkbox\" name=\"answer-131[]\" id=\"answer-id-685\" class=\"answer   answerof-131 \" value=\"685\"><label for=\"answer-id-685\" id=\"answer-label-685\" class=\" answer\"><span><p>s\u00fcsivesikute liigsus<\/p><\/span><\/label><\/div><div class=\"watupro-question-choice  \" dir=\"auto\"><input type=\"checkbox\" name=\"answer-131[]\" id=\"answer-id-688\" class=\"answer   answerof-131 \" value=\"688\"><label for=\"answer-id-688\" id=\"answer-label-688\" class=\" answer\"><span><p>melaniini puudus<\/p><\/span><\/label><\/div><div class=\"watupro-question-choice  \" dir=\"auto\"><input type=\"checkbox\" name=\"answer-131[]\" id=\"answer-id-686\" class=\"answer   answerof-131 \" value=\"686\"><label for=\"answer-id-686\" id=\"answer-label-686\" class=\" answer\"><span><p>rasvade liigsus<\/p><\/span><\/label><\/div><div class=\"watupro-question-choice  \" dir=\"auto\"><input type=\"checkbox\" name=\"answer-131[]\" id=\"answer-id-687\" class=\"answer   answerof-131 \" value=\"687\"><label for=\"answer-id-687\" id=\"answer-label-687\" class=\" answer\"><span><p>valkude liigsus<\/p><\/span><\/label><\/div><div class=\"watupro-question-choice  \" dir=\"auto\"><input type=\"checkbox\" name=\"answer-131[]\" id=\"answer-id-684\" class=\"answer   answerof-131 \" value=\"684\"><label for=\"answer-id-684\" id=\"answer-label-684\" class=\" answer\"><span><p>teatud mineraalainete puudus<\/p><\/span><\/label><\/div><div class=\"watupro-question-choice  \" dir=\"auto\"><input type=\"checkbox\" name=\"answer-131[]\" id=\"answer-id-683\" class=\"answer   answerof-131 \" value=\"683\"><label for=\"answer-id-683\" id=\"answer-label-683\" class=\" answer\"><span><p>veepuudus<\/p><\/span><\/label><\/div><!-- end question-choices--><\/div><!-- end questionWrap--><\/div><\/div><div class=\"watu-question \" id=\"question-3\" style=\";\"><div id=\"questionWrap-3\" class=\"  watupro-required-137 watupro-question-id-137\">\n\t\t\t<div class=\"question-content\"><div><p>Tugevalt happeliste toitude s\u00f6\u00f6mine:<\/p><\/div><input type=\"hidden\" name=\"question_id[]\" id=\"qID_3\" value=\"137\" class=\"watupro-question-id\"><input type=\"hidden\" id=\"answerType137\" class=\"answerTypeCnt3\" value=\"radio\"><input type=\"hidden\" id=\"watupro-required-question-137\"><!-- end question-content--><\/div><div class=\"question-choices watupro-choices-columns \" id=\"questionChoices137\"><div class=\"watupro-question-choice  \" dir=\"auto\"><input type=\"radio\" name=\"answer-137[]\" id=\"answer-id-720\" class=\"answer   answerof-137 \" value=\"720\"><label for=\"answer-id-720\" id=\"answer-label-720\" class=\" answer\"><span><p>langetab vereplasma pH-d<\/p><\/span><\/label><\/div><div class=\"watupro-question-choice  \" dir=\"auto\"><input type=\"radio\" name=\"answer-137[]\" id=\"answer-id-722\" class=\"answer   answerof-137 \" value=\"722\"><label for=\"answer-id-722\" id=\"answer-label-722\" class=\" answer\"><span><p>aitab j\u00e4rgmisel p\u00e4eval p\u00e4rast liigset alkoholitarbimist halba enesetunnet leevendada<\/p><\/span><\/label><\/div><div class=\"watupro-question-choice  \" dir=\"auto\"><input type=\"radio\" name=\"answer-137[]\" id=\"answer-id-721\" class=\"answer   answerof-137 \" value=\"721\"><label for=\"answer-id-721\" id=\"answer-label-721\" class=\" answer\"><span><p>indutseerib vastureaktsioonina vereplasma pH t\u00f5usu<\/p><\/span><\/label><\/div><div class=\"watupro-question-choice  \" dir=\"auto\"><input type=\"radio\" name=\"answer-137[]\" id=\"answer-id-723\" class=\"answer   answerof-137 \" value=\"723\"><label for=\"answer-id-723\" id=\"answer-label-723\" class=\" answer\"><span><p>ei suuda \u00fcldse muuta vereplasma pH-d<\/p><\/span><\/label><\/div><!-- end question-choices--><\/div><!-- end questionWrap--><\/div><\/div><div class=\"watu-question \" id=\"question-4\" style=\";\"><div id=\"questionWrap-4\" class=\"  watupro-required-132 watupro-question-id-132\">\n\t\t\t<div class=\"question-content\"><div><p>Ligikaudu mitu ml vett vajab inimene kg kehakaalu kohta tavaolekus \u00f6\u00f6p\u00e4evas?<\/p><\/div><input type=\"hidden\" name=\"question_id[]\" id=\"qID_4\" value=\"132\" class=\"watupro-question-id\"><input type=\"hidden\" id=\"answerType132\" class=\"answerTypeCnt4\" value=\"radio\"><input type=\"hidden\" id=\"watupro-required-question-132\"><!-- end question-content--><\/div><div class=\"question-choices watupro-choices-columns \" id=\"questionChoices132\"><div class=\"watupro-question-choice  \" dir=\"auto\"><input type=\"radio\" name=\"answer-132[]\" id=\"answer-id-689\" class=\"answer   answerof-132 \" value=\"689\"><label for=\"answer-id-689\" id=\"answer-label-689\" class=\" answer\"><span><p>12<\/p><\/span><\/label><\/div><div class=\"watupro-question-choice  \" dir=\"auto\"><input type=\"radio\" name=\"answer-132[]\" id=\"answer-id-690\" class=\"answer   answerof-132 \" value=\"690\"><label for=\"answer-id-690\" id=\"answer-label-690\" class=\" answer\"><span><p>22<\/p><\/span><\/label><\/div><div class=\"watupro-question-choice  \" dir=\"auto\"><input type=\"radio\" name=\"answer-132[]\" id=\"answer-id-691\" class=\"answer   answerof-132 \" value=\"691\"><label for=\"answer-id-691\" id=\"answer-label-691\" class=\" answer\"><span><p>32<\/p><\/span><\/label><\/div><div class=\"watupro-question-choice  \" dir=\"auto\"><input type=\"radio\" name=\"answer-132[]\" id=\"answer-id-692\" class=\"answer   answerof-132 \" value=\"692\"><label for=\"answer-id-692\" id=\"answer-label-692\" class=\" answer\"><span><p>42<\/p><\/span><\/label><\/div><div class=\"watupro-question-choice  \" dir=\"auto\"><input type=\"radio\" name=\"answer-132[]\" id=\"answer-id-693\" class=\"answer   answerof-132 \" value=\"693\"><label for=\"answer-id-693\" id=\"answer-label-693\" class=\" answer\"><span><p>52<\/p><\/span><\/label><\/div><div class=\"watupro-question-choice  \" dir=\"auto\"><input type=\"radio\" name=\"answer-132[]\" id=\"answer-id-694\" class=\"answer   answerof-132 \" value=\"694\"><label for=\"answer-id-694\" id=\"answer-label-694\" class=\" answer\"><span><p>62<\/p><\/span><\/label><\/div><div class=\"watupro-question-choice  \" dir=\"auto\"><input type=\"radio\" name=\"answer-132[]\" id=\"answer-id-695\" class=\"answer   answerof-132 \" value=\"695\"><label for=\"answer-id-695\" id=\"answer-label-695\" class=\" answer\"><span><p>72<\/p><\/span><\/label><\/div><div class=\"watupro-question-choice  \" dir=\"auto\"><input type=\"radio\" name=\"answer-132[]\" id=\"answer-id-696\" class=\"answer   answerof-132 \" value=\"696\"><label for=\"answer-id-696\" id=\"answer-label-696\" class=\" answer\"><span><p>82<\/p><\/span><\/label><\/div><div class=\"watupro-question-choice  \" dir=\"auto\"><input type=\"radio\" name=\"answer-132[]\" id=\"answer-id-697\" class=\"answer   answerof-132 \" value=\"697\"><label for=\"answer-id-697\" id=\"answer-label-697\" class=\" answer\"><span><p>92<\/p><\/span><\/label><\/div><div class=\"watupro-question-choice  \" dir=\"auto\"><input type=\"radio\" name=\"answer-132[]\" id=\"answer-id-698\" class=\"answer   answerof-132 \" value=\"698\"><label for=\"answer-id-698\" id=\"answer-label-698\" class=\" answer\"><span><p>112<\/p><\/span><\/label><\/div><!-- end question-choices--><\/div><!-- end questionWrap--><\/div><\/div><div class=\"watu-question \" id=\"question-5\" style=\";\"><div id=\"questionWrap-5\" class=\"  watupro-required-130 watupro-question-id-130\">\n\t\t\t<div class=\"question-content\"><div><p>Luudes on vett ligikaudu:<\/p><\/div><input type=\"hidden\" name=\"question_id[]\" id=\"qID_5\" value=\"130\" class=\"watupro-question-id\"><input type=\"hidden\" id=\"answerType130\" class=\"answerTypeCnt5\" value=\"radio\"><input type=\"hidden\" id=\"watupro-required-question-130\"><!-- end question-content--><\/div><div class=\"question-choices watupro-choices-columns \" id=\"questionChoices130\"><div class=\"watupro-question-choice  \" dir=\"auto\"><input type=\"radio\" name=\"answer-130[]\" id=\"answer-id-679\" class=\"answer   answerof-130 \" value=\"679\"><label for=\"answer-id-679\" id=\"answer-label-679\" class=\" answer\"><span><p>2%<\/p><\/span><\/label><\/div><div class=\"watupro-question-choice  \" dir=\"auto\"><input type=\"radio\" name=\"answer-130[]\" id=\"answer-id-680\" class=\"answer   answerof-130 \" value=\"680\"><label for=\"answer-id-680\" id=\"answer-label-680\" class=\" answer\"><span><p>20%<\/p><\/span><\/label><\/div><div class=\"watupro-question-choice  \" dir=\"auto\"><input type=\"radio\" name=\"answer-130[]\" id=\"answer-id-681\" class=\"answer   answerof-130 \" value=\"681\"><label for=\"answer-id-681\" id=\"answer-label-681\" class=\" answer\"><span><p>60%<\/p><\/span><\/label><\/div><div class=\"watupro-question-choice  \" dir=\"auto\"><input type=\"radio\" name=\"answer-130[]\" id=\"answer-id-682\" class=\"answer   answerof-130 \" value=\"682\"><label for=\"answer-id-682\" id=\"answer-label-682\" class=\" answer\"><span><p>98%<\/p><\/span><\/label><\/div><!-- end question-choices--><\/div><!-- end questionWrap--><\/div><\/div><div class=\"watu-question \" id=\"question-6\" style=\";\"><div id=\"questionWrap-6\" class=\"  watupro-required-135 watupro-question-id-135\">\n\t\t\t<div class=\"question-content\"><div><p>H\u00fcdrofiilne aine:<\/p><\/div><input type=\"hidden\" name=\"question_id[]\" id=\"qID_6\" value=\"135\" class=\"watupro-question-id\"><input type=\"hidden\" id=\"answerType135\" class=\"answerTypeCnt6\" value=\"radio\"><input type=\"hidden\" id=\"watupro-required-question-135\"><!-- end question-content--><\/div><div class=\"question-choices watupro-choices-columns \" id=\"questionChoices135\"><div class=\"watupro-question-choice  \" dir=\"auto\"><input type=\"radio\" name=\"answer-135[]\" id=\"answer-id-710\" class=\"answer   answerof-135 \" value=\"710\"><label for=\"answer-id-710\" id=\"answer-label-710\" class=\" answer\"><span><p>lahustub vees<\/p><\/span><\/label><\/div><div class=\"watupro-question-choice  \" dir=\"auto\"><input type=\"radio\" name=\"answer-135[]\" id=\"answer-id-712\" class=\"answer   answerof-135 \" value=\"712\"><label for=\"answer-id-712\" id=\"answer-label-712\" class=\" answer\"><span><p>lahustub koens\u00fc\u00fcmis<\/p><\/span><\/label><\/div><div class=\"watupro-question-choice  \" dir=\"auto\"><input type=\"radio\" name=\"answer-135[]\" id=\"answer-id-711\" class=\"answer   answerof-135 \" value=\"711\"><label for=\"answer-id-711\" id=\"answer-label-711\" class=\" answer\"><span><p>ei lahustu vees<\/p><\/span><\/label><\/div><!-- end question-choices--><\/div><!-- end questionWrap--><\/div><\/div><div class=\"watu-question \" id=\"question-7\" style=\";\"><div id=\"questionWrap-7\" class=\"  watupro-required-133 watupro-question-id-133\">\n\t\t\t<div class=\"question-content\"><div><p>Vesi imendub p\u00f5hiliselt:<\/p><\/div><input type=\"hidden\" name=\"question_id[]\" id=\"qID_7\" value=\"133\" class=\"watupro-question-id\"><input type=\"hidden\" id=\"answerType133\" class=\"answerTypeCnt7\" value=\"radio\"><input type=\"hidden\" id=\"watupro-required-question-133\"><!-- end question-content--><\/div><div class=\"question-choices watupro-choices-columns \" id=\"questionChoices133\"><div class=\"watupro-question-choice  \" dir=\"auto\"><input type=\"radio\" name=\"answer-133[]\" id=\"answer-id-702\" class=\"answer   answerof-133 \" value=\"702\"><label for=\"answer-id-702\" id=\"answer-label-702\" class=\" answer\"><span><p>maksast<\/p><\/span><\/label><\/div><div class=\"watupro-question-choice  \" dir=\"auto\"><input type=\"radio\" name=\"answer-133[]\" id=\"answer-id-705\" class=\"answer   answerof-133 \" value=\"705\"><label for=\"answer-id-705\" id=\"answer-label-705\" class=\" answer\"><span><p>peen- ja j\u00e4mesoolest<\/p><\/span><\/label><\/div><div class=\"watupro-question-choice  \" dir=\"auto\"><input type=\"radio\" name=\"answer-133[]\" id=\"answer-id-704\" class=\"answer   answerof-133 \" value=\"704\"><label for=\"answer-id-704\" id=\"answer-label-704\" class=\" answer\"><span><p>t\u00fchisoolest<\/p><\/span><\/label><\/div><div class=\"watupro-question-choice  \" dir=\"auto\"><input type=\"radio\" name=\"answer-133[]\" id=\"answer-id-703\" class=\"answer   answerof-133 \" value=\"703\"><label for=\"answer-id-703\" id=\"answer-label-703\" class=\" answer\"><span><p>maost<\/p><\/span><\/label><\/div><div class=\"watupro-question-choice  \" dir=\"auto\"><input type=\"radio\" name=\"answer-133[]\" id=\"answer-id-699\" class=\"answer   answerof-133 \" value=\"699\"><label for=\"answer-id-699\" id=\"answer-label-699\" class=\" answer\"><span><p>suu\u00f5\u00f5nest<\/p><\/span><\/label><\/div><div class=\"watupro-question-choice  \" dir=\"auto\"><input type=\"radio\" name=\"answer-133[]\" id=\"answer-id-700\" class=\"answer   answerof-133 \" value=\"700\"><label for=\"answer-id-700\" id=\"answer-label-700\" class=\" answer\"><span><p>neelust<\/p><\/span><\/label><\/div><div class=\"watupro-question-choice  \" dir=\"auto\"><input type=\"radio\" name=\"answer-133[]\" id=\"answer-id-701\" class=\"answer   answerof-133 \" value=\"701\"><label for=\"answer-id-701\" id=\"answer-label-701\" class=\" answer\"><span><p>s\u00f6\u00f6gitorust<\/p><\/span><\/label><\/div><!-- end question-choices--><\/div><!-- end questionWrap--><\/div><\/div><div class=\"watu-question \" id=\"question-8\" style=\";\"><div id=\"questionWrap-8\" class=\"  watupro-required-138 watupro-question-id-138\">\n\t\t\t<div class=\"question-content\"><div><p>vee biofunktsioonideks raku tasandil on:<\/p><\/div><input type=\"hidden\" name=\"question_id[]\" id=\"qID_8\" value=\"138\" class=\"watupro-question-id\"><input type=\"hidden\" id=\"answerType138\" class=\"answerTypeCnt8\" value=\"checkbox\"><input type=\"hidden\" id=\"watupro-required-question-138\"><!-- end question-content--><\/div><div class=\"question-choices watupro-choices-columns \" id=\"questionChoices138\"><div class=\"watupro-question-choice  \" dir=\"auto\"><input type=\"checkbox\" name=\"answer-138[]\" id=\"answer-id-727\" class=\"answer   answerof-138 \" value=\"727\"><label for=\"answer-id-727\" id=\"answer-label-727\" class=\" answer\"><span><p>j\u00e4\u00e4kainete rakust v\u00e4ljutamine<\/p><\/span><\/label><\/div><div class=\"watupro-question-choice  \" dir=\"auto\"><input type=\"checkbox\" name=\"answer-138[]\" id=\"answer-id-729\" class=\"answer   answerof-138 \" value=\"729\"><label for=\"answer-id-729\" id=\"answer-label-729\" class=\" answer\"><span><p>Na<sup>+<\/sup>\/K<sup>+<\/sup> t\u00f6\u00f6 tagamine<\/p><\/span><\/label><\/div><div class=\"watupro-question-choice  \" dir=\"auto\"><input type=\"checkbox\" name=\"answer-138[]\" id=\"answer-id-728\" class=\"answer   answerof-138 \" value=\"728\"><label for=\"answer-id-728\" id=\"answer-label-728\" class=\" answer\"><span><p>n\u00e4rviimpulsside \u00fclekanne<\/p><\/span><\/label><\/div><div class=\"watupro-question-choice  \" dir=\"auto\"><input type=\"checkbox\" name=\"answer-138[]\" id=\"answer-id-724\" class=\"answer   answerof-138 \" value=\"724\"><label for=\"answer-id-724\" id=\"answer-label-724\" class=\" answer\"><span><p>turgori tagamine<\/p><\/span><\/label><\/div><div class=\"watupro-question-choice  \" dir=\"auto\"><input type=\"checkbox\" name=\"answer-138[]\" id=\"answer-id-725\" class=\"answer   answerof-138 \" value=\"725\"><label for=\"answer-id-725\" id=\"answer-label-725\" class=\" answer\"><span><p>kaitseb rakke \u00fclekuumenemise ja mahajahtumise eest<\/p><\/span><\/label><\/div><div class=\"watupro-question-choice  \" dir=\"auto\"><input type=\"checkbox\" name=\"answer-138[]\" id=\"answer-id-726\" class=\"answer   answerof-138 \" value=\"726\"><label for=\"answer-id-726\" id=\"answer-label-726\" class=\" answer\"><span><p>temperatuuri \u00fchtlustamine<\/p><\/span><\/label><\/div><!-- end question-choices--><\/div><!-- end questionWrap--><\/div><\/div><div class=\"watu-question \" id=\"question-9\" style=\";\"><div id=\"questionWrap-9\" class=\"  watupro-required-136 watupro-question-id-136\">\n\t\t\t<div class=\"question-content\"><div><p>Vett on elusorganismidel vaja:<\/p><\/div><input type=\"hidden\" name=\"question_id[]\" id=\"qID_9\" value=\"136\" class=\"watupro-question-id\"><input type=\"hidden\" id=\"answerType136\" class=\"answerTypeCnt9\" value=\"checkbox\"><input type=\"hidden\" id=\"watupro-required-question-136\"><!-- end question-content--><\/div><div class=\"question-choices watupro-choices-columns \" id=\"questionChoices136\"><div class=\"watupro-question-choice  \" dir=\"auto\"><input type=\"checkbox\" name=\"answer-136[]\" id=\"answer-id-719\" class=\"answer   answerof-136 \" value=\"719\"><label for=\"answer-id-719\" id=\"answer-label-719\" class=\" answer\"><span><p>raku siser\u00f5hu tagamiseks<\/p><\/span><\/label><\/div><div class=\"watupro-question-choice  \" dir=\"auto\"><input type=\"checkbox\" name=\"answer-136[]\" id=\"answer-id-716\" class=\"answer   answerof-136 \" value=\"716\"><label for=\"answer-id-716\" id=\"answer-label-716\" class=\" answer\"><span><p>soojuse reguleerimiseks<\/p><\/span><\/label><\/div><div class=\"watupro-question-choice  \" dir=\"auto\"><input type=\"checkbox\" name=\"answer-136[]\" id=\"answer-id-713\" class=\"answer   answerof-136 \" value=\"713\"><label for=\"answer-id-713\" id=\"answer-label-713\" class=\" answer\"><span><p>paljunemiseks<\/p><\/span><\/label><\/div><div class=\"watupro-question-choice  \" dir=\"auto\"><input type=\"checkbox\" name=\"answer-136[]\" id=\"answer-id-717\" class=\"answer   answerof-136 \" value=\"717\"><label for=\"answer-id-717\" id=\"answer-label-717\" class=\" answer\"><span><p>keemiliste reaktsioonide l\u00e4biviimiseks<\/p><\/span><\/label><\/div><div class=\"watupro-question-choice  \" dir=\"auto\"><input type=\"checkbox\" name=\"answer-136[]\" id=\"answer-id-715\" class=\"answer   answerof-136 \" value=\"715\"><label for=\"answer-id-715\" id=\"answer-label-715\" class=\" answer\"><span><p>ainete lahustamiseks<\/p><\/span><\/label><\/div><div class=\"watupro-question-choice  \" dir=\"auto\"><input type=\"checkbox\" name=\"answer-136[]\" id=\"answer-id-718\" class=\"answer   answerof-136 \" value=\"718\"><label for=\"answer-id-718\" id=\"answer-label-718\" class=\" answer\"><span><p>ainete transportimiseks<\/p><\/span><\/label><\/div><div class=\"watupro-question-choice  \" dir=\"auto\"><input type=\"checkbox\" name=\"answer-136[]\" id=\"answer-id-714\" class=\"answer   answerof-136 \" value=\"714\"><label for=\"answer-id-714\" id=\"answer-label-714\" class=\" answer\"><span><p>fotos\u00fcnteesimiseks<\/p><\/span><\/label><\/div><!-- end question-choices--><\/div><!-- end questionWrap--><\/div><\/div><div class=\"watu-question \" id=\"question-10\" style=\";\"><div id=\"questionWrap-10\" class=\"  watupro-required-134 watupro-question-id-134\">\n\t\t\t<div class=\"question-content\"><div><p>Milline organ eemaldab kehast k\u00f5ige rohkem vett \u00f6\u00f6p\u00e4evas?<\/p><\/div><input type=\"hidden\" name=\"question_id[]\" id=\"qID_10\" value=\"134\" class=\"watupro-question-id\"><input type=\"hidden\" id=\"answerType134\" class=\"answerTypeCnt10\" value=\"radio\"><input type=\"hidden\" id=\"watupro-required-question-134\"><!-- end question-content--><\/div><div class=\"question-choices watupro-choices-columns \" id=\"questionChoices134\"><div class=\"watupro-question-choice  \" dir=\"auto\"><input type=\"radio\" name=\"answer-134[]\" id=\"answer-id-707\" class=\"answer   answerof-134 \" value=\"707\"><label for=\"answer-id-707\" id=\"answer-label-707\" class=\" answer\"><span><p>kopsud<\/p><\/span><\/label><\/div><div class=\"watupro-question-choice  \" dir=\"auto\"><input type=\"radio\" name=\"answer-134[]\" id=\"answer-id-709\" class=\"answer   answerof-134 \" value=\"709\"><label for=\"answer-id-709\" id=\"answer-label-709\" class=\" answer\"><span><p>nahk<\/p><\/span><\/label><\/div><div class=\"watupro-question-choice  \" dir=\"auto\"><input type=\"radio\" name=\"answer-134[]\" id=\"answer-id-708\" class=\"answer   answerof-134 \" value=\"708\"><label for=\"answer-id-708\" id=\"answer-label-708\" class=\" answer\"><span><p>soolestik<\/p><\/span><\/label><\/div><div class=\"watupro-question-choice  \" dir=\"auto\"><input type=\"radio\" name=\"answer-134[]\" id=\"answer-id-706\" class=\"answer   answerof-134 \" value=\"706\"><label for=\"answer-id-706\" id=\"answer-label-706\" class=\" answer\"><span><p>neerud<\/p><\/span><\/label><\/div><!-- end question-choices--><\/div><!-- end questionWrap--><\/div><\/div><div style=\"display:none\" id=\"question-11\">\n\t<div class=\"question-content\">\n\t\t<img loading=\"lazy\" decoding=\"async\" src=\"https:\/\/sisu.ut.ee\/wp-content\/plugins\/watupro\/img\/loading.gif\" width=\"16\" height=\"16\" alt=\"Loading...\" title=\"Loading...\">\u00a0Loading...\t<\/div>\n<\/div>\n\n<br>\n\t\n\t\t\t<div class=\"watupro_buttons flex \" id=\"watuPROButtons15\">\n\t\t  <div id=\"prev-question\" style=\"display:none;\"><input type=\"button\" value=\"&lt; Previous\" onclick=\"WatuPRO.nextQuestion(event, 'previous');\"><\/div>\t\t  \t\t  \t\t   \n\t\t   \t  \t\t<div><input type=\"button\" name=\"action\" class=\"watupro-submit-button\" onclick=\"WatuPRO.submitResult(event)\" id=\"action-button\" value=\"View Results\">\n\t\t<\/div>\n\t\t<\/div>\n\t\t\n\t<input type=\"hidden\" name=\"quiz_id\" value=\"15\" id=\"watuPROExamID\">\n\t<input type=\"hidden\" name=\"start_time\" id=\"startTime\" value=\"2026-04-11 08:18:44\">\n\t<input type=\"hidden\" name=\"start_timestamp\" id=\"startTimeStamp\" value=\"1775895524\">\n\t<input type=\"hidden\" name=\"question_ids\" value=\"\">\n\t<input type=\"hidden\" name=\"watupro_questions\" value=\"139:731,730 | 131:685,688,686,687,684,683 | 137:720,722,721,723 | 132:689,690,691,692,693,694,695,696,697,698 | 130:679,680,681,682 | 135:710,712,711 | 133:702,705,704,703,699,700,701 | 138:727,729,728,724,725,726 | 136:719,716,713,717,715,718,714 | 134:707,709,708,706\">\n\t<input type=\"hidden\" name=\"no_ajax\" value=\"0\">\t\t\t<\/form>\n\t<p>\u00a0<\/p>\n<\/div>\n\n<script type=\"text\/javascript\">\n\/\/jQuery(document).ready(function(){\ndocument.addEventListener(\"DOMContentLoaded\", function(event) { \t\nvar question_ids = \"139,131,137,132,130,135,133,138,136,134\";\nWatuPROSettings[15] = {};\nWatuPRO.qArr = question_ids.split(',');\nWatuPRO.exam_id = 15;\t    \nWatuPRO.post_id = 246;\nWatuPRO.store_progress = 0;\nWatuPRO.curCatPage = 1;\nWatuPRO.requiredIDs=\"0,139,131,137,132,130,135,133,138,136,134\".split(\",\");\nWatuPRO.hAppID = \"0.53347000 1775884724\";\nvar url = \"https:\/\/sisu.ut.ee\/wp-content\/plugins\/watupro\/show_exam.php\";\nWatuPRO.examMode = 1;\nWatuPRO.siteURL=\"https:\/\/sisu.ut.ee\/soomisest-joomisest-informatsioonist\/wp-admin\/admin-ajax.php\";\nWatuPRO.emailIsNotRequired = 0;\nWatuPRO.perDecade = 10;\nWatuPROIntel.init(15);\nWatuPRO.inCategoryPages=1;});    \t \n<\/script>\n\n","protected":false},"excerpt":{"rendered":"","protected":false},"author":9,"featured_media":0,"parent":0,"menu_order":0,"comment_status":"closed","ping_status":"closed","template":"","meta":{"_acf_changed":false,"inline_featured_image":false,"footnotes":""},"class_list":["post-246","page","type-page","status-publish","hentry"],"acf":[],"_links":{"self":[{"href":"https:\/\/sisu.ut.ee\/soomisest-joomisest-informatsioonist\/wp-json\/wp\/v2\/pages\/246","targetHints":{"allow":["GET"]}}],"collection":[{"href":"https:\/\/sisu.ut.ee\/soomisest-joomisest-informatsioonist\/wp-json\/wp\/v2\/pages"}],"about":[{"href":"https:\/\/sisu.ut.ee\/soomisest-joomisest-informatsioonist\/wp-json\/wp\/v2\/types\/page"}],"author":[{"embeddable":true,"href":"https:\/\/sisu.ut.ee\/soomisest-joomisest-informatsioonist\/wp-json\/wp\/v2\/users\/9"}],"replies":[{"embeddable":true,"href":"https:\/\/sisu.ut.ee\/soomisest-joomisest-informatsioonist\/wp-json\/wp\/v2\/comments?post=246"}],"version-history":[{"count":0,"href":"https:\/\/sisu.ut.ee\/soomisest-joomisest-informatsioonist\/wp-json\/wp\/v2\/pages\/246\/revisions"}],"wp:attachment":[{"href":"https:\/\/sisu.ut.ee\/soomisest-joomisest-informatsioonist\/wp-json\/wp\/v2\/media?parent=246"}],"curies":[{"name":"wp","href":"https:\/\/api.w.org\/{rel}","templated":true}]}}