{"id":240,"date":"2024-04-18T13:52:22","date_gmt":"2024-04-18T10:52:22","guid":{"rendered":"https:\/\/sisu.ut.ee\/soomisest-joomisest-informatsioonist\/test-informatsioon\/"},"modified":"2024-04-18T13:52:22","modified_gmt":"2024-04-18T10:52:22","slug":"test-informatsioon","status":"publish","type":"page","link":"https:\/\/sisu.ut.ee\/soomisest-joomisest-informatsioonist\/test-informatsioon\/","title":{"rendered":"TEST: Informatsioon"},"content":{"rendered":"<div id=\"watupro_quiz\" class=\"quiz-area single-page-quiz\">\n<p id=\"submittingExam21\" style=\"display:none;text-align:center;\"><img loading=\"lazy\" decoding=\"async\" src=\"https:\/\/sisu.ut.ee\/wp-content\/plugins\/watupro\/img\/loading.gif\" width=\"16\" height=\"16\"><\/p>\n\n\n\n<form action=\"\" method=\"post\" class=\"quiz-form\" id=\"quiz-21\" enctype=\"multipart\/form-data\">\n<div class=\"watu-question \" id=\"question-1\" style=\";\"><div id=\"questionWrap-1\" class=\"  watupro-required-163 watupro-question-id-163\">\n\t\t\t<div class=\"question-content\"><div><p>Kumb toit sisaldab rohkem informatsiooni, mis on sarnane inimesele?<\/p><\/div><input type=\"hidden\" name=\"question_id[]\" id=\"qID_1\" value=\"163\" class=\"watupro-question-id\"><input type=\"hidden\" id=\"answerType163\" class=\"answerTypeCnt1\" value=\"radio\"><input type=\"hidden\" id=\"watupro-required-question-163\"><!-- end question-content--><\/div><div class=\"question-choices watupro-choices-columns \" id=\"questionChoices163\"><div class=\"watupro-question-choice  \" dir=\"auto\"><input type=\"radio\" name=\"answer-163[]\" id=\"answer-id-834\" class=\"answer   answerof-163 \" value=\"834\"><label for=\"answer-id-834\" id=\"answer-label-834\" class=\" answer\"><span><p>taimne<\/p><\/span><\/label><\/div><div class=\"watupro-question-choice  \" dir=\"auto\"><input type=\"radio\" name=\"answer-163[]\" id=\"answer-id-833\" class=\"answer   answerof-163 \" value=\"833\"><label for=\"answer-id-833\" id=\"answer-label-833\" class=\" answer\"><span><p>loomne<\/p><\/span><\/label><\/div><!-- end question-choices--><\/div><!-- end questionWrap--><\/div><\/div><div class=\"watu-question \" id=\"question-2\" style=\";\"><div id=\"questionWrap-2\" class=\"  watupro-required-162 watupro-question-id-162\">\n\t\t\t<div class=\"question-content\"><div><p>Milline on k\u00f5ige v\u00e4iksem informatsiooni \u00fchik?<\/p><\/div><input type=\"hidden\" name=\"question_id[]\" id=\"qID_2\" value=\"162\" class=\"watupro-question-id\"><input type=\"hidden\" id=\"answerType162\" class=\"answerTypeCnt2\" value=\"radio\"><input type=\"hidden\" id=\"watupro-required-question-162\"><!-- end question-content--><\/div><div class=\"question-choices watupro-choices-columns \" id=\"questionChoices162\"><div class=\"watupro-question-choice  \" dir=\"auto\"><input type=\"radio\" name=\"answer-162[]\" id=\"answer-id-831\" class=\"answer   answerof-162 \" value=\"831\"><label for=\"answer-id-831\" id=\"answer-label-831\" class=\" answer\"><span><p>nanobait<\/p><\/span><\/label><\/div><div class=\"watupro-question-choice  \" dir=\"auto\"><input type=\"radio\" name=\"answer-162[]\" id=\"answer-id-830\" class=\"answer   answerof-162 \" value=\"830\"><label for=\"answer-id-830\" id=\"answer-label-830\" class=\" answer\"><span><p>bait<\/p><\/span><\/label><\/div><div class=\"watupro-question-choice  \" dir=\"auto\"><input type=\"radio\" name=\"answer-162[]\" id=\"answer-id-829\" class=\"answer   answerof-162 \" value=\"829\"><label for=\"answer-id-829\" id=\"answer-label-829\" class=\" answer\"><span><p>bitt<\/p><\/span><\/label><\/div><div class=\"watupro-question-choice  \" dir=\"auto\"><input type=\"radio\" name=\"answer-162[]\" id=\"answer-id-832\" class=\"answer   answerof-162 \" value=\"832\"><label for=\"answer-id-832\" id=\"answer-label-832\" class=\" answer\"><span><p>nanobit<\/p><\/span><\/label><\/div><!-- end question-choices--><\/div><!-- end questionWrap--><\/div><\/div><div class=\"watu-question \" id=\"question-3\" style=\";\"><div id=\"questionWrap-3\" class=\"  watupro-required-161 watupro-question-id-161\">\n\t\t\t<div class=\"question-content\"><div><p>\u00d5huta ruumis (vaakumis) on v\u00f5imalik kuulda heli?<\/p><\/div><input type=\"hidden\" name=\"question_id[]\" id=\"qID_3\" value=\"161\" class=\"watupro-question-id\"><input type=\"hidden\" id=\"answerType161\" class=\"answerTypeCnt3\" value=\"radio\"><input type=\"hidden\" id=\"watupro-required-question-161\"><!-- end question-content--><\/div><div class=\"question-choices watupro-choices-columns \" id=\"questionChoices161\"><div class=\"watupro-question-choice  \" dir=\"auto\"><input type=\"radio\" name=\"answer-161[]\" id=\"answer-id-827\" class=\"answer   answerof-161 \" value=\"827\"><label for=\"answer-id-827\" id=\"answer-label-827\" class=\" answer\"><span>True<\/span><\/label><\/div><div class=\"watupro-question-choice  \" dir=\"auto\"><input type=\"radio\" name=\"answer-161[]\" id=\"answer-id-828\" class=\"answer   answerof-161 \" value=\"828\"><label for=\"answer-id-828\" id=\"answer-label-828\" class=\" answer\"><span>False<\/span><\/label><\/div><!-- end question-choices--><\/div><!-- end questionWrap--><\/div><\/div><div class=\"watu-question \" id=\"question-4\" style=\";\"><div id=\"questionWrap-4\" class=\"  watupro-required-159 watupro-question-id-159\">\n\t\t\t<div class=\"question-content\"><div><p>Kas inimesel on v\u00f5imalik teada (aru saada), mida ta ei tea?<\/p><\/div><input type=\"hidden\" name=\"question_id[]\" id=\"qID_4\" value=\"159\" class=\"watupro-question-id\"><input type=\"hidden\" id=\"answerType159\" class=\"answerTypeCnt4\" value=\"radio\"><input type=\"hidden\" id=\"watupro-required-question-159\"><!-- end question-content--><\/div><div class=\"question-choices watupro-choices-columns \" id=\"questionChoices159\"><div class=\"watupro-question-choice  \" dir=\"auto\"><input type=\"radio\" name=\"answer-159[]\" id=\"answer-id-822\" class=\"answer   answerof-159 \" value=\"822\"><label for=\"answer-id-822\" id=\"answer-label-822\" class=\" answer\"><span><p>ei<\/p><\/span><\/label><\/div><div class=\"watupro-question-choice  \" dir=\"auto\"><input type=\"radio\" name=\"answer-159[]\" id=\"answer-id-821\" class=\"answer   answerof-159 \" value=\"821\"><label for=\"answer-id-821\" id=\"answer-label-821\" class=\" answer\"><span><p>jah<\/p><\/span><\/label><\/div><!-- end question-choices--><\/div><!-- end questionWrap--><\/div><\/div><div class=\"watu-question \" id=\"question-5\" style=\";\"><div id=\"questionWrap-5\" class=\"  watupro-required-157 watupro-question-id-157\">\n\t\t\t<div class=\"question-content\"><div><p>Milline informatsiooni m\u00e4\u00e4ratlus sobib k\u00f5ige paremini statistilisele andmet\u00f6\u00f6tlusele? Informatsioon on:<\/p><\/div><input type=\"hidden\" name=\"question_id[]\" id=\"qID_5\" value=\"157\" class=\"watupro-question-id\"><input type=\"hidden\" id=\"answerType157\" class=\"answerTypeCnt5\" value=\"radio\"><input type=\"hidden\" id=\"watupro-required-question-157\"><!-- end question-content--><\/div><div class=\"question-choices watupro-choices-columns \" id=\"questionChoices157\"><div class=\"watupro-question-choice  \" dir=\"auto\"><input type=\"radio\" name=\"answer-157[]\" id=\"answer-id-812\" class=\"answer   answerof-157 \" value=\"812\"><label for=\"answer-id-812\" id=\"answer-label-812\" class=\" answer\"><span><p>t\u00f5de<\/p><\/span><\/label><\/div><div class=\"watupro-question-choice  \" dir=\"auto\"><input type=\"radio\" name=\"answer-157[]\" id=\"answer-id-811\" class=\"answer   answerof-157 \" value=\"811\"><label for=\"answer-id-811\" id=\"answer-label-811\" class=\" answer\"><span><p>tunnetus- ja regulatsiooniprotsessides esinev ja aegruumis edasikanduv struktuursus ehk korrap\u00e4ra<\/p><\/span><\/label><\/div><div class=\"watupro-question-choice  \" dir=\"auto\"><input type=\"radio\" name=\"answer-157[]\" id=\"answer-id-813\" class=\"answer   answerof-157 \" value=\"813\"><label for=\"answer-id-813\" id=\"answer-label-813\" class=\" answer\"><span><p>vale<\/p><\/span><\/label><\/div><div class=\"watupro-question-choice  \" dir=\"auto\"><input type=\"radio\" name=\"answer-157[]\" id=\"answer-id-814\" class=\"answer   answerof-157 \" value=\"814\"><label for=\"answer-id-814\" id=\"answer-label-814\" class=\" answer\"><span><p>see, mis on k\u00f5ikjal<\/p><\/span><\/label><\/div><div class=\"watupro-question-choice  \" dir=\"auto\"><input type=\"radio\" name=\"answer-157[]\" id=\"answer-id-815\" class=\"answer   answerof-157 \" value=\"815\"><label for=\"answer-id-815\" id=\"answer-label-815\" class=\" answer\"><span><p>vahem\u00e4lu<\/p><\/span><\/label><\/div><!-- end question-choices--><\/div><!-- end questionWrap--><\/div><\/div><div class=\"watu-question \" id=\"question-6\" style=\";\"><div id=\"questionWrap-6\" class=\"  watupro-required-160 watupro-question-id-160\">\n\t\t\t<div class=\"question-content\"><div><p>Milles arvatakse end k\u00f5ige rohkem teadvat?<\/p><\/div><input type=\"hidden\" name=\"question_id[]\" id=\"qID_6\" value=\"160\" class=\"watupro-question-id\"><input type=\"hidden\" id=\"answerType160\" class=\"answerTypeCnt6\" value=\"radio\"><input type=\"hidden\" id=\"watupro-required-question-160\"><!-- end question-content--><\/div><div class=\"question-choices watupro-choices-columns \" id=\"questionChoices160\"><div class=\"watupro-question-choice  \" dir=\"auto\"><input type=\"radio\" name=\"answer-160[]\" id=\"answer-id-824\" class=\"answer   answerof-160 \" value=\"824\"><label for=\"answer-id-824\" id=\"answer-label-824\" class=\" answer\"><span><p>joomisest<\/p><\/span><\/label><\/div><div class=\"watupro-question-choice  \" dir=\"auto\"><input type=\"radio\" name=\"answer-160[]\" id=\"answer-id-823\" class=\"answer   answerof-160 \" value=\"823\"><label for=\"answer-id-823\" id=\"answer-label-823\" class=\" answer\"><span><p>s\u00f6\u00f6misest<\/p><\/span><\/label><\/div><div class=\"watupro-question-choice  \" dir=\"auto\"><input type=\"radio\" name=\"answer-160[]\" id=\"answer-id-825\" class=\"answer   answerof-160 \" value=\"825\"><label for=\"answer-id-825\" id=\"answer-label-825\" class=\" answer\"><span><p>laste kasvatamisest<\/p><\/span><\/label><\/div><div class=\"watupro-question-choice  \" dir=\"auto\"><input type=\"radio\" name=\"answer-160[]\" id=\"answer-id-826\" class=\"answer   answerof-160 \" value=\"826\"><label for=\"answer-id-826\" id=\"answer-label-826\" class=\" answer\"><span><p>tervisest<\/p><\/span><\/label><\/div><!-- end question-choices--><\/div><!-- end questionWrap--><\/div><\/div><div class=\"watu-question \" id=\"question-7\" style=\";\"><div id=\"questionWrap-7\" class=\"  watupro-required-158 watupro-question-id-158\">\n\t\t\t<div class=\"question-content\"><div><p>Milline on info otsimise suurim oht? Info:<\/p><\/div><input type=\"hidden\" name=\"question_id[]\" id=\"qID_7\" value=\"158\" class=\"watupro-question-id\"><input type=\"hidden\" id=\"answerType158\" class=\"answerTypeCnt7\" value=\"radio\"><input type=\"hidden\" id=\"watupro-required-question-158\"><!-- end question-content--><\/div><div class=\"question-choices watupro-choices-columns \" id=\"questionChoices158\"><div class=\"watupro-question-choice  \" dir=\"auto\"><input type=\"radio\" name=\"answer-158[]\" id=\"answer-id-817\" class=\"answer   answerof-158 \" value=\"817\"><label for=\"answer-id-817\" id=\"answer-label-817\" class=\" answer\"><span><p>on vale<\/p><\/span><\/label><\/div><div class=\"watupro-question-choice  \" dir=\"auto\"><input type=\"radio\" name=\"answer-158[]\" id=\"answer-id-816\" class=\"answer   answerof-158 \" value=\"816\"><label for=\"answer-id-816\" id=\"answer-label-816\" class=\" answer\"><span><p>pole t\u00e4ielik<\/p><\/span><\/label><\/div><div class=\"watupro-question-choice  \" dir=\"auto\"><input type=\"radio\" name=\"answer-158[]\" id=\"answer-id-819\" class=\"answer   answerof-158 \" value=\"819\"><label for=\"answer-id-819\" id=\"answer-label-819\" class=\" answer\"><span><p>pole kontrollitav<\/p><\/span><\/label><\/div><div class=\"watupro-question-choice  \" dir=\"auto\"><input type=\"radio\" name=\"answer-158[]\" id=\"answer-id-820\" class=\"answer   answerof-158 \" value=\"820\"><label for=\"answer-id-820\" id=\"answer-label-820\" class=\" answer\"><span><p>on manipuleeriv<\/p><\/span><\/label><\/div><div class=\"watupro-question-choice  \" dir=\"auto\"><input type=\"radio\" name=\"answer-158[]\" id=\"answer-id-818\" class=\"answer   answerof-158 \" value=\"818\"><label for=\"answer-id-818\" id=\"answer-label-818\" class=\" answer\"><span><p>on kallutatud<\/p><\/span><\/label><\/div><!-- end question-choices--><\/div><!-- end questionWrap--><\/div><\/div><div class=\"watu-question \" id=\"question-8\" style=\";\"><div id=\"questionWrap-8\" class=\"  watupro-required-165 watupro-question-id-165\">\n\t\t\t<div class=\"question-content\"><div><p>Mis teeb informatsiooni usaldusv\u00e4\u00e4rseks?<\/p><\/div><input type=\"hidden\" name=\"question_id[]\" id=\"qID_8\" value=\"165\" class=\"watupro-question-id\"><input type=\"hidden\" id=\"answerType165\" class=\"answerTypeCnt8\" value=\"radio\"><input type=\"hidden\" id=\"watupro-required-question-165\"><!-- end question-content--><\/div><div class=\"question-choices watupro-choices-columns \" id=\"questionChoices165\"><div class=\"watupro-question-choice  \" dir=\"auto\"><input type=\"radio\" name=\"answer-165[]\" id=\"answer-id-839\" class=\"answer   answerof-165 \" value=\"839\"><label for=\"answer-id-839\" id=\"answer-label-839\" class=\" answer\"><span><p>kui on \u00f6eldud, et see on \u00f5ige<\/p><\/span><\/label><\/div><div class=\"watupro-question-choice  \" dir=\"auto\"><input type=\"radio\" name=\"answer-165[]\" id=\"answer-id-841\" class=\"answer   answerof-165 \" value=\"841\"><label for=\"answer-id-841\" id=\"answer-label-841\" class=\" answer\"><span><p>kui see paistab \u00f5ige<\/p><\/span><\/label><\/div><div class=\"watupro-question-choice  \" dir=\"auto\"><input type=\"radio\" name=\"answer-165[]\" id=\"answer-id-840\" class=\"answer   answerof-165 \" value=\"840\"><label for=\"answer-id-840\" id=\"answer-label-840\" class=\" answer\"><span><p>kui k\u00f5ik r\u00e4\u00e4givad, et see on \u00f5ige<\/p><\/span><\/label><\/div><div class=\"watupro-question-choice  \" dir=\"auto\"><input type=\"radio\" name=\"answer-165[]\" id=\"answer-id-842\" class=\"answer   answerof-165 \" value=\"842\"><label for=\"answer-id-842\" id=\"answer-label-842\" class=\" answer\"><span><p>kui on v\u00f5imalik kontrollida esitatu \u00f5igsust<\/p><\/span><\/label><\/div><!-- end question-choices--><\/div><!-- end questionWrap--><\/div><\/div><div class=\"watu-question \" id=\"question-9\" style=\";\"><div id=\"questionWrap-9\" class=\"  watupro-required-166 watupro-question-id-166\">\n\t\t\t<div class=\"question-content\"><div><p>Kellele kuulub loengus tutvustatud toidukoostise andmebaas?<\/p><\/div><input type=\"hidden\" name=\"question_id[]\" id=\"qID_9\" value=\"166\" class=\"watupro-question-id\"><input type=\"hidden\" id=\"answerType166\" class=\"answerTypeCnt9\" value=\"radio\"><input type=\"hidden\" id=\"watupro-required-question-166\"><!-- end question-content--><\/div><div class=\"question-choices watupro-choices-columns \" id=\"questionChoices166\"><div class=\"watupro-question-choice  \" dir=\"auto\"><input type=\"radio\" name=\"answer-166[]\" id=\"answer-id-843\" class=\"answer   answerof-166 \" value=\"843\"><label for=\"answer-id-843\" id=\"answer-label-843\" class=\" answer\"><span><p>Tervise Arengu Instituut<\/p><\/span><\/label><\/div><div class=\"watupro-question-choice  \" dir=\"auto\"><input type=\"radio\" name=\"answer-166[]\" id=\"answer-id-845\" class=\"answer   answerof-166 \" value=\"845\"><label for=\"answer-id-845\" id=\"answer-label-845\" class=\" answer\"><span><p>P\u00f5llumajandusministeeriumile<\/p><\/span><\/label><\/div><div class=\"watupro-question-choice  \" dir=\"auto\"><input type=\"radio\" name=\"answer-166[]\" id=\"answer-id-844\" class=\"answer   answerof-166 \" value=\"844\"><label for=\"answer-id-844\" id=\"answer-label-844\" class=\" answer\"><span><p>Eesti Toidufondile<\/p><\/span><\/label><\/div><!-- end question-choices--><\/div><!-- end questionWrap--><\/div><\/div><div class=\"watu-question \" id=\"question-10\" style=\";\"><div id=\"questionWrap-10\" class=\"  watupro-required-164 watupro-question-id-164\">\n\t\t\t<div class=\"question-content\"><div><p>Mitmes keeles on v\u00f5imalik esitada toidu nime konkreetses (loengus esitatud) andmemudelis \"Toit ja toitained\"?<\/p><\/div><input type=\"hidden\" name=\"question_id[]\" id=\"qID_10\" value=\"164\" class=\"watupro-question-id\"><input type=\"hidden\" id=\"answerType164\" class=\"answerTypeCnt10\" value=\"radio\"><input type=\"hidden\" id=\"watupro-required-question-164\"><!-- end question-content--><\/div><div class=\"question-choices watupro-choices-columns \" id=\"questionChoices164\"><div class=\"watupro-question-choice  \" dir=\"auto\"><input type=\"radio\" name=\"answer-164[]\" id=\"answer-id-835\" class=\"answer   answerof-164 \" value=\"835\"><label for=\"answer-id-835\" id=\"answer-label-835\" class=\" answer\"><span><p>\u00fches<\/p><\/span><\/label><\/div><div class=\"watupro-question-choice  \" dir=\"auto\"><input type=\"radio\" name=\"answer-164[]\" id=\"answer-id-836\" class=\"answer   answerof-164 \" value=\"836\"><label for=\"answer-id-836\" id=\"answer-label-836\" class=\" answer\"><span><p>kahes<\/p><\/span><\/label><\/div><div class=\"watupro-question-choice  \" dir=\"auto\"><input type=\"radio\" name=\"answer-164[]\" id=\"answer-id-837\" class=\"answer   answerof-164 \" value=\"837\"><label for=\"answer-id-837\" id=\"answer-label-837\" class=\" answer\"><span><p>kolmes<\/p><\/span><\/label><\/div><div class=\"watupro-question-choice  \" dir=\"auto\"><input type=\"radio\" name=\"answer-164[]\" id=\"answer-id-838\" class=\"answer   answerof-164 \" value=\"838\"><label for=\"answer-id-838\" id=\"answer-label-838\" class=\" answer\"><span><p>neljas<\/p><\/span><\/label><\/div><!-- end question-choices--><\/div><!-- end questionWrap--><\/div><\/div><div style=\"display:none\" id=\"question-11\">\n\t<div class=\"question-content\">\n\t\t<img loading=\"lazy\" decoding=\"async\" src=\"https:\/\/sisu.ut.ee\/wp-content\/plugins\/watupro\/img\/loading.gif\" width=\"16\" height=\"16\" alt=\"Loading...\" title=\"Loading...\">\u00a0Loading...\t<\/div>\n<\/div>\n\n<br>\n\t\n\t\t\t<div class=\"watupro_buttons flex \" id=\"watuPROButtons21\">\n\t\t  <div id=\"prev-question\" style=\"display:none;\"><input type=\"button\" value=\"&lt; Previous\" onclick=\"WatuPRO.nextQuestion(event, 'previous');\"><\/div>\t\t  \t\t  \t\t   \n\t\t   \t  \t\t<div><input type=\"button\" name=\"action\" class=\"watupro-submit-button\" onclick=\"WatuPRO.submitResult(event)\" id=\"action-button\" value=\"View Results\">\n\t\t<\/div>\n\t\t<\/div>\n\t\t\n\t<input type=\"hidden\" name=\"quiz_id\" value=\"21\" id=\"watuPROExamID\">\n\t<input type=\"hidden\" name=\"start_time\" id=\"startTime\" value=\"2026-04-11 08:19:16\">\n\t<input type=\"hidden\" name=\"start_timestamp\" id=\"startTimeStamp\" value=\"1775895556\">\n\t<input type=\"hidden\" name=\"question_ids\" value=\"\">\n\t<input type=\"hidden\" name=\"watupro_questions\" value=\"163:834,833 | 162:831,830,829,832 | 161:827,828 | 159:822,821 | 157:812,811,813,814,815 | 160:824,823,825,826 | 158:817,816,819,820,818 | 165:839,841,840,842 | 166:843,845,844 | 164:835,836,837,838\">\n\t<input type=\"hidden\" name=\"no_ajax\" value=\"0\">\t\t\t<\/form>\n\t<p>\u00a0<\/p>\n<\/div>\n\n<script type=\"text\/javascript\">\n\/\/jQuery(document).ready(function(){\ndocument.addEventListener(\"DOMContentLoaded\", function(event) { \t\nvar question_ids = \"163,162,161,159,157,160,158,165,166,164\";\nWatuPROSettings[21] = {};\nWatuPRO.qArr = question_ids.split(',');\nWatuPRO.exam_id = 21;\t    \nWatuPRO.post_id = 240;\nWatuPRO.store_progress = 0;\nWatuPRO.curCatPage = 1;\nWatuPRO.requiredIDs=\"0,163,162,161,159,157,160,158,165,166,164\".split(\",\");\nWatuPRO.hAppID = \"0.83855600 1775884756\";\nvar url = \"https:\/\/sisu.ut.ee\/wp-content\/plugins\/watupro\/show_exam.php\";\nWatuPRO.examMode = 1;\nWatuPRO.siteURL=\"https:\/\/sisu.ut.ee\/soomisest-joomisest-informatsioonist\/wp-admin\/admin-ajax.php\";\nWatuPRO.emailIsNotRequired = 0;\nWatuPRO.perDecade = 10;\nWatuPROIntel.init(21);\nWatuPRO.inCategoryPages=1;});    \t \n<\/script>\n\n","protected":false},"excerpt":{"rendered":"","protected":false},"author":9,"featured_media":0,"parent":0,"menu_order":0,"comment_status":"closed","ping_status":"closed","template":"","meta":{"_acf_changed":false,"inline_featured_image":false,"footnotes":""},"class_list":["post-240","page","type-page","status-publish","hentry"],"acf":[],"_links":{"self":[{"href":"https:\/\/sisu.ut.ee\/soomisest-joomisest-informatsioonist\/wp-json\/wp\/v2\/pages\/240","targetHints":{"allow":["GET"]}}],"collection":[{"href":"https:\/\/sisu.ut.ee\/soomisest-joomisest-informatsioonist\/wp-json\/wp\/v2\/pages"}],"about":[{"href":"https:\/\/sisu.ut.ee\/soomisest-joomisest-informatsioonist\/wp-json\/wp\/v2\/types\/page"}],"author":[{"embeddable":true,"href":"https:\/\/sisu.ut.ee\/soomisest-joomisest-informatsioonist\/wp-json\/wp\/v2\/users\/9"}],"replies":[{"embeddable":true,"href":"https:\/\/sisu.ut.ee\/soomisest-joomisest-informatsioonist\/wp-json\/wp\/v2\/comments?post=240"}],"version-history":[{"count":0,"href":"https:\/\/sisu.ut.ee\/soomisest-joomisest-informatsioonist\/wp-json\/wp\/v2\/pages\/240\/revisions"}],"wp:attachment":[{"href":"https:\/\/sisu.ut.ee\/soomisest-joomisest-informatsioonist\/wp-json\/wp\/v2\/media?parent=240"}],"curies":[{"name":"wp","href":"https:\/\/api.w.org\/{rel}","templated":true}]}}